{"id":3952,"date":"2024-10-25T13:39:56","date_gmt":"2024-10-25T10:39:56","guid":{"rendered":"https:\/\/saxbystone.com\/product\/zilonkaula-travertins-pulets\/"},"modified":"2025-11-26T11:26:32","modified_gmt":"2025-11-26T09:26:32","slug":"ivory-travertins-matets","status":"publish","type":"product","link":"https:\/\/saxbystone.com\/lv\/produkts\/ivory-travertins-matets\/","title":{"rendered":"Ivory travert\u012bns, mat\u0113ts"},"content":{"rendered":"","protected":false},"excerpt":{"rendered":"<p>M\u016bsu premium kvalit\u0101tes Ivory travert\u012bns ar pul\u0113tu virsmu ir ar vienm\u0113r\u012bgu zilo\u0146kaula b\u0113\u0161u kr\u0101sas toni. Travert\u012bns ir ide\u0101li piem\u0113rots modern\u0101m, m\u016bsdien\u012bg\u0101m m\u0101j\u0101m, kur t\u0101 nenov\u0113rt\u0113t\u0101 neitr\u0101l\u0101 kr\u0101sa \u013cauj izcelt citas interjera iez\u012bmes.<\/p>\n<p>Ivory travert\u012bna t\u012brie neitr\u0101lie kr\u0101sas to\u0146i \u013cauj tam kalpot k\u0101 neuzkr\u012bto\u0161am papildin\u0101jumam virtuv\u0113s, dz\u012bvojam\u0101s telp\u0101s un vannas istab\u0101s jebkur\u0101 pils\u0113tas dz\u012bvokl\u012b vai vasarn\u012bc\u0101.<\/p>\n<p><em>Lai redz\u0113tu cenu, izv\u0113lieties fl\u012bzes izm\u0113ru. Bezmaksas pieg\u0101de ir pas\u016bt\u012bjumiem virs 25 m<sup>2<\/sup>.<\/em><\/p>\n","protected":false},"featured_media":4164,"template":"","meta":{"_acf_changed":false},"product_brand":[],"product_cat":[188,187],"product_tag":[],"class_list":{"0":"post-3952","1":"product","2":"type-product","3":"status-publish","4":"has-post-thumbnail","6":"product_cat-visas-flizes","7":"product_cat-gridas-sienas-flizes","9":"first","10":"instock","11":"shipping-taxable","12":"purchasable","13":"product-type-variable","14":"add-to-wishlist-after_add_to_cart"},"acf":[],"yoast_head":"<!-- This site is optimized with the Yoast SEO plugin v26.4 - https:\/\/yoast.com\/wordpress\/plugins\/seo\/ -->\n<title>Ivory travert\u012bns, mat\u0113ts - Saxby Stone<\/title>\n<meta name=\"robots\" content=\"index, follow, max-snippet:-1, max-image-preview:large, max-video-preview:-1\" \/>\n<link rel=\"canonical\" href=\"https:\/\/saxbystone.com\/lv\/produkts\/ivory-travertins-matets\/\" \/>\n<meta property=\"og:locale\" content=\"lv_LV\" \/>\n<meta property=\"og:type\" content=\"article\" \/>\n<meta property=\"og:title\" content=\"Ivory travert\u012bns, mat\u0113ts - Saxby Stone\" \/>\n<meta property=\"og:description\" content=\"M\u016bsu premium kvalit\u0101tes Ivory travert\u012bns ar pul\u0113tu virsmu ir ar vienm\u0113r\u012bgu zilo\u0146kaula b\u0113\u0161u kr\u0101sas toni. Travert\u012bns ir ide\u0101li piem\u0113rots modern\u0101m, m\u016bsdien\u012bg\u0101m m\u0101j\u0101m, kur t\u0101 nenov\u0113rt\u0113t\u0101 neitr\u0101l\u0101 kr\u0101sa \u013cauj izcelt citas interjera iez\u012bmes.  Ivory travert\u012bna t\u012brie neitr\u0101lie kr\u0101sas to\u0146i \u013cauj tam kalpot k\u0101 neuzkr\u012bto\u0161am papildin\u0101jumam virtuv\u0113s, dz\u012bvojam\u0101s telp\u0101s un vannas istab\u0101s jebkur\u0101 pils\u0113tas dz\u012bvokl\u012b vai vasarn\u012bc\u0101.  Lai redz\u0113tu cenu, izv\u0113lieties fl\u012bzes izm\u0113ru. Bezmaksas pieg\u0101de ir pas\u016bt\u012bjumiem virs 25 m2.\" \/>\n<meta property=\"og:url\" content=\"https:\/\/saxbystone.com\/lv\/produkts\/ivory-travertins-matets\/\" \/>\n<meta property=\"og:site_name\" content=\"Saxby Stone\" \/>\n<meta property=\"article:modified_time\" content=\"2025-11-26T09:26:32+00:00\" \/>\n<meta property=\"og:image\" content=\"https:\/\/saxbystone.com\/wp-content\/uploads\/2024\/09\/Beige-Travertine-a-1.jpg\" \/>\n\t<meta property=\"og:image:width\" content=\"900\" \/>\n\t<meta property=\"og:image:height\" content=\"600\" \/>\n\t<meta property=\"og:image:type\" content=\"image\/jpeg\" \/>\n<meta name=\"twitter:card\" content=\"summary_large_image\" \/>\n<meta name=\"twitter:label1\" content=\"Est. reading time\" \/>\n\t<meta name=\"twitter:data1\" content=\"1 minute\" \/>\n<script type=\"application\/ld+json\" class=\"yoast-schema-graph\">{\"@context\":\"https:\/\/schema.org\",\"@graph\":[{\"@type\":\"WebPage\",\"@id\":\"https:\/\/saxbystone.com\/lv\/produkts\/ivory-travertins-matets\/\",\"url\":\"https:\/\/saxbystone.com\/lv\/produkts\/ivory-travertins-matets\/\",\"name\":\"Ivory travert\u012bns, mat\u0113ts - Saxby Stone\",\"isPartOf\":{\"@id\":\"https:\/\/saxbystone.com\/lv\/#website\"},\"primaryImageOfPage\":{\"@id\":\"https:\/\/saxbystone.com\/lv\/produkts\/ivory-travertins-matets\/#primaryimage\"},\"image\":{\"@id\":\"https:\/\/saxbystone.com\/lv\/produkts\/ivory-travertins-matets\/#primaryimage\"},\"thumbnailUrl\":\"https:\/\/saxbystone.com\/wp-content\/uploads\/2024\/09\/Beige-Travertine-a-1.jpg\",\"datePublished\":\"2024-10-25T10:39:56+00:00\",\"dateModified\":\"2025-11-26T09:26:32+00:00\",\"breadcrumb\":{\"@id\":\"https:\/\/saxbystone.com\/lv\/produkts\/ivory-travertins-matets\/#breadcrumb\"},\"inLanguage\":\"lv-LV\",\"potentialAction\":[{\"@type\":\"ReadAction\",\"target\":[\"https:\/\/saxbystone.com\/lv\/produkts\/ivory-travertins-matets\/\"]}]},{\"@type\":\"ImageObject\",\"inLanguage\":\"lv-LV\",\"@id\":\"https:\/\/saxbystone.com\/lv\/produkts\/ivory-travertins-matets\/#primaryimage\",\"url\":\"https:\/\/saxbystone.com\/wp-content\/uploads\/2024\/09\/Beige-Travertine-a-1.jpg\",\"contentUrl\":\"https:\/\/saxbystone.com\/wp-content\/uploads\/2024\/09\/Beige-Travertine-a-1.jpg\",\"width\":900,\"height\":600},{\"@type\":\"BreadcrumbList\",\"@id\":\"https:\/\/saxbystone.com\/lv\/produkts\/ivory-travertins-matets\/#breadcrumb\",\"itemListElement\":[{\"@type\":\"ListItem\",\"position\":1,\"name\":\"Home\",\"item\":\"https:\/\/saxbystone.com\/lv\/\"},{\"@type\":\"ListItem\",\"position\":2,\"name\":\"Akmens fl\u012bzes\",\"item\":\"https:\/\/saxbystone.com\/stone-tiles\/\"},{\"@type\":\"ListItem\",\"position\":3,\"name\":\"Ivory travert\u012bns, mat\u0113ts\"}]},{\"@type\":\"WebSite\",\"@id\":\"https:\/\/saxbystone.com\/lv\/#website\",\"url\":\"https:\/\/saxbystone.com\/lv\/\",\"name\":\"Saxby Stone\",\"description\":\"Natural stone tiles\",\"publisher\":{\"@id\":\"https:\/\/saxbystone.com\/lv\/#organization\"},\"potentialAction\":[{\"@type\":\"SearchAction\",\"target\":{\"@type\":\"EntryPoint\",\"urlTemplate\":\"https:\/\/saxbystone.com\/lv\/?s={search_term_string}\"},\"query-input\":{\"@type\":\"PropertyValueSpecification\",\"valueRequired\":true,\"valueName\":\"search_term_string\"}}],\"inLanguage\":\"lv-LV\"},{\"@type\":\"Organization\",\"@id\":\"https:\/\/saxbystone.com\/lv\/#organization\",\"name\":\"Saxby Stone\",\"url\":\"https:\/\/saxbystone.com\/lv\/\",\"logo\":{\"@type\":\"ImageObject\",\"inLanguage\":\"lv-LV\",\"@id\":\"https:\/\/saxbystone.com\/lv\/#\/schema\/logo\/image\/\",\"url\":\"https:\/\/saxbystone.com\/wp-content\/uploads\/2024\/09\/cropped-Saxby-Stone-logo-official-1st.png\",\"contentUrl\":\"https:\/\/saxbystone.com\/wp-content\/uploads\/2024\/09\/cropped-Saxby-Stone-logo-official-1st.png\",\"width\":512,\"height\":512,\"caption\":\"Saxby Stone\"},\"image\":{\"@id\":\"https:\/\/saxbystone.com\/lv\/#\/schema\/logo\/image\/\"},\"sameAs\":[\"https:\/\/www.instagram.com\/saxbystone\/\"]}]}<\/script>\n<!-- \/ Yoast SEO plugin. -->","yoast_head_json":{"title":"Ivory travert\u012bns, mat\u0113ts - Saxby Stone","robots":{"index":"index","follow":"follow","max-snippet":"max-snippet:-1","max-image-preview":"max-image-preview:large","max-video-preview":"max-video-preview:-1"},"canonical":"https:\/\/saxbystone.com\/lv\/produkts\/ivory-travertins-matets\/","og_locale":"lv_LV","og_type":"article","og_title":"Ivory travert\u012bns, mat\u0113ts - Saxby Stone","og_description":"M\u016bsu premium kvalit\u0101tes Ivory travert\u012bns ar pul\u0113tu virsmu ir ar vienm\u0113r\u012bgu zilo\u0146kaula b\u0113\u0161u kr\u0101sas toni. Travert\u012bns ir ide\u0101li piem\u0113rots modern\u0101m, m\u016bsdien\u012bg\u0101m m\u0101j\u0101m, kur t\u0101 nenov\u0113rt\u0113t\u0101 neitr\u0101l\u0101 kr\u0101sa \u013cauj izcelt citas interjera iez\u012bmes.  Ivory travert\u012bna t\u012brie neitr\u0101lie kr\u0101sas to\u0146i \u013cauj tam kalpot k\u0101 neuzkr\u012bto\u0161am papildin\u0101jumam virtuv\u0113s, dz\u012bvojam\u0101s telp\u0101s un vannas istab\u0101s jebkur\u0101 pils\u0113tas dz\u012bvokl\u012b vai vasarn\u012bc\u0101.  Lai redz\u0113tu cenu, izv\u0113lieties fl\u012bzes izm\u0113ru. Bezmaksas pieg\u0101de ir pas\u016bt\u012bjumiem virs 25 m2.","og_url":"https:\/\/saxbystone.com\/lv\/produkts\/ivory-travertins-matets\/","og_site_name":"Saxby Stone","article_modified_time":"2025-11-26T09:26:32+00:00","og_image":[{"width":900,"height":600,"url":"https:\/\/saxbystone.com\/wp-content\/uploads\/2024\/09\/Beige-Travertine-a-1.jpg","type":"image\/jpeg"}],"twitter_card":"summary_large_image","twitter_misc":{"Est. reading time":"1 minute"},"schema":{"@context":"https:\/\/schema.org","@graph":[{"@type":"WebPage","@id":"https:\/\/saxbystone.com\/lv\/produkts\/ivory-travertins-matets\/","url":"https:\/\/saxbystone.com\/lv\/produkts\/ivory-travertins-matets\/","name":"Ivory travert\u012bns, mat\u0113ts - Saxby Stone","isPartOf":{"@id":"https:\/\/saxbystone.com\/lv\/#website"},"primaryImageOfPage":{"@id":"https:\/\/saxbystone.com\/lv\/produkts\/ivory-travertins-matets\/#primaryimage"},"image":{"@id":"https:\/\/saxbystone.com\/lv\/produkts\/ivory-travertins-matets\/#primaryimage"},"thumbnailUrl":"https:\/\/saxbystone.com\/wp-content\/uploads\/2024\/09\/Beige-Travertine-a-1.jpg","datePublished":"2024-10-25T10:39:56+00:00","dateModified":"2025-11-26T09:26:32+00:00","breadcrumb":{"@id":"https:\/\/saxbystone.com\/lv\/produkts\/ivory-travertins-matets\/#breadcrumb"},"inLanguage":"lv-LV","potentialAction":[{"@type":"ReadAction","target":["https:\/\/saxbystone.com\/lv\/produkts\/ivory-travertins-matets\/"]}]},{"@type":"ImageObject","inLanguage":"lv-LV","@id":"https:\/\/saxbystone.com\/lv\/produkts\/ivory-travertins-matets\/#primaryimage","url":"https:\/\/saxbystone.com\/wp-content\/uploads\/2024\/09\/Beige-Travertine-a-1.jpg","contentUrl":"https:\/\/saxbystone.com\/wp-content\/uploads\/2024\/09\/Beige-Travertine-a-1.jpg","width":900,"height":600},{"@type":"BreadcrumbList","@id":"https:\/\/saxbystone.com\/lv\/produkts\/ivory-travertins-matets\/#breadcrumb","itemListElement":[{"@type":"ListItem","position":1,"name":"Home","item":"https:\/\/saxbystone.com\/lv\/"},{"@type":"ListItem","position":2,"name":"Akmens fl\u012bzes","item":"https:\/\/saxbystone.com\/stone-tiles\/"},{"@type":"ListItem","position":3,"name":"Ivory travert\u012bns, mat\u0113ts"}]},{"@type":"WebSite","@id":"https:\/\/saxbystone.com\/lv\/#website","url":"https:\/\/saxbystone.com\/lv\/","name":"Saxby Stone","description":"Natural stone tiles","publisher":{"@id":"https:\/\/saxbystone.com\/lv\/#organization"},"potentialAction":[{"@type":"SearchAction","target":{"@type":"EntryPoint","urlTemplate":"https:\/\/saxbystone.com\/lv\/?s={search_term_string}"},"query-input":{"@type":"PropertyValueSpecification","valueRequired":true,"valueName":"search_term_string"}}],"inLanguage":"lv-LV"},{"@type":"Organization","@id":"https:\/\/saxbystone.com\/lv\/#organization","name":"Saxby Stone","url":"https:\/\/saxbystone.com\/lv\/","logo":{"@type":"ImageObject","inLanguage":"lv-LV","@id":"https:\/\/saxbystone.com\/lv\/#\/schema\/logo\/image\/","url":"https:\/\/saxbystone.com\/wp-content\/uploads\/2024\/09\/cropped-Saxby-Stone-logo-official-1st.png","contentUrl":"https:\/\/saxbystone.com\/wp-content\/uploads\/2024\/09\/cropped-Saxby-Stone-logo-official-1st.png","width":512,"height":512,"caption":"Saxby Stone"},"image":{"@id":"https:\/\/saxbystone.com\/lv\/#\/schema\/logo\/image\/"},"sameAs":["https:\/\/www.instagram.com\/saxbystone\/"]}]}},"_links":{"self":[{"href":"https:\/\/saxbystone.com\/lv\/wp-json\/wp\/v2\/product\/3952","targetHints":{"allow":["GET"]}}],"collection":[{"href":"https:\/\/saxbystone.com\/lv\/wp-json\/wp\/v2\/product"}],"about":[{"href":"https:\/\/saxbystone.com\/lv\/wp-json\/wp\/v2\/types\/product"}],"wp:featuredmedia":[{"embeddable":true,"href":"https:\/\/saxbystone.com\/lv\/wp-json\/wp\/v2\/media\/4164"}],"wp:attachment":[{"href":"https:\/\/saxbystone.com\/lv\/wp-json\/wp\/v2\/media?parent=3952"}],"wp:term":[{"taxonomy":"product_brand","embeddable":true,"href":"https:\/\/saxbystone.com\/lv\/wp-json\/wp\/v2\/product_brand?post=3952"},{"taxonomy":"product_cat","embeddable":true,"href":"https:\/\/saxbystone.com\/lv\/wp-json\/wp\/v2\/product_cat?post=3952"},{"taxonomy":"product_tag","embeddable":true,"href":"https:\/\/saxbystone.com\/lv\/wp-json\/wp\/v2\/product_tag?post=3952"}],"curies":[{"name":"wp","href":"https:\/\/api.w.org\/{rel}","templated":true}]}}