{"id":3941,"date":"2024-10-25T13:07:02","date_gmt":"2024-10-25T10:07:02","guid":{"rendered":"https:\/\/saxbystone.com\/product\/istras-besais-kalkakmens\/"},"modified":"2025-11-26T11:28:47","modified_gmt":"2025-11-26T09:28:47","slug":"istrian-beige","status":"publish","type":"product","link":"https:\/\/saxbystone.com\/lv\/produkts\/istrian-beige\/","title":{"rendered":"Istrian Beige ka\u013c\u0137akmens"},"content":{"rendered":"","protected":false},"excerpt":{"rendered":"<p>\u0160is ka\u013c\u0137akmens ir ieg\u016bts Istras pussal\u0101 Horv\u0101tij\u0101 jau kop\u0161 Ven\u0113cijas imp\u0113rijas laikiem, kad \u0161o akmeni ieguva iespaid\u012bgo villu, kas \u0161odien redzamas Horv\u0101tijas piekrast\u0113, b\u016bvniec\u012bbai. Iesp\u0113jams, esat apmekl\u0113jis br\u012bni\u0161\u0137\u012bgo rom\u0101\u0146u amfite\u0101tri Pul\u0101, kas ir celts no t\u0101 pa\u0161a Istrian Beige ka\u013c\u0137akmens.<\/p>\n<p>Par laimi varam ieg\u016bt skaistas fl\u012bzes, kas izgatavotas no t\u0101 pa\u0161a Istrian Beige ka\u013c\u0137akmens un \u013cauj mums ienest Adrijas j\u016bras siltumu Baltijas garaj\u0101s ziem\u0101s.<\/p>\n<p>Pieejama mat\u0113ta un birst\u0113ta apdare.<\/p>\n<p><em>Lai redz\u0113tu cenu, izv\u0113lieties fl\u012bzes izm\u0113ru. Bezmaksas pieg\u0101de ir pas\u016bt\u012bjumiem virs 25 m<sup>2<\/sup>.<\/em><\/p>\n","protected":false},"featured_media":3942,"template":"","meta":{"_acf_changed":false},"product_brand":[],"product_cat":[188,187],"product_tag":[],"class_list":{"0":"post-3941","1":"product","2":"type-product","3":"status-publish","4":"has-post-thumbnail","6":"product_cat-visas-flizes","7":"product_cat-gridas-sienas-flizes","9":"first","10":"instock","11":"shipping-taxable","12":"purchasable","13":"product-type-variable","14":"add-to-wishlist-after_add_to_cart"},"acf":[],"yoast_head":"<!-- This site is optimized with the Yoast SEO plugin v26.4 - https:\/\/yoast.com\/wordpress\/plugins\/seo\/ -->\n<title>Istrian Beige ka\u013c\u0137akmens - Saxby Stone<\/title>\n<meta name=\"robots\" content=\"index, follow, max-snippet:-1, max-image-preview:large, max-video-preview:-1\" \/>\n<link rel=\"canonical\" href=\"https:\/\/saxbystone.com\/lv\/produkts\/istrian-beige\/\" \/>\n<meta property=\"og:locale\" content=\"lv_LV\" \/>\n<meta property=\"og:type\" content=\"article\" \/>\n<meta property=\"og:title\" content=\"Istrian Beige ka\u013c\u0137akmens - Saxby Stone\" \/>\n<meta property=\"og:description\" content=\"\u0160is ka\u013c\u0137akmens ir ieg\u016bts Istras pussal\u0101 Horv\u0101tij\u0101 jau kop\u0161 Ven\u0113cijas imp\u0113rijas laikiem, kad \u0161o akmeni ieguva iespaid\u012bgo villu, kas \u0161odien redzamas Horv\u0101tijas piekrast\u0113, b\u016bvniec\u012bbai. Iesp\u0113jams, esat apmekl\u0113jis br\u012bni\u0161\u0137\u012bgo rom\u0101\u0146u amfite\u0101tri Pul\u0101, kas ir celts no t\u0101 pa\u0161a Istrian Beige ka\u013c\u0137akmens.  Par laimi varam ieg\u016bt skaistas fl\u012bzes, kas izgatavotas no t\u0101 pa\u0161a Istrian Beige ka\u013c\u0137akmens un \u013cauj mums ienest Adrijas j\u016bras siltumu Baltijas garaj\u0101s ziem\u0101s.  Pieejama mat\u0113ta un birst\u0113ta apdare.  Lai redz\u0113tu cenu, izv\u0113lieties fl\u012bzes izm\u0113ru. Bezmaksas pieg\u0101de ir pas\u016bt\u012bjumiem virs 25 m2.\" \/>\n<meta property=\"og:url\" content=\"https:\/\/saxbystone.com\/lv\/produkts\/istrian-beige\/\" \/>\n<meta property=\"og:site_name\" content=\"Saxby Stone\" \/>\n<meta property=\"article:modified_time\" content=\"2025-11-26T09:28:47+00:00\" \/>\n<meta property=\"og:image\" content=\"https:\/\/saxbystone.com\/wp-content\/uploads\/2024\/10\/Istrian-Limestone-4-edited.jpg\" \/>\n\t<meta property=\"og:image:width\" content=\"1800\" \/>\n\t<meta property=\"og:image:height\" content=\"1350\" \/>\n\t<meta property=\"og:image:type\" content=\"image\/jpeg\" \/>\n<meta name=\"twitter:card\" content=\"summary_large_image\" \/>\n<meta name=\"twitter:label1\" content=\"Est. reading time\" \/>\n\t<meta name=\"twitter:data1\" content=\"1 minute\" \/>\n<script type=\"application\/ld+json\" class=\"yoast-schema-graph\">{\"@context\":\"https:\/\/schema.org\",\"@graph\":[{\"@type\":\"WebPage\",\"@id\":\"https:\/\/saxbystone.com\/lv\/produkts\/istrian-beige\/\",\"url\":\"https:\/\/saxbystone.com\/lv\/produkts\/istrian-beige\/\",\"name\":\"Istrian Beige ka\u013c\u0137akmens - Saxby Stone\",\"isPartOf\":{\"@id\":\"https:\/\/saxbystone.com\/lv\/#website\"},\"primaryImageOfPage\":{\"@id\":\"https:\/\/saxbystone.com\/lv\/produkts\/istrian-beige\/#primaryimage\"},\"image\":{\"@id\":\"https:\/\/saxbystone.com\/lv\/produkts\/istrian-beige\/#primaryimage\"},\"thumbnailUrl\":\"https:\/\/saxbystone.com\/wp-content\/uploads\/2024\/10\/Istrian-Limestone-4-edited.jpg\",\"datePublished\":\"2024-10-25T10:07:02+00:00\",\"dateModified\":\"2025-11-26T09:28:47+00:00\",\"breadcrumb\":{\"@id\":\"https:\/\/saxbystone.com\/lv\/produkts\/istrian-beige\/#breadcrumb\"},\"inLanguage\":\"lv-LV\",\"potentialAction\":[{\"@type\":\"ReadAction\",\"target\":[\"https:\/\/saxbystone.com\/lv\/produkts\/istrian-beige\/\"]}]},{\"@type\":\"ImageObject\",\"inLanguage\":\"lv-LV\",\"@id\":\"https:\/\/saxbystone.com\/lv\/produkts\/istrian-beige\/#primaryimage\",\"url\":\"https:\/\/saxbystone.com\/wp-content\/uploads\/2024\/10\/Istrian-Limestone-4-edited.jpg\",\"contentUrl\":\"https:\/\/saxbystone.com\/wp-content\/uploads\/2024\/10\/Istrian-Limestone-4-edited.jpg\",\"width\":1800,\"height\":1350},{\"@type\":\"BreadcrumbList\",\"@id\":\"https:\/\/saxbystone.com\/lv\/produkts\/istrian-beige\/#breadcrumb\",\"itemListElement\":[{\"@type\":\"ListItem\",\"position\":1,\"name\":\"Home\",\"item\":\"https:\/\/saxbystone.com\/lv\/\"},{\"@type\":\"ListItem\",\"position\":2,\"name\":\"Akmens fl\u012bzes\",\"item\":\"https:\/\/saxbystone.com\/stone-tiles\/\"},{\"@type\":\"ListItem\",\"position\":3,\"name\":\"Istrian Beige ka\u013c\u0137akmens\"}]},{\"@type\":\"WebSite\",\"@id\":\"https:\/\/saxbystone.com\/lv\/#website\",\"url\":\"https:\/\/saxbystone.com\/lv\/\",\"name\":\"Saxby Stone\",\"description\":\"Natural stone tiles\",\"publisher\":{\"@id\":\"https:\/\/saxbystone.com\/lv\/#organization\"},\"potentialAction\":[{\"@type\":\"SearchAction\",\"target\":{\"@type\":\"EntryPoint\",\"urlTemplate\":\"https:\/\/saxbystone.com\/lv\/?s={search_term_string}\"},\"query-input\":{\"@type\":\"PropertyValueSpecification\",\"valueRequired\":true,\"valueName\":\"search_term_string\"}}],\"inLanguage\":\"lv-LV\"},{\"@type\":\"Organization\",\"@id\":\"https:\/\/saxbystone.com\/lv\/#organization\",\"name\":\"Saxby Stone\",\"url\":\"https:\/\/saxbystone.com\/lv\/\",\"logo\":{\"@type\":\"ImageObject\",\"inLanguage\":\"lv-LV\",\"@id\":\"https:\/\/saxbystone.com\/lv\/#\/schema\/logo\/image\/\",\"url\":\"https:\/\/saxbystone.com\/wp-content\/uploads\/2024\/09\/cropped-Saxby-Stone-logo-official-1st.png\",\"contentUrl\":\"https:\/\/saxbystone.com\/wp-content\/uploads\/2024\/09\/cropped-Saxby-Stone-logo-official-1st.png\",\"width\":512,\"height\":512,\"caption\":\"Saxby Stone\"},\"image\":{\"@id\":\"https:\/\/saxbystone.com\/lv\/#\/schema\/logo\/image\/\"},\"sameAs\":[\"https:\/\/www.instagram.com\/saxbystone\/\"]}]}<\/script>\n<!-- \/ Yoast SEO plugin. -->","yoast_head_json":{"title":"Istrian Beige ka\u013c\u0137akmens - Saxby Stone","robots":{"index":"index","follow":"follow","max-snippet":"max-snippet:-1","max-image-preview":"max-image-preview:large","max-video-preview":"max-video-preview:-1"},"canonical":"https:\/\/saxbystone.com\/lv\/produkts\/istrian-beige\/","og_locale":"lv_LV","og_type":"article","og_title":"Istrian Beige ka\u013c\u0137akmens - Saxby Stone","og_description":"\u0160is ka\u013c\u0137akmens ir ieg\u016bts Istras pussal\u0101 Horv\u0101tij\u0101 jau kop\u0161 Ven\u0113cijas imp\u0113rijas laikiem, kad \u0161o akmeni ieguva iespaid\u012bgo villu, kas \u0161odien redzamas Horv\u0101tijas piekrast\u0113, b\u016bvniec\u012bbai. Iesp\u0113jams, esat apmekl\u0113jis br\u012bni\u0161\u0137\u012bgo rom\u0101\u0146u amfite\u0101tri Pul\u0101, kas ir celts no t\u0101 pa\u0161a Istrian Beige ka\u013c\u0137akmens.  Par laimi varam ieg\u016bt skaistas fl\u012bzes, kas izgatavotas no t\u0101 pa\u0161a Istrian Beige ka\u013c\u0137akmens un \u013cauj mums ienest Adrijas j\u016bras siltumu Baltijas garaj\u0101s ziem\u0101s.  Pieejama mat\u0113ta un birst\u0113ta apdare.  Lai redz\u0113tu cenu, izv\u0113lieties fl\u012bzes izm\u0113ru. Bezmaksas pieg\u0101de ir pas\u016bt\u012bjumiem virs 25 m2.","og_url":"https:\/\/saxbystone.com\/lv\/produkts\/istrian-beige\/","og_site_name":"Saxby Stone","article_modified_time":"2025-11-26T09:28:47+00:00","og_image":[{"width":1800,"height":1350,"url":"https:\/\/saxbystone.com\/wp-content\/uploads\/2024\/10\/Istrian-Limestone-4-edited.jpg","type":"image\/jpeg"}],"twitter_card":"summary_large_image","twitter_misc":{"Est. reading time":"1 minute"},"schema":{"@context":"https:\/\/schema.org","@graph":[{"@type":"WebPage","@id":"https:\/\/saxbystone.com\/lv\/produkts\/istrian-beige\/","url":"https:\/\/saxbystone.com\/lv\/produkts\/istrian-beige\/","name":"Istrian Beige ka\u013c\u0137akmens - Saxby Stone","isPartOf":{"@id":"https:\/\/saxbystone.com\/lv\/#website"},"primaryImageOfPage":{"@id":"https:\/\/saxbystone.com\/lv\/produkts\/istrian-beige\/#primaryimage"},"image":{"@id":"https:\/\/saxbystone.com\/lv\/produkts\/istrian-beige\/#primaryimage"},"thumbnailUrl":"https:\/\/saxbystone.com\/wp-content\/uploads\/2024\/10\/Istrian-Limestone-4-edited.jpg","datePublished":"2024-10-25T10:07:02+00:00","dateModified":"2025-11-26T09:28:47+00:00","breadcrumb":{"@id":"https:\/\/saxbystone.com\/lv\/produkts\/istrian-beige\/#breadcrumb"},"inLanguage":"lv-LV","potentialAction":[{"@type":"ReadAction","target":["https:\/\/saxbystone.com\/lv\/produkts\/istrian-beige\/"]}]},{"@type":"ImageObject","inLanguage":"lv-LV","@id":"https:\/\/saxbystone.com\/lv\/produkts\/istrian-beige\/#primaryimage","url":"https:\/\/saxbystone.com\/wp-content\/uploads\/2024\/10\/Istrian-Limestone-4-edited.jpg","contentUrl":"https:\/\/saxbystone.com\/wp-content\/uploads\/2024\/10\/Istrian-Limestone-4-edited.jpg","width":1800,"height":1350},{"@type":"BreadcrumbList","@id":"https:\/\/saxbystone.com\/lv\/produkts\/istrian-beige\/#breadcrumb","itemListElement":[{"@type":"ListItem","position":1,"name":"Home","item":"https:\/\/saxbystone.com\/lv\/"},{"@type":"ListItem","position":2,"name":"Akmens fl\u012bzes","item":"https:\/\/saxbystone.com\/stone-tiles\/"},{"@type":"ListItem","position":3,"name":"Istrian Beige ka\u013c\u0137akmens"}]},{"@type":"WebSite","@id":"https:\/\/saxbystone.com\/lv\/#website","url":"https:\/\/saxbystone.com\/lv\/","name":"Saxby Stone","description":"Natural stone tiles","publisher":{"@id":"https:\/\/saxbystone.com\/lv\/#organization"},"potentialAction":[{"@type":"SearchAction","target":{"@type":"EntryPoint","urlTemplate":"https:\/\/saxbystone.com\/lv\/?s={search_term_string}"},"query-input":{"@type":"PropertyValueSpecification","valueRequired":true,"valueName":"search_term_string"}}],"inLanguage":"lv-LV"},{"@type":"Organization","@id":"https:\/\/saxbystone.com\/lv\/#organization","name":"Saxby Stone","url":"https:\/\/saxbystone.com\/lv\/","logo":{"@type":"ImageObject","inLanguage":"lv-LV","@id":"https:\/\/saxbystone.com\/lv\/#\/schema\/logo\/image\/","url":"https:\/\/saxbystone.com\/wp-content\/uploads\/2024\/09\/cropped-Saxby-Stone-logo-official-1st.png","contentUrl":"https:\/\/saxbystone.com\/wp-content\/uploads\/2024\/09\/cropped-Saxby-Stone-logo-official-1st.png","width":512,"height":512,"caption":"Saxby Stone"},"image":{"@id":"https:\/\/saxbystone.com\/lv\/#\/schema\/logo\/image\/"},"sameAs":["https:\/\/www.instagram.com\/saxbystone\/"]}]}},"_links":{"self":[{"href":"https:\/\/saxbystone.com\/lv\/wp-json\/wp\/v2\/product\/3941","targetHints":{"allow":["GET"]}}],"collection":[{"href":"https:\/\/saxbystone.com\/lv\/wp-json\/wp\/v2\/product"}],"about":[{"href":"https:\/\/saxbystone.com\/lv\/wp-json\/wp\/v2\/types\/product"}],"wp:featuredmedia":[{"embeddable":true,"href":"https:\/\/saxbystone.com\/lv\/wp-json\/wp\/v2\/media\/3942"}],"wp:attachment":[{"href":"https:\/\/saxbystone.com\/lv\/wp-json\/wp\/v2\/media?parent=3941"}],"wp:term":[{"taxonomy":"product_brand","embeddable":true,"href":"https:\/\/saxbystone.com\/lv\/wp-json\/wp\/v2\/product_brand?post=3941"},{"taxonomy":"product_cat","embeddable":true,"href":"https:\/\/saxbystone.com\/lv\/wp-json\/wp\/v2\/product_cat?post=3941"},{"taxonomy":"product_tag","embeddable":true,"href":"https:\/\/saxbystone.com\/lv\/wp-json\/wp\/v2\/product_tag?post=3941"}],"curies":[{"name":"wp","href":"https:\/\/api.w.org\/{rel}","templated":true}]}}