{"id":3935,"date":"2024-10-25T11:53:03","date_gmt":"2024-10-25T08:53:03","guid":{"rendered":"https:\/\/saxbystone.com\/product\/umbrijas-kalkakmens\/"},"modified":"2026-02-27T08:47:11","modified_gmt":"2026-02-27T06:47:11","slug":"umbria","status":"publish","type":"product","link":"https:\/\/saxbystone.com\/lv\/produkts\/umbria\/","title":{"rendered":"Umbria ka\u013c\u0137akmens"},"content":{"rendered":"","protected":false},"excerpt":{"rendered":"<p>M\u016bsu Umbria ka\u013c\u0137akmens fl\u012bzes ar vecin\u0101tu virsmas apdari sniedz rustik\u0101lu, lauku saj\u016btu. \u0160im medus kr\u0101sas ka\u013c\u0137akmenim rakstur\u012bgas nelielas kr\u0101sas vari\u0101cijas, k\u0101 ar\u012b bag\u0101t\u012bga fosiliz\u0101cija, kas pie\u0161\u0137ir akmenim lielisku raksturu.<\/p>\n<p>M\u016bsu Umbria ka\u013c\u0137akmens fl\u012bzes, kas ir vienl\u012bdz labi piem\u0113rotas gan villai J\u016brmal\u0101, gan lauku m\u0101jai, sniedz kvalit\u0101ti un iztur\u012bbu, k\u0101 ar\u012b pie\u0161\u0137ir jaunu elpu virtuv\u0113m un dz\u012bvojam\u0101m istab\u0101m.<\/p>\n<p>\u0160\u012b ka\u013c\u0137akmens siltie medus kr\u0101sas to\u0146i uzlabos noska\u0146ojumu pat tum\u0161\u0101kaj\u0101s ziemas dien\u0101s!<\/p>\n<p>Pieejama vecin\u0101ta apdare.<\/p>\n<p><em>Lai redz\u0113tu cenu, izv\u0113lieties fl\u012bzes izm\u0113ru. Bezmaksas pieg\u0101de ir pas\u016bt\u012bjumiem virs 25 m<sup>2<\/sup>.<\/em><\/p>\n","protected":false},"featured_media":3936,"template":"","meta":{"_acf_changed":false},"product_brand":[],"product_cat":[188,187],"product_tag":[],"class_list":{"0":"post-3935","1":"product","2":"type-product","3":"status-publish","4":"has-post-thumbnail","6":"product_cat-visas-flizes","7":"product_cat-gridas-sienas-flizes","9":"first","10":"instock","11":"shipping-taxable","12":"purchasable","13":"product-type-variable","14":"add-to-wishlist-after_add_to_cart"},"acf":[],"yoast_head":"<!-- This site is optimized with the Yoast SEO plugin v26.4 - https:\/\/yoast.com\/wordpress\/plugins\/seo\/ -->\n<title>Umbria ka\u013c\u0137akmens - Saxby Stone<\/title>\n<meta name=\"robots\" content=\"index, follow, max-snippet:-1, max-image-preview:large, max-video-preview:-1\" \/>\n<link rel=\"canonical\" href=\"https:\/\/saxbystone.com\/lv\/produkts\/umbria\/\" \/>\n<meta property=\"og:locale\" content=\"lv_LV\" \/>\n<meta property=\"og:type\" content=\"article\" \/>\n<meta property=\"og:title\" content=\"Umbria ka\u013c\u0137akmens - Saxby Stone\" \/>\n<meta property=\"og:description\" content=\"M\u016bsu Umbria ka\u013c\u0137akmens fl\u012bzes ar vecin\u0101tu virsmas apdari sniedz rustik\u0101lu, lauku saj\u016btu. \u0160im medus kr\u0101sas ka\u013c\u0137akmenim rakstur\u012bgas nelielas kr\u0101sas vari\u0101cijas, k\u0101 ar\u012b bag\u0101t\u012bga fosiliz\u0101cija, kas pie\u0161\u0137ir akmenim lielisku raksturu.  M\u016bsu Umbria ka\u013c\u0137akmens fl\u012bzes, kas ir vienl\u012bdz labi piem\u0113rotas gan villai J\u016brmal\u0101, gan lauku m\u0101jai, sniedz kvalit\u0101ti un iztur\u012bbu, k\u0101 ar\u012b pie\u0161\u0137ir jaunu elpu virtuv\u0113m un dz\u012bvojam\u0101m istab\u0101m.  \u0160\u012b ka\u013c\u0137akmens siltie medus kr\u0101sas to\u0146i uzlabos noska\u0146ojumu pat tum\u0161\u0101kaj\u0101s ziemas dien\u0101s!  Pieejama vecin\u0101ta apdare.  Lai redz\u0113tu cenu, izv\u0113lieties fl\u012bzes izm\u0113ru. Bezmaksas pieg\u0101de ir pas\u016bt\u012bjumiem virs 25 m2.\" \/>\n<meta property=\"og:url\" content=\"https:\/\/saxbystone.com\/lv\/produkts\/umbria\/\" \/>\n<meta property=\"og:site_name\" content=\"Saxby Stone\" \/>\n<meta property=\"article:modified_time\" content=\"2026-02-27T06:47:11+00:00\" \/>\n<meta property=\"og:image\" content=\"https:\/\/saxbystone.com\/wp-content\/uploads\/2024\/10\/Umbria-Limestone.jpg\" \/>\n\t<meta property=\"og:image:width\" content=\"720\" \/>\n\t<meta property=\"og:image:height\" content=\"540\" \/>\n\t<meta property=\"og:image:type\" content=\"image\/jpeg\" \/>\n<meta name=\"twitter:card\" content=\"summary_large_image\" \/>\n<meta name=\"twitter:label1\" content=\"Est. reading time\" \/>\n\t<meta name=\"twitter:data1\" content=\"1 minute\" \/>\n<script type=\"application\/ld+json\" class=\"yoast-schema-graph\">{\"@context\":\"https:\/\/schema.org\",\"@graph\":[{\"@type\":\"WebPage\",\"@id\":\"https:\/\/saxbystone.com\/lv\/produkts\/umbria\/\",\"url\":\"https:\/\/saxbystone.com\/lv\/produkts\/umbria\/\",\"name\":\"Umbria ka\u013c\u0137akmens - Saxby Stone\",\"isPartOf\":{\"@id\":\"https:\/\/saxbystone.com\/lv\/#website\"},\"primaryImageOfPage\":{\"@id\":\"https:\/\/saxbystone.com\/lv\/produkts\/umbria\/#primaryimage\"},\"image\":{\"@id\":\"https:\/\/saxbystone.com\/lv\/produkts\/umbria\/#primaryimage\"},\"thumbnailUrl\":\"https:\/\/saxbystone.com\/wp-content\/uploads\/2024\/10\/Umbria-Limestone.jpg\",\"datePublished\":\"2024-10-25T08:53:03+00:00\",\"dateModified\":\"2026-02-27T06:47:11+00:00\",\"breadcrumb\":{\"@id\":\"https:\/\/saxbystone.com\/lv\/produkts\/umbria\/#breadcrumb\"},\"inLanguage\":\"lv-LV\",\"potentialAction\":[{\"@type\":\"ReadAction\",\"target\":[\"https:\/\/saxbystone.com\/lv\/produkts\/umbria\/\"]}]},{\"@type\":\"ImageObject\",\"inLanguage\":\"lv-LV\",\"@id\":\"https:\/\/saxbystone.com\/lv\/produkts\/umbria\/#primaryimage\",\"url\":\"https:\/\/saxbystone.com\/wp-content\/uploads\/2024\/10\/Umbria-Limestone.jpg\",\"contentUrl\":\"https:\/\/saxbystone.com\/wp-content\/uploads\/2024\/10\/Umbria-Limestone.jpg\",\"width\":720,\"height\":540},{\"@type\":\"BreadcrumbList\",\"@id\":\"https:\/\/saxbystone.com\/lv\/produkts\/umbria\/#breadcrumb\",\"itemListElement\":[{\"@type\":\"ListItem\",\"position\":1,\"name\":\"Home\",\"item\":\"https:\/\/saxbystone.com\/lv\/\"},{\"@type\":\"ListItem\",\"position\":2,\"name\":\"Akmens fl\u012bzes\",\"item\":\"https:\/\/saxbystone.com\/stone-tiles\/\"},{\"@type\":\"ListItem\",\"position\":3,\"name\":\"Umbria ka\u013c\u0137akmens\"}]},{\"@type\":\"WebSite\",\"@id\":\"https:\/\/saxbystone.com\/lv\/#website\",\"url\":\"https:\/\/saxbystone.com\/lv\/\",\"name\":\"Saxby Stone\",\"description\":\"Natural stone tiles\",\"publisher\":{\"@id\":\"https:\/\/saxbystone.com\/lv\/#organization\"},\"potentialAction\":[{\"@type\":\"SearchAction\",\"target\":{\"@type\":\"EntryPoint\",\"urlTemplate\":\"https:\/\/saxbystone.com\/lv\/?s={search_term_string}\"},\"query-input\":{\"@type\":\"PropertyValueSpecification\",\"valueRequired\":true,\"valueName\":\"search_term_string\"}}],\"inLanguage\":\"lv-LV\"},{\"@type\":\"Organization\",\"@id\":\"https:\/\/saxbystone.com\/lv\/#organization\",\"name\":\"Saxby Stone\",\"url\":\"https:\/\/saxbystone.com\/lv\/\",\"logo\":{\"@type\":\"ImageObject\",\"inLanguage\":\"lv-LV\",\"@id\":\"https:\/\/saxbystone.com\/lv\/#\/schema\/logo\/image\/\",\"url\":\"https:\/\/saxbystone.com\/wp-content\/uploads\/2024\/09\/cropped-Saxby-Stone-logo-official-1st.png\",\"contentUrl\":\"https:\/\/saxbystone.com\/wp-content\/uploads\/2024\/09\/cropped-Saxby-Stone-logo-official-1st.png\",\"width\":512,\"height\":512,\"caption\":\"Saxby Stone\"},\"image\":{\"@id\":\"https:\/\/saxbystone.com\/lv\/#\/schema\/logo\/image\/\"},\"sameAs\":[\"https:\/\/www.instagram.com\/saxbystone\/\"]}]}<\/script>\n<!-- \/ Yoast SEO plugin. -->","yoast_head_json":{"title":"Umbria ka\u013c\u0137akmens - Saxby Stone","robots":{"index":"index","follow":"follow","max-snippet":"max-snippet:-1","max-image-preview":"max-image-preview:large","max-video-preview":"max-video-preview:-1"},"canonical":"https:\/\/saxbystone.com\/lv\/produkts\/umbria\/","og_locale":"lv_LV","og_type":"article","og_title":"Umbria ka\u013c\u0137akmens - Saxby Stone","og_description":"M\u016bsu Umbria ka\u013c\u0137akmens fl\u012bzes ar vecin\u0101tu virsmas apdari sniedz rustik\u0101lu, lauku saj\u016btu. \u0160im medus kr\u0101sas ka\u013c\u0137akmenim rakstur\u012bgas nelielas kr\u0101sas vari\u0101cijas, k\u0101 ar\u012b bag\u0101t\u012bga fosiliz\u0101cija, kas pie\u0161\u0137ir akmenim lielisku raksturu.  M\u016bsu Umbria ka\u013c\u0137akmens fl\u012bzes, kas ir vienl\u012bdz labi piem\u0113rotas gan villai J\u016brmal\u0101, gan lauku m\u0101jai, sniedz kvalit\u0101ti un iztur\u012bbu, k\u0101 ar\u012b pie\u0161\u0137ir jaunu elpu virtuv\u0113m un dz\u012bvojam\u0101m istab\u0101m.  \u0160\u012b ka\u013c\u0137akmens siltie medus kr\u0101sas to\u0146i uzlabos noska\u0146ojumu pat tum\u0161\u0101kaj\u0101s ziemas dien\u0101s!  Pieejama vecin\u0101ta apdare.  Lai redz\u0113tu cenu, izv\u0113lieties fl\u012bzes izm\u0113ru. Bezmaksas pieg\u0101de ir pas\u016bt\u012bjumiem virs 25 m2.","og_url":"https:\/\/saxbystone.com\/lv\/produkts\/umbria\/","og_site_name":"Saxby Stone","article_modified_time":"2026-02-27T06:47:11+00:00","og_image":[{"width":720,"height":540,"url":"https:\/\/saxbystone.com\/wp-content\/uploads\/2024\/10\/Umbria-Limestone.jpg","type":"image\/jpeg"}],"twitter_card":"summary_large_image","twitter_misc":{"Est. reading time":"1 minute"},"schema":{"@context":"https:\/\/schema.org","@graph":[{"@type":"WebPage","@id":"https:\/\/saxbystone.com\/lv\/produkts\/umbria\/","url":"https:\/\/saxbystone.com\/lv\/produkts\/umbria\/","name":"Umbria ka\u013c\u0137akmens - Saxby Stone","isPartOf":{"@id":"https:\/\/saxbystone.com\/lv\/#website"},"primaryImageOfPage":{"@id":"https:\/\/saxbystone.com\/lv\/produkts\/umbria\/#primaryimage"},"image":{"@id":"https:\/\/saxbystone.com\/lv\/produkts\/umbria\/#primaryimage"},"thumbnailUrl":"https:\/\/saxbystone.com\/wp-content\/uploads\/2024\/10\/Umbria-Limestone.jpg","datePublished":"2024-10-25T08:53:03+00:00","dateModified":"2026-02-27T06:47:11+00:00","breadcrumb":{"@id":"https:\/\/saxbystone.com\/lv\/produkts\/umbria\/#breadcrumb"},"inLanguage":"lv-LV","potentialAction":[{"@type":"ReadAction","target":["https:\/\/saxbystone.com\/lv\/produkts\/umbria\/"]}]},{"@type":"ImageObject","inLanguage":"lv-LV","@id":"https:\/\/saxbystone.com\/lv\/produkts\/umbria\/#primaryimage","url":"https:\/\/saxbystone.com\/wp-content\/uploads\/2024\/10\/Umbria-Limestone.jpg","contentUrl":"https:\/\/saxbystone.com\/wp-content\/uploads\/2024\/10\/Umbria-Limestone.jpg","width":720,"height":540},{"@type":"BreadcrumbList","@id":"https:\/\/saxbystone.com\/lv\/produkts\/umbria\/#breadcrumb","itemListElement":[{"@type":"ListItem","position":1,"name":"Home","item":"https:\/\/saxbystone.com\/lv\/"},{"@type":"ListItem","position":2,"name":"Akmens fl\u012bzes","item":"https:\/\/saxbystone.com\/stone-tiles\/"},{"@type":"ListItem","position":3,"name":"Umbria ka\u013c\u0137akmens"}]},{"@type":"WebSite","@id":"https:\/\/saxbystone.com\/lv\/#website","url":"https:\/\/saxbystone.com\/lv\/","name":"Saxby Stone","description":"Natural stone tiles","publisher":{"@id":"https:\/\/saxbystone.com\/lv\/#organization"},"potentialAction":[{"@type":"SearchAction","target":{"@type":"EntryPoint","urlTemplate":"https:\/\/saxbystone.com\/lv\/?s={search_term_string}"},"query-input":{"@type":"PropertyValueSpecification","valueRequired":true,"valueName":"search_term_string"}}],"inLanguage":"lv-LV"},{"@type":"Organization","@id":"https:\/\/saxbystone.com\/lv\/#organization","name":"Saxby Stone","url":"https:\/\/saxbystone.com\/lv\/","logo":{"@type":"ImageObject","inLanguage":"lv-LV","@id":"https:\/\/saxbystone.com\/lv\/#\/schema\/logo\/image\/","url":"https:\/\/saxbystone.com\/wp-content\/uploads\/2024\/09\/cropped-Saxby-Stone-logo-official-1st.png","contentUrl":"https:\/\/saxbystone.com\/wp-content\/uploads\/2024\/09\/cropped-Saxby-Stone-logo-official-1st.png","width":512,"height":512,"caption":"Saxby Stone"},"image":{"@id":"https:\/\/saxbystone.com\/lv\/#\/schema\/logo\/image\/"},"sameAs":["https:\/\/www.instagram.com\/saxbystone\/"]}]}},"_links":{"self":[{"href":"https:\/\/saxbystone.com\/lv\/wp-json\/wp\/v2\/product\/3935","targetHints":{"allow":["GET"]}}],"collection":[{"href":"https:\/\/saxbystone.com\/lv\/wp-json\/wp\/v2\/product"}],"about":[{"href":"https:\/\/saxbystone.com\/lv\/wp-json\/wp\/v2\/types\/product"}],"wp:featuredmedia":[{"embeddable":true,"href":"https:\/\/saxbystone.com\/lv\/wp-json\/wp\/v2\/media\/3936"}],"wp:attachment":[{"href":"https:\/\/saxbystone.com\/lv\/wp-json\/wp\/v2\/media?parent=3935"}],"wp:term":[{"taxonomy":"product_brand","embeddable":true,"href":"https:\/\/saxbystone.com\/lv\/wp-json\/wp\/v2\/product_brand?post=3935"},{"taxonomy":"product_cat","embeddable":true,"href":"https:\/\/saxbystone.com\/lv\/wp-json\/wp\/v2\/product_cat?post=3935"},{"taxonomy":"product_tag","embeddable":true,"href":"https:\/\/saxbystone.com\/lv\/wp-json\/wp\/v2\/product_tag?post=3935"}],"curies":[{"name":"wp","href":"https:\/\/api.w.org\/{rel}","templated":true}]}}