{"id":3928,"date":"2024-10-25T11:42:33","date_gmt":"2024-10-25T08:42:33","guid":{"rendered":"https:\/\/saxbystone.com\/product\/berfordas-pelekais-maisijums\/"},"modified":"2026-02-27T08:48:34","modified_gmt":"2026-02-27T06:48:34","slug":"burford-grey-blend","status":"publish","type":"product","link":"https:\/\/saxbystone.com\/lv\/produkts\/burford-grey-blend\/","title":{"rendered":"Burford Grey Blend ka\u013c\u0137akmens"},"content":{"rendered":"","protected":false},"excerpt":{"rendered":"<p>Burford Grey Blend vecin\u0101ta izlas\u0113 iek\u013cautas otr\u0101s izlases k\u0101rtas nevis premium klases fl\u012bzes. \u0160\u012bs ka\u013c\u0137akmens fl\u012bzes var b\u016bt ar liel\u0101ku kr\u0101sas to\u0146u da\u017e\u0101d\u012bbu,\u00a0 vair\u0101k kalc\u012bta ielaidumiem, k\u0101 ar\u012b virsmas nel\u012bdzenumu, kas visas ir dabiskam akmenim rakstur\u012bgas iez\u012bmes. Visos \u0161ajos att\u0113los redzamas iepriek\u0161\u0113j\u0101s Burford Grey Blend partijas un labi atspogu\u013cota izlase, ta\u010du ir j\u0101\u0146em v\u0113r\u0101, ka Burford Blend partijas var b\u016bt ar izteikt\u0101k\u0101m kr\u0101sas at\u0161\u0137ir\u012bb\u0101m.<\/p>\n<p>Pieejama vecin\u0101ta apdare.<\/p>\n<p><em>Lai redz\u0113tu cenu, izv\u0113lieties fl\u012bzes izm\u0113ru. Bezmaksas pieg\u0101de ir pas\u016bt\u012bjumiem virs 25 m<sup>2<\/sup>.<\/em><\/p>\n","protected":false},"featured_media":3929,"template":"","meta":{"_acf_changed":false},"product_brand":[],"product_cat":[188,187],"product_tag":[],"class_list":{"0":"post-3928","1":"product","2":"type-product","3":"status-publish","4":"has-post-thumbnail","6":"product_cat-visas-flizes","7":"product_cat-gridas-sienas-flizes","9":"first","10":"instock","11":"shipping-taxable","12":"purchasable","13":"product-type-variable","14":"add-to-wishlist-after_add_to_cart"},"acf":[],"yoast_head":"<!-- This site is optimized with the Yoast SEO plugin v26.4 - https:\/\/yoast.com\/wordpress\/plugins\/seo\/ -->\n<title>Burford Grey Blend ka\u013c\u0137akmens - Saxby Stone<\/title>\n<meta name=\"robots\" content=\"index, follow, max-snippet:-1, max-image-preview:large, max-video-preview:-1\" \/>\n<link rel=\"canonical\" href=\"https:\/\/saxbystone.com\/lv\/produkts\/burford-grey-blend\/\" \/>\n<meta property=\"og:locale\" content=\"lv_LV\" \/>\n<meta property=\"og:type\" content=\"article\" \/>\n<meta property=\"og:title\" content=\"Burford Grey Blend ka\u013c\u0137akmens - Saxby Stone\" \/>\n<meta property=\"og:description\" content=\"Burford Grey Blend vecin\u0101ta izlas\u0113 iek\u013cautas otr\u0101s izlases k\u0101rtas nevis premium klases fl\u012bzes. \u0160\u012bs ka\u013c\u0137akmens fl\u012bzes var b\u016bt ar liel\u0101ku kr\u0101sas to\u0146u da\u017e\u0101d\u012bbu,\u00a0 vair\u0101k kalc\u012bta ielaidumiem, k\u0101 ar\u012b virsmas nel\u012bdzenumu, kas visas ir dabiskam akmenim rakstur\u012bgas iez\u012bmes. Visos \u0161ajos att\u0113los redzamas iepriek\u0161\u0113j\u0101s Burford Grey Blend partijas un labi atspogu\u013cota izlase, ta\u010du ir j\u0101\u0146em v\u0113r\u0101, ka Burford Blend partijas var b\u016bt ar izteikt\u0101k\u0101m kr\u0101sas at\u0161\u0137ir\u012bb\u0101m.  Pieejama vecin\u0101ta apdare.  Lai redz\u0113tu cenu, izv\u0113lieties fl\u012bzes izm\u0113ru. Bezmaksas pieg\u0101de ir pas\u016bt\u012bjumiem virs 25 m2.\" \/>\n<meta property=\"og:url\" content=\"https:\/\/saxbystone.com\/lv\/produkts\/burford-grey-blend\/\" \/>\n<meta property=\"og:site_name\" content=\"Saxby Stone\" \/>\n<meta property=\"article:modified_time\" content=\"2026-02-27T06:48:34+00:00\" \/>\n<meta property=\"og:image\" content=\"https:\/\/saxbystone.com\/wp-content\/uploads\/2024\/10\/Burford-Grey-Blend-Tumbled-Limestone.jpg\" \/>\n\t<meta property=\"og:image:width\" content=\"922\" \/>\n\t<meta property=\"og:image:height\" content=\"692\" \/>\n\t<meta property=\"og:image:type\" content=\"image\/jpeg\" \/>\n<meta name=\"twitter:card\" content=\"summary_large_image\" \/>\n<meta name=\"twitter:label1\" content=\"Est. reading time\" \/>\n\t<meta name=\"twitter:data1\" content=\"1 minute\" \/>\n<script type=\"application\/ld+json\" class=\"yoast-schema-graph\">{\"@context\":\"https:\/\/schema.org\",\"@graph\":[{\"@type\":\"WebPage\",\"@id\":\"https:\/\/saxbystone.com\/lv\/produkts\/burford-grey-blend\/\",\"url\":\"https:\/\/saxbystone.com\/lv\/produkts\/burford-grey-blend\/\",\"name\":\"Burford Grey Blend ka\u013c\u0137akmens - Saxby Stone\",\"isPartOf\":{\"@id\":\"https:\/\/saxbystone.com\/lv\/#website\"},\"primaryImageOfPage\":{\"@id\":\"https:\/\/saxbystone.com\/lv\/produkts\/burford-grey-blend\/#primaryimage\"},\"image\":{\"@id\":\"https:\/\/saxbystone.com\/lv\/produkts\/burford-grey-blend\/#primaryimage\"},\"thumbnailUrl\":\"https:\/\/saxbystone.com\/wp-content\/uploads\/2024\/10\/Burford-Grey-Blend-Tumbled-Limestone.jpg\",\"datePublished\":\"2024-10-25T08:42:33+00:00\",\"dateModified\":\"2026-02-27T06:48:34+00:00\",\"breadcrumb\":{\"@id\":\"https:\/\/saxbystone.com\/lv\/produkts\/burford-grey-blend\/#breadcrumb\"},\"inLanguage\":\"lv-LV\",\"potentialAction\":[{\"@type\":\"ReadAction\",\"target\":[\"https:\/\/saxbystone.com\/lv\/produkts\/burford-grey-blend\/\"]}]},{\"@type\":\"ImageObject\",\"inLanguage\":\"lv-LV\",\"@id\":\"https:\/\/saxbystone.com\/lv\/produkts\/burford-grey-blend\/#primaryimage\",\"url\":\"https:\/\/saxbystone.com\/wp-content\/uploads\/2024\/10\/Burford-Grey-Blend-Tumbled-Limestone.jpg\",\"contentUrl\":\"https:\/\/saxbystone.com\/wp-content\/uploads\/2024\/10\/Burford-Grey-Blend-Tumbled-Limestone.jpg\",\"width\":922,\"height\":692},{\"@type\":\"BreadcrumbList\",\"@id\":\"https:\/\/saxbystone.com\/lv\/produkts\/burford-grey-blend\/#breadcrumb\",\"itemListElement\":[{\"@type\":\"ListItem\",\"position\":1,\"name\":\"Home\",\"item\":\"https:\/\/saxbystone.com\/lv\/\"},{\"@type\":\"ListItem\",\"position\":2,\"name\":\"Akmens fl\u012bzes\",\"item\":\"https:\/\/saxbystone.com\/stone-tiles\/\"},{\"@type\":\"ListItem\",\"position\":3,\"name\":\"Burford Grey Blend ka\u013c\u0137akmens\"}]},{\"@type\":\"WebSite\",\"@id\":\"https:\/\/saxbystone.com\/lv\/#website\",\"url\":\"https:\/\/saxbystone.com\/lv\/\",\"name\":\"Saxby Stone\",\"description\":\"Natural stone tiles\",\"publisher\":{\"@id\":\"https:\/\/saxbystone.com\/lv\/#organization\"},\"potentialAction\":[{\"@type\":\"SearchAction\",\"target\":{\"@type\":\"EntryPoint\",\"urlTemplate\":\"https:\/\/saxbystone.com\/lv\/?s={search_term_string}\"},\"query-input\":{\"@type\":\"PropertyValueSpecification\",\"valueRequired\":true,\"valueName\":\"search_term_string\"}}],\"inLanguage\":\"lv-LV\"},{\"@type\":\"Organization\",\"@id\":\"https:\/\/saxbystone.com\/lv\/#organization\",\"name\":\"Saxby Stone\",\"url\":\"https:\/\/saxbystone.com\/lv\/\",\"logo\":{\"@type\":\"ImageObject\",\"inLanguage\":\"lv-LV\",\"@id\":\"https:\/\/saxbystone.com\/lv\/#\/schema\/logo\/image\/\",\"url\":\"https:\/\/saxbystone.com\/wp-content\/uploads\/2024\/09\/cropped-Saxby-Stone-logo-official-1st.png\",\"contentUrl\":\"https:\/\/saxbystone.com\/wp-content\/uploads\/2024\/09\/cropped-Saxby-Stone-logo-official-1st.png\",\"width\":512,\"height\":512,\"caption\":\"Saxby Stone\"},\"image\":{\"@id\":\"https:\/\/saxbystone.com\/lv\/#\/schema\/logo\/image\/\"},\"sameAs\":[\"https:\/\/www.instagram.com\/saxbystone\/\"]}]}<\/script>\n<!-- \/ Yoast SEO plugin. -->","yoast_head_json":{"title":"Burford Grey Blend ka\u013c\u0137akmens - Saxby Stone","robots":{"index":"index","follow":"follow","max-snippet":"max-snippet:-1","max-image-preview":"max-image-preview:large","max-video-preview":"max-video-preview:-1"},"canonical":"https:\/\/saxbystone.com\/lv\/produkts\/burford-grey-blend\/","og_locale":"lv_LV","og_type":"article","og_title":"Burford Grey Blend ka\u013c\u0137akmens - Saxby Stone","og_description":"Burford Grey Blend vecin\u0101ta izlas\u0113 iek\u013cautas otr\u0101s izlases k\u0101rtas nevis premium klases fl\u012bzes. \u0160\u012bs ka\u013c\u0137akmens fl\u012bzes var b\u016bt ar liel\u0101ku kr\u0101sas to\u0146u da\u017e\u0101d\u012bbu,\u00a0 vair\u0101k kalc\u012bta ielaidumiem, k\u0101 ar\u012b virsmas nel\u012bdzenumu, kas visas ir dabiskam akmenim rakstur\u012bgas iez\u012bmes. Visos \u0161ajos att\u0113los redzamas iepriek\u0161\u0113j\u0101s Burford Grey Blend partijas un labi atspogu\u013cota izlase, ta\u010du ir j\u0101\u0146em v\u0113r\u0101, ka Burford Blend partijas var b\u016bt ar izteikt\u0101k\u0101m kr\u0101sas at\u0161\u0137ir\u012bb\u0101m.  Pieejama vecin\u0101ta apdare.  Lai redz\u0113tu cenu, izv\u0113lieties fl\u012bzes izm\u0113ru. Bezmaksas pieg\u0101de ir pas\u016bt\u012bjumiem virs 25 m2.","og_url":"https:\/\/saxbystone.com\/lv\/produkts\/burford-grey-blend\/","og_site_name":"Saxby Stone","article_modified_time":"2026-02-27T06:48:34+00:00","og_image":[{"width":922,"height":692,"url":"https:\/\/saxbystone.com\/wp-content\/uploads\/2024\/10\/Burford-Grey-Blend-Tumbled-Limestone.jpg","type":"image\/jpeg"}],"twitter_card":"summary_large_image","twitter_misc":{"Est. reading time":"1 minute"},"schema":{"@context":"https:\/\/schema.org","@graph":[{"@type":"WebPage","@id":"https:\/\/saxbystone.com\/lv\/produkts\/burford-grey-blend\/","url":"https:\/\/saxbystone.com\/lv\/produkts\/burford-grey-blend\/","name":"Burford Grey Blend ka\u013c\u0137akmens - Saxby Stone","isPartOf":{"@id":"https:\/\/saxbystone.com\/lv\/#website"},"primaryImageOfPage":{"@id":"https:\/\/saxbystone.com\/lv\/produkts\/burford-grey-blend\/#primaryimage"},"image":{"@id":"https:\/\/saxbystone.com\/lv\/produkts\/burford-grey-blend\/#primaryimage"},"thumbnailUrl":"https:\/\/saxbystone.com\/wp-content\/uploads\/2024\/10\/Burford-Grey-Blend-Tumbled-Limestone.jpg","datePublished":"2024-10-25T08:42:33+00:00","dateModified":"2026-02-27T06:48:34+00:00","breadcrumb":{"@id":"https:\/\/saxbystone.com\/lv\/produkts\/burford-grey-blend\/#breadcrumb"},"inLanguage":"lv-LV","potentialAction":[{"@type":"ReadAction","target":["https:\/\/saxbystone.com\/lv\/produkts\/burford-grey-blend\/"]}]},{"@type":"ImageObject","inLanguage":"lv-LV","@id":"https:\/\/saxbystone.com\/lv\/produkts\/burford-grey-blend\/#primaryimage","url":"https:\/\/saxbystone.com\/wp-content\/uploads\/2024\/10\/Burford-Grey-Blend-Tumbled-Limestone.jpg","contentUrl":"https:\/\/saxbystone.com\/wp-content\/uploads\/2024\/10\/Burford-Grey-Blend-Tumbled-Limestone.jpg","width":922,"height":692},{"@type":"BreadcrumbList","@id":"https:\/\/saxbystone.com\/lv\/produkts\/burford-grey-blend\/#breadcrumb","itemListElement":[{"@type":"ListItem","position":1,"name":"Home","item":"https:\/\/saxbystone.com\/lv\/"},{"@type":"ListItem","position":2,"name":"Akmens fl\u012bzes","item":"https:\/\/saxbystone.com\/stone-tiles\/"},{"@type":"ListItem","position":3,"name":"Burford Grey Blend ka\u013c\u0137akmens"}]},{"@type":"WebSite","@id":"https:\/\/saxbystone.com\/lv\/#website","url":"https:\/\/saxbystone.com\/lv\/","name":"Saxby Stone","description":"Natural stone tiles","publisher":{"@id":"https:\/\/saxbystone.com\/lv\/#organization"},"potentialAction":[{"@type":"SearchAction","target":{"@type":"EntryPoint","urlTemplate":"https:\/\/saxbystone.com\/lv\/?s={search_term_string}"},"query-input":{"@type":"PropertyValueSpecification","valueRequired":true,"valueName":"search_term_string"}}],"inLanguage":"lv-LV"},{"@type":"Organization","@id":"https:\/\/saxbystone.com\/lv\/#organization","name":"Saxby Stone","url":"https:\/\/saxbystone.com\/lv\/","logo":{"@type":"ImageObject","inLanguage":"lv-LV","@id":"https:\/\/saxbystone.com\/lv\/#\/schema\/logo\/image\/","url":"https:\/\/saxbystone.com\/wp-content\/uploads\/2024\/09\/cropped-Saxby-Stone-logo-official-1st.png","contentUrl":"https:\/\/saxbystone.com\/wp-content\/uploads\/2024\/09\/cropped-Saxby-Stone-logo-official-1st.png","width":512,"height":512,"caption":"Saxby Stone"},"image":{"@id":"https:\/\/saxbystone.com\/lv\/#\/schema\/logo\/image\/"},"sameAs":["https:\/\/www.instagram.com\/saxbystone\/"]}]}},"_links":{"self":[{"href":"https:\/\/saxbystone.com\/lv\/wp-json\/wp\/v2\/product\/3928","targetHints":{"allow":["GET"]}}],"collection":[{"href":"https:\/\/saxbystone.com\/lv\/wp-json\/wp\/v2\/product"}],"about":[{"href":"https:\/\/saxbystone.com\/lv\/wp-json\/wp\/v2\/types\/product"}],"wp:featuredmedia":[{"embeddable":true,"href":"https:\/\/saxbystone.com\/lv\/wp-json\/wp\/v2\/media\/3929"}],"wp:attachment":[{"href":"https:\/\/saxbystone.com\/lv\/wp-json\/wp\/v2\/media?parent=3928"}],"wp:term":[{"taxonomy":"product_brand","embeddable":true,"href":"https:\/\/saxbystone.com\/lv\/wp-json\/wp\/v2\/product_brand?post=3928"},{"taxonomy":"product_cat","embeddable":true,"href":"https:\/\/saxbystone.com\/lv\/wp-json\/wp\/v2\/product_cat?post=3928"},{"taxonomy":"product_tag","embeddable":true,"href":"https:\/\/saxbystone.com\/lv\/wp-json\/wp\/v2\/product_tag?post=3928"}],"curies":[{"name":"wp","href":"https:\/\/api.w.org\/{rel}","templated":true}]}}