{"id":3890,"date":"2024-10-25T10:51:18","date_gmt":"2024-10-25T07:51:18","guid":{"rendered":"https:\/\/saxbystone.com\/product\/provences-kalkakmens-vecinats\/"},"modified":"2026-02-27T08:57:52","modified_gmt":"2026-02-27T06:57:52","slug":"provences","status":"publish","type":"product","link":"https:\/\/saxbystone.com\/lv\/produkts\/provences\/","title":{"rendered":"Provence ka\u013c\u0137akmens, vecin\u0101ts"},"content":{"rendered":"","protected":false},"excerpt":{"rendered":"<p>Provence ka\u013c\u0137akmens ir popul\u0101ra izv\u0113le \u0123imenes m\u0101j\u0101m ar akt\u012bvu dz\u012bves ritmu, kur nepiecie\u0161ams iztur\u012bgs dabiskais akmens, kas var\u0113tu iztur\u0113t ikdienas dz\u012bves intensit\u0101ti. \u0160is siltas medus kr\u0101sas ka\u013c\u0137akmens ir ar fos\u012bliju atlieku iez\u012bm\u0113m, un tas ir viens no m\u016bsu popul\u0101r\u0101kajiem ka\u013c\u0137akmens veidiem.\u00a0 Vecin\u0101ta virsmas apdare ir lieliski piem\u0113rota tiem, kas dod priek\u0161roku ka\u013c\u0137akmens fl\u012bz\u0113m ar rustik\u0101lu izskatu.<\/p>\n<p><em>Lai redz\u0113tu cenu, izv\u0113lieties fl\u012bzes izm\u0113ru. Bezmaksas pieg\u0101de ir pas\u016bt\u012bjumiem virs 25 m<sup>2<\/sup>.<\/em><\/p>\n","protected":false},"featured_media":4770,"template":"","meta":{"_acf_changed":false},"product_brand":[],"product_cat":[188,187],"product_tag":[],"class_list":{"0":"post-3890","1":"product","2":"type-product","3":"status-publish","4":"has-post-thumbnail","6":"product_cat-visas-flizes","7":"product_cat-gridas-sienas-flizes","9":"first","10":"instock","11":"shipping-taxable","12":"purchasable","13":"product-type-variable","14":"add-to-wishlist-after_add_to_cart"},"acf":[],"yoast_head":"<!-- This site is optimized with the Yoast SEO plugin v26.4 - https:\/\/yoast.com\/wordpress\/plugins\/seo\/ -->\n<title>Provence ka\u013c\u0137akmens, vecin\u0101ts - Saxby Stone<\/title>\n<meta name=\"robots\" content=\"index, follow, max-snippet:-1, max-image-preview:large, max-video-preview:-1\" \/>\n<link rel=\"canonical\" href=\"https:\/\/saxbystone.com\/lv\/produkts\/provences\/\" \/>\n<meta property=\"og:locale\" content=\"lv_LV\" \/>\n<meta property=\"og:type\" content=\"article\" \/>\n<meta property=\"og:title\" content=\"Provence ka\u013c\u0137akmens, vecin\u0101ts - Saxby Stone\" \/>\n<meta property=\"og:description\" content=\"Provence ka\u013c\u0137akmens ir popul\u0101ra izv\u0113le \u0123imenes m\u0101j\u0101m ar akt\u012bvu dz\u012bves ritmu, kur nepiecie\u0161ams iztur\u012bgs dabiskais akmens, kas var\u0113tu iztur\u0113t ikdienas dz\u012bves intensit\u0101ti. \u0160is siltas medus kr\u0101sas ka\u013c\u0137akmens ir ar fos\u012bliju atlieku iez\u012bm\u0113m, un tas ir viens no m\u016bsu popul\u0101r\u0101kajiem ka\u013c\u0137akmens veidiem.\u00a0 Vecin\u0101ta virsmas apdare ir lieliski piem\u0113rota tiem, kas dod priek\u0161roku ka\u013c\u0137akmens fl\u012bz\u0113m ar rustik\u0101lu izskatu.  Lai redz\u0113tu cenu, izv\u0113lieties fl\u012bzes izm\u0113ru. Bezmaksas pieg\u0101de ir pas\u016bt\u012bjumiem virs 25 m2.\" \/>\n<meta property=\"og:url\" content=\"https:\/\/saxbystone.com\/lv\/produkts\/provences\/\" \/>\n<meta property=\"og:site_name\" content=\"Saxby Stone\" \/>\n<meta property=\"article:modified_time\" content=\"2026-02-27T06:57:52+00:00\" \/>\n<meta property=\"og:image\" content=\"https:\/\/saxbystone.com\/wp-content\/uploads\/2024\/10\/Provence-Limestone-tumbled-2.jpeg\" \/>\n\t<meta property=\"og:image:width\" content=\"620\" \/>\n\t<meta property=\"og:image:height\" content=\"639\" \/>\n\t<meta property=\"og:image:type\" content=\"image\/jpeg\" \/>\n<meta name=\"twitter:card\" content=\"summary_large_image\" \/>\n<meta name=\"twitter:label1\" content=\"Est. reading time\" \/>\n\t<meta name=\"twitter:data1\" content=\"1 minute\" \/>\n<script type=\"application\/ld+json\" class=\"yoast-schema-graph\">{\"@context\":\"https:\/\/schema.org\",\"@graph\":[{\"@type\":\"WebPage\",\"@id\":\"https:\/\/saxbystone.com\/lv\/produkts\/provences\/\",\"url\":\"https:\/\/saxbystone.com\/lv\/produkts\/provences\/\",\"name\":\"Provence ka\u013c\u0137akmens, vecin\u0101ts - Saxby Stone\",\"isPartOf\":{\"@id\":\"https:\/\/saxbystone.com\/lv\/#website\"},\"primaryImageOfPage\":{\"@id\":\"https:\/\/saxbystone.com\/lv\/produkts\/provences\/#primaryimage\"},\"image\":{\"@id\":\"https:\/\/saxbystone.com\/lv\/produkts\/provences\/#primaryimage\"},\"thumbnailUrl\":\"https:\/\/saxbystone.com\/wp-content\/uploads\/2024\/10\/Provence-Limestone-tumbled-2.jpeg\",\"datePublished\":\"2024-10-25T07:51:18+00:00\",\"dateModified\":\"2026-02-27T06:57:52+00:00\",\"breadcrumb\":{\"@id\":\"https:\/\/saxbystone.com\/lv\/produkts\/provences\/#breadcrumb\"},\"inLanguage\":\"lv-LV\",\"potentialAction\":[{\"@type\":\"ReadAction\",\"target\":[\"https:\/\/saxbystone.com\/lv\/produkts\/provences\/\"]}]},{\"@type\":\"ImageObject\",\"inLanguage\":\"lv-LV\",\"@id\":\"https:\/\/saxbystone.com\/lv\/produkts\/provences\/#primaryimage\",\"url\":\"https:\/\/saxbystone.com\/wp-content\/uploads\/2024\/10\/Provence-Limestone-tumbled-2.jpeg\",\"contentUrl\":\"https:\/\/saxbystone.com\/wp-content\/uploads\/2024\/10\/Provence-Limestone-tumbled-2.jpeg\",\"width\":620,\"height\":639},{\"@type\":\"BreadcrumbList\",\"@id\":\"https:\/\/saxbystone.com\/lv\/produkts\/provences\/#breadcrumb\",\"itemListElement\":[{\"@type\":\"ListItem\",\"position\":1,\"name\":\"Home\",\"item\":\"https:\/\/saxbystone.com\/lv\/\"},{\"@type\":\"ListItem\",\"position\":2,\"name\":\"Akmens fl\u012bzes\",\"item\":\"https:\/\/saxbystone.com\/stone-tiles\/\"},{\"@type\":\"ListItem\",\"position\":3,\"name\":\"Provence ka\u013c\u0137akmens, vecin\u0101ts\"}]},{\"@type\":\"WebSite\",\"@id\":\"https:\/\/saxbystone.com\/lv\/#website\",\"url\":\"https:\/\/saxbystone.com\/lv\/\",\"name\":\"Saxby Stone\",\"description\":\"Natural stone tiles\",\"publisher\":{\"@id\":\"https:\/\/saxbystone.com\/lv\/#organization\"},\"potentialAction\":[{\"@type\":\"SearchAction\",\"target\":{\"@type\":\"EntryPoint\",\"urlTemplate\":\"https:\/\/saxbystone.com\/lv\/?s={search_term_string}\"},\"query-input\":{\"@type\":\"PropertyValueSpecification\",\"valueRequired\":true,\"valueName\":\"search_term_string\"}}],\"inLanguage\":\"lv-LV\"},{\"@type\":\"Organization\",\"@id\":\"https:\/\/saxbystone.com\/lv\/#organization\",\"name\":\"Saxby Stone\",\"url\":\"https:\/\/saxbystone.com\/lv\/\",\"logo\":{\"@type\":\"ImageObject\",\"inLanguage\":\"lv-LV\",\"@id\":\"https:\/\/saxbystone.com\/lv\/#\/schema\/logo\/image\/\",\"url\":\"https:\/\/saxbystone.com\/wp-content\/uploads\/2024\/09\/cropped-Saxby-Stone-logo-official-1st.png\",\"contentUrl\":\"https:\/\/saxbystone.com\/wp-content\/uploads\/2024\/09\/cropped-Saxby-Stone-logo-official-1st.png\",\"width\":512,\"height\":512,\"caption\":\"Saxby Stone\"},\"image\":{\"@id\":\"https:\/\/saxbystone.com\/lv\/#\/schema\/logo\/image\/\"},\"sameAs\":[\"https:\/\/www.instagram.com\/saxbystone\/\"]}]}<\/script>\n<!-- \/ Yoast SEO plugin. -->","yoast_head_json":{"title":"Provence ka\u013c\u0137akmens, vecin\u0101ts - Saxby Stone","robots":{"index":"index","follow":"follow","max-snippet":"max-snippet:-1","max-image-preview":"max-image-preview:large","max-video-preview":"max-video-preview:-1"},"canonical":"https:\/\/saxbystone.com\/lv\/produkts\/provences\/","og_locale":"lv_LV","og_type":"article","og_title":"Provence ka\u013c\u0137akmens, vecin\u0101ts - Saxby Stone","og_description":"Provence ka\u013c\u0137akmens ir popul\u0101ra izv\u0113le \u0123imenes m\u0101j\u0101m ar akt\u012bvu dz\u012bves ritmu, kur nepiecie\u0161ams iztur\u012bgs dabiskais akmens, kas var\u0113tu iztur\u0113t ikdienas dz\u012bves intensit\u0101ti. \u0160is siltas medus kr\u0101sas ka\u013c\u0137akmens ir ar fos\u012bliju atlieku iez\u012bm\u0113m, un tas ir viens no m\u016bsu popul\u0101r\u0101kajiem ka\u013c\u0137akmens veidiem.\u00a0 Vecin\u0101ta virsmas apdare ir lieliski piem\u0113rota tiem, kas dod priek\u0161roku ka\u013c\u0137akmens fl\u012bz\u0113m ar rustik\u0101lu izskatu.  Lai redz\u0113tu cenu, izv\u0113lieties fl\u012bzes izm\u0113ru. Bezmaksas pieg\u0101de ir pas\u016bt\u012bjumiem virs 25 m2.","og_url":"https:\/\/saxbystone.com\/lv\/produkts\/provences\/","og_site_name":"Saxby Stone","article_modified_time":"2026-02-27T06:57:52+00:00","og_image":[{"width":620,"height":639,"url":"https:\/\/saxbystone.com\/wp-content\/uploads\/2024\/10\/Provence-Limestone-tumbled-2.jpeg","type":"image\/jpeg"}],"twitter_card":"summary_large_image","twitter_misc":{"Est. reading time":"1 minute"},"schema":{"@context":"https:\/\/schema.org","@graph":[{"@type":"WebPage","@id":"https:\/\/saxbystone.com\/lv\/produkts\/provences\/","url":"https:\/\/saxbystone.com\/lv\/produkts\/provences\/","name":"Provence ka\u013c\u0137akmens, vecin\u0101ts - Saxby Stone","isPartOf":{"@id":"https:\/\/saxbystone.com\/lv\/#website"},"primaryImageOfPage":{"@id":"https:\/\/saxbystone.com\/lv\/produkts\/provences\/#primaryimage"},"image":{"@id":"https:\/\/saxbystone.com\/lv\/produkts\/provences\/#primaryimage"},"thumbnailUrl":"https:\/\/saxbystone.com\/wp-content\/uploads\/2024\/10\/Provence-Limestone-tumbled-2.jpeg","datePublished":"2024-10-25T07:51:18+00:00","dateModified":"2026-02-27T06:57:52+00:00","breadcrumb":{"@id":"https:\/\/saxbystone.com\/lv\/produkts\/provences\/#breadcrumb"},"inLanguage":"lv-LV","potentialAction":[{"@type":"ReadAction","target":["https:\/\/saxbystone.com\/lv\/produkts\/provences\/"]}]},{"@type":"ImageObject","inLanguage":"lv-LV","@id":"https:\/\/saxbystone.com\/lv\/produkts\/provences\/#primaryimage","url":"https:\/\/saxbystone.com\/wp-content\/uploads\/2024\/10\/Provence-Limestone-tumbled-2.jpeg","contentUrl":"https:\/\/saxbystone.com\/wp-content\/uploads\/2024\/10\/Provence-Limestone-tumbled-2.jpeg","width":620,"height":639},{"@type":"BreadcrumbList","@id":"https:\/\/saxbystone.com\/lv\/produkts\/provences\/#breadcrumb","itemListElement":[{"@type":"ListItem","position":1,"name":"Home","item":"https:\/\/saxbystone.com\/lv\/"},{"@type":"ListItem","position":2,"name":"Akmens fl\u012bzes","item":"https:\/\/saxbystone.com\/stone-tiles\/"},{"@type":"ListItem","position":3,"name":"Provence ka\u013c\u0137akmens, vecin\u0101ts"}]},{"@type":"WebSite","@id":"https:\/\/saxbystone.com\/lv\/#website","url":"https:\/\/saxbystone.com\/lv\/","name":"Saxby Stone","description":"Natural stone tiles","publisher":{"@id":"https:\/\/saxbystone.com\/lv\/#organization"},"potentialAction":[{"@type":"SearchAction","target":{"@type":"EntryPoint","urlTemplate":"https:\/\/saxbystone.com\/lv\/?s={search_term_string}"},"query-input":{"@type":"PropertyValueSpecification","valueRequired":true,"valueName":"search_term_string"}}],"inLanguage":"lv-LV"},{"@type":"Organization","@id":"https:\/\/saxbystone.com\/lv\/#organization","name":"Saxby Stone","url":"https:\/\/saxbystone.com\/lv\/","logo":{"@type":"ImageObject","inLanguage":"lv-LV","@id":"https:\/\/saxbystone.com\/lv\/#\/schema\/logo\/image\/","url":"https:\/\/saxbystone.com\/wp-content\/uploads\/2024\/09\/cropped-Saxby-Stone-logo-official-1st.png","contentUrl":"https:\/\/saxbystone.com\/wp-content\/uploads\/2024\/09\/cropped-Saxby-Stone-logo-official-1st.png","width":512,"height":512,"caption":"Saxby Stone"},"image":{"@id":"https:\/\/saxbystone.com\/lv\/#\/schema\/logo\/image\/"},"sameAs":["https:\/\/www.instagram.com\/saxbystone\/"]}]}},"_links":{"self":[{"href":"https:\/\/saxbystone.com\/lv\/wp-json\/wp\/v2\/product\/3890","targetHints":{"allow":["GET"]}}],"collection":[{"href":"https:\/\/saxbystone.com\/lv\/wp-json\/wp\/v2\/product"}],"about":[{"href":"https:\/\/saxbystone.com\/lv\/wp-json\/wp\/v2\/types\/product"}],"wp:featuredmedia":[{"embeddable":true,"href":"https:\/\/saxbystone.com\/lv\/wp-json\/wp\/v2\/media\/4770"}],"wp:attachment":[{"href":"https:\/\/saxbystone.com\/lv\/wp-json\/wp\/v2\/media?parent=3890"}],"wp:term":[{"taxonomy":"product_brand","embeddable":true,"href":"https:\/\/saxbystone.com\/lv\/wp-json\/wp\/v2\/product_brand?post=3890"},{"taxonomy":"product_cat","embeddable":true,"href":"https:\/\/saxbystone.com\/lv\/wp-json\/wp\/v2\/product_cat?post=3890"},{"taxonomy":"product_tag","embeddable":true,"href":"https:\/\/saxbystone.com\/lv\/wp-json\/wp\/v2\/product_tag?post=3890"}],"curies":[{"name":"wp","href":"https:\/\/api.w.org\/{rel}","templated":true}]}}