{"id":3882,"date":"2024-10-25T10:41:15","date_gmt":"2024-10-25T07:41:15","guid":{"rendered":"https:\/\/saxbystone.com\/product\/livonijas-kalkakmens\/"},"modified":"2026-04-08T10:58:54","modified_gmt":"2026-04-08T07:58:54","slug":"livonijas","status":"publish","type":"product","link":"https:\/\/saxbystone.com\/lv\/produkts\/livonijas\/","title":{"rendered":"Livonia ka\u013c\u0137akmens"},"content":{"rendered":"","protected":false},"excerpt":{"rendered":"<p>\u0160is neitr\u0101lais pel\u0113ki za\u013cais ka\u013c\u0137akmens ir labi zin\u0101ms, pateicoties t\u0101 sast\u0101v\u0101 eso\u0161ajam lielajam <span lang=\"EN-GB\">fosilij<\/span>u daudzumam un ar\u012b \u0101rk\u0101rt\u0113jai ciet\u012bbai. Livonia ka\u013c\u0137akmens iztur\u012bba padara to piem\u0113rotu vis\u0101m zon\u0101m m\u0101j\u0101s, tostarp vannas istab\u0101m, k\u0101 ar\u012b virtuves virsm\u0101m.<\/p>\n<p>V\u0101cijas un It\u0101lijas arhitekti nesen nor\u0101d\u012bja Livonia ka\u013c\u0137akmeni specifik\u0101cij\u0101s izmanto\u0161anai k\u0101 \u0101r\u0113j\u0101s fas\u0101des pane\u013cus lielai biroju \u0113kai Minhen\u0113, sasniedzot izcilu rezult\u0101tu.<\/p>\n<p>V\u0113l interesants fakts ir tas, ka Livonia ka\u013c\u0137akmeni ieg\u016bst dzi\u013cos pazemes sl\u0101\u0146os, izmantojot rak\u0161anas tehnolo\u0123iju, kam ir minim\u0101la ietekme uz vidi.<\/p>\n<p>Pieejama mat\u0113ta un birst\u0113ta apdare.<\/p>\n<p><em>Lai redz\u0113tu cenu, izv\u0113lieties fl\u012bzes izm\u0113ru. Bezmaksas pieg\u0101de ir pas\u016bt\u012bjumiem virs 25 m<sup>2<\/sup>.<\/em><\/p>\n","protected":false},"featured_media":7676,"template":"","meta":{"_acf_changed":false},"product_brand":[],"product_cat":[188,187,190],"product_tag":[],"class_list":{"0":"post-3882","1":"product","2":"type-product","3":"status-publish","4":"has-post-thumbnail","6":"product_cat-visas-flizes","7":"product_cat-gridas-sienas-flizes","8":"product_cat-darba-virsmas-palodzes","10":"first","11":"instock","12":"shipping-taxable","13":"purchasable","14":"product-type-variable","15":"add-to-wishlist-after_add_to_cart"},"acf":[],"yoast_head":"<!-- This site is optimized with the Yoast SEO plugin v26.4 - https:\/\/yoast.com\/wordpress\/plugins\/seo\/ -->\n<title>Livonia ka\u013c\u0137akmens - Saxby Stone<\/title>\n<meta name=\"robots\" content=\"index, follow, max-snippet:-1, max-image-preview:large, max-video-preview:-1\" \/>\n<link rel=\"canonical\" href=\"https:\/\/saxbystone.com\/lv\/produkts\/livonijas\/\" \/>\n<meta property=\"og:locale\" content=\"lv_LV\" \/>\n<meta property=\"og:type\" content=\"article\" \/>\n<meta property=\"og:title\" content=\"Livonia ka\u013c\u0137akmens - Saxby Stone\" \/>\n<meta property=\"og:description\" content=\"\u0160is neitr\u0101lais pel\u0113ki za\u013cais ka\u013c\u0137akmens ir labi zin\u0101ms, pateicoties t\u0101 sast\u0101v\u0101 eso\u0161ajam lielajam fosiliju daudzumam un ar\u012b \u0101rk\u0101rt\u0113jai ciet\u012bbai. Livonia ka\u013c\u0137akmens iztur\u012bba padara to piem\u0113rotu vis\u0101m zon\u0101m m\u0101j\u0101s, tostarp vannas istab\u0101m, k\u0101 ar\u012b virtuves virsm\u0101m.  V\u0101cijas un It\u0101lijas arhitekti nesen nor\u0101d\u012bja Livonia ka\u013c\u0137akmeni specifik\u0101cij\u0101s izmanto\u0161anai k\u0101 \u0101r\u0113j\u0101s fas\u0101des pane\u013cus lielai biroju \u0113kai Minhen\u0113, sasniedzot izcilu rezult\u0101tu.  V\u0113l interesants fakts ir tas, ka Livonia ka\u013c\u0137akmeni ieg\u016bst dzi\u013cos pazemes sl\u0101\u0146os, izmantojot rak\u0161anas tehnolo\u0123iju, kam ir minim\u0101la ietekme uz vidi.  Pieejama mat\u0113ta un birst\u0113ta apdare.  Lai redz\u0113tu cenu, izv\u0113lieties fl\u012bzes izm\u0113ru. Bezmaksas pieg\u0101de ir pas\u016bt\u012bjumiem virs 25 m2.\" \/>\n<meta property=\"og:url\" content=\"https:\/\/saxbystone.com\/lv\/produkts\/livonijas\/\" \/>\n<meta property=\"og:site_name\" content=\"Saxby Stone\" \/>\n<meta property=\"article:modified_time\" content=\"2026-04-08T07:58:54+00:00\" \/>\n<meta property=\"og:image\" content=\"https:\/\/saxbystone.com\/wp-content\/uploads\/2024\/10\/Livonia-limestone-min-scaled.jpg\" \/>\n\t<meta property=\"og:image:width\" content=\"2560\" \/>\n\t<meta property=\"og:image:height\" content=\"2348\" \/>\n\t<meta property=\"og:image:type\" content=\"image\/jpeg\" \/>\n<meta name=\"twitter:card\" content=\"summary_large_image\" \/>\n<meta name=\"twitter:label1\" content=\"Est. reading time\" \/>\n\t<meta name=\"twitter:data1\" content=\"1 minute\" \/>\n<script type=\"application\/ld+json\" class=\"yoast-schema-graph\">{\"@context\":\"https:\/\/schema.org\",\"@graph\":[{\"@type\":\"WebPage\",\"@id\":\"https:\/\/saxbystone.com\/lv\/produkts\/livonijas\/\",\"url\":\"https:\/\/saxbystone.com\/lv\/produkts\/livonijas\/\",\"name\":\"Livonia ka\u013c\u0137akmens - Saxby Stone\",\"isPartOf\":{\"@id\":\"https:\/\/saxbystone.com\/lv\/#website\"},\"primaryImageOfPage\":{\"@id\":\"https:\/\/saxbystone.com\/lv\/produkts\/livonijas\/#primaryimage\"},\"image\":{\"@id\":\"https:\/\/saxbystone.com\/lv\/produkts\/livonijas\/#primaryimage\"},\"thumbnailUrl\":\"https:\/\/saxbystone.com\/wp-content\/uploads\/2024\/10\/Livonia-limestone-min-scaled.jpg\",\"datePublished\":\"2024-10-25T07:41:15+00:00\",\"dateModified\":\"2026-04-08T07:58:54+00:00\",\"breadcrumb\":{\"@id\":\"https:\/\/saxbystone.com\/lv\/produkts\/livonijas\/#breadcrumb\"},\"inLanguage\":\"lv-LV\",\"potentialAction\":[{\"@type\":\"ReadAction\",\"target\":[\"https:\/\/saxbystone.com\/lv\/produkts\/livonijas\/\"]}]},{\"@type\":\"ImageObject\",\"inLanguage\":\"lv-LV\",\"@id\":\"https:\/\/saxbystone.com\/lv\/produkts\/livonijas\/#primaryimage\",\"url\":\"https:\/\/saxbystone.com\/wp-content\/uploads\/2024\/10\/Livonia-limestone-min-scaled.jpg\",\"contentUrl\":\"https:\/\/saxbystone.com\/wp-content\/uploads\/2024\/10\/Livonia-limestone-min-scaled.jpg\",\"width\":2560,\"height\":2348},{\"@type\":\"BreadcrumbList\",\"@id\":\"https:\/\/saxbystone.com\/lv\/produkts\/livonijas\/#breadcrumb\",\"itemListElement\":[{\"@type\":\"ListItem\",\"position\":1,\"name\":\"Home\",\"item\":\"https:\/\/saxbystone.com\/lv\/\"},{\"@type\":\"ListItem\",\"position\":2,\"name\":\"Akmens fl\u012bzes\",\"item\":\"https:\/\/saxbystone.com\/stone-tiles\/\"},{\"@type\":\"ListItem\",\"position\":3,\"name\":\"Livonia ka\u013c\u0137akmens\"}]},{\"@type\":\"WebSite\",\"@id\":\"https:\/\/saxbystone.com\/lv\/#website\",\"url\":\"https:\/\/saxbystone.com\/lv\/\",\"name\":\"Saxby Stone\",\"description\":\"Natural stone tiles\",\"publisher\":{\"@id\":\"https:\/\/saxbystone.com\/lv\/#organization\"},\"potentialAction\":[{\"@type\":\"SearchAction\",\"target\":{\"@type\":\"EntryPoint\",\"urlTemplate\":\"https:\/\/saxbystone.com\/lv\/?s={search_term_string}\"},\"query-input\":{\"@type\":\"PropertyValueSpecification\",\"valueRequired\":true,\"valueName\":\"search_term_string\"}}],\"inLanguage\":\"lv-LV\"},{\"@type\":\"Organization\",\"@id\":\"https:\/\/saxbystone.com\/lv\/#organization\",\"name\":\"Saxby Stone\",\"url\":\"https:\/\/saxbystone.com\/lv\/\",\"logo\":{\"@type\":\"ImageObject\",\"inLanguage\":\"lv-LV\",\"@id\":\"https:\/\/saxbystone.com\/lv\/#\/schema\/logo\/image\/\",\"url\":\"https:\/\/saxbystone.com\/wp-content\/uploads\/2024\/09\/cropped-Saxby-Stone-logo-official-1st.png\",\"contentUrl\":\"https:\/\/saxbystone.com\/wp-content\/uploads\/2024\/09\/cropped-Saxby-Stone-logo-official-1st.png\",\"width\":512,\"height\":512,\"caption\":\"Saxby Stone\"},\"image\":{\"@id\":\"https:\/\/saxbystone.com\/lv\/#\/schema\/logo\/image\/\"},\"sameAs\":[\"https:\/\/www.instagram.com\/saxbystone\/\"]}]}<\/script>\n<!-- \/ Yoast SEO plugin. -->","yoast_head_json":{"title":"Livonia ka\u013c\u0137akmens - Saxby Stone","robots":{"index":"index","follow":"follow","max-snippet":"max-snippet:-1","max-image-preview":"max-image-preview:large","max-video-preview":"max-video-preview:-1"},"canonical":"https:\/\/saxbystone.com\/lv\/produkts\/livonijas\/","og_locale":"lv_LV","og_type":"article","og_title":"Livonia ka\u013c\u0137akmens - Saxby Stone","og_description":"\u0160is neitr\u0101lais pel\u0113ki za\u013cais ka\u013c\u0137akmens ir labi zin\u0101ms, pateicoties t\u0101 sast\u0101v\u0101 eso\u0161ajam lielajam fosiliju daudzumam un ar\u012b \u0101rk\u0101rt\u0113jai ciet\u012bbai. Livonia ka\u013c\u0137akmens iztur\u012bba padara to piem\u0113rotu vis\u0101m zon\u0101m m\u0101j\u0101s, tostarp vannas istab\u0101m, k\u0101 ar\u012b virtuves virsm\u0101m.  V\u0101cijas un It\u0101lijas arhitekti nesen nor\u0101d\u012bja Livonia ka\u013c\u0137akmeni specifik\u0101cij\u0101s izmanto\u0161anai k\u0101 \u0101r\u0113j\u0101s fas\u0101des pane\u013cus lielai biroju \u0113kai Minhen\u0113, sasniedzot izcilu rezult\u0101tu.  V\u0113l interesants fakts ir tas, ka Livonia ka\u013c\u0137akmeni ieg\u016bst dzi\u013cos pazemes sl\u0101\u0146os, izmantojot rak\u0161anas tehnolo\u0123iju, kam ir minim\u0101la ietekme uz vidi.  Pieejama mat\u0113ta un birst\u0113ta apdare.  Lai redz\u0113tu cenu, izv\u0113lieties fl\u012bzes izm\u0113ru. Bezmaksas pieg\u0101de ir pas\u016bt\u012bjumiem virs 25 m2.","og_url":"https:\/\/saxbystone.com\/lv\/produkts\/livonijas\/","og_site_name":"Saxby Stone","article_modified_time":"2026-04-08T07:58:54+00:00","og_image":[{"width":2560,"height":2348,"url":"https:\/\/saxbystone.com\/wp-content\/uploads\/2024\/10\/Livonia-limestone-min-scaled.jpg","type":"image\/jpeg"}],"twitter_card":"summary_large_image","twitter_misc":{"Est. reading time":"1 minute"},"schema":{"@context":"https:\/\/schema.org","@graph":[{"@type":"WebPage","@id":"https:\/\/saxbystone.com\/lv\/produkts\/livonijas\/","url":"https:\/\/saxbystone.com\/lv\/produkts\/livonijas\/","name":"Livonia ka\u013c\u0137akmens - Saxby Stone","isPartOf":{"@id":"https:\/\/saxbystone.com\/lv\/#website"},"primaryImageOfPage":{"@id":"https:\/\/saxbystone.com\/lv\/produkts\/livonijas\/#primaryimage"},"image":{"@id":"https:\/\/saxbystone.com\/lv\/produkts\/livonijas\/#primaryimage"},"thumbnailUrl":"https:\/\/saxbystone.com\/wp-content\/uploads\/2024\/10\/Livonia-limestone-min-scaled.jpg","datePublished":"2024-10-25T07:41:15+00:00","dateModified":"2026-04-08T07:58:54+00:00","breadcrumb":{"@id":"https:\/\/saxbystone.com\/lv\/produkts\/livonijas\/#breadcrumb"},"inLanguage":"lv-LV","potentialAction":[{"@type":"ReadAction","target":["https:\/\/saxbystone.com\/lv\/produkts\/livonijas\/"]}]},{"@type":"ImageObject","inLanguage":"lv-LV","@id":"https:\/\/saxbystone.com\/lv\/produkts\/livonijas\/#primaryimage","url":"https:\/\/saxbystone.com\/wp-content\/uploads\/2024\/10\/Livonia-limestone-min-scaled.jpg","contentUrl":"https:\/\/saxbystone.com\/wp-content\/uploads\/2024\/10\/Livonia-limestone-min-scaled.jpg","width":2560,"height":2348},{"@type":"BreadcrumbList","@id":"https:\/\/saxbystone.com\/lv\/produkts\/livonijas\/#breadcrumb","itemListElement":[{"@type":"ListItem","position":1,"name":"Home","item":"https:\/\/saxbystone.com\/lv\/"},{"@type":"ListItem","position":2,"name":"Akmens fl\u012bzes","item":"https:\/\/saxbystone.com\/stone-tiles\/"},{"@type":"ListItem","position":3,"name":"Livonia ka\u013c\u0137akmens"}]},{"@type":"WebSite","@id":"https:\/\/saxbystone.com\/lv\/#website","url":"https:\/\/saxbystone.com\/lv\/","name":"Saxby Stone","description":"Natural stone tiles","publisher":{"@id":"https:\/\/saxbystone.com\/lv\/#organization"},"potentialAction":[{"@type":"SearchAction","target":{"@type":"EntryPoint","urlTemplate":"https:\/\/saxbystone.com\/lv\/?s={search_term_string}"},"query-input":{"@type":"PropertyValueSpecification","valueRequired":true,"valueName":"search_term_string"}}],"inLanguage":"lv-LV"},{"@type":"Organization","@id":"https:\/\/saxbystone.com\/lv\/#organization","name":"Saxby Stone","url":"https:\/\/saxbystone.com\/lv\/","logo":{"@type":"ImageObject","inLanguage":"lv-LV","@id":"https:\/\/saxbystone.com\/lv\/#\/schema\/logo\/image\/","url":"https:\/\/saxbystone.com\/wp-content\/uploads\/2024\/09\/cropped-Saxby-Stone-logo-official-1st.png","contentUrl":"https:\/\/saxbystone.com\/wp-content\/uploads\/2024\/09\/cropped-Saxby-Stone-logo-official-1st.png","width":512,"height":512,"caption":"Saxby Stone"},"image":{"@id":"https:\/\/saxbystone.com\/lv\/#\/schema\/logo\/image\/"},"sameAs":["https:\/\/www.instagram.com\/saxbystone\/"]}]}},"_links":{"self":[{"href":"https:\/\/saxbystone.com\/lv\/wp-json\/wp\/v2\/product\/3882","targetHints":{"allow":["GET"]}}],"collection":[{"href":"https:\/\/saxbystone.com\/lv\/wp-json\/wp\/v2\/product"}],"about":[{"href":"https:\/\/saxbystone.com\/lv\/wp-json\/wp\/v2\/types\/product"}],"wp:featuredmedia":[{"embeddable":true,"href":"https:\/\/saxbystone.com\/lv\/wp-json\/wp\/v2\/media\/7676"}],"wp:attachment":[{"href":"https:\/\/saxbystone.com\/lv\/wp-json\/wp\/v2\/media?parent=3882"}],"wp:term":[{"taxonomy":"product_brand","embeddable":true,"href":"https:\/\/saxbystone.com\/lv\/wp-json\/wp\/v2\/product_brand?post=3882"},{"taxonomy":"product_cat","embeddable":true,"href":"https:\/\/saxbystone.com\/lv\/wp-json\/wp\/v2\/product_cat?post=3882"},{"taxonomy":"product_tag","embeddable":true,"href":"https:\/\/saxbystone.com\/lv\/wp-json\/wp\/v2\/product_tag?post=3882"}],"curies":[{"name":"wp","href":"https:\/\/api.w.org\/{rel}","templated":true}]}}