{"id":3873,"date":"2024-10-25T10:31:12","date_gmt":"2024-10-25T07:31:12","guid":{"rendered":"https:\/\/saxbystone.com\/product\/arensburgas-kalkakmens-zagets\/"},"modified":"2025-11-26T11:57:54","modified_gmt":"2025-11-26T09:57:54","slug":"arensburgas-zagets","status":"publish","type":"product","link":"https:\/\/saxbystone.com\/lv\/produkts\/arensburgas-zagets\/","title":{"rendered":"Arensburg ka\u013c\u0137akmens, z\u0101\u0123\u0113ts"},"content":{"rendered":"","protected":false},"excerpt":{"rendered":"<p>Arensburg ka\u013c\u0137akmens ar z\u0101\u0123\u0113tu virsmu rada gai\u0161i pel\u0113ku \u0137ie\u0123e\u013cu izskatu, kad to izmanto \u0101rpus telp\u0101m k\u0101 fas\u0101des pane\u013cus. Viena no Arensburg ka\u013c\u0137akmens lieliskaj\u0101m \u012bpa\u0161\u012bb\u0101m ir iztur\u012bba pret atk\u0101rtotiem sasal\u0161anas un atku\u0161anas cikliem, tas patie\u0161\u0101m ir viens no nedaudzajiem ka\u013c\u0137akmens veidiem, ko zieme\u013cu klimat\u0101 var izmantot \u0101rpus\u0113. Arensburg ka\u013c\u0137akmens, ko ieg\u016bst net\u0101lu no Baltijas j\u016bras krastiem, ir \u013coti iecien\u012bts Latvijas klientu vid\u016b.<\/p>\n<p><em>Lai redz\u0113tu cenu, izv\u0113lieties fl\u012bzes izm\u0113ru. Bezmaksas pieg\u0101de ir pas\u016bt\u012bjumiem virs 25 m<sup>2<\/sup>. Atlaides pas\u016bt\u012bjumiem virs 100 m<sup>2<\/sup>.<\/em><\/p>\n","protected":false},"featured_media":7333,"template":"","meta":{"_acf_changed":false},"product_brand":[],"product_cat":[188,191],"product_tag":[],"class_list":{"0":"post-3873","1":"product","2":"type-product","3":"status-publish","4":"has-post-thumbnail","6":"product_cat-visas-flizes","7":"product_cat-fasades-akmens","9":"first","10":"instock","11":"shipping-taxable","12":"purchasable","13":"product-type-variable","14":"add-to-wishlist-after_add_to_cart"},"acf":[],"yoast_head":"<!-- This site is optimized with the Yoast SEO plugin v26.4 - https:\/\/yoast.com\/wordpress\/plugins\/seo\/ -->\n<title>Arensburg ka\u013c\u0137akmens, z\u0101\u0123\u0113ts - Saxby Stone<\/title>\n<meta name=\"robots\" content=\"index, follow, max-snippet:-1, max-image-preview:large, max-video-preview:-1\" \/>\n<link rel=\"canonical\" href=\"https:\/\/saxbystone.com\/lv\/produkts\/arensburgas-zagets\/\" \/>\n<meta property=\"og:locale\" content=\"lv_LV\" \/>\n<meta property=\"og:type\" content=\"article\" \/>\n<meta property=\"og:title\" content=\"Arensburg ka\u013c\u0137akmens, z\u0101\u0123\u0113ts - Saxby Stone\" \/>\n<meta property=\"og:description\" content=\"Arensburg ka\u013c\u0137akmens ar z\u0101\u0123\u0113tu virsmu rada gai\u0161i pel\u0113ku \u0137ie\u0123e\u013cu izskatu, kad to izmanto \u0101rpus telp\u0101m k\u0101 fas\u0101des pane\u013cus. Viena no Arensburg ka\u013c\u0137akmens lieliskaj\u0101m \u012bpa\u0161\u012bb\u0101m ir iztur\u012bba pret atk\u0101rtotiem sasal\u0161anas un atku\u0161anas cikliem, tas patie\u0161\u0101m ir viens no nedaudzajiem ka\u013c\u0137akmens veidiem, ko zieme\u013cu klimat\u0101 var izmantot \u0101rpus\u0113. Arensburg ka\u013c\u0137akmens, ko ieg\u016bst net\u0101lu no Baltijas j\u016bras krastiem, ir \u013coti iecien\u012bts Latvijas klientu vid\u016b.  Lai redz\u0113tu cenu, izv\u0113lieties fl\u012bzes izm\u0113ru. Bezmaksas pieg\u0101de ir pas\u016bt\u012bjumiem virs 25 m2. Atlaides pas\u016bt\u012bjumiem virs 100 m2.\" \/>\n<meta property=\"og:url\" content=\"https:\/\/saxbystone.com\/lv\/produkts\/arensburgas-zagets\/\" \/>\n<meta property=\"og:site_name\" content=\"Saxby Stone\" \/>\n<meta property=\"article:modified_time\" content=\"2025-11-26T09:57:54+00:00\" \/>\n<meta property=\"og:image\" content=\"https:\/\/saxbystone.com\/wp-content\/uploads\/2024\/10\/Arensburg-Sawn-Noblessner.jpg\" \/>\n\t<meta property=\"og:image:width\" content=\"1030\" \/>\n\t<meta property=\"og:image:height\" content=\"687\" \/>\n\t<meta property=\"og:image:type\" content=\"image\/jpeg\" \/>\n<meta name=\"twitter:card\" content=\"summary_large_image\" \/>\n<meta name=\"twitter:label1\" content=\"Est. reading time\" \/>\n\t<meta name=\"twitter:data1\" content=\"1 minute\" \/>\n<script type=\"application\/ld+json\" class=\"yoast-schema-graph\">{\"@context\":\"https:\/\/schema.org\",\"@graph\":[{\"@type\":\"WebPage\",\"@id\":\"https:\/\/saxbystone.com\/lv\/produkts\/arensburgas-zagets\/\",\"url\":\"https:\/\/saxbystone.com\/lv\/produkts\/arensburgas-zagets\/\",\"name\":\"Arensburg ka\u013c\u0137akmens, z\u0101\u0123\u0113ts - Saxby Stone\",\"isPartOf\":{\"@id\":\"https:\/\/saxbystone.com\/lv\/#website\"},\"primaryImageOfPage\":{\"@id\":\"https:\/\/saxbystone.com\/lv\/produkts\/arensburgas-zagets\/#primaryimage\"},\"image\":{\"@id\":\"https:\/\/saxbystone.com\/lv\/produkts\/arensburgas-zagets\/#primaryimage\"},\"thumbnailUrl\":\"https:\/\/saxbystone.com\/wp-content\/uploads\/2024\/10\/Arensburg-Sawn-Noblessner.jpg\",\"datePublished\":\"2024-10-25T07:31:12+00:00\",\"dateModified\":\"2025-11-26T09:57:54+00:00\",\"breadcrumb\":{\"@id\":\"https:\/\/saxbystone.com\/lv\/produkts\/arensburgas-zagets\/#breadcrumb\"},\"inLanguage\":\"lv-LV\",\"potentialAction\":[{\"@type\":\"ReadAction\",\"target\":[\"https:\/\/saxbystone.com\/lv\/produkts\/arensburgas-zagets\/\"]}]},{\"@type\":\"ImageObject\",\"inLanguage\":\"lv-LV\",\"@id\":\"https:\/\/saxbystone.com\/lv\/produkts\/arensburgas-zagets\/#primaryimage\",\"url\":\"https:\/\/saxbystone.com\/wp-content\/uploads\/2024\/10\/Arensburg-Sawn-Noblessner.jpg\",\"contentUrl\":\"https:\/\/saxbystone.com\/wp-content\/uploads\/2024\/10\/Arensburg-Sawn-Noblessner.jpg\",\"width\":1030,\"height\":687},{\"@type\":\"BreadcrumbList\",\"@id\":\"https:\/\/saxbystone.com\/lv\/produkts\/arensburgas-zagets\/#breadcrumb\",\"itemListElement\":[{\"@type\":\"ListItem\",\"position\":1,\"name\":\"Home\",\"item\":\"https:\/\/saxbystone.com\/lv\/\"},{\"@type\":\"ListItem\",\"position\":2,\"name\":\"Akmens fl\u012bzes\",\"item\":\"https:\/\/saxbystone.com\/stone-tiles\/\"},{\"@type\":\"ListItem\",\"position\":3,\"name\":\"Arensburg ka\u013c\u0137akmens, z\u0101\u0123\u0113ts\"}]},{\"@type\":\"WebSite\",\"@id\":\"https:\/\/saxbystone.com\/lv\/#website\",\"url\":\"https:\/\/saxbystone.com\/lv\/\",\"name\":\"Saxby Stone\",\"description\":\"Natural stone tiles\",\"publisher\":{\"@id\":\"https:\/\/saxbystone.com\/lv\/#organization\"},\"potentialAction\":[{\"@type\":\"SearchAction\",\"target\":{\"@type\":\"EntryPoint\",\"urlTemplate\":\"https:\/\/saxbystone.com\/lv\/?s={search_term_string}\"},\"query-input\":{\"@type\":\"PropertyValueSpecification\",\"valueRequired\":true,\"valueName\":\"search_term_string\"}}],\"inLanguage\":\"lv-LV\"},{\"@type\":\"Organization\",\"@id\":\"https:\/\/saxbystone.com\/lv\/#organization\",\"name\":\"Saxby Stone\",\"url\":\"https:\/\/saxbystone.com\/lv\/\",\"logo\":{\"@type\":\"ImageObject\",\"inLanguage\":\"lv-LV\",\"@id\":\"https:\/\/saxbystone.com\/lv\/#\/schema\/logo\/image\/\",\"url\":\"https:\/\/saxbystone.com\/wp-content\/uploads\/2024\/09\/cropped-Saxby-Stone-logo-official-1st.png\",\"contentUrl\":\"https:\/\/saxbystone.com\/wp-content\/uploads\/2024\/09\/cropped-Saxby-Stone-logo-official-1st.png\",\"width\":512,\"height\":512,\"caption\":\"Saxby Stone\"},\"image\":{\"@id\":\"https:\/\/saxbystone.com\/lv\/#\/schema\/logo\/image\/\"},\"sameAs\":[\"https:\/\/www.instagram.com\/saxbystone\/\"]}]}<\/script>\n<!-- \/ Yoast SEO plugin. -->","yoast_head_json":{"title":"Arensburg ka\u013c\u0137akmens, z\u0101\u0123\u0113ts - Saxby Stone","robots":{"index":"index","follow":"follow","max-snippet":"max-snippet:-1","max-image-preview":"max-image-preview:large","max-video-preview":"max-video-preview:-1"},"canonical":"https:\/\/saxbystone.com\/lv\/produkts\/arensburgas-zagets\/","og_locale":"lv_LV","og_type":"article","og_title":"Arensburg ka\u013c\u0137akmens, z\u0101\u0123\u0113ts - Saxby Stone","og_description":"Arensburg ka\u013c\u0137akmens ar z\u0101\u0123\u0113tu virsmu rada gai\u0161i pel\u0113ku \u0137ie\u0123e\u013cu izskatu, kad to izmanto \u0101rpus telp\u0101m k\u0101 fas\u0101des pane\u013cus. Viena no Arensburg ka\u013c\u0137akmens lieliskaj\u0101m \u012bpa\u0161\u012bb\u0101m ir iztur\u012bba pret atk\u0101rtotiem sasal\u0161anas un atku\u0161anas cikliem, tas patie\u0161\u0101m ir viens no nedaudzajiem ka\u013c\u0137akmens veidiem, ko zieme\u013cu klimat\u0101 var izmantot \u0101rpus\u0113. Arensburg ka\u013c\u0137akmens, ko ieg\u016bst net\u0101lu no Baltijas j\u016bras krastiem, ir \u013coti iecien\u012bts Latvijas klientu vid\u016b.  Lai redz\u0113tu cenu, izv\u0113lieties fl\u012bzes izm\u0113ru. Bezmaksas pieg\u0101de ir pas\u016bt\u012bjumiem virs 25 m2. Atlaides pas\u016bt\u012bjumiem virs 100 m2.","og_url":"https:\/\/saxbystone.com\/lv\/produkts\/arensburgas-zagets\/","og_site_name":"Saxby Stone","article_modified_time":"2025-11-26T09:57:54+00:00","og_image":[{"width":1030,"height":687,"url":"https:\/\/saxbystone.com\/wp-content\/uploads\/2024\/10\/Arensburg-Sawn-Noblessner.jpg","type":"image\/jpeg"}],"twitter_card":"summary_large_image","twitter_misc":{"Est. reading time":"1 minute"},"schema":{"@context":"https:\/\/schema.org","@graph":[{"@type":"WebPage","@id":"https:\/\/saxbystone.com\/lv\/produkts\/arensburgas-zagets\/","url":"https:\/\/saxbystone.com\/lv\/produkts\/arensburgas-zagets\/","name":"Arensburg ka\u013c\u0137akmens, z\u0101\u0123\u0113ts - Saxby Stone","isPartOf":{"@id":"https:\/\/saxbystone.com\/lv\/#website"},"primaryImageOfPage":{"@id":"https:\/\/saxbystone.com\/lv\/produkts\/arensburgas-zagets\/#primaryimage"},"image":{"@id":"https:\/\/saxbystone.com\/lv\/produkts\/arensburgas-zagets\/#primaryimage"},"thumbnailUrl":"https:\/\/saxbystone.com\/wp-content\/uploads\/2024\/10\/Arensburg-Sawn-Noblessner.jpg","datePublished":"2024-10-25T07:31:12+00:00","dateModified":"2025-11-26T09:57:54+00:00","breadcrumb":{"@id":"https:\/\/saxbystone.com\/lv\/produkts\/arensburgas-zagets\/#breadcrumb"},"inLanguage":"lv-LV","potentialAction":[{"@type":"ReadAction","target":["https:\/\/saxbystone.com\/lv\/produkts\/arensburgas-zagets\/"]}]},{"@type":"ImageObject","inLanguage":"lv-LV","@id":"https:\/\/saxbystone.com\/lv\/produkts\/arensburgas-zagets\/#primaryimage","url":"https:\/\/saxbystone.com\/wp-content\/uploads\/2024\/10\/Arensburg-Sawn-Noblessner.jpg","contentUrl":"https:\/\/saxbystone.com\/wp-content\/uploads\/2024\/10\/Arensburg-Sawn-Noblessner.jpg","width":1030,"height":687},{"@type":"BreadcrumbList","@id":"https:\/\/saxbystone.com\/lv\/produkts\/arensburgas-zagets\/#breadcrumb","itemListElement":[{"@type":"ListItem","position":1,"name":"Home","item":"https:\/\/saxbystone.com\/lv\/"},{"@type":"ListItem","position":2,"name":"Akmens fl\u012bzes","item":"https:\/\/saxbystone.com\/stone-tiles\/"},{"@type":"ListItem","position":3,"name":"Arensburg ka\u013c\u0137akmens, z\u0101\u0123\u0113ts"}]},{"@type":"WebSite","@id":"https:\/\/saxbystone.com\/lv\/#website","url":"https:\/\/saxbystone.com\/lv\/","name":"Saxby Stone","description":"Natural stone tiles","publisher":{"@id":"https:\/\/saxbystone.com\/lv\/#organization"},"potentialAction":[{"@type":"SearchAction","target":{"@type":"EntryPoint","urlTemplate":"https:\/\/saxbystone.com\/lv\/?s={search_term_string}"},"query-input":{"@type":"PropertyValueSpecification","valueRequired":true,"valueName":"search_term_string"}}],"inLanguage":"lv-LV"},{"@type":"Organization","@id":"https:\/\/saxbystone.com\/lv\/#organization","name":"Saxby Stone","url":"https:\/\/saxbystone.com\/lv\/","logo":{"@type":"ImageObject","inLanguage":"lv-LV","@id":"https:\/\/saxbystone.com\/lv\/#\/schema\/logo\/image\/","url":"https:\/\/saxbystone.com\/wp-content\/uploads\/2024\/09\/cropped-Saxby-Stone-logo-official-1st.png","contentUrl":"https:\/\/saxbystone.com\/wp-content\/uploads\/2024\/09\/cropped-Saxby-Stone-logo-official-1st.png","width":512,"height":512,"caption":"Saxby Stone"},"image":{"@id":"https:\/\/saxbystone.com\/lv\/#\/schema\/logo\/image\/"},"sameAs":["https:\/\/www.instagram.com\/saxbystone\/"]}]}},"_links":{"self":[{"href":"https:\/\/saxbystone.com\/lv\/wp-json\/wp\/v2\/product\/3873","targetHints":{"allow":["GET"]}}],"collection":[{"href":"https:\/\/saxbystone.com\/lv\/wp-json\/wp\/v2\/product"}],"about":[{"href":"https:\/\/saxbystone.com\/lv\/wp-json\/wp\/v2\/types\/product"}],"wp:featuredmedia":[{"embeddable":true,"href":"https:\/\/saxbystone.com\/lv\/wp-json\/wp\/v2\/media\/7333"}],"wp:attachment":[{"href":"https:\/\/saxbystone.com\/lv\/wp-json\/wp\/v2\/media?parent=3873"}],"wp:term":[{"taxonomy":"product_brand","embeddable":true,"href":"https:\/\/saxbystone.com\/lv\/wp-json\/wp\/v2\/product_brand?post=3873"},{"taxonomy":"product_cat","embeddable":true,"href":"https:\/\/saxbystone.com\/lv\/wp-json\/wp\/v2\/product_cat?post=3873"},{"taxonomy":"product_tag","embeddable":true,"href":"https:\/\/saxbystone.com\/lv\/wp-json\/wp\/v2\/product_tag?post=3873"}],"curies":[{"name":"wp","href":"https:\/\/api.w.org\/{rel}","templated":true}]}}