{"id":3860,"date":"2024-10-25T10:08:28","date_gmt":"2024-10-25T07:08:28","guid":{"rendered":"https:\/\/saxbystone.com\/product\/arensburgas-kalkakmens-matets\/"},"modified":"2025-11-26T12:00:39","modified_gmt":"2025-11-26T10:00:39","slug":"arensburgas-birstets","status":"publish","type":"product","link":"https:\/\/saxbystone.com\/lv\/produkts\/arensburgas-birstets\/","title":{"rendered":"Arensburg ka\u013c\u0137akmens, birst\u0113ts"},"content":{"rendered":"","protected":false},"excerpt":{"rendered":"<p>Arensburg ka\u013c\u0137akmeni ar birst\u0113tu virsmu bie\u017e\u0101k izmanto v\u0113sturisk\u0101 kontekst\u0101, saist\u012bb\u0101 ar vecu \u0113ku, piem\u0113ram, mui\u017eas vai bazn\u012bcas, renov\u0101ciju, vai ar\u012b vienk\u0101r\u0161i tad, kad jaun\u0101 m\u0101j\u0101 mitr\u0101s telp\u0101s ir nepiecie\u0161ama maz\u0101k sl\u012bdo\u0161a gr\u012bda.<\/p>\n<p>Apst\u0101k\u013cos, kur ir daudz dabisk\u0101s gaismas, Arensburg ka\u013c\u0137akmenim ar birst\u0113tu virsmu ir gai\u0161i zilganpel\u0113ks kr\u0101sas tonis, un tikai m\u0101ksl\u012bgaj\u0101 apgaismojum\u0101 fl\u012bzes izskat\u0101s tum\u0161\u0101k pel\u0113kas, nek\u0101 redzams fotogr\u0101fij\u0101s. Valda uzskats, ka \u0161\u012b ka\u013c\u0137akmens kr\u0101sas atspogu\u013co main\u012bgo Baltijas j\u016bras noska\u0146ojumu.<\/p>\n<p>Arensburg ka\u013c\u0137akmens fl\u012bzes ar birst\u0113tu virsmu izskat\u0101s \u012bpa\u0161i iespaid\u012bgi lielos izm\u0113ros, piem\u0113ram, 900 x 600 mm vai 600 x maz\u0101ks garums.<\/p>\n<p><em>Lai redz\u0113tu cenu, izv\u0113lieties fl\u012bzes izm\u0113ru. Bezmaksas pieg\u0101de ir pas\u016bt\u012bjumiem virs 25 m<sup>2<\/sup>. Atlaides pas\u016bt\u012bjumiem virs 100 m<sup>2<\/sup>.<\/em><\/p>\n","protected":false},"featured_media":7291,"template":"","meta":{"_acf_changed":false},"product_brand":[],"product_cat":[188,187],"product_tag":[],"class_list":{"0":"post-3860","1":"product","2":"type-product","3":"status-publish","4":"has-post-thumbnail","6":"product_cat-visas-flizes","7":"product_cat-gridas-sienas-flizes","9":"first","10":"instock","11":"shipping-taxable","12":"purchasable","13":"product-type-variable","14":"add-to-wishlist-after_add_to_cart"},"acf":[],"yoast_head":"<!-- This site is optimized with the Yoast SEO plugin v26.4 - https:\/\/yoast.com\/wordpress\/plugins\/seo\/ -->\n<title>Arensburg ka\u013c\u0137akmens, birst\u0113ts - Saxby Stone<\/title>\n<meta name=\"robots\" content=\"index, follow, max-snippet:-1, max-image-preview:large, max-video-preview:-1\" \/>\n<link rel=\"canonical\" href=\"https:\/\/saxbystone.com\/lv\/produkts\/arensburgas-birstets\/\" \/>\n<meta property=\"og:locale\" content=\"lv_LV\" \/>\n<meta property=\"og:type\" content=\"article\" \/>\n<meta property=\"og:title\" content=\"Arensburg ka\u013c\u0137akmens, birst\u0113ts - Saxby Stone\" \/>\n<meta property=\"og:description\" content=\"Arensburg ka\u013c\u0137akmeni ar birst\u0113tu virsmu bie\u017e\u0101k izmanto v\u0113sturisk\u0101 kontekst\u0101, saist\u012bb\u0101 ar vecu \u0113ku, piem\u0113ram, mui\u017eas vai bazn\u012bcas, renov\u0101ciju, vai ar\u012b vienk\u0101r\u0161i tad, kad jaun\u0101 m\u0101j\u0101 mitr\u0101s telp\u0101s ir nepiecie\u0161ama maz\u0101k sl\u012bdo\u0161a gr\u012bda.  Apst\u0101k\u013cos, kur ir daudz dabisk\u0101s gaismas, Arensburg ka\u013c\u0137akmenim ar birst\u0113tu virsmu ir gai\u0161i zilganpel\u0113ks kr\u0101sas tonis, un tikai m\u0101ksl\u012bgaj\u0101 apgaismojum\u0101 fl\u012bzes izskat\u0101s tum\u0161\u0101k pel\u0113kas, nek\u0101 redzams fotogr\u0101fij\u0101s. Valda uzskats, ka \u0161\u012b ka\u013c\u0137akmens kr\u0101sas atspogu\u013co main\u012bgo Baltijas j\u016bras noska\u0146ojumu.  Arensburg ka\u013c\u0137akmens fl\u012bzes ar birst\u0113tu virsmu izskat\u0101s \u012bpa\u0161i iespaid\u012bgi lielos izm\u0113ros, piem\u0113ram, 900 x 600 mm vai 600 x maz\u0101ks garums.  Lai redz\u0113tu cenu, izv\u0113lieties fl\u012bzes izm\u0113ru. Bezmaksas pieg\u0101de ir pas\u016bt\u012bjumiem virs 25 m2. Atlaides pas\u016bt\u012bjumiem virs 100 m2.\" \/>\n<meta property=\"og:url\" content=\"https:\/\/saxbystone.com\/lv\/produkts\/arensburgas-birstets\/\" \/>\n<meta property=\"og:site_name\" content=\"Saxby Stone\" \/>\n<meta property=\"article:modified_time\" content=\"2025-11-26T10:00:39+00:00\" \/>\n<meta property=\"og:image\" content=\"https:\/\/saxbystone.com\/wp-content\/uploads\/2024\/10\/Arensburg-Limestone-Brushed-1.jpg\" \/>\n\t<meta property=\"og:image:width\" content=\"715\" \/>\n\t<meta property=\"og:image:height\" content=\"500\" \/>\n\t<meta property=\"og:image:type\" content=\"image\/jpeg\" \/>\n<meta name=\"twitter:card\" content=\"summary_large_image\" \/>\n<meta name=\"twitter:label1\" content=\"Est. reading time\" \/>\n\t<meta name=\"twitter:data1\" content=\"1 minute\" \/>\n<script type=\"application\/ld+json\" class=\"yoast-schema-graph\">{\"@context\":\"https:\/\/schema.org\",\"@graph\":[{\"@type\":\"WebPage\",\"@id\":\"https:\/\/saxbystone.com\/lv\/produkts\/arensburgas-birstets\/\",\"url\":\"https:\/\/saxbystone.com\/lv\/produkts\/arensburgas-birstets\/\",\"name\":\"Arensburg ka\u013c\u0137akmens, birst\u0113ts - Saxby Stone\",\"isPartOf\":{\"@id\":\"https:\/\/saxbystone.com\/lv\/#website\"},\"primaryImageOfPage\":{\"@id\":\"https:\/\/saxbystone.com\/lv\/produkts\/arensburgas-birstets\/#primaryimage\"},\"image\":{\"@id\":\"https:\/\/saxbystone.com\/lv\/produkts\/arensburgas-birstets\/#primaryimage\"},\"thumbnailUrl\":\"https:\/\/saxbystone.com\/wp-content\/uploads\/2024\/10\/Arensburg-Limestone-Brushed-1.jpg\",\"datePublished\":\"2024-10-25T07:08:28+00:00\",\"dateModified\":\"2025-11-26T10:00:39+00:00\",\"breadcrumb\":{\"@id\":\"https:\/\/saxbystone.com\/lv\/produkts\/arensburgas-birstets\/#breadcrumb\"},\"inLanguage\":\"lv-LV\",\"potentialAction\":[{\"@type\":\"ReadAction\",\"target\":[\"https:\/\/saxbystone.com\/lv\/produkts\/arensburgas-birstets\/\"]}]},{\"@type\":\"ImageObject\",\"inLanguage\":\"lv-LV\",\"@id\":\"https:\/\/saxbystone.com\/lv\/produkts\/arensburgas-birstets\/#primaryimage\",\"url\":\"https:\/\/saxbystone.com\/wp-content\/uploads\/2024\/10\/Arensburg-Limestone-Brushed-1.jpg\",\"contentUrl\":\"https:\/\/saxbystone.com\/wp-content\/uploads\/2024\/10\/Arensburg-Limestone-Brushed-1.jpg\",\"width\":715,\"height\":500},{\"@type\":\"BreadcrumbList\",\"@id\":\"https:\/\/saxbystone.com\/lv\/produkts\/arensburgas-birstets\/#breadcrumb\",\"itemListElement\":[{\"@type\":\"ListItem\",\"position\":1,\"name\":\"Home\",\"item\":\"https:\/\/saxbystone.com\/lv\/\"},{\"@type\":\"ListItem\",\"position\":2,\"name\":\"Akmens fl\u012bzes\",\"item\":\"https:\/\/saxbystone.com\/stone-tiles\/\"},{\"@type\":\"ListItem\",\"position\":3,\"name\":\"Arensburg ka\u013c\u0137akmens, birst\u0113ts\"}]},{\"@type\":\"WebSite\",\"@id\":\"https:\/\/saxbystone.com\/lv\/#website\",\"url\":\"https:\/\/saxbystone.com\/lv\/\",\"name\":\"Saxby Stone\",\"description\":\"Natural stone tiles\",\"publisher\":{\"@id\":\"https:\/\/saxbystone.com\/lv\/#organization\"},\"potentialAction\":[{\"@type\":\"SearchAction\",\"target\":{\"@type\":\"EntryPoint\",\"urlTemplate\":\"https:\/\/saxbystone.com\/lv\/?s={search_term_string}\"},\"query-input\":{\"@type\":\"PropertyValueSpecification\",\"valueRequired\":true,\"valueName\":\"search_term_string\"}}],\"inLanguage\":\"lv-LV\"},{\"@type\":\"Organization\",\"@id\":\"https:\/\/saxbystone.com\/lv\/#organization\",\"name\":\"Saxby Stone\",\"url\":\"https:\/\/saxbystone.com\/lv\/\",\"logo\":{\"@type\":\"ImageObject\",\"inLanguage\":\"lv-LV\",\"@id\":\"https:\/\/saxbystone.com\/lv\/#\/schema\/logo\/image\/\",\"url\":\"https:\/\/saxbystone.com\/wp-content\/uploads\/2024\/09\/cropped-Saxby-Stone-logo-official-1st.png\",\"contentUrl\":\"https:\/\/saxbystone.com\/wp-content\/uploads\/2024\/09\/cropped-Saxby-Stone-logo-official-1st.png\",\"width\":512,\"height\":512,\"caption\":\"Saxby Stone\"},\"image\":{\"@id\":\"https:\/\/saxbystone.com\/lv\/#\/schema\/logo\/image\/\"},\"sameAs\":[\"https:\/\/www.instagram.com\/saxbystone\/\"]}]}<\/script>\n<!-- \/ Yoast SEO plugin. -->","yoast_head_json":{"title":"Arensburg ka\u013c\u0137akmens, birst\u0113ts - Saxby Stone","robots":{"index":"index","follow":"follow","max-snippet":"max-snippet:-1","max-image-preview":"max-image-preview:large","max-video-preview":"max-video-preview:-1"},"canonical":"https:\/\/saxbystone.com\/lv\/produkts\/arensburgas-birstets\/","og_locale":"lv_LV","og_type":"article","og_title":"Arensburg ka\u013c\u0137akmens, birst\u0113ts - Saxby Stone","og_description":"Arensburg ka\u013c\u0137akmeni ar birst\u0113tu virsmu bie\u017e\u0101k izmanto v\u0113sturisk\u0101 kontekst\u0101, saist\u012bb\u0101 ar vecu \u0113ku, piem\u0113ram, mui\u017eas vai bazn\u012bcas, renov\u0101ciju, vai ar\u012b vienk\u0101r\u0161i tad, kad jaun\u0101 m\u0101j\u0101 mitr\u0101s telp\u0101s ir nepiecie\u0161ama maz\u0101k sl\u012bdo\u0161a gr\u012bda.  Apst\u0101k\u013cos, kur ir daudz dabisk\u0101s gaismas, Arensburg ka\u013c\u0137akmenim ar birst\u0113tu virsmu ir gai\u0161i zilganpel\u0113ks kr\u0101sas tonis, un tikai m\u0101ksl\u012bgaj\u0101 apgaismojum\u0101 fl\u012bzes izskat\u0101s tum\u0161\u0101k pel\u0113kas, nek\u0101 redzams fotogr\u0101fij\u0101s. Valda uzskats, ka \u0161\u012b ka\u013c\u0137akmens kr\u0101sas atspogu\u013co main\u012bgo Baltijas j\u016bras noska\u0146ojumu.  Arensburg ka\u013c\u0137akmens fl\u012bzes ar birst\u0113tu virsmu izskat\u0101s \u012bpa\u0161i iespaid\u012bgi lielos izm\u0113ros, piem\u0113ram, 900 x 600 mm vai 600 x maz\u0101ks garums.  Lai redz\u0113tu cenu, izv\u0113lieties fl\u012bzes izm\u0113ru. Bezmaksas pieg\u0101de ir pas\u016bt\u012bjumiem virs 25 m2. Atlaides pas\u016bt\u012bjumiem virs 100 m2.","og_url":"https:\/\/saxbystone.com\/lv\/produkts\/arensburgas-birstets\/","og_site_name":"Saxby Stone","article_modified_time":"2025-11-26T10:00:39+00:00","og_image":[{"width":715,"height":500,"url":"https:\/\/saxbystone.com\/wp-content\/uploads\/2024\/10\/Arensburg-Limestone-Brushed-1.jpg","type":"image\/jpeg"}],"twitter_card":"summary_large_image","twitter_misc":{"Est. reading time":"1 minute"},"schema":{"@context":"https:\/\/schema.org","@graph":[{"@type":"WebPage","@id":"https:\/\/saxbystone.com\/lv\/produkts\/arensburgas-birstets\/","url":"https:\/\/saxbystone.com\/lv\/produkts\/arensburgas-birstets\/","name":"Arensburg ka\u013c\u0137akmens, birst\u0113ts - Saxby Stone","isPartOf":{"@id":"https:\/\/saxbystone.com\/lv\/#website"},"primaryImageOfPage":{"@id":"https:\/\/saxbystone.com\/lv\/produkts\/arensburgas-birstets\/#primaryimage"},"image":{"@id":"https:\/\/saxbystone.com\/lv\/produkts\/arensburgas-birstets\/#primaryimage"},"thumbnailUrl":"https:\/\/saxbystone.com\/wp-content\/uploads\/2024\/10\/Arensburg-Limestone-Brushed-1.jpg","datePublished":"2024-10-25T07:08:28+00:00","dateModified":"2025-11-26T10:00:39+00:00","breadcrumb":{"@id":"https:\/\/saxbystone.com\/lv\/produkts\/arensburgas-birstets\/#breadcrumb"},"inLanguage":"lv-LV","potentialAction":[{"@type":"ReadAction","target":["https:\/\/saxbystone.com\/lv\/produkts\/arensburgas-birstets\/"]}]},{"@type":"ImageObject","inLanguage":"lv-LV","@id":"https:\/\/saxbystone.com\/lv\/produkts\/arensburgas-birstets\/#primaryimage","url":"https:\/\/saxbystone.com\/wp-content\/uploads\/2024\/10\/Arensburg-Limestone-Brushed-1.jpg","contentUrl":"https:\/\/saxbystone.com\/wp-content\/uploads\/2024\/10\/Arensburg-Limestone-Brushed-1.jpg","width":715,"height":500},{"@type":"BreadcrumbList","@id":"https:\/\/saxbystone.com\/lv\/produkts\/arensburgas-birstets\/#breadcrumb","itemListElement":[{"@type":"ListItem","position":1,"name":"Home","item":"https:\/\/saxbystone.com\/lv\/"},{"@type":"ListItem","position":2,"name":"Akmens fl\u012bzes","item":"https:\/\/saxbystone.com\/stone-tiles\/"},{"@type":"ListItem","position":3,"name":"Arensburg ka\u013c\u0137akmens, birst\u0113ts"}]},{"@type":"WebSite","@id":"https:\/\/saxbystone.com\/lv\/#website","url":"https:\/\/saxbystone.com\/lv\/","name":"Saxby Stone","description":"Natural stone tiles","publisher":{"@id":"https:\/\/saxbystone.com\/lv\/#organization"},"potentialAction":[{"@type":"SearchAction","target":{"@type":"EntryPoint","urlTemplate":"https:\/\/saxbystone.com\/lv\/?s={search_term_string}"},"query-input":{"@type":"PropertyValueSpecification","valueRequired":true,"valueName":"search_term_string"}}],"inLanguage":"lv-LV"},{"@type":"Organization","@id":"https:\/\/saxbystone.com\/lv\/#organization","name":"Saxby Stone","url":"https:\/\/saxbystone.com\/lv\/","logo":{"@type":"ImageObject","inLanguage":"lv-LV","@id":"https:\/\/saxbystone.com\/lv\/#\/schema\/logo\/image\/","url":"https:\/\/saxbystone.com\/wp-content\/uploads\/2024\/09\/cropped-Saxby-Stone-logo-official-1st.png","contentUrl":"https:\/\/saxbystone.com\/wp-content\/uploads\/2024\/09\/cropped-Saxby-Stone-logo-official-1st.png","width":512,"height":512,"caption":"Saxby Stone"},"image":{"@id":"https:\/\/saxbystone.com\/lv\/#\/schema\/logo\/image\/"},"sameAs":["https:\/\/www.instagram.com\/saxbystone\/"]}]}},"_links":{"self":[{"href":"https:\/\/saxbystone.com\/lv\/wp-json\/wp\/v2\/product\/3860","targetHints":{"allow":["GET"]}}],"collection":[{"href":"https:\/\/saxbystone.com\/lv\/wp-json\/wp\/v2\/product"}],"about":[{"href":"https:\/\/saxbystone.com\/lv\/wp-json\/wp\/v2\/types\/product"}],"wp:featuredmedia":[{"embeddable":true,"href":"https:\/\/saxbystone.com\/lv\/wp-json\/wp\/v2\/media\/7291"}],"wp:attachment":[{"href":"https:\/\/saxbystone.com\/lv\/wp-json\/wp\/v2\/media?parent=3860"}],"wp:term":[{"taxonomy":"product_brand","embeddable":true,"href":"https:\/\/saxbystone.com\/lv\/wp-json\/wp\/v2\/product_brand?post=3860"},{"taxonomy":"product_cat","embeddable":true,"href":"https:\/\/saxbystone.com\/lv\/wp-json\/wp\/v2\/product_cat?post=3860"},{"taxonomy":"product_tag","embeddable":true,"href":"https:\/\/saxbystone.com\/lv\/wp-json\/wp\/v2\/product_tag?post=3860"}],"curies":[{"name":"wp","href":"https:\/\/api.w.org\/{rel}","templated":true}]}}