{"id":3846,"date":"2024-10-24T10:31:34","date_gmt":"2024-10-24T07:31:34","guid":{"rendered":"https:\/\/saxbystone.com\/product\/arensburgas-kalkakmens-pulets\/"},"modified":"2025-11-26T12:02:00","modified_gmt":"2025-11-26T10:02:00","slug":"arensburgas-matets","status":"publish","type":"product","link":"https:\/\/saxbystone.com\/lv\/produkts\/arensburgas-matets\/","title":{"rendered":"Arensburg ka\u013c\u0137akmens, mat\u0113ts"},"content":{"rendered":"","protected":false},"excerpt":{"rendered":"<p>Arensburg ka\u013c\u0137akmens ir \u0101rk\u0101rt\u012bgi ciets ka\u013c\u0137amens ar augstu fosiliju saturu, kuru ieg\u016bst no klints sl\u0101\u0146a, kas stiepjas Baltijas j\u016br\u0101 no Oland salas Zviedrij\u0101 l\u012bdz Sanktp\u0113terburgai Krievij\u0101. Arensburg ka\u013c\u0137akmens, kuru ieg\u016bst net\u0101lu no Baltijas j\u016bras krastiem, ir k\u013cuvis par arhitektu un interjera dizaineru iecien\u012btu materi\u0101lu Baltijas valst\u012bs un Skandin\u0101vij\u0101, kur to izmanto gr\u012bdas fl\u012bz\u0113m, virtuves virsm\u0101m, palodz\u0113m un gr\u012bdl\u012bst\u0113m. Arensburg ka\u013c\u0137akmenim ir daudzas kop\u012bgas iez\u012bmes ar Zviedrijas Olandes pel\u0113ko ka\u013c\u0137akmeni.<\/p>\n<p>M\u0113s pied\u0101v\u0101jam no \u0161\u012b ka\u013c\u0137akmens izgatavotas fl\u012bzes, virtuves virsmas, logu palodzes, pak\u0101pienus un gr\u012bdl\u012bstes.<\/p>\n<p><em>Lai redz\u0113tu cenu, izv\u0113lieties fl\u012bzes izm\u0113ru. Bezmaksas pieg\u0101de ir pas\u016bt\u012bjumiem virs 25 m<sup>2<\/sup>. Atlaides pas\u016bt\u012bjumiem virs 100 m<sup>2<\/sup>.<\/em><\/p>\n","protected":false},"featured_media":7243,"template":"","meta":{"_acf_changed":false},"product_brand":[],"product_cat":[188,187,190,191],"product_tag":[],"class_list":{"0":"post-3846","1":"product","2":"type-product","3":"status-publish","4":"has-post-thumbnail","6":"product_cat-visas-flizes","7":"product_cat-gridas-sienas-flizes","8":"product_cat-darba-virsmas-palodzes","9":"product_cat-fasades-akmens","11":"first","12":"instock","13":"shipping-taxable","14":"purchasable","15":"product-type-variable","16":"add-to-wishlist-after_add_to_cart"},"acf":[],"yoast_head":"<!-- This site is optimized with the Yoast SEO plugin v26.4 - https:\/\/yoast.com\/wordpress\/plugins\/seo\/ -->\n<title>Arensburg ka\u013c\u0137akmens, mat\u0113ts - Saxby Stone<\/title>\n<meta name=\"robots\" content=\"index, follow, max-snippet:-1, max-image-preview:large, max-video-preview:-1\" \/>\n<link rel=\"canonical\" href=\"https:\/\/saxbystone.com\/lv\/produkts\/arensburgas-matets\/\" \/>\n<meta property=\"og:locale\" content=\"lv_LV\" \/>\n<meta property=\"og:type\" content=\"article\" \/>\n<meta property=\"og:title\" content=\"Arensburg ka\u013c\u0137akmens, mat\u0113ts - Saxby Stone\" \/>\n<meta property=\"og:description\" content=\"Arensburg ka\u013c\u0137akmens ir \u0101rk\u0101rt\u012bgi ciets ka\u013c\u0137amens ar augstu fosiliju saturu, kuru ieg\u016bst no klints sl\u0101\u0146a, kas stiepjas Baltijas j\u016br\u0101 no Oland salas Zviedrij\u0101 l\u012bdz Sanktp\u0113terburgai Krievij\u0101. Arensburg ka\u013c\u0137akmens, kuru ieg\u016bst net\u0101lu no Baltijas j\u016bras krastiem, ir k\u013cuvis par arhitektu un interjera dizaineru iecien\u012btu materi\u0101lu Baltijas valst\u012bs un Skandin\u0101vij\u0101, kur to izmanto gr\u012bdas fl\u012bz\u0113m, virtuves virsm\u0101m, palodz\u0113m un gr\u012bdl\u012bst\u0113m. Arensburg ka\u013c\u0137akmenim ir daudzas kop\u012bgas iez\u012bmes ar Zviedrijas Olandes pel\u0113ko ka\u013c\u0137akmeni.  M\u0113s pied\u0101v\u0101jam no \u0161\u012b ka\u013c\u0137akmens izgatavotas fl\u012bzes, virtuves virsmas, logu palodzes, pak\u0101pienus un gr\u012bdl\u012bstes.  Lai redz\u0113tu cenu, izv\u0113lieties fl\u012bzes izm\u0113ru. Bezmaksas pieg\u0101de ir pas\u016bt\u012bjumiem virs 25 m2. Atlaides pas\u016bt\u012bjumiem virs 100 m2.\" \/>\n<meta property=\"og:url\" content=\"https:\/\/saxbystone.com\/lv\/produkts\/arensburgas-matets\/\" \/>\n<meta property=\"og:site_name\" content=\"Saxby Stone\" \/>\n<meta property=\"article:modified_time\" content=\"2025-11-26T10:02:00+00:00\" \/>\n<meta property=\"og:image\" content=\"https:\/\/saxbystone.com\/wp-content\/uploads\/2024\/10\/Arensburg-Limestone-Honed-Bathroom.jpg\" \/>\n\t<meta property=\"og:image:width\" content=\"920\" \/>\n\t<meta property=\"og:image:height\" content=\"578\" \/>\n\t<meta property=\"og:image:type\" content=\"image\/jpeg\" \/>\n<meta name=\"twitter:card\" content=\"summary_large_image\" \/>\n<meta name=\"twitter:label1\" content=\"Est. reading time\" \/>\n\t<meta name=\"twitter:data1\" content=\"1 minute\" \/>\n<script type=\"application\/ld+json\" class=\"yoast-schema-graph\">{\"@context\":\"https:\/\/schema.org\",\"@graph\":[{\"@type\":\"WebPage\",\"@id\":\"https:\/\/saxbystone.com\/lv\/produkts\/arensburgas-matets\/\",\"url\":\"https:\/\/saxbystone.com\/lv\/produkts\/arensburgas-matets\/\",\"name\":\"Arensburg ka\u013c\u0137akmens, mat\u0113ts - Saxby Stone\",\"isPartOf\":{\"@id\":\"https:\/\/saxbystone.com\/lv\/#website\"},\"primaryImageOfPage\":{\"@id\":\"https:\/\/saxbystone.com\/lv\/produkts\/arensburgas-matets\/#primaryimage\"},\"image\":{\"@id\":\"https:\/\/saxbystone.com\/lv\/produkts\/arensburgas-matets\/#primaryimage\"},\"thumbnailUrl\":\"https:\/\/saxbystone.com\/wp-content\/uploads\/2024\/10\/Arensburg-Limestone-Honed-Bathroom.jpg\",\"datePublished\":\"2024-10-24T07:31:34+00:00\",\"dateModified\":\"2025-11-26T10:02:00+00:00\",\"breadcrumb\":{\"@id\":\"https:\/\/saxbystone.com\/lv\/produkts\/arensburgas-matets\/#breadcrumb\"},\"inLanguage\":\"lv-LV\",\"potentialAction\":[{\"@type\":\"ReadAction\",\"target\":[\"https:\/\/saxbystone.com\/lv\/produkts\/arensburgas-matets\/\"]}]},{\"@type\":\"ImageObject\",\"inLanguage\":\"lv-LV\",\"@id\":\"https:\/\/saxbystone.com\/lv\/produkts\/arensburgas-matets\/#primaryimage\",\"url\":\"https:\/\/saxbystone.com\/wp-content\/uploads\/2024\/10\/Arensburg-Limestone-Honed-Bathroom.jpg\",\"contentUrl\":\"https:\/\/saxbystone.com\/wp-content\/uploads\/2024\/10\/Arensburg-Limestone-Honed-Bathroom.jpg\",\"width\":920,\"height\":578},{\"@type\":\"BreadcrumbList\",\"@id\":\"https:\/\/saxbystone.com\/lv\/produkts\/arensburgas-matets\/#breadcrumb\",\"itemListElement\":[{\"@type\":\"ListItem\",\"position\":1,\"name\":\"Home\",\"item\":\"https:\/\/saxbystone.com\/lv\/\"},{\"@type\":\"ListItem\",\"position\":2,\"name\":\"Akmens fl\u012bzes\",\"item\":\"https:\/\/saxbystone.com\/stone-tiles\/\"},{\"@type\":\"ListItem\",\"position\":3,\"name\":\"Arensburg ka\u013c\u0137akmens, mat\u0113ts\"}]},{\"@type\":\"WebSite\",\"@id\":\"https:\/\/saxbystone.com\/lv\/#website\",\"url\":\"https:\/\/saxbystone.com\/lv\/\",\"name\":\"Saxby Stone\",\"description\":\"Natural stone tiles\",\"publisher\":{\"@id\":\"https:\/\/saxbystone.com\/lv\/#organization\"},\"potentialAction\":[{\"@type\":\"SearchAction\",\"target\":{\"@type\":\"EntryPoint\",\"urlTemplate\":\"https:\/\/saxbystone.com\/lv\/?s={search_term_string}\"},\"query-input\":{\"@type\":\"PropertyValueSpecification\",\"valueRequired\":true,\"valueName\":\"search_term_string\"}}],\"inLanguage\":\"lv-LV\"},{\"@type\":\"Organization\",\"@id\":\"https:\/\/saxbystone.com\/lv\/#organization\",\"name\":\"Saxby Stone\",\"url\":\"https:\/\/saxbystone.com\/lv\/\",\"logo\":{\"@type\":\"ImageObject\",\"inLanguage\":\"lv-LV\",\"@id\":\"https:\/\/saxbystone.com\/lv\/#\/schema\/logo\/image\/\",\"url\":\"https:\/\/saxbystone.com\/wp-content\/uploads\/2024\/09\/cropped-Saxby-Stone-logo-official-1st.png\",\"contentUrl\":\"https:\/\/saxbystone.com\/wp-content\/uploads\/2024\/09\/cropped-Saxby-Stone-logo-official-1st.png\",\"width\":512,\"height\":512,\"caption\":\"Saxby Stone\"},\"image\":{\"@id\":\"https:\/\/saxbystone.com\/lv\/#\/schema\/logo\/image\/\"},\"sameAs\":[\"https:\/\/www.instagram.com\/saxbystone\/\"]}]}<\/script>\n<!-- \/ Yoast SEO plugin. -->","yoast_head_json":{"title":"Arensburg ka\u013c\u0137akmens, mat\u0113ts - Saxby Stone","robots":{"index":"index","follow":"follow","max-snippet":"max-snippet:-1","max-image-preview":"max-image-preview:large","max-video-preview":"max-video-preview:-1"},"canonical":"https:\/\/saxbystone.com\/lv\/produkts\/arensburgas-matets\/","og_locale":"lv_LV","og_type":"article","og_title":"Arensburg ka\u013c\u0137akmens, mat\u0113ts - Saxby Stone","og_description":"Arensburg ka\u013c\u0137akmens ir \u0101rk\u0101rt\u012bgi ciets ka\u013c\u0137amens ar augstu fosiliju saturu, kuru ieg\u016bst no klints sl\u0101\u0146a, kas stiepjas Baltijas j\u016br\u0101 no Oland salas Zviedrij\u0101 l\u012bdz Sanktp\u0113terburgai Krievij\u0101. Arensburg ka\u013c\u0137akmens, kuru ieg\u016bst net\u0101lu no Baltijas j\u016bras krastiem, ir k\u013cuvis par arhitektu un interjera dizaineru iecien\u012btu materi\u0101lu Baltijas valst\u012bs un Skandin\u0101vij\u0101, kur to izmanto gr\u012bdas fl\u012bz\u0113m, virtuves virsm\u0101m, palodz\u0113m un gr\u012bdl\u012bst\u0113m. Arensburg ka\u013c\u0137akmenim ir daudzas kop\u012bgas iez\u012bmes ar Zviedrijas Olandes pel\u0113ko ka\u013c\u0137akmeni.  M\u0113s pied\u0101v\u0101jam no \u0161\u012b ka\u013c\u0137akmens izgatavotas fl\u012bzes, virtuves virsmas, logu palodzes, pak\u0101pienus un gr\u012bdl\u012bstes.  Lai redz\u0113tu cenu, izv\u0113lieties fl\u012bzes izm\u0113ru. Bezmaksas pieg\u0101de ir pas\u016bt\u012bjumiem virs 25 m2. Atlaides pas\u016bt\u012bjumiem virs 100 m2.","og_url":"https:\/\/saxbystone.com\/lv\/produkts\/arensburgas-matets\/","og_site_name":"Saxby Stone","article_modified_time":"2025-11-26T10:02:00+00:00","og_image":[{"width":920,"height":578,"url":"https:\/\/saxbystone.com\/wp-content\/uploads\/2024\/10\/Arensburg-Limestone-Honed-Bathroom.jpg","type":"image\/jpeg"}],"twitter_card":"summary_large_image","twitter_misc":{"Est. reading time":"1 minute"},"schema":{"@context":"https:\/\/schema.org","@graph":[{"@type":"WebPage","@id":"https:\/\/saxbystone.com\/lv\/produkts\/arensburgas-matets\/","url":"https:\/\/saxbystone.com\/lv\/produkts\/arensburgas-matets\/","name":"Arensburg ka\u013c\u0137akmens, mat\u0113ts - Saxby Stone","isPartOf":{"@id":"https:\/\/saxbystone.com\/lv\/#website"},"primaryImageOfPage":{"@id":"https:\/\/saxbystone.com\/lv\/produkts\/arensburgas-matets\/#primaryimage"},"image":{"@id":"https:\/\/saxbystone.com\/lv\/produkts\/arensburgas-matets\/#primaryimage"},"thumbnailUrl":"https:\/\/saxbystone.com\/wp-content\/uploads\/2024\/10\/Arensburg-Limestone-Honed-Bathroom.jpg","datePublished":"2024-10-24T07:31:34+00:00","dateModified":"2025-11-26T10:02:00+00:00","breadcrumb":{"@id":"https:\/\/saxbystone.com\/lv\/produkts\/arensburgas-matets\/#breadcrumb"},"inLanguage":"lv-LV","potentialAction":[{"@type":"ReadAction","target":["https:\/\/saxbystone.com\/lv\/produkts\/arensburgas-matets\/"]}]},{"@type":"ImageObject","inLanguage":"lv-LV","@id":"https:\/\/saxbystone.com\/lv\/produkts\/arensburgas-matets\/#primaryimage","url":"https:\/\/saxbystone.com\/wp-content\/uploads\/2024\/10\/Arensburg-Limestone-Honed-Bathroom.jpg","contentUrl":"https:\/\/saxbystone.com\/wp-content\/uploads\/2024\/10\/Arensburg-Limestone-Honed-Bathroom.jpg","width":920,"height":578},{"@type":"BreadcrumbList","@id":"https:\/\/saxbystone.com\/lv\/produkts\/arensburgas-matets\/#breadcrumb","itemListElement":[{"@type":"ListItem","position":1,"name":"Home","item":"https:\/\/saxbystone.com\/lv\/"},{"@type":"ListItem","position":2,"name":"Akmens fl\u012bzes","item":"https:\/\/saxbystone.com\/stone-tiles\/"},{"@type":"ListItem","position":3,"name":"Arensburg ka\u013c\u0137akmens, mat\u0113ts"}]},{"@type":"WebSite","@id":"https:\/\/saxbystone.com\/lv\/#website","url":"https:\/\/saxbystone.com\/lv\/","name":"Saxby Stone","description":"Natural stone tiles","publisher":{"@id":"https:\/\/saxbystone.com\/lv\/#organization"},"potentialAction":[{"@type":"SearchAction","target":{"@type":"EntryPoint","urlTemplate":"https:\/\/saxbystone.com\/lv\/?s={search_term_string}"},"query-input":{"@type":"PropertyValueSpecification","valueRequired":true,"valueName":"search_term_string"}}],"inLanguage":"lv-LV"},{"@type":"Organization","@id":"https:\/\/saxbystone.com\/lv\/#organization","name":"Saxby Stone","url":"https:\/\/saxbystone.com\/lv\/","logo":{"@type":"ImageObject","inLanguage":"lv-LV","@id":"https:\/\/saxbystone.com\/lv\/#\/schema\/logo\/image\/","url":"https:\/\/saxbystone.com\/wp-content\/uploads\/2024\/09\/cropped-Saxby-Stone-logo-official-1st.png","contentUrl":"https:\/\/saxbystone.com\/wp-content\/uploads\/2024\/09\/cropped-Saxby-Stone-logo-official-1st.png","width":512,"height":512,"caption":"Saxby Stone"},"image":{"@id":"https:\/\/saxbystone.com\/lv\/#\/schema\/logo\/image\/"},"sameAs":["https:\/\/www.instagram.com\/saxbystone\/"]}]}},"_links":{"self":[{"href":"https:\/\/saxbystone.com\/lv\/wp-json\/wp\/v2\/product\/3846","targetHints":{"allow":["GET"]}}],"collection":[{"href":"https:\/\/saxbystone.com\/lv\/wp-json\/wp\/v2\/product"}],"about":[{"href":"https:\/\/saxbystone.com\/lv\/wp-json\/wp\/v2\/types\/product"}],"wp:featuredmedia":[{"embeddable":true,"href":"https:\/\/saxbystone.com\/lv\/wp-json\/wp\/v2\/media\/7243"}],"wp:attachment":[{"href":"https:\/\/saxbystone.com\/lv\/wp-json\/wp\/v2\/media?parent=3846"}],"wp:term":[{"taxonomy":"product_brand","embeddable":true,"href":"https:\/\/saxbystone.com\/lv\/wp-json\/wp\/v2\/product_brand?post=3846"},{"taxonomy":"product_cat","embeddable":true,"href":"https:\/\/saxbystone.com\/lv\/wp-json\/wp\/v2\/product_cat?post=3846"},{"taxonomy":"product_tag","embeddable":true,"href":"https:\/\/saxbystone.com\/lv\/wp-json\/wp\/v2\/product_tag?post=3846"}],"curies":[{"name":"wp","href":"https:\/\/api.w.org\/{rel}","templated":true}]}}