{"id":3835,"date":"2024-09-11T16:32:25","date_gmt":"2024-09-11T13:32:25","guid":{"rendered":"https:\/\/saxbystone.com\/product\/baltijas-zalais-kalkakmens\/"},"modified":"2025-12-08T11:56:40","modified_gmt":"2025-12-08T09:56:40","slug":"baltic-green","status":"publish","type":"product","link":"https:\/\/saxbystone.com\/lv\/produkts\/baltic-green\/","title":{"rendered":"Baltic Green ka\u013c\u0137akmens"},"content":{"rendered":"","protected":false},"excerpt":{"rendered":"<p>Baltic Green ka\u013c\u0137akmeni ieg\u016bst net\u0101lu no Baltijas j\u016bras krastiem, un tam piem\u012bt m\u016bsu Arensburg ka\u013c\u0137akmenim l\u012bdz\u012bgas \u012bpa\u0161\u012bbas. \u0160\u012bs fl\u012bzes ir \u012bpa\u0161i cietas, iztur\u012bgas un piem\u0113rotas intens\u012bvas staig\u0101\u0161anas zon\u0101m, piem\u0113ram, biroju \u0113k\u0101s, tirdzniec\u012bbas centros un restor\u0101nos.<\/p>\n<p>Baltic Green ka\u013c\u0137akmens ir popul\u0101rs Zviedrijas arhitektu vid\u016b, kas to iek\u013cauj specifik\u0101cij\u0101s k\u0101 fl\u012bzes savu klientu \u0101rtelpu baseiniem, jo t\u0101 l\u0101sumaini za\u013c\u0101s kr\u0101sas lab\u0101k harmon\u0113 ar apk\u0101rt\u0113jiem prie\u017eu me\u017eiem. M\u0113s pied\u0101v\u0101jam mat\u0113tu vai ar smil\u0161u str\u016bklu apstr\u0101d\u0101tu virsmu zon\u0101m, kur nepiecie\u0161ama \u012bpa\u0161i labi sa\u0137ere, piem\u0113ram, baseina k\u0101pn\u0113m.<\/p>\n<p>Pieejama mat\u0113ta un birst\u0113ta apdare.<\/p>\n<p><em>Lai redz\u0113tu cenu, izv\u0113lieties fl\u012bzes izm\u0113ru. Bezmaksas pieg\u0101de ir pas\u016bt\u012bjumiem virs 25 m<sup>2<\/sup>.<\/em><\/p>\n","protected":false},"featured_media":8208,"template":"","meta":{"_acf_changed":false},"product_brand":[],"product_cat":[188,187,205,186],"product_tag":[],"class_list":{"0":"post-3835","1":"product","2":"type-product","3":"status-publish","4":"has-post-thumbnail","6":"product_cat-visas-flizes","7":"product_cat-gridas-sienas-flizes","8":"product_cat-brugakmens","9":"product_cat-komerctelpam","11":"first","12":"instock","13":"shipping-taxable","14":"purchasable","15":"product-type-variable","16":"add-to-wishlist-after_add_to_cart"},"acf":[],"yoast_head":"<!-- This site is optimized with the Yoast SEO plugin v26.4 - https:\/\/yoast.com\/wordpress\/plugins\/seo\/ -->\n<title>Baltic Green ka\u013c\u0137akmens - Saxby Stone<\/title>\n<meta name=\"description\" content=\"The tiles are extremely hard, durable and are suitable for areas of high foot traffic such as office buildings, shopping centers and restaurants.\" \/>\n<meta name=\"robots\" content=\"index, follow, max-snippet:-1, max-image-preview:large, max-video-preview:-1\" \/>\n<link rel=\"canonical\" href=\"https:\/\/saxbystone.com\/lv\/produkts\/baltic-green\/\" \/>\n<meta property=\"og:locale\" content=\"lv_LV\" \/>\n<meta property=\"og:type\" content=\"article\" \/>\n<meta property=\"og:title\" content=\"Baltic Green ka\u013c\u0137akmens - Saxby Stone\" \/>\n<meta property=\"og:description\" content=\"The tiles are extremely hard, durable and are suitable for areas of high foot traffic such as office buildings, shopping centers and restaurants.\" \/>\n<meta property=\"og:url\" content=\"https:\/\/saxbystone.com\/lv\/produkts\/baltic-green\/\" \/>\n<meta property=\"og:site_name\" content=\"Saxby Stone\" \/>\n<meta property=\"article:modified_time\" content=\"2025-12-08T09:56:40+00:00\" \/>\n<meta property=\"og:image\" content=\"https:\/\/saxbystone.com\/wp-content\/uploads\/2024\/09\/Baltic-Green-Limestone-Tiles-Honed.jpg\" \/>\n\t<meta property=\"og:image:width\" content=\"1600\" \/>\n\t<meta property=\"og:image:height\" content=\"1071\" \/>\n\t<meta property=\"og:image:type\" content=\"image\/jpeg\" \/>\n<meta name=\"twitter:card\" content=\"summary_large_image\" \/>\n<meta name=\"twitter:label1\" content=\"Est. reading time\" \/>\n\t<meta name=\"twitter:data1\" content=\"1 minute\" \/>\n<script type=\"application\/ld+json\" class=\"yoast-schema-graph\">{\"@context\":\"https:\/\/schema.org\",\"@graph\":[{\"@type\":\"WebPage\",\"@id\":\"https:\/\/saxbystone.com\/lv\/produkts\/baltic-green\/\",\"url\":\"https:\/\/saxbystone.com\/lv\/produkts\/baltic-green\/\",\"name\":\"Baltic Green ka\u013c\u0137akmens - Saxby Stone\",\"isPartOf\":{\"@id\":\"https:\/\/saxbystone.com\/lv\/#website\"},\"primaryImageOfPage\":{\"@id\":\"https:\/\/saxbystone.com\/lv\/produkts\/baltic-green\/#primaryimage\"},\"image\":{\"@id\":\"https:\/\/saxbystone.com\/lv\/produkts\/baltic-green\/#primaryimage\"},\"thumbnailUrl\":\"https:\/\/saxbystone.com\/wp-content\/uploads\/2024\/09\/Baltic-Green-limestone-1.jpg\",\"datePublished\":\"2024-09-11T13:32:25+00:00\",\"dateModified\":\"2025-12-08T09:56:40+00:00\",\"description\":\"The tiles are extremely hard, durable and are suitable for areas of high foot traffic such as office buildings, shopping centers and restaurants.\",\"breadcrumb\":{\"@id\":\"https:\/\/saxbystone.com\/lv\/produkts\/baltic-green\/#breadcrumb\"},\"inLanguage\":\"lv-LV\",\"potentialAction\":[{\"@type\":\"ReadAction\",\"target\":[\"https:\/\/saxbystone.com\/lv\/produkts\/baltic-green\/\"]}]},{\"@type\":\"ImageObject\",\"inLanguage\":\"lv-LV\",\"@id\":\"https:\/\/saxbystone.com\/lv\/produkts\/baltic-green\/#primaryimage\",\"url\":\"https:\/\/saxbystone.com\/wp-content\/uploads\/2024\/09\/Baltic-Green-limestone-1.jpg\",\"contentUrl\":\"https:\/\/saxbystone.com\/wp-content\/uploads\/2024\/09\/Baltic-Green-limestone-1.jpg\",\"width\":879,\"height\":750},{\"@type\":\"BreadcrumbList\",\"@id\":\"https:\/\/saxbystone.com\/lv\/produkts\/baltic-green\/#breadcrumb\",\"itemListElement\":[{\"@type\":\"ListItem\",\"position\":1,\"name\":\"Home\",\"item\":\"https:\/\/saxbystone.com\/lv\/\"},{\"@type\":\"ListItem\",\"position\":2,\"name\":\"Akmens fl\u012bzes\",\"item\":\"https:\/\/saxbystone.com\/stone-tiles\/\"},{\"@type\":\"ListItem\",\"position\":3,\"name\":\"Baltic Green ka\u013c\u0137akmens\"}]},{\"@type\":\"WebSite\",\"@id\":\"https:\/\/saxbystone.com\/lv\/#website\",\"url\":\"https:\/\/saxbystone.com\/lv\/\",\"name\":\"Saxby Stone\",\"description\":\"Natural stone tiles\",\"publisher\":{\"@id\":\"https:\/\/saxbystone.com\/lv\/#organization\"},\"potentialAction\":[{\"@type\":\"SearchAction\",\"target\":{\"@type\":\"EntryPoint\",\"urlTemplate\":\"https:\/\/saxbystone.com\/lv\/?s={search_term_string}\"},\"query-input\":{\"@type\":\"PropertyValueSpecification\",\"valueRequired\":true,\"valueName\":\"search_term_string\"}}],\"inLanguage\":\"lv-LV\"},{\"@type\":\"Organization\",\"@id\":\"https:\/\/saxbystone.com\/lv\/#organization\",\"name\":\"Saxby Stone\",\"url\":\"https:\/\/saxbystone.com\/lv\/\",\"logo\":{\"@type\":\"ImageObject\",\"inLanguage\":\"lv-LV\",\"@id\":\"https:\/\/saxbystone.com\/lv\/#\/schema\/logo\/image\/\",\"url\":\"https:\/\/saxbystone.com\/wp-content\/uploads\/2024\/09\/cropped-Saxby-Stone-logo-official-1st.png\",\"contentUrl\":\"https:\/\/saxbystone.com\/wp-content\/uploads\/2024\/09\/cropped-Saxby-Stone-logo-official-1st.png\",\"width\":512,\"height\":512,\"caption\":\"Saxby Stone\"},\"image\":{\"@id\":\"https:\/\/saxbystone.com\/lv\/#\/schema\/logo\/image\/\"},\"sameAs\":[\"https:\/\/www.instagram.com\/saxbystone\/\"]}]}<\/script>\n<!-- \/ Yoast SEO plugin. -->","yoast_head_json":{"title":"Baltic Green ka\u013c\u0137akmens - Saxby Stone","description":"The tiles are extremely hard, durable and are suitable for areas of high foot traffic such as office buildings, shopping centers and restaurants.","robots":{"index":"index","follow":"follow","max-snippet":"max-snippet:-1","max-image-preview":"max-image-preview:large","max-video-preview":"max-video-preview:-1"},"canonical":"https:\/\/saxbystone.com\/lv\/produkts\/baltic-green\/","og_locale":"lv_LV","og_type":"article","og_title":"Baltic Green ka\u013c\u0137akmens - Saxby Stone","og_description":"The tiles are extremely hard, durable and are suitable for areas of high foot traffic such as office buildings, shopping centers and restaurants.","og_url":"https:\/\/saxbystone.com\/lv\/produkts\/baltic-green\/","og_site_name":"Saxby Stone","article_modified_time":"2025-12-08T09:56:40+00:00","og_image":[{"width":1600,"height":1071,"url":"https:\/\/saxbystone.com\/wp-content\/uploads\/2024\/09\/Baltic-Green-Limestone-Tiles-Honed.jpg","type":"image\/jpeg"}],"twitter_card":"summary_large_image","twitter_misc":{"Est. reading time":"1 minute"},"schema":{"@context":"https:\/\/schema.org","@graph":[{"@type":"WebPage","@id":"https:\/\/saxbystone.com\/lv\/produkts\/baltic-green\/","url":"https:\/\/saxbystone.com\/lv\/produkts\/baltic-green\/","name":"Baltic Green ka\u013c\u0137akmens - Saxby Stone","isPartOf":{"@id":"https:\/\/saxbystone.com\/lv\/#website"},"primaryImageOfPage":{"@id":"https:\/\/saxbystone.com\/lv\/produkts\/baltic-green\/#primaryimage"},"image":{"@id":"https:\/\/saxbystone.com\/lv\/produkts\/baltic-green\/#primaryimage"},"thumbnailUrl":"https:\/\/saxbystone.com\/wp-content\/uploads\/2024\/09\/Baltic-Green-limestone-1.jpg","datePublished":"2024-09-11T13:32:25+00:00","dateModified":"2025-12-08T09:56:40+00:00","description":"The tiles are extremely hard, durable and are suitable for areas of high foot traffic such as office buildings, shopping centers and restaurants.","breadcrumb":{"@id":"https:\/\/saxbystone.com\/lv\/produkts\/baltic-green\/#breadcrumb"},"inLanguage":"lv-LV","potentialAction":[{"@type":"ReadAction","target":["https:\/\/saxbystone.com\/lv\/produkts\/baltic-green\/"]}]},{"@type":"ImageObject","inLanguage":"lv-LV","@id":"https:\/\/saxbystone.com\/lv\/produkts\/baltic-green\/#primaryimage","url":"https:\/\/saxbystone.com\/wp-content\/uploads\/2024\/09\/Baltic-Green-limestone-1.jpg","contentUrl":"https:\/\/saxbystone.com\/wp-content\/uploads\/2024\/09\/Baltic-Green-limestone-1.jpg","width":879,"height":750},{"@type":"BreadcrumbList","@id":"https:\/\/saxbystone.com\/lv\/produkts\/baltic-green\/#breadcrumb","itemListElement":[{"@type":"ListItem","position":1,"name":"Home","item":"https:\/\/saxbystone.com\/lv\/"},{"@type":"ListItem","position":2,"name":"Akmens fl\u012bzes","item":"https:\/\/saxbystone.com\/stone-tiles\/"},{"@type":"ListItem","position":3,"name":"Baltic Green ka\u013c\u0137akmens"}]},{"@type":"WebSite","@id":"https:\/\/saxbystone.com\/lv\/#website","url":"https:\/\/saxbystone.com\/lv\/","name":"Saxby Stone","description":"Natural stone tiles","publisher":{"@id":"https:\/\/saxbystone.com\/lv\/#organization"},"potentialAction":[{"@type":"SearchAction","target":{"@type":"EntryPoint","urlTemplate":"https:\/\/saxbystone.com\/lv\/?s={search_term_string}"},"query-input":{"@type":"PropertyValueSpecification","valueRequired":true,"valueName":"search_term_string"}}],"inLanguage":"lv-LV"},{"@type":"Organization","@id":"https:\/\/saxbystone.com\/lv\/#organization","name":"Saxby Stone","url":"https:\/\/saxbystone.com\/lv\/","logo":{"@type":"ImageObject","inLanguage":"lv-LV","@id":"https:\/\/saxbystone.com\/lv\/#\/schema\/logo\/image\/","url":"https:\/\/saxbystone.com\/wp-content\/uploads\/2024\/09\/cropped-Saxby-Stone-logo-official-1st.png","contentUrl":"https:\/\/saxbystone.com\/wp-content\/uploads\/2024\/09\/cropped-Saxby-Stone-logo-official-1st.png","width":512,"height":512,"caption":"Saxby Stone"},"image":{"@id":"https:\/\/saxbystone.com\/lv\/#\/schema\/logo\/image\/"},"sameAs":["https:\/\/www.instagram.com\/saxbystone\/"]}]}},"_links":{"self":[{"href":"https:\/\/saxbystone.com\/lv\/wp-json\/wp\/v2\/product\/3835","targetHints":{"allow":["GET"]}}],"collection":[{"href":"https:\/\/saxbystone.com\/lv\/wp-json\/wp\/v2\/product"}],"about":[{"href":"https:\/\/saxbystone.com\/lv\/wp-json\/wp\/v2\/types\/product"}],"wp:featuredmedia":[{"embeddable":true,"href":"https:\/\/saxbystone.com\/lv\/wp-json\/wp\/v2\/media\/8208"}],"wp:attachment":[{"href":"https:\/\/saxbystone.com\/lv\/wp-json\/wp\/v2\/media?parent=3835"}],"wp:term":[{"taxonomy":"product_brand","embeddable":true,"href":"https:\/\/saxbystone.com\/lv\/wp-json\/wp\/v2\/product_brand?post=3835"},{"taxonomy":"product_cat","embeddable":true,"href":"https:\/\/saxbystone.com\/lv\/wp-json\/wp\/v2\/product_cat?post=3835"},{"taxonomy":"product_tag","embeddable":true,"href":"https:\/\/saxbystone.com\/lv\/wp-json\/wp\/v2\/product_tag?post=3835"}],"curies":[{"name":"wp","href":"https:\/\/api.w.org\/{rel}","templated":true}]}}