{"id":7627,"date":"2025-11-27T10:14:08","date_gmt":"2025-11-27T08:14:08","guid":{"rendered":"https:\/\/saxbystone.com\/?post_type=product&#038;p=7627"},"modified":"2025-12-08T11:59:09","modified_gmt":"2025-12-08T09:59:09","slug":"kolmarden-marble","status":"publish","type":"product","link":"https:\/\/saxbystone.com\/fi\/tuote\/kolmarden-marble\/","title":{"rendered":"Kolm\u00e5rdenin Marmori"},"content":{"rendered":"","protected":false},"excerpt":{"rendered":"<p>Kolm\u00e5rdenin marmori louhitaan l\u00e4hell\u00e4 V\u00e4ttern-j\u00e4rven rantoja Keski-Ruotsissa, ja se tunnetaan ainutlaatuisista vihreist\u00e4 s\u00e4vyist\u00e4\u00e4n sek\u00e4 koristeellisesta juonteestaan. T\u00e4m\u00e4 marmori on suosittu valinta keitti\u00f6- ja kylpyhuonetasoihin sek\u00e4 lattialaattoihin, ja se on yksi Ruotsin kansallisista suosikeista.<\/p>\n<p>Kolm\u00e5rdenin marmori kuuluu arvostettuun World Heritage Stone -luokitukseen. Louhos on edell\u00e4k\u00e4vij\u00e4 fossiilivapaassa tuotannossa ja oli ensimm\u00e4inen Ruotsissa, joka sai t\u00e4m\u00e4n sertifioinnin vuonna 2020.<\/p>\n<p>Pintak\u00e4sittelyvaihtoehdot: hiottu ja harjattu.<\/p>\n<p><em>Hinta n\u00e4kyy, kun valitset koon. Ilmainen toimitus yli 25 m\u00b2 tilauksille.<\/em><\/p>\n","protected":false},"featured_media":7650,"template":"","meta":{"_acf_changed":false},"product_brand":[],"product_cat":[90,52],"product_tag":[],"class_list":{"0":"post-7627","1":"product","2":"type-product","3":"status-publish","4":"has-post-thumbnail","6":"product_cat-kaikki-laatat","7":"product_cat-lattia-ja-seinalaatat","9":"first","10":"instock","11":"shipping-taxable","12":"purchasable","13":"product-type-variable","14":"add-to-wishlist-after_add_to_cart"},"acf":[],"yoast_head":"<!-- This site is optimized with the Yoast SEO plugin v26.4 - https:\/\/yoast.com\/wordpress\/plugins\/seo\/ -->\n<title>Kolm\u00e5rdenin Marmori - Saxby Stone<\/title>\n<meta name=\"description\" content=\"Kolm\u00e5rden Marble is classified as a World Heritage Stone. Kolm\u00e5rden Marble is famous for its unique green hues and decorative graining.\" \/>\n<meta name=\"robots\" content=\"index, follow, max-snippet:-1, max-image-preview:large, max-video-preview:-1\" \/>\n<link rel=\"canonical\" href=\"https:\/\/saxbystone.com\/fi\/tuote\/kolmarden-marble\/\" \/>\n<meta property=\"og:locale\" content=\"fi_FI\" \/>\n<meta property=\"og:type\" content=\"article\" \/>\n<meta property=\"og:title\" content=\"Kolm\u00e5rdenin Marmori - Saxby Stone\" \/>\n<meta property=\"og:description\" content=\"Kolm\u00e5rden Marble is classified as a World Heritage Stone. Kolm\u00e5rden Marble is famous for its unique green hues and decorative graining.\" \/>\n<meta property=\"og:url\" content=\"https:\/\/saxbystone.com\/fi\/tuote\/kolmarden-marble\/\" \/>\n<meta property=\"og:site_name\" content=\"Saxby Stone\" \/>\n<meta property=\"article:modified_time\" content=\"2025-12-08T09:59:09+00:00\" \/>\n<meta property=\"og:image\" content=\"https:\/\/saxbystone.com\/wp-content\/uploads\/2025\/11\/Kolmarden-marble-OX-honed-1-1024x1024.png\" \/>\n\t<meta property=\"og:image:width\" content=\"1024\" \/>\n\t<meta property=\"og:image:height\" content=\"1024\" \/>\n\t<meta property=\"og:image:type\" content=\"image\/png\" \/>\n<meta name=\"twitter:card\" content=\"summary_large_image\" \/>\n<meta name=\"twitter:label1\" content=\"Arvioitu lukuaika\" \/>\n\t<meta name=\"twitter:data1\" content=\"1 minuutti\" \/>\n<script type=\"application\/ld+json\" class=\"yoast-schema-graph\">{\"@context\":\"https:\/\/schema.org\",\"@graph\":[{\"@type\":\"WebPage\",\"@id\":\"https:\/\/saxbystone.com\/fi\/tuote\/kolmarden-marble\/\",\"url\":\"https:\/\/saxbystone.com\/fi\/tuote\/kolmarden-marble\/\",\"name\":\"Kolm\u00e5rdenin Marmori - Saxby Stone\",\"isPartOf\":{\"@id\":\"https:\/\/saxbystone.com\/fi\/#website\"},\"primaryImageOfPage\":{\"@id\":\"https:\/\/saxbystone.com\/fi\/tuote\/kolmarden-marble\/#primaryimage\"},\"image\":{\"@id\":\"https:\/\/saxbystone.com\/fi\/tuote\/kolmarden-marble\/#primaryimage\"},\"thumbnailUrl\":\"https:\/\/saxbystone.com\/wp-content\/uploads\/2025\/11\/Kolmarden-marble-OX-honed-1.png\",\"datePublished\":\"2025-11-27T08:14:08+00:00\",\"dateModified\":\"2025-12-08T09:59:09+00:00\",\"description\":\"Kolm\u00e5rden Marble is classified as a World Heritage Stone. Kolm\u00e5rden Marble is famous for its unique green hues and decorative graining.\",\"breadcrumb\":{\"@id\":\"https:\/\/saxbystone.com\/fi\/tuote\/kolmarden-marble\/#breadcrumb\"},\"inLanguage\":\"fi\",\"potentialAction\":[{\"@type\":\"ReadAction\",\"target\":[\"https:\/\/saxbystone.com\/fi\/tuote\/kolmarden-marble\/\"]}]},{\"@type\":\"ImageObject\",\"inLanguage\":\"fi\",\"@id\":\"https:\/\/saxbystone.com\/fi\/tuote\/kolmarden-marble\/#primaryimage\",\"url\":\"https:\/\/saxbystone.com\/wp-content\/uploads\/2025\/11\/Kolmarden-marble-OX-honed-1.png\",\"contentUrl\":\"https:\/\/saxbystone.com\/wp-content\/uploads\/2025\/11\/Kolmarden-marble-OX-honed-1.png\",\"width\":2362,\"height\":2362},{\"@type\":\"BreadcrumbList\",\"@id\":\"https:\/\/saxbystone.com\/fi\/tuote\/kolmarden-marble\/#breadcrumb\",\"itemListElement\":[{\"@type\":\"ListItem\",\"position\":1,\"name\":\"Home\",\"item\":\"https:\/\/saxbystone.com\/fi\/\"},{\"@type\":\"ListItem\",\"position\":2,\"name\":\"Kivilaatat\",\"item\":\"https:\/\/saxbystone.com\/stone-tiles\/\"},{\"@type\":\"ListItem\",\"position\":3,\"name\":\"Kolm\u00e5rdenin Marmori\"}]},{\"@type\":\"WebSite\",\"@id\":\"https:\/\/saxbystone.com\/fi\/#website\",\"url\":\"https:\/\/saxbystone.com\/fi\/\",\"name\":\"Saxby Stone\",\"description\":\"Natural stone tiles\",\"publisher\":{\"@id\":\"https:\/\/saxbystone.com\/fi\/#organization\"},\"potentialAction\":[{\"@type\":\"SearchAction\",\"target\":{\"@type\":\"EntryPoint\",\"urlTemplate\":\"https:\/\/saxbystone.com\/fi\/?s={search_term_string}\"},\"query-input\":{\"@type\":\"PropertyValueSpecification\",\"valueRequired\":true,\"valueName\":\"search_term_string\"}}],\"inLanguage\":\"fi\"},{\"@type\":\"Organization\",\"@id\":\"https:\/\/saxbystone.com\/fi\/#organization\",\"name\":\"Saxby Stone\",\"url\":\"https:\/\/saxbystone.com\/fi\/\",\"logo\":{\"@type\":\"ImageObject\",\"inLanguage\":\"fi\",\"@id\":\"https:\/\/saxbystone.com\/fi\/#\/schema\/logo\/image\/\",\"url\":\"https:\/\/saxbystone.com\/wp-content\/uploads\/2024\/09\/cropped-Saxby-Stone-logo-official-1st.png\",\"contentUrl\":\"https:\/\/saxbystone.com\/wp-content\/uploads\/2024\/09\/cropped-Saxby-Stone-logo-official-1st.png\",\"width\":512,\"height\":512,\"caption\":\"Saxby Stone\"},\"image\":{\"@id\":\"https:\/\/saxbystone.com\/fi\/#\/schema\/logo\/image\/\"},\"sameAs\":[\"https:\/\/www.instagram.com\/saxbystone\/\"]}]}<\/script>\n<!-- \/ Yoast SEO plugin. -->","yoast_head_json":{"title":"Kolm\u00e5rdenin Marmori - Saxby Stone","description":"Kolm\u00e5rden Marble is classified as a World Heritage Stone. Kolm\u00e5rden Marble is famous for its unique green hues and decorative graining.","robots":{"index":"index","follow":"follow","max-snippet":"max-snippet:-1","max-image-preview":"max-image-preview:large","max-video-preview":"max-video-preview:-1"},"canonical":"https:\/\/saxbystone.com\/fi\/tuote\/kolmarden-marble\/","og_locale":"fi_FI","og_type":"article","og_title":"Kolm\u00e5rdenin Marmori - Saxby Stone","og_description":"Kolm\u00e5rden Marble is classified as a World Heritage Stone. Kolm\u00e5rden Marble is famous for its unique green hues and decorative graining.","og_url":"https:\/\/saxbystone.com\/fi\/tuote\/kolmarden-marble\/","og_site_name":"Saxby Stone","article_modified_time":"2025-12-08T09:59:09+00:00","og_image":[{"width":1024,"height":1024,"url":"https:\/\/saxbystone.com\/wp-content\/uploads\/2025\/11\/Kolmarden-marble-OX-honed-1-1024x1024.png","type":"image\/png"}],"twitter_card":"summary_large_image","twitter_misc":{"Arvioitu lukuaika":"1 minuutti"},"schema":{"@context":"https:\/\/schema.org","@graph":[{"@type":"WebPage","@id":"https:\/\/saxbystone.com\/fi\/tuote\/kolmarden-marble\/","url":"https:\/\/saxbystone.com\/fi\/tuote\/kolmarden-marble\/","name":"Kolm\u00e5rdenin Marmori - Saxby Stone","isPartOf":{"@id":"https:\/\/saxbystone.com\/fi\/#website"},"primaryImageOfPage":{"@id":"https:\/\/saxbystone.com\/fi\/tuote\/kolmarden-marble\/#primaryimage"},"image":{"@id":"https:\/\/saxbystone.com\/fi\/tuote\/kolmarden-marble\/#primaryimage"},"thumbnailUrl":"https:\/\/saxbystone.com\/wp-content\/uploads\/2025\/11\/Kolmarden-marble-OX-honed-1.png","datePublished":"2025-11-27T08:14:08+00:00","dateModified":"2025-12-08T09:59:09+00:00","description":"Kolm\u00e5rden Marble is classified as a World Heritage Stone. Kolm\u00e5rden Marble is famous for its unique green hues and decorative graining.","breadcrumb":{"@id":"https:\/\/saxbystone.com\/fi\/tuote\/kolmarden-marble\/#breadcrumb"},"inLanguage":"fi","potentialAction":[{"@type":"ReadAction","target":["https:\/\/saxbystone.com\/fi\/tuote\/kolmarden-marble\/"]}]},{"@type":"ImageObject","inLanguage":"fi","@id":"https:\/\/saxbystone.com\/fi\/tuote\/kolmarden-marble\/#primaryimage","url":"https:\/\/saxbystone.com\/wp-content\/uploads\/2025\/11\/Kolmarden-marble-OX-honed-1.png","contentUrl":"https:\/\/saxbystone.com\/wp-content\/uploads\/2025\/11\/Kolmarden-marble-OX-honed-1.png","width":2362,"height":2362},{"@type":"BreadcrumbList","@id":"https:\/\/saxbystone.com\/fi\/tuote\/kolmarden-marble\/#breadcrumb","itemListElement":[{"@type":"ListItem","position":1,"name":"Home","item":"https:\/\/saxbystone.com\/fi\/"},{"@type":"ListItem","position":2,"name":"Kivilaatat","item":"https:\/\/saxbystone.com\/stone-tiles\/"},{"@type":"ListItem","position":3,"name":"Kolm\u00e5rdenin Marmori"}]},{"@type":"WebSite","@id":"https:\/\/saxbystone.com\/fi\/#website","url":"https:\/\/saxbystone.com\/fi\/","name":"Saxby Stone","description":"Natural stone tiles","publisher":{"@id":"https:\/\/saxbystone.com\/fi\/#organization"},"potentialAction":[{"@type":"SearchAction","target":{"@type":"EntryPoint","urlTemplate":"https:\/\/saxbystone.com\/fi\/?s={search_term_string}"},"query-input":{"@type":"PropertyValueSpecification","valueRequired":true,"valueName":"search_term_string"}}],"inLanguage":"fi"},{"@type":"Organization","@id":"https:\/\/saxbystone.com\/fi\/#organization","name":"Saxby Stone","url":"https:\/\/saxbystone.com\/fi\/","logo":{"@type":"ImageObject","inLanguage":"fi","@id":"https:\/\/saxbystone.com\/fi\/#\/schema\/logo\/image\/","url":"https:\/\/saxbystone.com\/wp-content\/uploads\/2024\/09\/cropped-Saxby-Stone-logo-official-1st.png","contentUrl":"https:\/\/saxbystone.com\/wp-content\/uploads\/2024\/09\/cropped-Saxby-Stone-logo-official-1st.png","width":512,"height":512,"caption":"Saxby Stone"},"image":{"@id":"https:\/\/saxbystone.com\/fi\/#\/schema\/logo\/image\/"},"sameAs":["https:\/\/www.instagram.com\/saxbystone\/"]}]}},"_links":{"self":[{"href":"https:\/\/saxbystone.com\/fi\/wp-json\/wp\/v2\/product\/7627","targetHints":{"allow":["GET"]}}],"collection":[{"href":"https:\/\/saxbystone.com\/fi\/wp-json\/wp\/v2\/product"}],"about":[{"href":"https:\/\/saxbystone.com\/fi\/wp-json\/wp\/v2\/types\/product"}],"wp:featuredmedia":[{"embeddable":true,"href":"https:\/\/saxbystone.com\/fi\/wp-json\/wp\/v2\/media\/7650"}],"wp:attachment":[{"href":"https:\/\/saxbystone.com\/fi\/wp-json\/wp\/v2\/media?parent=7627"}],"wp:term":[{"taxonomy":"product_brand","embeddable":true,"href":"https:\/\/saxbystone.com\/fi\/wp-json\/wp\/v2\/product_brand?post=7627"},{"taxonomy":"product_cat","embeddable":true,"href":"https:\/\/saxbystone.com\/fi\/wp-json\/wp\/v2\/product_cat?post=7627"},{"taxonomy":"product_tag","embeddable":true,"href":"https:\/\/saxbystone.com\/fi\/wp-json\/wp\/v2\/product_tag?post=7627"}],"curies":[{"name":"wp","href":"https:\/\/api.w.org\/{rel}","templated":true}]}}