{"id":3803,"date":"2024-10-24T10:31:34","date_gmt":"2024-10-24T07:31:34","guid":{"rendered":"https:\/\/saxbystone.com\/product\/arensburg-kalkkikivi-hiottu\/"},"modified":"2025-11-26T12:01:51","modified_gmt":"2025-11-26T10:01:51","slug":"arensburg-hiottu","status":"publish","type":"product","link":"https:\/\/saxbystone.com\/fi\/tuote\/arensburg-hiottu\/","title":{"rendered":"Arensburg Kalkkikivi, hiottu"},"content":{"rendered":"","protected":false},"excerpt":{"rendered":"<p>Arensburg kalkkikivi on kovaa, fossiilipitoista dolomiittikalkkikive\u00e4, jota louhitaan It\u00e4meren alueelta, esimerkiksi \u00d6\u00f6lannin saarelta. Sen erityispiirteisiin kuuluvat kest\u00e4vyys ja kaunis, luonnollinen harmaa s\u00e4vy, jotka tekev\u00e4t siit\u00e4 arkkitehtien ja sisustussuunnittelijoiden suosikin ymp\u00e4ri Skandinaviaa.<\/p>\n<p>T\u00e4t\u00e4 monik\u00e4ytt\u00f6ist\u00e4 kalkkikive\u00e4 k\u00e4ytet\u00e4\u00e4n laajasti muun muassa lattialaatoissa, keitti\u00f6tasoissa, portaissa, ikkunalaudoissa ja jalkalistoissa. Arensburg kalkkikivi tarjoaa esteettisesti ja teknisesti korkealaatuisen vaihtoehdon, joka t\u00e4ydent\u00e4\u00e4 Skandinavian moderneja ja ajattomia sisustustyylej\u00e4.<\/p>\n<p>Tarjoamme t\u00e4st\u00e4 kalkkikivest\u00e4 valmistettuja: lattialaattoja, keitti\u00f6tasoja,ikkunalautoja, portaita, jalkalistoja.<\/p>\n<p><em>Hinta n\u00e4kyy, kun valitset koon. Ilmainen toimitus yli 25 m\u00b2 tilauksille.<\/em><\/p>\n","protected":false},"featured_media":7242,"template":"","meta":{"_acf_changed":false},"product_brand":[],"product_cat":[90,52,76,67],"product_tag":[],"class_list":{"0":"post-3803","1":"product","2":"type-product","3":"status-publish","4":"has-post-thumbnail","6":"product_cat-kaikki-laatat","7":"product_cat-lattia-ja-seinalaatat","8":"product_cat-tyotasot-ikkunalautat","9":"product_cat-julkisivukivi","11":"first","12":"instock","13":"shipping-taxable","14":"purchasable","15":"product-type-variable","16":"add-to-wishlist-after_add_to_cart"},"acf":[],"yoast_head":"<!-- This site is optimized with the Yoast SEO plugin v26.4 - https:\/\/yoast.com\/wordpress\/plugins\/seo\/ -->\n<title>Arensburg Kalkkikivi, hiottu - Saxby Stone<\/title>\n<meta name=\"robots\" content=\"index, follow, max-snippet:-1, max-image-preview:large, max-video-preview:-1\" \/>\n<link rel=\"canonical\" href=\"https:\/\/saxbystone.com\/fi\/tuote\/arensburg-hiottu\/\" \/>\n<meta property=\"og:locale\" content=\"fi_FI\" \/>\n<meta property=\"og:type\" content=\"article\" \/>\n<meta property=\"og:title\" content=\"Arensburg Kalkkikivi, hiottu - Saxby Stone\" \/>\n<meta property=\"og:description\" content=\"Arensburg kalkkikivi on kovaa, fossiilipitoista dolomiittikalkkikive\u00e4, jota louhitaan It\u00e4meren alueelta, esimerkiksi \u00d6\u00f6lannin saarelta. Sen erityispiirteisiin kuuluvat kest\u00e4vyys ja kaunis, luonnollinen harmaa s\u00e4vy, jotka tekev\u00e4t siit\u00e4 arkkitehtien ja sisustussuunnittelijoiden suosikin ymp\u00e4ri Skandinaviaa.  T\u00e4t\u00e4 monik\u00e4ytt\u00f6ist\u00e4 kalkkikive\u00e4 k\u00e4ytet\u00e4\u00e4n laajasti muun muassa lattialaatoissa, keitti\u00f6tasoissa, portaissa, ikkunalaudoissa ja jalkalistoissa. Arensburg kalkkikivi tarjoaa esteettisesti ja teknisesti korkealaatuisen vaihtoehdon, joka t\u00e4ydent\u00e4\u00e4 Skandinavian moderneja ja ajattomia sisustustyylej\u00e4.  Tarjoamme t\u00e4st\u00e4 kalkkikivest\u00e4 valmistettuja: lattialaattoja, keitti\u00f6tasoja,ikkunalautoja, portaita, jalkalistoja.  Hinta n\u00e4kyy, kun valitset koon. Ilmainen toimitus yli 25 m\u00b2 tilauksille.\" \/>\n<meta property=\"og:url\" content=\"https:\/\/saxbystone.com\/fi\/tuote\/arensburg-hiottu\/\" \/>\n<meta property=\"og:site_name\" content=\"Saxby Stone\" \/>\n<meta property=\"article:modified_time\" content=\"2025-11-26T10:01:51+00:00\" \/>\n<meta property=\"og:image\" content=\"https:\/\/saxbystone.com\/wp-content\/uploads\/2024\/10\/Arensburg-Limestone-Honed-Bathroom.jpg\" \/>\n\t<meta property=\"og:image:width\" content=\"920\" \/>\n\t<meta property=\"og:image:height\" content=\"578\" \/>\n\t<meta property=\"og:image:type\" content=\"image\/jpeg\" \/>\n<meta name=\"twitter:card\" content=\"summary_large_image\" \/>\n<meta name=\"twitter:label1\" content=\"Arvioitu lukuaika\" \/>\n\t<meta name=\"twitter:data1\" content=\"1 minuutti\" \/>\n<script type=\"application\/ld+json\" class=\"yoast-schema-graph\">{\"@context\":\"https:\/\/schema.org\",\"@graph\":[{\"@type\":\"WebPage\",\"@id\":\"https:\/\/saxbystone.com\/fi\/tuote\/arensburg-hiottu\/\",\"url\":\"https:\/\/saxbystone.com\/fi\/tuote\/arensburg-hiottu\/\",\"name\":\"Arensburg Kalkkikivi, hiottu - Saxby Stone\",\"isPartOf\":{\"@id\":\"https:\/\/saxbystone.com\/fi\/#website\"},\"primaryImageOfPage\":{\"@id\":\"https:\/\/saxbystone.com\/fi\/tuote\/arensburg-hiottu\/#primaryimage\"},\"image\":{\"@id\":\"https:\/\/saxbystone.com\/fi\/tuote\/arensburg-hiottu\/#primaryimage\"},\"thumbnailUrl\":\"https:\/\/saxbystone.com\/wp-content\/uploads\/2024\/10\/Arensburg-Limestone-Honed-Bathroom.jpg\",\"datePublished\":\"2024-10-24T07:31:34+00:00\",\"dateModified\":\"2025-11-26T10:01:51+00:00\",\"breadcrumb\":{\"@id\":\"https:\/\/saxbystone.com\/fi\/tuote\/arensburg-hiottu\/#breadcrumb\"},\"inLanguage\":\"fi\",\"potentialAction\":[{\"@type\":\"ReadAction\",\"target\":[\"https:\/\/saxbystone.com\/fi\/tuote\/arensburg-hiottu\/\"]}]},{\"@type\":\"ImageObject\",\"inLanguage\":\"fi\",\"@id\":\"https:\/\/saxbystone.com\/fi\/tuote\/arensburg-hiottu\/#primaryimage\",\"url\":\"https:\/\/saxbystone.com\/wp-content\/uploads\/2024\/10\/Arensburg-Limestone-Honed-Bathroom.jpg\",\"contentUrl\":\"https:\/\/saxbystone.com\/wp-content\/uploads\/2024\/10\/Arensburg-Limestone-Honed-Bathroom.jpg\",\"width\":920,\"height\":578},{\"@type\":\"BreadcrumbList\",\"@id\":\"https:\/\/saxbystone.com\/fi\/tuote\/arensburg-hiottu\/#breadcrumb\",\"itemListElement\":[{\"@type\":\"ListItem\",\"position\":1,\"name\":\"Home\",\"item\":\"https:\/\/saxbystone.com\/fi\/\"},{\"@type\":\"ListItem\",\"position\":2,\"name\":\"Kivilaatat\",\"item\":\"https:\/\/saxbystone.com\/stone-tiles\/\"},{\"@type\":\"ListItem\",\"position\":3,\"name\":\"Arensburg Kalkkikivi, hiottu\"}]},{\"@type\":\"WebSite\",\"@id\":\"https:\/\/saxbystone.com\/fi\/#website\",\"url\":\"https:\/\/saxbystone.com\/fi\/\",\"name\":\"Saxby Stone\",\"description\":\"Natural stone tiles\",\"publisher\":{\"@id\":\"https:\/\/saxbystone.com\/fi\/#organization\"},\"potentialAction\":[{\"@type\":\"SearchAction\",\"target\":{\"@type\":\"EntryPoint\",\"urlTemplate\":\"https:\/\/saxbystone.com\/fi\/?s={search_term_string}\"},\"query-input\":{\"@type\":\"PropertyValueSpecification\",\"valueRequired\":true,\"valueName\":\"search_term_string\"}}],\"inLanguage\":\"fi\"},{\"@type\":\"Organization\",\"@id\":\"https:\/\/saxbystone.com\/fi\/#organization\",\"name\":\"Saxby Stone\",\"url\":\"https:\/\/saxbystone.com\/fi\/\",\"logo\":{\"@type\":\"ImageObject\",\"inLanguage\":\"fi\",\"@id\":\"https:\/\/saxbystone.com\/fi\/#\/schema\/logo\/image\/\",\"url\":\"https:\/\/saxbystone.com\/wp-content\/uploads\/2024\/09\/cropped-Saxby-Stone-logo-official-1st.png\",\"contentUrl\":\"https:\/\/saxbystone.com\/wp-content\/uploads\/2024\/09\/cropped-Saxby-Stone-logo-official-1st.png\",\"width\":512,\"height\":512,\"caption\":\"Saxby Stone\"},\"image\":{\"@id\":\"https:\/\/saxbystone.com\/fi\/#\/schema\/logo\/image\/\"},\"sameAs\":[\"https:\/\/www.instagram.com\/saxbystone\/\"]}]}<\/script>\n<!-- \/ Yoast SEO plugin. -->","yoast_head_json":{"title":"Arensburg Kalkkikivi, hiottu - Saxby Stone","robots":{"index":"index","follow":"follow","max-snippet":"max-snippet:-1","max-image-preview":"max-image-preview:large","max-video-preview":"max-video-preview:-1"},"canonical":"https:\/\/saxbystone.com\/fi\/tuote\/arensburg-hiottu\/","og_locale":"fi_FI","og_type":"article","og_title":"Arensburg Kalkkikivi, hiottu - Saxby Stone","og_description":"Arensburg kalkkikivi on kovaa, fossiilipitoista dolomiittikalkkikive\u00e4, jota louhitaan It\u00e4meren alueelta, esimerkiksi \u00d6\u00f6lannin saarelta. Sen erityispiirteisiin kuuluvat kest\u00e4vyys ja kaunis, luonnollinen harmaa s\u00e4vy, jotka tekev\u00e4t siit\u00e4 arkkitehtien ja sisustussuunnittelijoiden suosikin ymp\u00e4ri Skandinaviaa.  T\u00e4t\u00e4 monik\u00e4ytt\u00f6ist\u00e4 kalkkikive\u00e4 k\u00e4ytet\u00e4\u00e4n laajasti muun muassa lattialaatoissa, keitti\u00f6tasoissa, portaissa, ikkunalaudoissa ja jalkalistoissa. Arensburg kalkkikivi tarjoaa esteettisesti ja teknisesti korkealaatuisen vaihtoehdon, joka t\u00e4ydent\u00e4\u00e4 Skandinavian moderneja ja ajattomia sisustustyylej\u00e4.  Tarjoamme t\u00e4st\u00e4 kalkkikivest\u00e4 valmistettuja: lattialaattoja, keitti\u00f6tasoja,ikkunalautoja, portaita, jalkalistoja.  Hinta n\u00e4kyy, kun valitset koon. Ilmainen toimitus yli 25 m\u00b2 tilauksille.","og_url":"https:\/\/saxbystone.com\/fi\/tuote\/arensburg-hiottu\/","og_site_name":"Saxby Stone","article_modified_time":"2025-11-26T10:01:51+00:00","og_image":[{"width":920,"height":578,"url":"https:\/\/saxbystone.com\/wp-content\/uploads\/2024\/10\/Arensburg-Limestone-Honed-Bathroom.jpg","type":"image\/jpeg"}],"twitter_card":"summary_large_image","twitter_misc":{"Arvioitu lukuaika":"1 minuutti"},"schema":{"@context":"https:\/\/schema.org","@graph":[{"@type":"WebPage","@id":"https:\/\/saxbystone.com\/fi\/tuote\/arensburg-hiottu\/","url":"https:\/\/saxbystone.com\/fi\/tuote\/arensburg-hiottu\/","name":"Arensburg Kalkkikivi, hiottu - Saxby Stone","isPartOf":{"@id":"https:\/\/saxbystone.com\/fi\/#website"},"primaryImageOfPage":{"@id":"https:\/\/saxbystone.com\/fi\/tuote\/arensburg-hiottu\/#primaryimage"},"image":{"@id":"https:\/\/saxbystone.com\/fi\/tuote\/arensburg-hiottu\/#primaryimage"},"thumbnailUrl":"https:\/\/saxbystone.com\/wp-content\/uploads\/2024\/10\/Arensburg-Limestone-Honed-Bathroom.jpg","datePublished":"2024-10-24T07:31:34+00:00","dateModified":"2025-11-26T10:01:51+00:00","breadcrumb":{"@id":"https:\/\/saxbystone.com\/fi\/tuote\/arensburg-hiottu\/#breadcrumb"},"inLanguage":"fi","potentialAction":[{"@type":"ReadAction","target":["https:\/\/saxbystone.com\/fi\/tuote\/arensburg-hiottu\/"]}]},{"@type":"ImageObject","inLanguage":"fi","@id":"https:\/\/saxbystone.com\/fi\/tuote\/arensburg-hiottu\/#primaryimage","url":"https:\/\/saxbystone.com\/wp-content\/uploads\/2024\/10\/Arensburg-Limestone-Honed-Bathroom.jpg","contentUrl":"https:\/\/saxbystone.com\/wp-content\/uploads\/2024\/10\/Arensburg-Limestone-Honed-Bathroom.jpg","width":920,"height":578},{"@type":"BreadcrumbList","@id":"https:\/\/saxbystone.com\/fi\/tuote\/arensburg-hiottu\/#breadcrumb","itemListElement":[{"@type":"ListItem","position":1,"name":"Home","item":"https:\/\/saxbystone.com\/fi\/"},{"@type":"ListItem","position":2,"name":"Kivilaatat","item":"https:\/\/saxbystone.com\/stone-tiles\/"},{"@type":"ListItem","position":3,"name":"Arensburg Kalkkikivi, hiottu"}]},{"@type":"WebSite","@id":"https:\/\/saxbystone.com\/fi\/#website","url":"https:\/\/saxbystone.com\/fi\/","name":"Saxby Stone","description":"Natural stone tiles","publisher":{"@id":"https:\/\/saxbystone.com\/fi\/#organization"},"potentialAction":[{"@type":"SearchAction","target":{"@type":"EntryPoint","urlTemplate":"https:\/\/saxbystone.com\/fi\/?s={search_term_string}"},"query-input":{"@type":"PropertyValueSpecification","valueRequired":true,"valueName":"search_term_string"}}],"inLanguage":"fi"},{"@type":"Organization","@id":"https:\/\/saxbystone.com\/fi\/#organization","name":"Saxby Stone","url":"https:\/\/saxbystone.com\/fi\/","logo":{"@type":"ImageObject","inLanguage":"fi","@id":"https:\/\/saxbystone.com\/fi\/#\/schema\/logo\/image\/","url":"https:\/\/saxbystone.com\/wp-content\/uploads\/2024\/09\/cropped-Saxby-Stone-logo-official-1st.png","contentUrl":"https:\/\/saxbystone.com\/wp-content\/uploads\/2024\/09\/cropped-Saxby-Stone-logo-official-1st.png","width":512,"height":512,"caption":"Saxby Stone"},"image":{"@id":"https:\/\/saxbystone.com\/fi\/#\/schema\/logo\/image\/"},"sameAs":["https:\/\/www.instagram.com\/saxbystone\/"]}]}},"_links":{"self":[{"href":"https:\/\/saxbystone.com\/fi\/wp-json\/wp\/v2\/product\/3803","targetHints":{"allow":["GET"]}}],"collection":[{"href":"https:\/\/saxbystone.com\/fi\/wp-json\/wp\/v2\/product"}],"about":[{"href":"https:\/\/saxbystone.com\/fi\/wp-json\/wp\/v2\/types\/product"}],"wp:featuredmedia":[{"embeddable":true,"href":"https:\/\/saxbystone.com\/fi\/wp-json\/wp\/v2\/media\/7242"}],"wp:attachment":[{"href":"https:\/\/saxbystone.com\/fi\/wp-json\/wp\/v2\/media?parent=3803"}],"wp:term":[{"taxonomy":"product_brand","embeddable":true,"href":"https:\/\/saxbystone.com\/fi\/wp-json\/wp\/v2\/product_brand?post=3803"},{"taxonomy":"product_cat","embeddable":true,"href":"https:\/\/saxbystone.com\/fi\/wp-json\/wp\/v2\/product_cat?post=3803"},{"taxonomy":"product_tag","embeddable":true,"href":"https:\/\/saxbystone.com\/fi\/wp-json\/wp\/v2\/product_tag?post=3803"}],"curies":[{"name":"wp","href":"https:\/\/api.w.org\/{rel}","templated":true}]}}