{"id":3798,"date":"2024-10-25T10:08:28","date_gmt":"2024-10-25T07:08:28","guid":{"rendered":"https:\/\/saxbystone.com\/product\/arensburg-kalkkikivi-harjattu\/"},"modified":"2025-11-26T12:00:28","modified_gmt":"2025-11-26T10:00:28","slug":"arensburg-harjattu","status":"publish","type":"product","link":"https:\/\/saxbystone.com\/fi\/tuote\/arensburg-harjattu\/","title":{"rendered":"Arensburg Kalkkikivi, harjattu"},"content":{"rendered":"","protected":false},"excerpt":{"rendered":"<p>Harjattu pinta on suosittu valinta Arensburg kalkkikivess\u00e4, erityisesti historiallisten rakennusten, kuten kartanoiden ja kirkkojen, restauroinnissa. Se sopii my\u00f6s erinomaisesti kosteiden tilojen lattioihin, joissa tarvitaan lis\u00e4\u00e4 pitoa.<\/p>\n<p>Runsaassa luonnonvalossa harjattu Arensburg kalkkikivi s\u00e4ihkyy vaalean siniharmaana, kun taas keinovalossa sen s\u00e4vy tummenee hillityn harmaaksi. Monien mielest\u00e4 sen v\u00e4ri ja tunnelma muistuttavat It\u00e4meren vaihtelevia s\u00e4vyj\u00e4.<\/p>\n<p>Harjattu pinta tuo erityist\u00e4 n\u00e4ytt\u00e4vyytt\u00e4 suurikokoisiin laattoihin, kuten 900 x 600 mm tai 600 mm leveisiin, vaihtelevan pituisiin laattakokoihin.<\/p>\n<p><em>Hinta n\u00e4kyy, kun valitset koon. Ilmainen toimitus yli 25 m\u00b2 tilauksille.<\/em><\/p>\n","protected":false},"featured_media":7290,"template":"","meta":{"_acf_changed":false},"product_brand":[],"product_cat":[90,52],"product_tag":[],"class_list":{"0":"post-3798","1":"product","2":"type-product","3":"status-publish","4":"has-post-thumbnail","6":"product_cat-kaikki-laatat","7":"product_cat-lattia-ja-seinalaatat","9":"first","10":"instock","11":"shipping-taxable","12":"purchasable","13":"product-type-variable","14":"add-to-wishlist-after_add_to_cart"},"acf":[],"yoast_head":"<!-- This site is optimized with the Yoast SEO plugin v26.4 - https:\/\/yoast.com\/wordpress\/plugins\/seo\/ -->\n<title>Arensburg Kalkkikivi, harjattu - Saxby Stone<\/title>\n<meta name=\"robots\" content=\"index, follow, max-snippet:-1, max-image-preview:large, max-video-preview:-1\" \/>\n<link rel=\"canonical\" href=\"https:\/\/saxbystone.com\/fi\/tuote\/arensburg-harjattu\/\" \/>\n<meta property=\"og:locale\" content=\"fi_FI\" \/>\n<meta property=\"og:type\" content=\"article\" \/>\n<meta property=\"og:title\" content=\"Arensburg Kalkkikivi, harjattu - Saxby Stone\" \/>\n<meta property=\"og:description\" content=\"Harjattu pinta on suosittu valinta Arensburg kalkkikivess\u00e4, erityisesti historiallisten rakennusten, kuten kartanoiden ja kirkkojen, restauroinnissa. Se sopii my\u00f6s erinomaisesti kosteiden tilojen lattioihin, joissa tarvitaan lis\u00e4\u00e4 pitoa.  Runsaassa luonnonvalossa harjattu Arensburg kalkkikivi s\u00e4ihkyy vaalean siniharmaana, kun taas keinovalossa sen s\u00e4vy tummenee hillityn harmaaksi. Monien mielest\u00e4 sen v\u00e4ri ja tunnelma muistuttavat It\u00e4meren vaihtelevia s\u00e4vyj\u00e4.  Harjattu pinta tuo erityist\u00e4 n\u00e4ytt\u00e4vyytt\u00e4 suurikokoisiin laattoihin, kuten 900 x 600 mm tai 600 mm leveisiin, vaihtelevan pituisiin laattakokoihin.  Hinta n\u00e4kyy, kun valitset koon. Ilmainen toimitus yli 25 m\u00b2 tilauksille.\" \/>\n<meta property=\"og:url\" content=\"https:\/\/saxbystone.com\/fi\/tuote\/arensburg-harjattu\/\" \/>\n<meta property=\"og:site_name\" content=\"Saxby Stone\" \/>\n<meta property=\"article:modified_time\" content=\"2025-11-26T10:00:28+00:00\" \/>\n<meta property=\"og:image\" content=\"https:\/\/saxbystone.com\/wp-content\/uploads\/2024\/10\/Arensburg-Limestone-Brushed-1.jpg\" \/>\n\t<meta property=\"og:image:width\" content=\"715\" \/>\n\t<meta property=\"og:image:height\" content=\"500\" \/>\n\t<meta property=\"og:image:type\" content=\"image\/jpeg\" \/>\n<meta name=\"twitter:card\" content=\"summary_large_image\" \/>\n<meta name=\"twitter:label1\" content=\"Arvioitu lukuaika\" \/>\n\t<meta name=\"twitter:data1\" content=\"1 minuutti\" \/>\n<script type=\"application\/ld+json\" class=\"yoast-schema-graph\">{\"@context\":\"https:\/\/schema.org\",\"@graph\":[{\"@type\":\"WebPage\",\"@id\":\"https:\/\/saxbystone.com\/fi\/tuote\/arensburg-harjattu\/\",\"url\":\"https:\/\/saxbystone.com\/fi\/tuote\/arensburg-harjattu\/\",\"name\":\"Arensburg Kalkkikivi, harjattu - Saxby Stone\",\"isPartOf\":{\"@id\":\"https:\/\/saxbystone.com\/fi\/#website\"},\"primaryImageOfPage\":{\"@id\":\"https:\/\/saxbystone.com\/fi\/tuote\/arensburg-harjattu\/#primaryimage\"},\"image\":{\"@id\":\"https:\/\/saxbystone.com\/fi\/tuote\/arensburg-harjattu\/#primaryimage\"},\"thumbnailUrl\":\"https:\/\/saxbystone.com\/wp-content\/uploads\/2024\/10\/Arensburg-Limestone-Brushed-1.jpg\",\"datePublished\":\"2024-10-25T07:08:28+00:00\",\"dateModified\":\"2025-11-26T10:00:28+00:00\",\"breadcrumb\":{\"@id\":\"https:\/\/saxbystone.com\/fi\/tuote\/arensburg-harjattu\/#breadcrumb\"},\"inLanguage\":\"fi\",\"potentialAction\":[{\"@type\":\"ReadAction\",\"target\":[\"https:\/\/saxbystone.com\/fi\/tuote\/arensburg-harjattu\/\"]}]},{\"@type\":\"ImageObject\",\"inLanguage\":\"fi\",\"@id\":\"https:\/\/saxbystone.com\/fi\/tuote\/arensburg-harjattu\/#primaryimage\",\"url\":\"https:\/\/saxbystone.com\/wp-content\/uploads\/2024\/10\/Arensburg-Limestone-Brushed-1.jpg\",\"contentUrl\":\"https:\/\/saxbystone.com\/wp-content\/uploads\/2024\/10\/Arensburg-Limestone-Brushed-1.jpg\",\"width\":715,\"height\":500},{\"@type\":\"BreadcrumbList\",\"@id\":\"https:\/\/saxbystone.com\/fi\/tuote\/arensburg-harjattu\/#breadcrumb\",\"itemListElement\":[{\"@type\":\"ListItem\",\"position\":1,\"name\":\"Home\",\"item\":\"https:\/\/saxbystone.com\/fi\/\"},{\"@type\":\"ListItem\",\"position\":2,\"name\":\"Kivilaatat\",\"item\":\"https:\/\/saxbystone.com\/stone-tiles\/\"},{\"@type\":\"ListItem\",\"position\":3,\"name\":\"Arensburg Kalkkikivi, harjattu\"}]},{\"@type\":\"WebSite\",\"@id\":\"https:\/\/saxbystone.com\/fi\/#website\",\"url\":\"https:\/\/saxbystone.com\/fi\/\",\"name\":\"Saxby Stone\",\"description\":\"Natural stone tiles\",\"publisher\":{\"@id\":\"https:\/\/saxbystone.com\/fi\/#organization\"},\"potentialAction\":[{\"@type\":\"SearchAction\",\"target\":{\"@type\":\"EntryPoint\",\"urlTemplate\":\"https:\/\/saxbystone.com\/fi\/?s={search_term_string}\"},\"query-input\":{\"@type\":\"PropertyValueSpecification\",\"valueRequired\":true,\"valueName\":\"search_term_string\"}}],\"inLanguage\":\"fi\"},{\"@type\":\"Organization\",\"@id\":\"https:\/\/saxbystone.com\/fi\/#organization\",\"name\":\"Saxby Stone\",\"url\":\"https:\/\/saxbystone.com\/fi\/\",\"logo\":{\"@type\":\"ImageObject\",\"inLanguage\":\"fi\",\"@id\":\"https:\/\/saxbystone.com\/fi\/#\/schema\/logo\/image\/\",\"url\":\"https:\/\/saxbystone.com\/wp-content\/uploads\/2024\/09\/cropped-Saxby-Stone-logo-official-1st.png\",\"contentUrl\":\"https:\/\/saxbystone.com\/wp-content\/uploads\/2024\/09\/cropped-Saxby-Stone-logo-official-1st.png\",\"width\":512,\"height\":512,\"caption\":\"Saxby Stone\"},\"image\":{\"@id\":\"https:\/\/saxbystone.com\/fi\/#\/schema\/logo\/image\/\"},\"sameAs\":[\"https:\/\/www.instagram.com\/saxbystone\/\"]}]}<\/script>\n<!-- \/ Yoast SEO plugin. -->","yoast_head_json":{"title":"Arensburg Kalkkikivi, harjattu - Saxby Stone","robots":{"index":"index","follow":"follow","max-snippet":"max-snippet:-1","max-image-preview":"max-image-preview:large","max-video-preview":"max-video-preview:-1"},"canonical":"https:\/\/saxbystone.com\/fi\/tuote\/arensburg-harjattu\/","og_locale":"fi_FI","og_type":"article","og_title":"Arensburg Kalkkikivi, harjattu - Saxby Stone","og_description":"Harjattu pinta on suosittu valinta Arensburg kalkkikivess\u00e4, erityisesti historiallisten rakennusten, kuten kartanoiden ja kirkkojen, restauroinnissa. Se sopii my\u00f6s erinomaisesti kosteiden tilojen lattioihin, joissa tarvitaan lis\u00e4\u00e4 pitoa.  Runsaassa luonnonvalossa harjattu Arensburg kalkkikivi s\u00e4ihkyy vaalean siniharmaana, kun taas keinovalossa sen s\u00e4vy tummenee hillityn harmaaksi. Monien mielest\u00e4 sen v\u00e4ri ja tunnelma muistuttavat It\u00e4meren vaihtelevia s\u00e4vyj\u00e4.  Harjattu pinta tuo erityist\u00e4 n\u00e4ytt\u00e4vyytt\u00e4 suurikokoisiin laattoihin, kuten 900 x 600 mm tai 600 mm leveisiin, vaihtelevan pituisiin laattakokoihin.  Hinta n\u00e4kyy, kun valitset koon. Ilmainen toimitus yli 25 m\u00b2 tilauksille.","og_url":"https:\/\/saxbystone.com\/fi\/tuote\/arensburg-harjattu\/","og_site_name":"Saxby Stone","article_modified_time":"2025-11-26T10:00:28+00:00","og_image":[{"width":715,"height":500,"url":"https:\/\/saxbystone.com\/wp-content\/uploads\/2024\/10\/Arensburg-Limestone-Brushed-1.jpg","type":"image\/jpeg"}],"twitter_card":"summary_large_image","twitter_misc":{"Arvioitu lukuaika":"1 minuutti"},"schema":{"@context":"https:\/\/schema.org","@graph":[{"@type":"WebPage","@id":"https:\/\/saxbystone.com\/fi\/tuote\/arensburg-harjattu\/","url":"https:\/\/saxbystone.com\/fi\/tuote\/arensburg-harjattu\/","name":"Arensburg Kalkkikivi, harjattu - Saxby Stone","isPartOf":{"@id":"https:\/\/saxbystone.com\/fi\/#website"},"primaryImageOfPage":{"@id":"https:\/\/saxbystone.com\/fi\/tuote\/arensburg-harjattu\/#primaryimage"},"image":{"@id":"https:\/\/saxbystone.com\/fi\/tuote\/arensburg-harjattu\/#primaryimage"},"thumbnailUrl":"https:\/\/saxbystone.com\/wp-content\/uploads\/2024\/10\/Arensburg-Limestone-Brushed-1.jpg","datePublished":"2024-10-25T07:08:28+00:00","dateModified":"2025-11-26T10:00:28+00:00","breadcrumb":{"@id":"https:\/\/saxbystone.com\/fi\/tuote\/arensburg-harjattu\/#breadcrumb"},"inLanguage":"fi","potentialAction":[{"@type":"ReadAction","target":["https:\/\/saxbystone.com\/fi\/tuote\/arensburg-harjattu\/"]}]},{"@type":"ImageObject","inLanguage":"fi","@id":"https:\/\/saxbystone.com\/fi\/tuote\/arensburg-harjattu\/#primaryimage","url":"https:\/\/saxbystone.com\/wp-content\/uploads\/2024\/10\/Arensburg-Limestone-Brushed-1.jpg","contentUrl":"https:\/\/saxbystone.com\/wp-content\/uploads\/2024\/10\/Arensburg-Limestone-Brushed-1.jpg","width":715,"height":500},{"@type":"BreadcrumbList","@id":"https:\/\/saxbystone.com\/fi\/tuote\/arensburg-harjattu\/#breadcrumb","itemListElement":[{"@type":"ListItem","position":1,"name":"Home","item":"https:\/\/saxbystone.com\/fi\/"},{"@type":"ListItem","position":2,"name":"Kivilaatat","item":"https:\/\/saxbystone.com\/stone-tiles\/"},{"@type":"ListItem","position":3,"name":"Arensburg Kalkkikivi, harjattu"}]},{"@type":"WebSite","@id":"https:\/\/saxbystone.com\/fi\/#website","url":"https:\/\/saxbystone.com\/fi\/","name":"Saxby Stone","description":"Natural stone tiles","publisher":{"@id":"https:\/\/saxbystone.com\/fi\/#organization"},"potentialAction":[{"@type":"SearchAction","target":{"@type":"EntryPoint","urlTemplate":"https:\/\/saxbystone.com\/fi\/?s={search_term_string}"},"query-input":{"@type":"PropertyValueSpecification","valueRequired":true,"valueName":"search_term_string"}}],"inLanguage":"fi"},{"@type":"Organization","@id":"https:\/\/saxbystone.com\/fi\/#organization","name":"Saxby Stone","url":"https:\/\/saxbystone.com\/fi\/","logo":{"@type":"ImageObject","inLanguage":"fi","@id":"https:\/\/saxbystone.com\/fi\/#\/schema\/logo\/image\/","url":"https:\/\/saxbystone.com\/wp-content\/uploads\/2024\/09\/cropped-Saxby-Stone-logo-official-1st.png","contentUrl":"https:\/\/saxbystone.com\/wp-content\/uploads\/2024\/09\/cropped-Saxby-Stone-logo-official-1st.png","width":512,"height":512,"caption":"Saxby Stone"},"image":{"@id":"https:\/\/saxbystone.com\/fi\/#\/schema\/logo\/image\/"},"sameAs":["https:\/\/www.instagram.com\/saxbystone\/"]}]}},"_links":{"self":[{"href":"https:\/\/saxbystone.com\/fi\/wp-json\/wp\/v2\/product\/3798","targetHints":{"allow":["GET"]}}],"collection":[{"href":"https:\/\/saxbystone.com\/fi\/wp-json\/wp\/v2\/product"}],"about":[{"href":"https:\/\/saxbystone.com\/fi\/wp-json\/wp\/v2\/types\/product"}],"wp:featuredmedia":[{"embeddable":true,"href":"https:\/\/saxbystone.com\/fi\/wp-json\/wp\/v2\/media\/7290"}],"wp:attachment":[{"href":"https:\/\/saxbystone.com\/fi\/wp-json\/wp\/v2\/media?parent=3798"}],"wp:term":[{"taxonomy":"product_brand","embeddable":true,"href":"https:\/\/saxbystone.com\/fi\/wp-json\/wp\/v2\/product_brand?post=3798"},{"taxonomy":"product_cat","embeddable":true,"href":"https:\/\/saxbystone.com\/fi\/wp-json\/wp\/v2\/product_cat?post=3798"},{"taxonomy":"product_tag","embeddable":true,"href":"https:\/\/saxbystone.com\/fi\/wp-json\/wp\/v2\/product_tag?post=3798"}],"curies":[{"name":"wp","href":"https:\/\/api.w.org\/{rel}","templated":true}]}}