{"id":3794,"date":"2024-10-25T10:31:12","date_gmt":"2024-10-25T07:31:12","guid":{"rendered":"https:\/\/saxbystone.com\/product\/arensburg-kalkkikivi-sahattu\/"},"modified":"2025-11-26T11:57:43","modified_gmt":"2025-11-26T09:57:43","slug":"arensburg-sahattu","status":"publish","type":"product","link":"https:\/\/saxbystone.com\/fi\/tuote\/arensburg-sahattu\/","title":{"rendered":"Arensburg Kalkkikivi, sahattu"},"content":{"rendered":"","protected":false},"excerpt":{"rendered":"<p>Sahattu pinta tuo esiin Arensburg kalkkikiven tyylikk\u00e4\u00e4n vaaleanharmaan s\u00e4vyn, joka soveltuu erityisesti ulkok\u00e4ytt\u00f6\u00f6n, esimerkiksi julkisivulaattoina. T\u00e4m\u00e4 kalkkikivi on eritt\u00e4in kest\u00e4v\u00e4 toistuvissa j\u00e4\u00e4tymis- ja sulamissykleiss\u00e4, mink\u00e4 vuoksi se onkin yksi harvoista ulkok\u00e4ytt\u00f6\u00f6n soveltuvista kalkkikivist\u00e4 pohjoismaisissa olosuhteissa. Louhittu l\u00e4hell\u00e4 It\u00e4merta, Arensburg kalkkikivi on erityisesti ruotsalaisten asiakkaidemme suosiossa.<\/p>\n<p><em>Hinta n\u00e4kyy, kun valitset koon. Ilmainen toimitus yli 25 m\u00b2 tilauksille.<\/em><\/p>\n","protected":false},"featured_media":7332,"template":"","meta":{"_acf_changed":false},"product_brand":[],"product_cat":[90,67],"product_tag":[],"class_list":{"0":"post-3794","1":"product","2":"type-product","3":"status-publish","4":"has-post-thumbnail","6":"product_cat-kaikki-laatat","7":"product_cat-julkisivukivi","9":"first","10":"instock","11":"shipping-taxable","12":"purchasable","13":"product-type-variable","14":"add-to-wishlist-after_add_to_cart"},"acf":[],"yoast_head":"<!-- This site is optimized with the Yoast SEO plugin v26.4 - https:\/\/yoast.com\/wordpress\/plugins\/seo\/ -->\n<title>Arensburg Kalkkikivi, sahattu - Saxby Stone<\/title>\n<meta name=\"robots\" content=\"index, follow, max-snippet:-1, max-image-preview:large, max-video-preview:-1\" \/>\n<link rel=\"canonical\" href=\"https:\/\/saxbystone.com\/fi\/tuote\/arensburg-sahattu\/\" \/>\n<meta property=\"og:locale\" content=\"fi_FI\" \/>\n<meta property=\"og:type\" content=\"article\" \/>\n<meta property=\"og:title\" content=\"Arensburg Kalkkikivi, sahattu - Saxby Stone\" \/>\n<meta property=\"og:description\" content=\"Sahattu pinta tuo esiin Arensburg kalkkikiven tyylikk\u00e4\u00e4n vaaleanharmaan s\u00e4vyn, joka soveltuu erityisesti ulkok\u00e4ytt\u00f6\u00f6n, esimerkiksi julkisivulaattoina. T\u00e4m\u00e4 kalkkikivi on eritt\u00e4in kest\u00e4v\u00e4 toistuvissa j\u00e4\u00e4tymis- ja sulamissykleiss\u00e4, mink\u00e4 vuoksi se onkin yksi harvoista ulkok\u00e4ytt\u00f6\u00f6n soveltuvista kalkkikivist\u00e4 pohjoismaisissa olosuhteissa. Louhittu l\u00e4hell\u00e4 It\u00e4merta, Arensburg kalkkikivi on erityisesti ruotsalaisten asiakkaidemme suosiossa.  Hinta n\u00e4kyy, kun valitset koon. Ilmainen toimitus yli 25 m\u00b2 tilauksille.\" \/>\n<meta property=\"og:url\" content=\"https:\/\/saxbystone.com\/fi\/tuote\/arensburg-sahattu\/\" \/>\n<meta property=\"og:site_name\" content=\"Saxby Stone\" \/>\n<meta property=\"article:modified_time\" content=\"2025-11-26T09:57:43+00:00\" \/>\n<meta property=\"og:image\" content=\"https:\/\/saxbystone.com\/wp-content\/uploads\/2024\/10\/Arensburg-Sawn-Noblessner.jpg\" \/>\n\t<meta property=\"og:image:width\" content=\"1030\" \/>\n\t<meta property=\"og:image:height\" content=\"687\" \/>\n\t<meta property=\"og:image:type\" content=\"image\/jpeg\" \/>\n<meta name=\"twitter:card\" content=\"summary_large_image\" \/>\n<meta name=\"twitter:label1\" content=\"Arvioitu lukuaika\" \/>\n\t<meta name=\"twitter:data1\" content=\"1 minuutti\" \/>\n<script type=\"application\/ld+json\" class=\"yoast-schema-graph\">{\"@context\":\"https:\/\/schema.org\",\"@graph\":[{\"@type\":\"WebPage\",\"@id\":\"https:\/\/saxbystone.com\/fi\/tuote\/arensburg-sahattu\/\",\"url\":\"https:\/\/saxbystone.com\/fi\/tuote\/arensburg-sahattu\/\",\"name\":\"Arensburg Kalkkikivi, sahattu - Saxby Stone\",\"isPartOf\":{\"@id\":\"https:\/\/saxbystone.com\/fi\/#website\"},\"primaryImageOfPage\":{\"@id\":\"https:\/\/saxbystone.com\/fi\/tuote\/arensburg-sahattu\/#primaryimage\"},\"image\":{\"@id\":\"https:\/\/saxbystone.com\/fi\/tuote\/arensburg-sahattu\/#primaryimage\"},\"thumbnailUrl\":\"https:\/\/saxbystone.com\/wp-content\/uploads\/2024\/10\/Arensburg-Sawn-Noblessner.jpg\",\"datePublished\":\"2024-10-25T07:31:12+00:00\",\"dateModified\":\"2025-11-26T09:57:43+00:00\",\"breadcrumb\":{\"@id\":\"https:\/\/saxbystone.com\/fi\/tuote\/arensburg-sahattu\/#breadcrumb\"},\"inLanguage\":\"fi\",\"potentialAction\":[{\"@type\":\"ReadAction\",\"target\":[\"https:\/\/saxbystone.com\/fi\/tuote\/arensburg-sahattu\/\"]}]},{\"@type\":\"ImageObject\",\"inLanguage\":\"fi\",\"@id\":\"https:\/\/saxbystone.com\/fi\/tuote\/arensburg-sahattu\/#primaryimage\",\"url\":\"https:\/\/saxbystone.com\/wp-content\/uploads\/2024\/10\/Arensburg-Sawn-Noblessner.jpg\",\"contentUrl\":\"https:\/\/saxbystone.com\/wp-content\/uploads\/2024\/10\/Arensburg-Sawn-Noblessner.jpg\",\"width\":1030,\"height\":687},{\"@type\":\"BreadcrumbList\",\"@id\":\"https:\/\/saxbystone.com\/fi\/tuote\/arensburg-sahattu\/#breadcrumb\",\"itemListElement\":[{\"@type\":\"ListItem\",\"position\":1,\"name\":\"Home\",\"item\":\"https:\/\/saxbystone.com\/fi\/\"},{\"@type\":\"ListItem\",\"position\":2,\"name\":\"Kivilaatat\",\"item\":\"https:\/\/saxbystone.com\/stone-tiles\/\"},{\"@type\":\"ListItem\",\"position\":3,\"name\":\"Arensburg Kalkkikivi, sahattu\"}]},{\"@type\":\"WebSite\",\"@id\":\"https:\/\/saxbystone.com\/fi\/#website\",\"url\":\"https:\/\/saxbystone.com\/fi\/\",\"name\":\"Saxby Stone\",\"description\":\"Natural stone tiles\",\"publisher\":{\"@id\":\"https:\/\/saxbystone.com\/fi\/#organization\"},\"potentialAction\":[{\"@type\":\"SearchAction\",\"target\":{\"@type\":\"EntryPoint\",\"urlTemplate\":\"https:\/\/saxbystone.com\/fi\/?s={search_term_string}\"},\"query-input\":{\"@type\":\"PropertyValueSpecification\",\"valueRequired\":true,\"valueName\":\"search_term_string\"}}],\"inLanguage\":\"fi\"},{\"@type\":\"Organization\",\"@id\":\"https:\/\/saxbystone.com\/fi\/#organization\",\"name\":\"Saxby Stone\",\"url\":\"https:\/\/saxbystone.com\/fi\/\",\"logo\":{\"@type\":\"ImageObject\",\"inLanguage\":\"fi\",\"@id\":\"https:\/\/saxbystone.com\/fi\/#\/schema\/logo\/image\/\",\"url\":\"https:\/\/saxbystone.com\/wp-content\/uploads\/2024\/09\/cropped-Saxby-Stone-logo-official-1st.png\",\"contentUrl\":\"https:\/\/saxbystone.com\/wp-content\/uploads\/2024\/09\/cropped-Saxby-Stone-logo-official-1st.png\",\"width\":512,\"height\":512,\"caption\":\"Saxby Stone\"},\"image\":{\"@id\":\"https:\/\/saxbystone.com\/fi\/#\/schema\/logo\/image\/\"},\"sameAs\":[\"https:\/\/www.instagram.com\/saxbystone\/\"]}]}<\/script>\n<!-- \/ Yoast SEO plugin. -->","yoast_head_json":{"title":"Arensburg Kalkkikivi, sahattu - Saxby Stone","robots":{"index":"index","follow":"follow","max-snippet":"max-snippet:-1","max-image-preview":"max-image-preview:large","max-video-preview":"max-video-preview:-1"},"canonical":"https:\/\/saxbystone.com\/fi\/tuote\/arensburg-sahattu\/","og_locale":"fi_FI","og_type":"article","og_title":"Arensburg Kalkkikivi, sahattu - Saxby Stone","og_description":"Sahattu pinta tuo esiin Arensburg kalkkikiven tyylikk\u00e4\u00e4n vaaleanharmaan s\u00e4vyn, joka soveltuu erityisesti ulkok\u00e4ytt\u00f6\u00f6n, esimerkiksi julkisivulaattoina. T\u00e4m\u00e4 kalkkikivi on eritt\u00e4in kest\u00e4v\u00e4 toistuvissa j\u00e4\u00e4tymis- ja sulamissykleiss\u00e4, mink\u00e4 vuoksi se onkin yksi harvoista ulkok\u00e4ytt\u00f6\u00f6n soveltuvista kalkkikivist\u00e4 pohjoismaisissa olosuhteissa. Louhittu l\u00e4hell\u00e4 It\u00e4merta, Arensburg kalkkikivi on erityisesti ruotsalaisten asiakkaidemme suosiossa.  Hinta n\u00e4kyy, kun valitset koon. Ilmainen toimitus yli 25 m\u00b2 tilauksille.","og_url":"https:\/\/saxbystone.com\/fi\/tuote\/arensburg-sahattu\/","og_site_name":"Saxby Stone","article_modified_time":"2025-11-26T09:57:43+00:00","og_image":[{"width":1030,"height":687,"url":"https:\/\/saxbystone.com\/wp-content\/uploads\/2024\/10\/Arensburg-Sawn-Noblessner.jpg","type":"image\/jpeg"}],"twitter_card":"summary_large_image","twitter_misc":{"Arvioitu lukuaika":"1 minuutti"},"schema":{"@context":"https:\/\/schema.org","@graph":[{"@type":"WebPage","@id":"https:\/\/saxbystone.com\/fi\/tuote\/arensburg-sahattu\/","url":"https:\/\/saxbystone.com\/fi\/tuote\/arensburg-sahattu\/","name":"Arensburg Kalkkikivi, sahattu - Saxby Stone","isPartOf":{"@id":"https:\/\/saxbystone.com\/fi\/#website"},"primaryImageOfPage":{"@id":"https:\/\/saxbystone.com\/fi\/tuote\/arensburg-sahattu\/#primaryimage"},"image":{"@id":"https:\/\/saxbystone.com\/fi\/tuote\/arensburg-sahattu\/#primaryimage"},"thumbnailUrl":"https:\/\/saxbystone.com\/wp-content\/uploads\/2024\/10\/Arensburg-Sawn-Noblessner.jpg","datePublished":"2024-10-25T07:31:12+00:00","dateModified":"2025-11-26T09:57:43+00:00","breadcrumb":{"@id":"https:\/\/saxbystone.com\/fi\/tuote\/arensburg-sahattu\/#breadcrumb"},"inLanguage":"fi","potentialAction":[{"@type":"ReadAction","target":["https:\/\/saxbystone.com\/fi\/tuote\/arensburg-sahattu\/"]}]},{"@type":"ImageObject","inLanguage":"fi","@id":"https:\/\/saxbystone.com\/fi\/tuote\/arensburg-sahattu\/#primaryimage","url":"https:\/\/saxbystone.com\/wp-content\/uploads\/2024\/10\/Arensburg-Sawn-Noblessner.jpg","contentUrl":"https:\/\/saxbystone.com\/wp-content\/uploads\/2024\/10\/Arensburg-Sawn-Noblessner.jpg","width":1030,"height":687},{"@type":"BreadcrumbList","@id":"https:\/\/saxbystone.com\/fi\/tuote\/arensburg-sahattu\/#breadcrumb","itemListElement":[{"@type":"ListItem","position":1,"name":"Home","item":"https:\/\/saxbystone.com\/fi\/"},{"@type":"ListItem","position":2,"name":"Kivilaatat","item":"https:\/\/saxbystone.com\/stone-tiles\/"},{"@type":"ListItem","position":3,"name":"Arensburg Kalkkikivi, sahattu"}]},{"@type":"WebSite","@id":"https:\/\/saxbystone.com\/fi\/#website","url":"https:\/\/saxbystone.com\/fi\/","name":"Saxby Stone","description":"Natural stone tiles","publisher":{"@id":"https:\/\/saxbystone.com\/fi\/#organization"},"potentialAction":[{"@type":"SearchAction","target":{"@type":"EntryPoint","urlTemplate":"https:\/\/saxbystone.com\/fi\/?s={search_term_string}"},"query-input":{"@type":"PropertyValueSpecification","valueRequired":true,"valueName":"search_term_string"}}],"inLanguage":"fi"},{"@type":"Organization","@id":"https:\/\/saxbystone.com\/fi\/#organization","name":"Saxby Stone","url":"https:\/\/saxbystone.com\/fi\/","logo":{"@type":"ImageObject","inLanguage":"fi","@id":"https:\/\/saxbystone.com\/fi\/#\/schema\/logo\/image\/","url":"https:\/\/saxbystone.com\/wp-content\/uploads\/2024\/09\/cropped-Saxby-Stone-logo-official-1st.png","contentUrl":"https:\/\/saxbystone.com\/wp-content\/uploads\/2024\/09\/cropped-Saxby-Stone-logo-official-1st.png","width":512,"height":512,"caption":"Saxby Stone"},"image":{"@id":"https:\/\/saxbystone.com\/fi\/#\/schema\/logo\/image\/"},"sameAs":["https:\/\/www.instagram.com\/saxbystone\/"]}]}},"_links":{"self":[{"href":"https:\/\/saxbystone.com\/fi\/wp-json\/wp\/v2\/product\/3794","targetHints":{"allow":["GET"]}}],"collection":[{"href":"https:\/\/saxbystone.com\/fi\/wp-json\/wp\/v2\/product"}],"about":[{"href":"https:\/\/saxbystone.com\/fi\/wp-json\/wp\/v2\/types\/product"}],"wp:featuredmedia":[{"embeddable":true,"href":"https:\/\/saxbystone.com\/fi\/wp-json\/wp\/v2\/media\/7332"}],"wp:attachment":[{"href":"https:\/\/saxbystone.com\/fi\/wp-json\/wp\/v2\/media?parent=3794"}],"wp:term":[{"taxonomy":"product_brand","embeddable":true,"href":"https:\/\/saxbystone.com\/fi\/wp-json\/wp\/v2\/product_brand?post=3794"},{"taxonomy":"product_cat","embeddable":true,"href":"https:\/\/saxbystone.com\/fi\/wp-json\/wp\/v2\/product_cat?post=3794"},{"taxonomy":"product_tag","embeddable":true,"href":"https:\/\/saxbystone.com\/fi\/wp-json\/wp\/v2\/product_tag?post=3794"}],"curies":[{"name":"wp","href":"https:\/\/api.w.org\/{rel}","templated":true}]}}