{"id":3790,"date":"2024-10-25T10:41:15","date_gmt":"2024-10-25T07:41:15","guid":{"rendered":"https:\/\/saxbystone.com\/product\/livonia-kalkkikivi\/"},"modified":"2026-04-08T10:58:39","modified_gmt":"2026-04-08T07:58:39","slug":"livonia","status":"publish","type":"product","link":"https:\/\/saxbystone.com\/fi\/tuote\/livonia\/","title":{"rendered":"Livonia Kalkkikivi"},"content":{"rendered":"","protected":false},"excerpt":{"rendered":"<p>T\u00e4m\u00e4 kalkkikivi yhdist\u00e4\u00e4 neutraalin harmaanvihre\u00e4n s\u00e4vyn ja runsaasti fossiilisia yksityiskohtia, mik\u00e4 tuo esiin sen ainutlaatuisuuden ja estetiikan. Livonia-kalkkikivi tunnetaan my\u00f6s \u00e4\u00e4rimm\u00e4isest\u00e4 kovuudestaan, mik\u00e4 tekee siit\u00e4 kest\u00e4v\u00e4n valinnan kodin kaikkiin tiloihin, kuten kylpyhuoneisiin ja keitti\u00f6ihin.<\/p>\n<p>Kiven kest\u00e4vyys ja ajaton kauneus ovat tehneet siit\u00e4 suositun valinnan arkkitehtien keskuudessa. \u00c4skett\u00e4in sit\u00e4 on k\u00e4ytetty suuren toimistorakennuksen ulkojulkisivupaneeleissa M\u00fcncheniss\u00e4, korostaen sen monipuolisuutta ja tyylikkyytt\u00e4. Kivi louhitaan syv\u00e4ll\u00e4 maanalaisissa kammioissa k\u00e4ytt\u00e4en ymp\u00e4rist\u00f6yst\u00e4v\u00e4llisi\u00e4 tekniikoita, jotka v\u00e4hent\u00e4v\u00e4t vaikutuksia ymp\u00e4rist\u00f6\u00f6n ja varmistavat kest\u00e4v\u00e4n tuotannon.<\/p>\n<p>Pintak\u00e4sittelyvaihtoehdot: hiottu ja harjattu.<\/p>\n<p><em>Hinta n\u00e4kyy, kun valitset koon. Ilmainen toimitus yli 25 m\u00b2 tilauksille.<\/em><\/p>\n","protected":false},"featured_media":7675,"template":"","meta":{"_acf_changed":false},"product_brand":[],"product_cat":[90,52,76],"product_tag":[],"class_list":{"0":"post-3790","1":"product","2":"type-product","3":"status-publish","4":"has-post-thumbnail","6":"product_cat-kaikki-laatat","7":"product_cat-lattia-ja-seinalaatat","8":"product_cat-tyotasot-ikkunalautat","10":"first","11":"instock","12":"shipping-taxable","13":"purchasable","14":"product-type-variable","15":"add-to-wishlist-after_add_to_cart"},"acf":[],"yoast_head":"<!-- This site is optimized with the Yoast SEO plugin v26.4 - https:\/\/yoast.com\/wordpress\/plugins\/seo\/ -->\n<title>Livonia Kalkkikivi - Saxby Stone<\/title>\n<meta name=\"robots\" content=\"index, follow, max-snippet:-1, max-image-preview:large, max-video-preview:-1\" \/>\n<link rel=\"canonical\" href=\"https:\/\/saxbystone.com\/fi\/tuote\/livonia\/\" \/>\n<meta property=\"og:locale\" content=\"fi_FI\" \/>\n<meta property=\"og:type\" content=\"article\" \/>\n<meta property=\"og:title\" content=\"Livonia Kalkkikivi - Saxby Stone\" \/>\n<meta property=\"og:description\" content=\"T\u00e4m\u00e4 kalkkikivi yhdist\u00e4\u00e4 neutraalin harmaanvihre\u00e4n s\u00e4vyn ja runsaasti fossiilisia yksityiskohtia, mik\u00e4 tuo esiin sen ainutlaatuisuuden ja estetiikan. Livonia-kalkkikivi tunnetaan my\u00f6s \u00e4\u00e4rimm\u00e4isest\u00e4 kovuudestaan, mik\u00e4 tekee siit\u00e4 kest\u00e4v\u00e4n valinnan kodin kaikkiin tiloihin, kuten kylpyhuoneisiin ja keitti\u00f6ihin.  Kiven kest\u00e4vyys ja ajaton kauneus ovat tehneet siit\u00e4 suositun valinnan arkkitehtien keskuudessa. \u00c4skett\u00e4in sit\u00e4 on k\u00e4ytetty suuren toimistorakennuksen ulkojulkisivupaneeleissa M\u00fcncheniss\u00e4, korostaen sen monipuolisuutta ja tyylikkyytt\u00e4. Kivi louhitaan syv\u00e4ll\u00e4 maanalaisissa kammioissa k\u00e4ytt\u00e4en ymp\u00e4rist\u00f6yst\u00e4v\u00e4llisi\u00e4 tekniikoita, jotka v\u00e4hent\u00e4v\u00e4t vaikutuksia ymp\u00e4rist\u00f6\u00f6n ja varmistavat kest\u00e4v\u00e4n tuotannon.  Pintak\u00e4sittelyvaihtoehdot: hiottu ja harjattu.  Hinta n\u00e4kyy, kun valitset koon. Ilmainen toimitus yli 25 m\u00b2 tilauksille.\" \/>\n<meta property=\"og:url\" content=\"https:\/\/saxbystone.com\/fi\/tuote\/livonia\/\" \/>\n<meta property=\"og:site_name\" content=\"Saxby Stone\" \/>\n<meta property=\"article:modified_time\" content=\"2026-04-08T07:58:39+00:00\" \/>\n<meta property=\"og:image\" content=\"https:\/\/saxbystone.com\/wp-content\/uploads\/2024\/10\/Livonia-limestone-min-scaled.jpg\" \/>\n\t<meta property=\"og:image:width\" content=\"2560\" \/>\n\t<meta property=\"og:image:height\" content=\"2348\" \/>\n\t<meta property=\"og:image:type\" content=\"image\/jpeg\" \/>\n<meta name=\"twitter:card\" content=\"summary_large_image\" \/>\n<meta name=\"twitter:label1\" content=\"Arvioitu lukuaika\" \/>\n\t<meta name=\"twitter:data1\" content=\"1 minuutti\" \/>\n<script type=\"application\/ld+json\" class=\"yoast-schema-graph\">{\"@context\":\"https:\/\/schema.org\",\"@graph\":[{\"@type\":\"WebPage\",\"@id\":\"https:\/\/saxbystone.com\/fi\/tuote\/livonia\/\",\"url\":\"https:\/\/saxbystone.com\/fi\/tuote\/livonia\/\",\"name\":\"Livonia Kalkkikivi - Saxby Stone\",\"isPartOf\":{\"@id\":\"https:\/\/saxbystone.com\/fi\/#website\"},\"primaryImageOfPage\":{\"@id\":\"https:\/\/saxbystone.com\/fi\/tuote\/livonia\/#primaryimage\"},\"image\":{\"@id\":\"https:\/\/saxbystone.com\/fi\/tuote\/livonia\/#primaryimage\"},\"thumbnailUrl\":\"https:\/\/saxbystone.com\/wp-content\/uploads\/2024\/10\/Livonia-limestone-min-scaled.jpg\",\"datePublished\":\"2024-10-25T07:41:15+00:00\",\"dateModified\":\"2026-04-08T07:58:39+00:00\",\"breadcrumb\":{\"@id\":\"https:\/\/saxbystone.com\/fi\/tuote\/livonia\/#breadcrumb\"},\"inLanguage\":\"fi\",\"potentialAction\":[{\"@type\":\"ReadAction\",\"target\":[\"https:\/\/saxbystone.com\/fi\/tuote\/livonia\/\"]}]},{\"@type\":\"ImageObject\",\"inLanguage\":\"fi\",\"@id\":\"https:\/\/saxbystone.com\/fi\/tuote\/livonia\/#primaryimage\",\"url\":\"https:\/\/saxbystone.com\/wp-content\/uploads\/2024\/10\/Livonia-limestone-min-scaled.jpg\",\"contentUrl\":\"https:\/\/saxbystone.com\/wp-content\/uploads\/2024\/10\/Livonia-limestone-min-scaled.jpg\",\"width\":2560,\"height\":2348},{\"@type\":\"BreadcrumbList\",\"@id\":\"https:\/\/saxbystone.com\/fi\/tuote\/livonia\/#breadcrumb\",\"itemListElement\":[{\"@type\":\"ListItem\",\"position\":1,\"name\":\"Home\",\"item\":\"https:\/\/saxbystone.com\/fi\/\"},{\"@type\":\"ListItem\",\"position\":2,\"name\":\"Kivilaatat\",\"item\":\"https:\/\/saxbystone.com\/stone-tiles\/\"},{\"@type\":\"ListItem\",\"position\":3,\"name\":\"Livonia Kalkkikivi\"}]},{\"@type\":\"WebSite\",\"@id\":\"https:\/\/saxbystone.com\/fi\/#website\",\"url\":\"https:\/\/saxbystone.com\/fi\/\",\"name\":\"Saxby Stone\",\"description\":\"Natural stone tiles\",\"publisher\":{\"@id\":\"https:\/\/saxbystone.com\/fi\/#organization\"},\"potentialAction\":[{\"@type\":\"SearchAction\",\"target\":{\"@type\":\"EntryPoint\",\"urlTemplate\":\"https:\/\/saxbystone.com\/fi\/?s={search_term_string}\"},\"query-input\":{\"@type\":\"PropertyValueSpecification\",\"valueRequired\":true,\"valueName\":\"search_term_string\"}}],\"inLanguage\":\"fi\"},{\"@type\":\"Organization\",\"@id\":\"https:\/\/saxbystone.com\/fi\/#organization\",\"name\":\"Saxby Stone\",\"url\":\"https:\/\/saxbystone.com\/fi\/\",\"logo\":{\"@type\":\"ImageObject\",\"inLanguage\":\"fi\",\"@id\":\"https:\/\/saxbystone.com\/fi\/#\/schema\/logo\/image\/\",\"url\":\"https:\/\/saxbystone.com\/wp-content\/uploads\/2024\/09\/cropped-Saxby-Stone-logo-official-1st.png\",\"contentUrl\":\"https:\/\/saxbystone.com\/wp-content\/uploads\/2024\/09\/cropped-Saxby-Stone-logo-official-1st.png\",\"width\":512,\"height\":512,\"caption\":\"Saxby Stone\"},\"image\":{\"@id\":\"https:\/\/saxbystone.com\/fi\/#\/schema\/logo\/image\/\"},\"sameAs\":[\"https:\/\/www.instagram.com\/saxbystone\/\"]}]}<\/script>\n<!-- \/ Yoast SEO plugin. -->","yoast_head_json":{"title":"Livonia Kalkkikivi - Saxby Stone","robots":{"index":"index","follow":"follow","max-snippet":"max-snippet:-1","max-image-preview":"max-image-preview:large","max-video-preview":"max-video-preview:-1"},"canonical":"https:\/\/saxbystone.com\/fi\/tuote\/livonia\/","og_locale":"fi_FI","og_type":"article","og_title":"Livonia Kalkkikivi - Saxby Stone","og_description":"T\u00e4m\u00e4 kalkkikivi yhdist\u00e4\u00e4 neutraalin harmaanvihre\u00e4n s\u00e4vyn ja runsaasti fossiilisia yksityiskohtia, mik\u00e4 tuo esiin sen ainutlaatuisuuden ja estetiikan. Livonia-kalkkikivi tunnetaan my\u00f6s \u00e4\u00e4rimm\u00e4isest\u00e4 kovuudestaan, mik\u00e4 tekee siit\u00e4 kest\u00e4v\u00e4n valinnan kodin kaikkiin tiloihin, kuten kylpyhuoneisiin ja keitti\u00f6ihin.  Kiven kest\u00e4vyys ja ajaton kauneus ovat tehneet siit\u00e4 suositun valinnan arkkitehtien keskuudessa. \u00c4skett\u00e4in sit\u00e4 on k\u00e4ytetty suuren toimistorakennuksen ulkojulkisivupaneeleissa M\u00fcncheniss\u00e4, korostaen sen monipuolisuutta ja tyylikkyytt\u00e4. Kivi louhitaan syv\u00e4ll\u00e4 maanalaisissa kammioissa k\u00e4ytt\u00e4en ymp\u00e4rist\u00f6yst\u00e4v\u00e4llisi\u00e4 tekniikoita, jotka v\u00e4hent\u00e4v\u00e4t vaikutuksia ymp\u00e4rist\u00f6\u00f6n ja varmistavat kest\u00e4v\u00e4n tuotannon.  Pintak\u00e4sittelyvaihtoehdot: hiottu ja harjattu.  Hinta n\u00e4kyy, kun valitset koon. Ilmainen toimitus yli 25 m\u00b2 tilauksille.","og_url":"https:\/\/saxbystone.com\/fi\/tuote\/livonia\/","og_site_name":"Saxby Stone","article_modified_time":"2026-04-08T07:58:39+00:00","og_image":[{"width":2560,"height":2348,"url":"https:\/\/saxbystone.com\/wp-content\/uploads\/2024\/10\/Livonia-limestone-min-scaled.jpg","type":"image\/jpeg"}],"twitter_card":"summary_large_image","twitter_misc":{"Arvioitu lukuaika":"1 minuutti"},"schema":{"@context":"https:\/\/schema.org","@graph":[{"@type":"WebPage","@id":"https:\/\/saxbystone.com\/fi\/tuote\/livonia\/","url":"https:\/\/saxbystone.com\/fi\/tuote\/livonia\/","name":"Livonia Kalkkikivi - Saxby Stone","isPartOf":{"@id":"https:\/\/saxbystone.com\/fi\/#website"},"primaryImageOfPage":{"@id":"https:\/\/saxbystone.com\/fi\/tuote\/livonia\/#primaryimage"},"image":{"@id":"https:\/\/saxbystone.com\/fi\/tuote\/livonia\/#primaryimage"},"thumbnailUrl":"https:\/\/saxbystone.com\/wp-content\/uploads\/2024\/10\/Livonia-limestone-min-scaled.jpg","datePublished":"2024-10-25T07:41:15+00:00","dateModified":"2026-04-08T07:58:39+00:00","breadcrumb":{"@id":"https:\/\/saxbystone.com\/fi\/tuote\/livonia\/#breadcrumb"},"inLanguage":"fi","potentialAction":[{"@type":"ReadAction","target":["https:\/\/saxbystone.com\/fi\/tuote\/livonia\/"]}]},{"@type":"ImageObject","inLanguage":"fi","@id":"https:\/\/saxbystone.com\/fi\/tuote\/livonia\/#primaryimage","url":"https:\/\/saxbystone.com\/wp-content\/uploads\/2024\/10\/Livonia-limestone-min-scaled.jpg","contentUrl":"https:\/\/saxbystone.com\/wp-content\/uploads\/2024\/10\/Livonia-limestone-min-scaled.jpg","width":2560,"height":2348},{"@type":"BreadcrumbList","@id":"https:\/\/saxbystone.com\/fi\/tuote\/livonia\/#breadcrumb","itemListElement":[{"@type":"ListItem","position":1,"name":"Home","item":"https:\/\/saxbystone.com\/fi\/"},{"@type":"ListItem","position":2,"name":"Kivilaatat","item":"https:\/\/saxbystone.com\/stone-tiles\/"},{"@type":"ListItem","position":3,"name":"Livonia Kalkkikivi"}]},{"@type":"WebSite","@id":"https:\/\/saxbystone.com\/fi\/#website","url":"https:\/\/saxbystone.com\/fi\/","name":"Saxby Stone","description":"Natural stone tiles","publisher":{"@id":"https:\/\/saxbystone.com\/fi\/#organization"},"potentialAction":[{"@type":"SearchAction","target":{"@type":"EntryPoint","urlTemplate":"https:\/\/saxbystone.com\/fi\/?s={search_term_string}"},"query-input":{"@type":"PropertyValueSpecification","valueRequired":true,"valueName":"search_term_string"}}],"inLanguage":"fi"},{"@type":"Organization","@id":"https:\/\/saxbystone.com\/fi\/#organization","name":"Saxby Stone","url":"https:\/\/saxbystone.com\/fi\/","logo":{"@type":"ImageObject","inLanguage":"fi","@id":"https:\/\/saxbystone.com\/fi\/#\/schema\/logo\/image\/","url":"https:\/\/saxbystone.com\/wp-content\/uploads\/2024\/09\/cropped-Saxby-Stone-logo-official-1st.png","contentUrl":"https:\/\/saxbystone.com\/wp-content\/uploads\/2024\/09\/cropped-Saxby-Stone-logo-official-1st.png","width":512,"height":512,"caption":"Saxby Stone"},"image":{"@id":"https:\/\/saxbystone.com\/fi\/#\/schema\/logo\/image\/"},"sameAs":["https:\/\/www.instagram.com\/saxbystone\/"]}]}},"_links":{"self":[{"href":"https:\/\/saxbystone.com\/fi\/wp-json\/wp\/v2\/product\/3790","targetHints":{"allow":["GET"]}}],"collection":[{"href":"https:\/\/saxbystone.com\/fi\/wp-json\/wp\/v2\/product"}],"about":[{"href":"https:\/\/saxbystone.com\/fi\/wp-json\/wp\/v2\/types\/product"}],"wp:featuredmedia":[{"embeddable":true,"href":"https:\/\/saxbystone.com\/fi\/wp-json\/wp\/v2\/media\/7675"}],"wp:attachment":[{"href":"https:\/\/saxbystone.com\/fi\/wp-json\/wp\/v2\/media?parent=3790"}],"wp:term":[{"taxonomy":"product_brand","embeddable":true,"href":"https:\/\/saxbystone.com\/fi\/wp-json\/wp\/v2\/product_brand?post=3790"},{"taxonomy":"product_cat","embeddable":true,"href":"https:\/\/saxbystone.com\/fi\/wp-json\/wp\/v2\/product_cat?post=3790"},{"taxonomy":"product_tag","embeddable":true,"href":"https:\/\/saxbystone.com\/fi\/wp-json\/wp\/v2\/product_tag?post=3790"}],"curies":[{"name":"wp","href":"https:\/\/api.w.org\/{rel}","templated":true}]}}