{"id":3753,"date":"2024-10-25T13:59:26","date_gmt":"2024-10-25T10:59:26","guid":{"rendered":"https:\/\/saxbystone.com\/product\/ahvenanmaan-harmaa-beige-kalkkikivi\/"},"modified":"2025-12-04T10:24:12","modified_gmt":"2025-12-04T08:24:12","slug":"aland-grey-beige","status":"publish","type":"product","link":"https:\/\/saxbystone.com\/fi\/tuote\/aland-grey-beige\/","title":{"rendered":"\u00c5land Grey-Beige Kalkkikivi"},"content":{"rendered":"","protected":false},"excerpt":{"rendered":"<p>\u00c5land Grey-Beige kalkkikivi yhdist\u00e4\u00e4 sini-beigen s\u00e4vyt, jotka heijastavat It\u00e4meren tunnelmia. T\u00e4m\u00e4 kivi sopii erinomaisesti nykyaikaisiin asuin- ja huvilaprojekteihin.<\/p>\n<p>Pakkasenkest\u00e4v\u00e4n\u00e4 materiaalina se soveltuu my\u00f6s ulkok\u00e4ytt\u00f6\u00f6n, kuten julkisivulaatoituksiin. Olemme toimittaneet t\u00e4t\u00e4 kalkkikive\u00e4 esimerkiksi kauppakeskusten suurikokoisiin sein\u00e4laattoihin (1200 x 600 mm), joissa suorakaiteen muotoiset urat tuovat modernin ilmeen.<\/p>\n<p>Pintak\u00e4sittelyvaihtoehdot: hiottu.<\/p>\n<p><em>Hinta n\u00e4kyy, kun valitset koon. Ilmainen toimitus yli 25 m\u00b2 tilauksille.<\/em><\/p>\n","protected":false},"featured_media":2830,"template":"","meta":{"_acf_changed":false},"product_brand":[],"product_cat":[90,52,76,67,73,70],"product_tag":[],"class_list":{"0":"post-3753","1":"product","2":"type-product","3":"status-publish","4":"has-post-thumbnail","6":"product_cat-kaikki-laatat","7":"product_cat-lattia-ja-seinalaatat","8":"product_cat-tyotasot-ikkunalautat","9":"product_cat-julkisivukivi","10":"product_cat-kivilaatat","11":"product_cat-liiketilat","13":"first","14":"instock","15":"shipping-taxable","16":"purchasable","17":"product-type-variable","18":"add-to-wishlist-after_add_to_cart"},"acf":[],"yoast_head":"<!-- This site is optimized with the Yoast SEO plugin v26.4 - https:\/\/yoast.com\/wordpress\/plugins\/seo\/ -->\n<title>\u00c5land Grey-Beige Kalkkikivi - Saxby Stone<\/title>\n<meta name=\"robots\" content=\"index, follow, max-snippet:-1, max-image-preview:large, max-video-preview:-1\" \/>\n<link rel=\"canonical\" href=\"https:\/\/saxbystone.com\/fi\/tuote\/aland-grey-beige\/\" \/>\n<meta property=\"og:locale\" content=\"fi_FI\" \/>\n<meta property=\"og:type\" content=\"article\" \/>\n<meta property=\"og:title\" content=\"\u00c5land Grey-Beige Kalkkikivi - Saxby Stone\" \/>\n<meta property=\"og:description\" content=\"\u00c5land Grey-Beige kalkkikivi yhdist\u00e4\u00e4 sini-beigen s\u00e4vyt, jotka heijastavat It\u00e4meren tunnelmia. T\u00e4m\u00e4 kivi sopii erinomaisesti nykyaikaisiin asuin- ja huvilaprojekteihin.  Pakkasenkest\u00e4v\u00e4n\u00e4 materiaalina se soveltuu my\u00f6s ulkok\u00e4ytt\u00f6\u00f6n, kuten julkisivulaatoituksiin. Olemme toimittaneet t\u00e4t\u00e4 kalkkikive\u00e4 esimerkiksi kauppakeskusten suurikokoisiin sein\u00e4laattoihin (1200 x 600 mm), joissa suorakaiteen muotoiset urat tuovat modernin ilmeen.  Pintak\u00e4sittelyvaihtoehdot: hiottu.  Hinta n\u00e4kyy, kun valitset koon. Ilmainen toimitus yli 25 m\u00b2 tilauksille.\" \/>\n<meta property=\"og:url\" content=\"https:\/\/saxbystone.com\/fi\/tuote\/aland-grey-beige\/\" \/>\n<meta property=\"og:site_name\" content=\"Saxby Stone\" \/>\n<meta property=\"article:modified_time\" content=\"2025-12-04T08:24:12+00:00\" \/>\n<meta property=\"og:image\" content=\"https:\/\/saxbystone.com\/wp-content\/uploads\/2024\/10\/Aland-Grey-Beige-Porto-Franco.jpg\" \/>\n\t<meta property=\"og:image:width\" content=\"900\" \/>\n\t<meta property=\"og:image:height\" content=\"600\" \/>\n\t<meta property=\"og:image:type\" content=\"image\/jpeg\" \/>\n<meta name=\"twitter:card\" content=\"summary_large_image\" \/>\n<meta name=\"twitter:label1\" content=\"Arvioitu lukuaika\" \/>\n\t<meta name=\"twitter:data1\" content=\"1 minuutti\" \/>\n<script type=\"application\/ld+json\" class=\"yoast-schema-graph\">{\"@context\":\"https:\/\/schema.org\",\"@graph\":[{\"@type\":\"WebPage\",\"@id\":\"https:\/\/saxbystone.com\/fi\/tuote\/aland-grey-beige\/\",\"url\":\"https:\/\/saxbystone.com\/fi\/tuote\/aland-grey-beige\/\",\"name\":\"\u00c5land Grey-Beige Kalkkikivi - Saxby Stone\",\"isPartOf\":{\"@id\":\"https:\/\/saxbystone.com\/fi\/#website\"},\"primaryImageOfPage\":{\"@id\":\"https:\/\/saxbystone.com\/fi\/tuote\/aland-grey-beige\/#primaryimage\"},\"image\":{\"@id\":\"https:\/\/saxbystone.com\/fi\/tuote\/aland-grey-beige\/#primaryimage\"},\"thumbnailUrl\":\"https:\/\/saxbystone.com\/wp-content\/uploads\/2024\/10\/Aland-Grey-Beige-Porto-Franco.jpg\",\"datePublished\":\"2024-10-25T10:59:26+00:00\",\"dateModified\":\"2025-12-04T08:24:12+00:00\",\"breadcrumb\":{\"@id\":\"https:\/\/saxbystone.com\/fi\/tuote\/aland-grey-beige\/#breadcrumb\"},\"inLanguage\":\"fi\",\"potentialAction\":[{\"@type\":\"ReadAction\",\"target\":[\"https:\/\/saxbystone.com\/fi\/tuote\/aland-grey-beige\/\"]}]},{\"@type\":\"ImageObject\",\"inLanguage\":\"fi\",\"@id\":\"https:\/\/saxbystone.com\/fi\/tuote\/aland-grey-beige\/#primaryimage\",\"url\":\"https:\/\/saxbystone.com\/wp-content\/uploads\/2024\/10\/Aland-Grey-Beige-Porto-Franco.jpg\",\"contentUrl\":\"https:\/\/saxbystone.com\/wp-content\/uploads\/2024\/10\/Aland-Grey-Beige-Porto-Franco.jpg\",\"width\":900,\"height\":600},{\"@type\":\"BreadcrumbList\",\"@id\":\"https:\/\/saxbystone.com\/fi\/tuote\/aland-grey-beige\/#breadcrumb\",\"itemListElement\":[{\"@type\":\"ListItem\",\"position\":1,\"name\":\"Home\",\"item\":\"https:\/\/saxbystone.com\/fi\/\"},{\"@type\":\"ListItem\",\"position\":2,\"name\":\"Kivilaatat\",\"item\":\"https:\/\/saxbystone.com\/stone-tiles\/\"},{\"@type\":\"ListItem\",\"position\":3,\"name\":\"\u00c5land Grey-Beige Kalkkikivi\"}]},{\"@type\":\"WebSite\",\"@id\":\"https:\/\/saxbystone.com\/fi\/#website\",\"url\":\"https:\/\/saxbystone.com\/fi\/\",\"name\":\"Saxby Stone\",\"description\":\"Natural stone tiles\",\"publisher\":{\"@id\":\"https:\/\/saxbystone.com\/fi\/#organization\"},\"potentialAction\":[{\"@type\":\"SearchAction\",\"target\":{\"@type\":\"EntryPoint\",\"urlTemplate\":\"https:\/\/saxbystone.com\/fi\/?s={search_term_string}\"},\"query-input\":{\"@type\":\"PropertyValueSpecification\",\"valueRequired\":true,\"valueName\":\"search_term_string\"}}],\"inLanguage\":\"fi\"},{\"@type\":\"Organization\",\"@id\":\"https:\/\/saxbystone.com\/fi\/#organization\",\"name\":\"Saxby Stone\",\"url\":\"https:\/\/saxbystone.com\/fi\/\",\"logo\":{\"@type\":\"ImageObject\",\"inLanguage\":\"fi\",\"@id\":\"https:\/\/saxbystone.com\/fi\/#\/schema\/logo\/image\/\",\"url\":\"https:\/\/saxbystone.com\/wp-content\/uploads\/2024\/09\/cropped-Saxby-Stone-logo-official-1st.png\",\"contentUrl\":\"https:\/\/saxbystone.com\/wp-content\/uploads\/2024\/09\/cropped-Saxby-Stone-logo-official-1st.png\",\"width\":512,\"height\":512,\"caption\":\"Saxby Stone\"},\"image\":{\"@id\":\"https:\/\/saxbystone.com\/fi\/#\/schema\/logo\/image\/\"},\"sameAs\":[\"https:\/\/www.instagram.com\/saxbystone\/\"]}]}<\/script>\n<!-- \/ Yoast SEO plugin. -->","yoast_head_json":{"title":"\u00c5land Grey-Beige Kalkkikivi - Saxby Stone","robots":{"index":"index","follow":"follow","max-snippet":"max-snippet:-1","max-image-preview":"max-image-preview:large","max-video-preview":"max-video-preview:-1"},"canonical":"https:\/\/saxbystone.com\/fi\/tuote\/aland-grey-beige\/","og_locale":"fi_FI","og_type":"article","og_title":"\u00c5land Grey-Beige Kalkkikivi - Saxby Stone","og_description":"\u00c5land Grey-Beige kalkkikivi yhdist\u00e4\u00e4 sini-beigen s\u00e4vyt, jotka heijastavat It\u00e4meren tunnelmia. T\u00e4m\u00e4 kivi sopii erinomaisesti nykyaikaisiin asuin- ja huvilaprojekteihin.  Pakkasenkest\u00e4v\u00e4n\u00e4 materiaalina se soveltuu my\u00f6s ulkok\u00e4ytt\u00f6\u00f6n, kuten julkisivulaatoituksiin. Olemme toimittaneet t\u00e4t\u00e4 kalkkikive\u00e4 esimerkiksi kauppakeskusten suurikokoisiin sein\u00e4laattoihin (1200 x 600 mm), joissa suorakaiteen muotoiset urat tuovat modernin ilmeen.  Pintak\u00e4sittelyvaihtoehdot: hiottu.  Hinta n\u00e4kyy, kun valitset koon. Ilmainen toimitus yli 25 m\u00b2 tilauksille.","og_url":"https:\/\/saxbystone.com\/fi\/tuote\/aland-grey-beige\/","og_site_name":"Saxby Stone","article_modified_time":"2025-12-04T08:24:12+00:00","og_image":[{"width":900,"height":600,"url":"https:\/\/saxbystone.com\/wp-content\/uploads\/2024\/10\/Aland-Grey-Beige-Porto-Franco.jpg","type":"image\/jpeg"}],"twitter_card":"summary_large_image","twitter_misc":{"Arvioitu lukuaika":"1 minuutti"},"schema":{"@context":"https:\/\/schema.org","@graph":[{"@type":"WebPage","@id":"https:\/\/saxbystone.com\/fi\/tuote\/aland-grey-beige\/","url":"https:\/\/saxbystone.com\/fi\/tuote\/aland-grey-beige\/","name":"\u00c5land Grey-Beige Kalkkikivi - Saxby Stone","isPartOf":{"@id":"https:\/\/saxbystone.com\/fi\/#website"},"primaryImageOfPage":{"@id":"https:\/\/saxbystone.com\/fi\/tuote\/aland-grey-beige\/#primaryimage"},"image":{"@id":"https:\/\/saxbystone.com\/fi\/tuote\/aland-grey-beige\/#primaryimage"},"thumbnailUrl":"https:\/\/saxbystone.com\/wp-content\/uploads\/2024\/10\/Aland-Grey-Beige-Porto-Franco.jpg","datePublished":"2024-10-25T10:59:26+00:00","dateModified":"2025-12-04T08:24:12+00:00","breadcrumb":{"@id":"https:\/\/saxbystone.com\/fi\/tuote\/aland-grey-beige\/#breadcrumb"},"inLanguage":"fi","potentialAction":[{"@type":"ReadAction","target":["https:\/\/saxbystone.com\/fi\/tuote\/aland-grey-beige\/"]}]},{"@type":"ImageObject","inLanguage":"fi","@id":"https:\/\/saxbystone.com\/fi\/tuote\/aland-grey-beige\/#primaryimage","url":"https:\/\/saxbystone.com\/wp-content\/uploads\/2024\/10\/Aland-Grey-Beige-Porto-Franco.jpg","contentUrl":"https:\/\/saxbystone.com\/wp-content\/uploads\/2024\/10\/Aland-Grey-Beige-Porto-Franco.jpg","width":900,"height":600},{"@type":"BreadcrumbList","@id":"https:\/\/saxbystone.com\/fi\/tuote\/aland-grey-beige\/#breadcrumb","itemListElement":[{"@type":"ListItem","position":1,"name":"Home","item":"https:\/\/saxbystone.com\/fi\/"},{"@type":"ListItem","position":2,"name":"Kivilaatat","item":"https:\/\/saxbystone.com\/stone-tiles\/"},{"@type":"ListItem","position":3,"name":"\u00c5land Grey-Beige Kalkkikivi"}]},{"@type":"WebSite","@id":"https:\/\/saxbystone.com\/fi\/#website","url":"https:\/\/saxbystone.com\/fi\/","name":"Saxby Stone","description":"Natural stone tiles","publisher":{"@id":"https:\/\/saxbystone.com\/fi\/#organization"},"potentialAction":[{"@type":"SearchAction","target":{"@type":"EntryPoint","urlTemplate":"https:\/\/saxbystone.com\/fi\/?s={search_term_string}"},"query-input":{"@type":"PropertyValueSpecification","valueRequired":true,"valueName":"search_term_string"}}],"inLanguage":"fi"},{"@type":"Organization","@id":"https:\/\/saxbystone.com\/fi\/#organization","name":"Saxby Stone","url":"https:\/\/saxbystone.com\/fi\/","logo":{"@type":"ImageObject","inLanguage":"fi","@id":"https:\/\/saxbystone.com\/fi\/#\/schema\/logo\/image\/","url":"https:\/\/saxbystone.com\/wp-content\/uploads\/2024\/09\/cropped-Saxby-Stone-logo-official-1st.png","contentUrl":"https:\/\/saxbystone.com\/wp-content\/uploads\/2024\/09\/cropped-Saxby-Stone-logo-official-1st.png","width":512,"height":512,"caption":"Saxby Stone"},"image":{"@id":"https:\/\/saxbystone.com\/fi\/#\/schema\/logo\/image\/"},"sameAs":["https:\/\/www.instagram.com\/saxbystone\/"]}]}},"_links":{"self":[{"href":"https:\/\/saxbystone.com\/fi\/wp-json\/wp\/v2\/product\/3753","targetHints":{"allow":["GET"]}}],"collection":[{"href":"https:\/\/saxbystone.com\/fi\/wp-json\/wp\/v2\/product"}],"about":[{"href":"https:\/\/saxbystone.com\/fi\/wp-json\/wp\/v2\/types\/product"}],"wp:featuredmedia":[{"embeddable":true,"href":"https:\/\/saxbystone.com\/fi\/wp-json\/wp\/v2\/media\/2830"}],"wp:attachment":[{"href":"https:\/\/saxbystone.com\/fi\/wp-json\/wp\/v2\/media?parent=3753"}],"wp:term":[{"taxonomy":"product_brand","embeddable":true,"href":"https:\/\/saxbystone.com\/fi\/wp-json\/wp\/v2\/product_brand?post=3753"},{"taxonomy":"product_cat","embeddable":true,"href":"https:\/\/saxbystone.com\/fi\/wp-json\/wp\/v2\/product_cat?post=3753"},{"taxonomy":"product_tag","embeddable":true,"href":"https:\/\/saxbystone.com\/fi\/wp-json\/wp\/v2\/product_tag?post=3753"}],"curies":[{"name":"wp","href":"https:\/\/api.w.org\/{rel}","templated":true}]}}