{"id":3741,"date":"2024-10-25T14:38:49","date_gmt":"2024-10-25T11:38:49","guid":{"rendered":"https:\/\/saxbystone.com\/product\/visbyn-kalkkikivi\/"},"modified":"2025-11-26T11:12:25","modified_gmt":"2025-11-26T09:12:25","slug":"visby","status":"publish","type":"product","link":"https:\/\/saxbystone.com\/fi\/tuote\/visby\/","title":{"rendered":"Visbyn Kalkkikivi"},"content":{"rendered":"","protected":false},"excerpt":{"rendered":"<p>Visbyn kalkkikivi on per\u00e4isin Pohjois-Virossa sijaitsevasta louhoksesta, joka on hiljattain otettu uudelleen k\u00e4ytt\u00f6\u00f6n. T\u00e4m\u00e4 hunajanv\u00e4rinen kalkkikivi on historiallisesti tunnettu, sill\u00e4 sit\u00e4 k\u00e4ytettiin Tallinnan, Tarton ja Riian rakennuksissa Ruotsin valtakunnan aikana (1561\u20131710).<\/p>\n<p>Sen erinomainen pakkaskest\u00e4vyys tekee \u00d6\u00f6lannin kalkkikivest\u00e4 t\u00e4ydellisen valinnan lattialaatoiksi ja ulkojulkisivulaatoiksi asuin- ja liikerakennuksiin Pohjoismaissa. T\u00e4m\u00e4 kivi kest\u00e4\u00e4 hyvin vaihtelevaa ilmastoa, ja sen kest\u00e4vyys sek\u00e4 kauneus s\u00e4ilyv\u00e4t pitk\u00e4\u00e4n my\u00f6s ankarissa s\u00e4\u00e4olosuhteissa.<\/p>\n<p>Pintak\u00e4sittelyvaihtoehdot: hiottu ja harjattu.<\/p>\n<p><em>Hinta n\u00e4kyy, kun valitset koon. Ilmainen toimitus yli 25 m\u00b2 tilauksille.<\/em><\/p>\n","protected":false},"featured_media":2964,"template":"","meta":{"_acf_changed":false},"product_brand":[],"product_cat":[90,52,67],"product_tag":[],"class_list":{"0":"post-3741","1":"product","2":"type-product","3":"status-publish","4":"has-post-thumbnail","6":"product_cat-kaikki-laatat","7":"product_cat-lattia-ja-seinalaatat","8":"product_cat-julkisivukivi","10":"first","11":"instock","12":"shipping-taxable","13":"purchasable","14":"product-type-variable","15":"add-to-wishlist-after_add_to_cart"},"acf":[],"yoast_head":"<!-- This site is optimized with the Yoast SEO plugin v26.4 - https:\/\/yoast.com\/wordpress\/plugins\/seo\/ -->\n<title>Visbyn Kalkkikivi - Saxby Stone<\/title>\n<meta name=\"robots\" content=\"index, follow, max-snippet:-1, max-image-preview:large, max-video-preview:-1\" \/>\n<link rel=\"canonical\" href=\"https:\/\/saxbystone.com\/fi\/tuote\/visby\/\" \/>\n<meta property=\"og:locale\" content=\"fi_FI\" \/>\n<meta property=\"og:type\" content=\"article\" \/>\n<meta property=\"og:title\" content=\"Visbyn Kalkkikivi - Saxby Stone\" \/>\n<meta property=\"og:description\" content=\"Visbyn kalkkikivi on per\u00e4isin Pohjois-Virossa sijaitsevasta louhoksesta, joka on hiljattain otettu uudelleen k\u00e4ytt\u00f6\u00f6n. T\u00e4m\u00e4 hunajanv\u00e4rinen kalkkikivi on historiallisesti tunnettu, sill\u00e4 sit\u00e4 k\u00e4ytettiin Tallinnan, Tarton ja Riian rakennuksissa Ruotsin valtakunnan aikana (1561\u20131710).  Sen erinomainen pakkaskest\u00e4vyys tekee \u00d6\u00f6lannin kalkkikivest\u00e4 t\u00e4ydellisen valinnan lattialaatoiksi ja ulkojulkisivulaatoiksi asuin- ja liikerakennuksiin Pohjoismaissa. T\u00e4m\u00e4 kivi kest\u00e4\u00e4 hyvin vaihtelevaa ilmastoa, ja sen kest\u00e4vyys sek\u00e4 kauneus s\u00e4ilyv\u00e4t pitk\u00e4\u00e4n my\u00f6s ankarissa s\u00e4\u00e4olosuhteissa.  Pintak\u00e4sittelyvaihtoehdot: hiottu ja harjattu.  Hinta n\u00e4kyy, kun valitset koon. Ilmainen toimitus yli 25 m\u00b2 tilauksille.\" \/>\n<meta property=\"og:url\" content=\"https:\/\/saxbystone.com\/fi\/tuote\/visby\/\" \/>\n<meta property=\"og:site_name\" content=\"Saxby Stone\" \/>\n<meta property=\"article:modified_time\" content=\"2025-11-26T09:12:25+00:00\" \/>\n<meta property=\"og:image\" content=\"https:\/\/saxbystone.com\/wp-content\/uploads\/2024\/10\/Visby-limestone.jpeg\" \/>\n\t<meta property=\"og:image:width\" content=\"1200\" \/>\n\t<meta property=\"og:image:height\" content=\"900\" \/>\n\t<meta property=\"og:image:type\" content=\"image\/jpeg\" \/>\n<meta name=\"twitter:card\" content=\"summary_large_image\" \/>\n<meta name=\"twitter:label1\" content=\"Arvioitu lukuaika\" \/>\n\t<meta name=\"twitter:data1\" content=\"1 minuutti\" \/>\n<script type=\"application\/ld+json\" class=\"yoast-schema-graph\">{\"@context\":\"https:\/\/schema.org\",\"@graph\":[{\"@type\":\"WebPage\",\"@id\":\"https:\/\/saxbystone.com\/fi\/tuote\/visby\/\",\"url\":\"https:\/\/saxbystone.com\/fi\/tuote\/visby\/\",\"name\":\"Visbyn Kalkkikivi - Saxby Stone\",\"isPartOf\":{\"@id\":\"https:\/\/saxbystone.com\/fi\/#website\"},\"primaryImageOfPage\":{\"@id\":\"https:\/\/saxbystone.com\/fi\/tuote\/visby\/#primaryimage\"},\"image\":{\"@id\":\"https:\/\/saxbystone.com\/fi\/tuote\/visby\/#primaryimage\"},\"thumbnailUrl\":\"https:\/\/saxbystone.com\/wp-content\/uploads\/2024\/10\/Visby-limestone.jpeg\",\"datePublished\":\"2024-10-25T11:38:49+00:00\",\"dateModified\":\"2025-11-26T09:12:25+00:00\",\"breadcrumb\":{\"@id\":\"https:\/\/saxbystone.com\/fi\/tuote\/visby\/#breadcrumb\"},\"inLanguage\":\"fi\",\"potentialAction\":[{\"@type\":\"ReadAction\",\"target\":[\"https:\/\/saxbystone.com\/fi\/tuote\/visby\/\"]}]},{\"@type\":\"ImageObject\",\"inLanguage\":\"fi\",\"@id\":\"https:\/\/saxbystone.com\/fi\/tuote\/visby\/#primaryimage\",\"url\":\"https:\/\/saxbystone.com\/wp-content\/uploads\/2024\/10\/Visby-limestone.jpeg\",\"contentUrl\":\"https:\/\/saxbystone.com\/wp-content\/uploads\/2024\/10\/Visby-limestone.jpeg\",\"width\":1200,\"height\":900},{\"@type\":\"BreadcrumbList\",\"@id\":\"https:\/\/saxbystone.com\/fi\/tuote\/visby\/#breadcrumb\",\"itemListElement\":[{\"@type\":\"ListItem\",\"position\":1,\"name\":\"Home\",\"item\":\"https:\/\/saxbystone.com\/fi\/\"},{\"@type\":\"ListItem\",\"position\":2,\"name\":\"Kivilaatat\",\"item\":\"https:\/\/saxbystone.com\/stone-tiles\/\"},{\"@type\":\"ListItem\",\"position\":3,\"name\":\"Visbyn Kalkkikivi\"}]},{\"@type\":\"WebSite\",\"@id\":\"https:\/\/saxbystone.com\/fi\/#website\",\"url\":\"https:\/\/saxbystone.com\/fi\/\",\"name\":\"Saxby Stone\",\"description\":\"Natural stone tiles\",\"publisher\":{\"@id\":\"https:\/\/saxbystone.com\/fi\/#organization\"},\"potentialAction\":[{\"@type\":\"SearchAction\",\"target\":{\"@type\":\"EntryPoint\",\"urlTemplate\":\"https:\/\/saxbystone.com\/fi\/?s={search_term_string}\"},\"query-input\":{\"@type\":\"PropertyValueSpecification\",\"valueRequired\":true,\"valueName\":\"search_term_string\"}}],\"inLanguage\":\"fi\"},{\"@type\":\"Organization\",\"@id\":\"https:\/\/saxbystone.com\/fi\/#organization\",\"name\":\"Saxby Stone\",\"url\":\"https:\/\/saxbystone.com\/fi\/\",\"logo\":{\"@type\":\"ImageObject\",\"inLanguage\":\"fi\",\"@id\":\"https:\/\/saxbystone.com\/fi\/#\/schema\/logo\/image\/\",\"url\":\"https:\/\/saxbystone.com\/wp-content\/uploads\/2024\/09\/cropped-Saxby-Stone-logo-official-1st.png\",\"contentUrl\":\"https:\/\/saxbystone.com\/wp-content\/uploads\/2024\/09\/cropped-Saxby-Stone-logo-official-1st.png\",\"width\":512,\"height\":512,\"caption\":\"Saxby Stone\"},\"image\":{\"@id\":\"https:\/\/saxbystone.com\/fi\/#\/schema\/logo\/image\/\"},\"sameAs\":[\"https:\/\/www.instagram.com\/saxbystone\/\"]}]}<\/script>\n<!-- \/ Yoast SEO plugin. -->","yoast_head_json":{"title":"Visbyn Kalkkikivi - Saxby Stone","robots":{"index":"index","follow":"follow","max-snippet":"max-snippet:-1","max-image-preview":"max-image-preview:large","max-video-preview":"max-video-preview:-1"},"canonical":"https:\/\/saxbystone.com\/fi\/tuote\/visby\/","og_locale":"fi_FI","og_type":"article","og_title":"Visbyn Kalkkikivi - Saxby Stone","og_description":"Visbyn kalkkikivi on per\u00e4isin Pohjois-Virossa sijaitsevasta louhoksesta, joka on hiljattain otettu uudelleen k\u00e4ytt\u00f6\u00f6n. T\u00e4m\u00e4 hunajanv\u00e4rinen kalkkikivi on historiallisesti tunnettu, sill\u00e4 sit\u00e4 k\u00e4ytettiin Tallinnan, Tarton ja Riian rakennuksissa Ruotsin valtakunnan aikana (1561\u20131710).  Sen erinomainen pakkaskest\u00e4vyys tekee \u00d6\u00f6lannin kalkkikivest\u00e4 t\u00e4ydellisen valinnan lattialaatoiksi ja ulkojulkisivulaatoiksi asuin- ja liikerakennuksiin Pohjoismaissa. T\u00e4m\u00e4 kivi kest\u00e4\u00e4 hyvin vaihtelevaa ilmastoa, ja sen kest\u00e4vyys sek\u00e4 kauneus s\u00e4ilyv\u00e4t pitk\u00e4\u00e4n my\u00f6s ankarissa s\u00e4\u00e4olosuhteissa.  Pintak\u00e4sittelyvaihtoehdot: hiottu ja harjattu.  Hinta n\u00e4kyy, kun valitset koon. Ilmainen toimitus yli 25 m\u00b2 tilauksille.","og_url":"https:\/\/saxbystone.com\/fi\/tuote\/visby\/","og_site_name":"Saxby Stone","article_modified_time":"2025-11-26T09:12:25+00:00","og_image":[{"width":1200,"height":900,"url":"https:\/\/saxbystone.com\/wp-content\/uploads\/2024\/10\/Visby-limestone.jpeg","type":"image\/jpeg"}],"twitter_card":"summary_large_image","twitter_misc":{"Arvioitu lukuaika":"1 minuutti"},"schema":{"@context":"https:\/\/schema.org","@graph":[{"@type":"WebPage","@id":"https:\/\/saxbystone.com\/fi\/tuote\/visby\/","url":"https:\/\/saxbystone.com\/fi\/tuote\/visby\/","name":"Visbyn Kalkkikivi - Saxby Stone","isPartOf":{"@id":"https:\/\/saxbystone.com\/fi\/#website"},"primaryImageOfPage":{"@id":"https:\/\/saxbystone.com\/fi\/tuote\/visby\/#primaryimage"},"image":{"@id":"https:\/\/saxbystone.com\/fi\/tuote\/visby\/#primaryimage"},"thumbnailUrl":"https:\/\/saxbystone.com\/wp-content\/uploads\/2024\/10\/Visby-limestone.jpeg","datePublished":"2024-10-25T11:38:49+00:00","dateModified":"2025-11-26T09:12:25+00:00","breadcrumb":{"@id":"https:\/\/saxbystone.com\/fi\/tuote\/visby\/#breadcrumb"},"inLanguage":"fi","potentialAction":[{"@type":"ReadAction","target":["https:\/\/saxbystone.com\/fi\/tuote\/visby\/"]}]},{"@type":"ImageObject","inLanguage":"fi","@id":"https:\/\/saxbystone.com\/fi\/tuote\/visby\/#primaryimage","url":"https:\/\/saxbystone.com\/wp-content\/uploads\/2024\/10\/Visby-limestone.jpeg","contentUrl":"https:\/\/saxbystone.com\/wp-content\/uploads\/2024\/10\/Visby-limestone.jpeg","width":1200,"height":900},{"@type":"BreadcrumbList","@id":"https:\/\/saxbystone.com\/fi\/tuote\/visby\/#breadcrumb","itemListElement":[{"@type":"ListItem","position":1,"name":"Home","item":"https:\/\/saxbystone.com\/fi\/"},{"@type":"ListItem","position":2,"name":"Kivilaatat","item":"https:\/\/saxbystone.com\/stone-tiles\/"},{"@type":"ListItem","position":3,"name":"Visbyn Kalkkikivi"}]},{"@type":"WebSite","@id":"https:\/\/saxbystone.com\/fi\/#website","url":"https:\/\/saxbystone.com\/fi\/","name":"Saxby Stone","description":"Natural stone tiles","publisher":{"@id":"https:\/\/saxbystone.com\/fi\/#organization"},"potentialAction":[{"@type":"SearchAction","target":{"@type":"EntryPoint","urlTemplate":"https:\/\/saxbystone.com\/fi\/?s={search_term_string}"},"query-input":{"@type":"PropertyValueSpecification","valueRequired":true,"valueName":"search_term_string"}}],"inLanguage":"fi"},{"@type":"Organization","@id":"https:\/\/saxbystone.com\/fi\/#organization","name":"Saxby Stone","url":"https:\/\/saxbystone.com\/fi\/","logo":{"@type":"ImageObject","inLanguage":"fi","@id":"https:\/\/saxbystone.com\/fi\/#\/schema\/logo\/image\/","url":"https:\/\/saxbystone.com\/wp-content\/uploads\/2024\/09\/cropped-Saxby-Stone-logo-official-1st.png","contentUrl":"https:\/\/saxbystone.com\/wp-content\/uploads\/2024\/09\/cropped-Saxby-Stone-logo-official-1st.png","width":512,"height":512,"caption":"Saxby Stone"},"image":{"@id":"https:\/\/saxbystone.com\/fi\/#\/schema\/logo\/image\/"},"sameAs":["https:\/\/www.instagram.com\/saxbystone\/"]}]}},"_links":{"self":[{"href":"https:\/\/saxbystone.com\/fi\/wp-json\/wp\/v2\/product\/3741","targetHints":{"allow":["GET"]}}],"collection":[{"href":"https:\/\/saxbystone.com\/fi\/wp-json\/wp\/v2\/product"}],"about":[{"href":"https:\/\/saxbystone.com\/fi\/wp-json\/wp\/v2\/types\/product"}],"wp:featuredmedia":[{"embeddable":true,"href":"https:\/\/saxbystone.com\/fi\/wp-json\/wp\/v2\/media\/2964"}],"wp:attachment":[{"href":"https:\/\/saxbystone.com\/fi\/wp-json\/wp\/v2\/media?parent=3741"}],"wp:term":[{"taxonomy":"product_brand","embeddable":true,"href":"https:\/\/saxbystone.com\/fi\/wp-json\/wp\/v2\/product_brand?post=3741"},{"taxonomy":"product_cat","embeddable":true,"href":"https:\/\/saxbystone.com\/fi\/wp-json\/wp\/v2\/product_cat?post=3741"},{"taxonomy":"product_tag","embeddable":true,"href":"https:\/\/saxbystone.com\/fi\/wp-json\/wp\/v2\/product_tag?post=3741"}],"curies":[{"name":"wp","href":"https:\/\/api.w.org\/{rel}","templated":true}]}}