{"id":3722,"date":"2024-10-25T15:58:17","date_gmt":"2024-10-25T12:58:17","guid":{"rendered":"https:\/\/saxbystone.com\/product\/botnian-blue-kalkkikivi\/"},"modified":"2026-04-09T08:17:16","modified_gmt":"2026-04-09T05:17:16","slug":"botnia-blue","status":"publish","type":"product","link":"https:\/\/saxbystone.com\/fi\/tuote\/botnia-blue\/","title":{"rendered":"Botnia Blue Kalkkikivi"},"content":{"rendered":"","protected":false},"excerpt":{"rendered":"<p>Botnia Blue, tunnetaan my\u00f6s nimell\u00e4 Ata\u00edja Azul, louhitaan Portugalin keskustassa l\u00e4hell\u00e4 Alcoba\u00e7an historiallista kaupunkia. Kiven sinert\u00e4v\u00e4t s\u00e4vyt, fossiilien hienovaraiset yksityiskohdat ja vesilinjan muodot luovat sille todella ainutlaatuisen ja el\u00e4v\u00e4n ilmeen. N\u00e4m\u00e4 luonnonmuodostumat tekev\u00e4t jokaisesta kivipinnasta yksil\u00f6llisen ja korostavat sen luonnonl\u00e4heist\u00e4 kauneutta. Botnia Blue sopii lattia- ja sein\u00e4laatoiksi, mutta sit\u00e4 k\u00e4ytet\u00e4\u00e4n my\u00f6s portaiden ja ikkunalautojen valmistukseen.<\/p>\n<p>Kiven sinert\u00e4v\u00e4 s\u00e4vy on harvinainen kalkkikiviss\u00e4, mik\u00e4 tekee siit\u00e4 houkuttelevan valinnan ainutlaatuista ja n\u00e4ytt\u00e4v\u00e4\u00e4 materiaalia etsiville.<\/p>\n<p>Pintak\u00e4sittelyvaihtoehdot: hiottu ja harjattu.<\/p>\n<p><em>Hinta n\u00e4kyy, kun valitset koon. Ilmainen toimitus yli 25 m\u00b2 tilauksille.<\/em><\/p>\n","protected":false},"featured_media":3078,"template":"","meta":{"_acf_changed":false},"product_brand":[],"product_cat":[90,52],"product_tag":[],"class_list":{"0":"post-3722","1":"product","2":"type-product","3":"status-publish","4":"has-post-thumbnail","6":"product_cat-kaikki-laatat","7":"product_cat-lattia-ja-seinalaatat","9":"first","10":"instock","11":"shipping-taxable","12":"purchasable","13":"product-type-variable","14":"add-to-wishlist-after_add_to_cart"},"acf":[],"yoast_head":"<!-- This site is optimized with the Yoast SEO plugin v26.4 - https:\/\/yoast.com\/wordpress\/plugins\/seo\/ -->\n<title>Botnia Blue Kalkkikivi - Saxby Stone<\/title>\n<meta name=\"robots\" content=\"index, follow, max-snippet:-1, max-image-preview:large, max-video-preview:-1\" \/>\n<link rel=\"canonical\" href=\"https:\/\/saxbystone.com\/fi\/tuote\/botnia-blue\/\" \/>\n<meta property=\"og:locale\" content=\"fi_FI\" \/>\n<meta property=\"og:type\" content=\"article\" \/>\n<meta property=\"og:title\" content=\"Botnia Blue Kalkkikivi - Saxby Stone\" \/>\n<meta property=\"og:description\" content=\"Botnia Blue, tunnetaan my\u00f6s nimell\u00e4 Ata\u00edja Azul, louhitaan Portugalin keskustassa l\u00e4hell\u00e4 Alcoba\u00e7an historiallista kaupunkia. Kiven sinert\u00e4v\u00e4t s\u00e4vyt, fossiilien hienovaraiset yksityiskohdat ja vesilinjan muodot luovat sille todella ainutlaatuisen ja el\u00e4v\u00e4n ilmeen. N\u00e4m\u00e4 luonnonmuodostumat tekev\u00e4t jokaisesta kivipinnasta yksil\u00f6llisen ja korostavat sen luonnonl\u00e4heist\u00e4 kauneutta. Botnia Blue sopii lattia- ja sein\u00e4laatoiksi, mutta sit\u00e4 k\u00e4ytet\u00e4\u00e4n my\u00f6s portaiden ja ikkunalautojen valmistukseen.  Kiven sinert\u00e4v\u00e4 s\u00e4vy on harvinainen kalkkikiviss\u00e4, mik\u00e4 tekee siit\u00e4 houkuttelevan valinnan ainutlaatuista ja n\u00e4ytt\u00e4v\u00e4\u00e4 materiaalia etsiville.  Pintak\u00e4sittelyvaihtoehdot: hiottu ja harjattu.  Hinta n\u00e4kyy, kun valitset koon. Ilmainen toimitus yli 25 m\u00b2 tilauksille.\" \/>\n<meta property=\"og:url\" content=\"https:\/\/saxbystone.com\/fi\/tuote\/botnia-blue\/\" \/>\n<meta property=\"og:site_name\" content=\"Saxby Stone\" \/>\n<meta property=\"article:modified_time\" content=\"2026-04-09T05:17:16+00:00\" \/>\n<meta property=\"og:image\" content=\"https:\/\/saxbystone.com\/wp-content\/uploads\/2024\/10\/Bothnia-Blue-Limestone-e1731400655645.jpg\" \/>\n\t<meta property=\"og:image:width\" content=\"695\" \/>\n\t<meta property=\"og:image:height\" content=\"500\" \/>\n\t<meta property=\"og:image:type\" content=\"image\/jpeg\" \/>\n<meta name=\"twitter:card\" content=\"summary_large_image\" \/>\n<meta name=\"twitter:label1\" content=\"Arvioitu lukuaika\" \/>\n\t<meta name=\"twitter:data1\" content=\"1 minuutti\" \/>\n<script type=\"application\/ld+json\" class=\"yoast-schema-graph\">{\"@context\":\"https:\/\/schema.org\",\"@graph\":[{\"@type\":\"WebPage\",\"@id\":\"https:\/\/saxbystone.com\/fi\/tuote\/botnia-blue\/\",\"url\":\"https:\/\/saxbystone.com\/fi\/tuote\/botnia-blue\/\",\"name\":\"Botnia Blue Kalkkikivi - Saxby Stone\",\"isPartOf\":{\"@id\":\"https:\/\/saxbystone.com\/fi\/#website\"},\"primaryImageOfPage\":{\"@id\":\"https:\/\/saxbystone.com\/fi\/tuote\/botnia-blue\/#primaryimage\"},\"image\":{\"@id\":\"https:\/\/saxbystone.com\/fi\/tuote\/botnia-blue\/#primaryimage\"},\"thumbnailUrl\":\"https:\/\/saxbystone.com\/wp-content\/uploads\/2024\/10\/Bothnia-Blue-Limestone-e1731400655645.jpg\",\"datePublished\":\"2024-10-25T12:58:17+00:00\",\"dateModified\":\"2026-04-09T05:17:16+00:00\",\"breadcrumb\":{\"@id\":\"https:\/\/saxbystone.com\/fi\/tuote\/botnia-blue\/#breadcrumb\"},\"inLanguage\":\"fi\",\"potentialAction\":[{\"@type\":\"ReadAction\",\"target\":[\"https:\/\/saxbystone.com\/fi\/tuote\/botnia-blue\/\"]}]},{\"@type\":\"ImageObject\",\"inLanguage\":\"fi\",\"@id\":\"https:\/\/saxbystone.com\/fi\/tuote\/botnia-blue\/#primaryimage\",\"url\":\"https:\/\/saxbystone.com\/wp-content\/uploads\/2024\/10\/Bothnia-Blue-Limestone-e1731400655645.jpg\",\"contentUrl\":\"https:\/\/saxbystone.com\/wp-content\/uploads\/2024\/10\/Bothnia-Blue-Limestone-e1731400655645.jpg\",\"width\":695,\"height\":500},{\"@type\":\"BreadcrumbList\",\"@id\":\"https:\/\/saxbystone.com\/fi\/tuote\/botnia-blue\/#breadcrumb\",\"itemListElement\":[{\"@type\":\"ListItem\",\"position\":1,\"name\":\"Home\",\"item\":\"https:\/\/saxbystone.com\/fi\/\"},{\"@type\":\"ListItem\",\"position\":2,\"name\":\"Kivilaatat\",\"item\":\"https:\/\/saxbystone.com\/stone-tiles\/\"},{\"@type\":\"ListItem\",\"position\":3,\"name\":\"Botnia Blue Kalkkikivi\"}]},{\"@type\":\"WebSite\",\"@id\":\"https:\/\/saxbystone.com\/fi\/#website\",\"url\":\"https:\/\/saxbystone.com\/fi\/\",\"name\":\"Saxby Stone\",\"description\":\"Natural stone tiles\",\"publisher\":{\"@id\":\"https:\/\/saxbystone.com\/fi\/#organization\"},\"potentialAction\":[{\"@type\":\"SearchAction\",\"target\":{\"@type\":\"EntryPoint\",\"urlTemplate\":\"https:\/\/saxbystone.com\/fi\/?s={search_term_string}\"},\"query-input\":{\"@type\":\"PropertyValueSpecification\",\"valueRequired\":true,\"valueName\":\"search_term_string\"}}],\"inLanguage\":\"fi\"},{\"@type\":\"Organization\",\"@id\":\"https:\/\/saxbystone.com\/fi\/#organization\",\"name\":\"Saxby Stone\",\"url\":\"https:\/\/saxbystone.com\/fi\/\",\"logo\":{\"@type\":\"ImageObject\",\"inLanguage\":\"fi\",\"@id\":\"https:\/\/saxbystone.com\/fi\/#\/schema\/logo\/image\/\",\"url\":\"https:\/\/saxbystone.com\/wp-content\/uploads\/2024\/09\/cropped-Saxby-Stone-logo-official-1st.png\",\"contentUrl\":\"https:\/\/saxbystone.com\/wp-content\/uploads\/2024\/09\/cropped-Saxby-Stone-logo-official-1st.png\",\"width\":512,\"height\":512,\"caption\":\"Saxby Stone\"},\"image\":{\"@id\":\"https:\/\/saxbystone.com\/fi\/#\/schema\/logo\/image\/\"},\"sameAs\":[\"https:\/\/www.instagram.com\/saxbystone\/\"]}]}<\/script>\n<!-- \/ Yoast SEO plugin. -->","yoast_head_json":{"title":"Botnia Blue Kalkkikivi - Saxby Stone","robots":{"index":"index","follow":"follow","max-snippet":"max-snippet:-1","max-image-preview":"max-image-preview:large","max-video-preview":"max-video-preview:-1"},"canonical":"https:\/\/saxbystone.com\/fi\/tuote\/botnia-blue\/","og_locale":"fi_FI","og_type":"article","og_title":"Botnia Blue Kalkkikivi - Saxby Stone","og_description":"Botnia Blue, tunnetaan my\u00f6s nimell\u00e4 Ata\u00edja Azul, louhitaan Portugalin keskustassa l\u00e4hell\u00e4 Alcoba\u00e7an historiallista kaupunkia. Kiven sinert\u00e4v\u00e4t s\u00e4vyt, fossiilien hienovaraiset yksityiskohdat ja vesilinjan muodot luovat sille todella ainutlaatuisen ja el\u00e4v\u00e4n ilmeen. N\u00e4m\u00e4 luonnonmuodostumat tekev\u00e4t jokaisesta kivipinnasta yksil\u00f6llisen ja korostavat sen luonnonl\u00e4heist\u00e4 kauneutta. Botnia Blue sopii lattia- ja sein\u00e4laatoiksi, mutta sit\u00e4 k\u00e4ytet\u00e4\u00e4n my\u00f6s portaiden ja ikkunalautojen valmistukseen.  Kiven sinert\u00e4v\u00e4 s\u00e4vy on harvinainen kalkkikiviss\u00e4, mik\u00e4 tekee siit\u00e4 houkuttelevan valinnan ainutlaatuista ja n\u00e4ytt\u00e4v\u00e4\u00e4 materiaalia etsiville.  Pintak\u00e4sittelyvaihtoehdot: hiottu ja harjattu.  Hinta n\u00e4kyy, kun valitset koon. Ilmainen toimitus yli 25 m\u00b2 tilauksille.","og_url":"https:\/\/saxbystone.com\/fi\/tuote\/botnia-blue\/","og_site_name":"Saxby Stone","article_modified_time":"2026-04-09T05:17:16+00:00","og_image":[{"width":695,"height":500,"url":"https:\/\/saxbystone.com\/wp-content\/uploads\/2024\/10\/Bothnia-Blue-Limestone-e1731400655645.jpg","type":"image\/jpeg"}],"twitter_card":"summary_large_image","twitter_misc":{"Arvioitu lukuaika":"1 minuutti"},"schema":{"@context":"https:\/\/schema.org","@graph":[{"@type":"WebPage","@id":"https:\/\/saxbystone.com\/fi\/tuote\/botnia-blue\/","url":"https:\/\/saxbystone.com\/fi\/tuote\/botnia-blue\/","name":"Botnia Blue Kalkkikivi - Saxby Stone","isPartOf":{"@id":"https:\/\/saxbystone.com\/fi\/#website"},"primaryImageOfPage":{"@id":"https:\/\/saxbystone.com\/fi\/tuote\/botnia-blue\/#primaryimage"},"image":{"@id":"https:\/\/saxbystone.com\/fi\/tuote\/botnia-blue\/#primaryimage"},"thumbnailUrl":"https:\/\/saxbystone.com\/wp-content\/uploads\/2024\/10\/Bothnia-Blue-Limestone-e1731400655645.jpg","datePublished":"2024-10-25T12:58:17+00:00","dateModified":"2026-04-09T05:17:16+00:00","breadcrumb":{"@id":"https:\/\/saxbystone.com\/fi\/tuote\/botnia-blue\/#breadcrumb"},"inLanguage":"fi","potentialAction":[{"@type":"ReadAction","target":["https:\/\/saxbystone.com\/fi\/tuote\/botnia-blue\/"]}]},{"@type":"ImageObject","inLanguage":"fi","@id":"https:\/\/saxbystone.com\/fi\/tuote\/botnia-blue\/#primaryimage","url":"https:\/\/saxbystone.com\/wp-content\/uploads\/2024\/10\/Bothnia-Blue-Limestone-e1731400655645.jpg","contentUrl":"https:\/\/saxbystone.com\/wp-content\/uploads\/2024\/10\/Bothnia-Blue-Limestone-e1731400655645.jpg","width":695,"height":500},{"@type":"BreadcrumbList","@id":"https:\/\/saxbystone.com\/fi\/tuote\/botnia-blue\/#breadcrumb","itemListElement":[{"@type":"ListItem","position":1,"name":"Home","item":"https:\/\/saxbystone.com\/fi\/"},{"@type":"ListItem","position":2,"name":"Kivilaatat","item":"https:\/\/saxbystone.com\/stone-tiles\/"},{"@type":"ListItem","position":3,"name":"Botnia Blue Kalkkikivi"}]},{"@type":"WebSite","@id":"https:\/\/saxbystone.com\/fi\/#website","url":"https:\/\/saxbystone.com\/fi\/","name":"Saxby Stone","description":"Natural stone tiles","publisher":{"@id":"https:\/\/saxbystone.com\/fi\/#organization"},"potentialAction":[{"@type":"SearchAction","target":{"@type":"EntryPoint","urlTemplate":"https:\/\/saxbystone.com\/fi\/?s={search_term_string}"},"query-input":{"@type":"PropertyValueSpecification","valueRequired":true,"valueName":"search_term_string"}}],"inLanguage":"fi"},{"@type":"Organization","@id":"https:\/\/saxbystone.com\/fi\/#organization","name":"Saxby Stone","url":"https:\/\/saxbystone.com\/fi\/","logo":{"@type":"ImageObject","inLanguage":"fi","@id":"https:\/\/saxbystone.com\/fi\/#\/schema\/logo\/image\/","url":"https:\/\/saxbystone.com\/wp-content\/uploads\/2024\/09\/cropped-Saxby-Stone-logo-official-1st.png","contentUrl":"https:\/\/saxbystone.com\/wp-content\/uploads\/2024\/09\/cropped-Saxby-Stone-logo-official-1st.png","width":512,"height":512,"caption":"Saxby Stone"},"image":{"@id":"https:\/\/saxbystone.com\/fi\/#\/schema\/logo\/image\/"},"sameAs":["https:\/\/www.instagram.com\/saxbystone\/"]}]}},"_links":{"self":[{"href":"https:\/\/saxbystone.com\/fi\/wp-json\/wp\/v2\/product\/3722","targetHints":{"allow":["GET"]}}],"collection":[{"href":"https:\/\/saxbystone.com\/fi\/wp-json\/wp\/v2\/product"}],"about":[{"href":"https:\/\/saxbystone.com\/fi\/wp-json\/wp\/v2\/types\/product"}],"wp:featuredmedia":[{"embeddable":true,"href":"https:\/\/saxbystone.com\/fi\/wp-json\/wp\/v2\/media\/3078"}],"wp:attachment":[{"href":"https:\/\/saxbystone.com\/fi\/wp-json\/wp\/v2\/media?parent=3722"}],"wp:term":[{"taxonomy":"product_brand","embeddable":true,"href":"https:\/\/saxbystone.com\/fi\/wp-json\/wp\/v2\/product_brand?post=3722"},{"taxonomy":"product_cat","embeddable":true,"href":"https:\/\/saxbystone.com\/fi\/wp-json\/wp\/v2\/product_cat?post=3722"},{"taxonomy":"product_tag","embeddable":true,"href":"https:\/\/saxbystone.com\/fi\/wp-json\/wp\/v2\/product_tag?post=3722"}],"curies":[{"name":"wp","href":"https:\/\/api.w.org\/{rel}","templated":true}]}}