{"id":3720,"date":"2024-10-25T16:08:19","date_gmt":"2024-10-25T13:08:19","guid":{"rendered":"https:\/\/saxbystone.com\/product\/jamtlands-grey-kalkkikivi\/"},"modified":"2025-11-28T11:13:54","modified_gmt":"2025-11-28T09:13:54","slug":"jamtlands-grey","status":"publish","type":"product","link":"https:\/\/saxbystone.com\/fi\/tuote\/jamtlands-grey\/","title":{"rendered":"J\u00e4mtlands Grey Kalkkikivi"},"content":{"rendered":"","protected":false},"excerpt":{"rendered":"<p>Ruotsin kansallisen suosikin, J\u00e4mtland Grey kalkkikiven, juuret ulottuvat 465 miljoonan vuoden taakse, jolloin se muodostui \u00d6stersundin ja Brunflon kukkuloilla. Se on yksi Euroopan vanhimmista ja kovimmista kalkkikivist\u00e4.<\/p>\n<p>T\u00e4m\u00e4 kivi on arvostettu valinta niin arkkitehdeille kuin suunnittelijoille, jotka etsiv\u00e4t kest\u00e4v\u00e4\u00e4 ja esteettisesti houkuttelevaa materiaalia. Sen hillitty laatu ja luotettavuus sopivat yht\u00e4 hyvin Tukholman tyylikk\u00e4isiin asianajotoimistoihin kuin saariston kes\u00e4m\u00f6kkeihin.<\/p>\n<p>Pintak\u00e4sittelyvaihtoehdot: hiottu.<\/p>\n<p><em>Hinta n\u00e4kyy, kun valitset koon. Ilmainen toimitus yli 25 m\u00b2 tilauksille.<\/em><\/p>\n","protected":false},"featured_media":3098,"template":"","meta":{"_acf_changed":false},"product_brand":[],"product_cat":[90,52,76,73,70],"product_tag":[],"class_list":{"0":"post-3720","1":"product","2":"type-product","3":"status-publish","4":"has-post-thumbnail","6":"product_cat-kaikki-laatat","7":"product_cat-lattia-ja-seinalaatat","8":"product_cat-tyotasot-ikkunalautat","9":"product_cat-kivilaatat","10":"product_cat-liiketilat","12":"first","13":"instock","14":"shipping-taxable","15":"purchasable","16":"product-type-variable","17":"add-to-wishlist-after_add_to_cart"},"acf":[],"yoast_head":"<!-- This site is optimized with the Yoast SEO plugin v26.4 - https:\/\/yoast.com\/wordpress\/plugins\/seo\/ -->\n<title>J\u00e4mtlands Grey Kalkkikivi - Saxby Stone<\/title>\n<meta name=\"robots\" content=\"index, follow, max-snippet:-1, max-image-preview:large, max-video-preview:-1\" \/>\n<link rel=\"canonical\" href=\"https:\/\/saxbystone.com\/fi\/tuote\/jamtlands-grey\/\" \/>\n<meta property=\"og:locale\" content=\"fi_FI\" \/>\n<meta property=\"og:type\" content=\"article\" \/>\n<meta property=\"og:title\" content=\"J\u00e4mtlands Grey Kalkkikivi - Saxby Stone\" \/>\n<meta property=\"og:description\" content=\"Ruotsin kansallisen suosikin, J\u00e4mtland Grey kalkkikiven, juuret ulottuvat 465 miljoonan vuoden taakse, jolloin se muodostui \u00d6stersundin ja Brunflon kukkuloilla. Se on yksi Euroopan vanhimmista ja kovimmista kalkkikivist\u00e4.  T\u00e4m\u00e4 kivi on arvostettu valinta niin arkkitehdeille kuin suunnittelijoille, jotka etsiv\u00e4t kest\u00e4v\u00e4\u00e4 ja esteettisesti houkuttelevaa materiaalia. Sen hillitty laatu ja luotettavuus sopivat yht\u00e4 hyvin Tukholman tyylikk\u00e4isiin asianajotoimistoihin kuin saariston kes\u00e4m\u00f6kkeihin.  Pintak\u00e4sittelyvaihtoehdot: hiottu.  Hinta n\u00e4kyy, kun valitset koon. Ilmainen toimitus yli 25 m\u00b2 tilauksille.\" \/>\n<meta property=\"og:url\" content=\"https:\/\/saxbystone.com\/fi\/tuote\/jamtlands-grey\/\" \/>\n<meta property=\"og:site_name\" content=\"Saxby Stone\" \/>\n<meta property=\"article:modified_time\" content=\"2025-11-28T09:13:54+00:00\" \/>\n<meta property=\"og:image\" content=\"https:\/\/saxbystone.com\/wp-content\/uploads\/2024\/10\/Jamtlands-Grey-Mannheimer-Swartling-office.jpg\" \/>\n\t<meta property=\"og:image:width\" content=\"2048\" \/>\n\t<meta property=\"og:image:height\" content=\"1536\" \/>\n\t<meta property=\"og:image:type\" content=\"image\/jpeg\" \/>\n<meta name=\"twitter:card\" content=\"summary_large_image\" \/>\n<meta name=\"twitter:label1\" content=\"Arvioitu lukuaika\" \/>\n\t<meta name=\"twitter:data1\" content=\"1 minuutti\" \/>\n<script type=\"application\/ld+json\" class=\"yoast-schema-graph\">{\"@context\":\"https:\/\/schema.org\",\"@graph\":[{\"@type\":\"WebPage\",\"@id\":\"https:\/\/saxbystone.com\/fi\/tuote\/jamtlands-grey\/\",\"url\":\"https:\/\/saxbystone.com\/fi\/tuote\/jamtlands-grey\/\",\"name\":\"J\u00e4mtlands Grey Kalkkikivi - Saxby Stone\",\"isPartOf\":{\"@id\":\"https:\/\/saxbystone.com\/fi\/#website\"},\"primaryImageOfPage\":{\"@id\":\"https:\/\/saxbystone.com\/fi\/tuote\/jamtlands-grey\/#primaryimage\"},\"image\":{\"@id\":\"https:\/\/saxbystone.com\/fi\/tuote\/jamtlands-grey\/#primaryimage\"},\"thumbnailUrl\":\"https:\/\/saxbystone.com\/wp-content\/uploads\/2024\/10\/Jamtlands-Grey-Mannheimer-Swartling-office.jpg\",\"datePublished\":\"2024-10-25T13:08:19+00:00\",\"dateModified\":\"2025-11-28T09:13:54+00:00\",\"breadcrumb\":{\"@id\":\"https:\/\/saxbystone.com\/fi\/tuote\/jamtlands-grey\/#breadcrumb\"},\"inLanguage\":\"fi\",\"potentialAction\":[{\"@type\":\"ReadAction\",\"target\":[\"https:\/\/saxbystone.com\/fi\/tuote\/jamtlands-grey\/\"]}]},{\"@type\":\"ImageObject\",\"inLanguage\":\"fi\",\"@id\":\"https:\/\/saxbystone.com\/fi\/tuote\/jamtlands-grey\/#primaryimage\",\"url\":\"https:\/\/saxbystone.com\/wp-content\/uploads\/2024\/10\/Jamtlands-Grey-Mannheimer-Swartling-office.jpg\",\"contentUrl\":\"https:\/\/saxbystone.com\/wp-content\/uploads\/2024\/10\/Jamtlands-Grey-Mannheimer-Swartling-office.jpg\",\"width\":2048,\"height\":1536},{\"@type\":\"BreadcrumbList\",\"@id\":\"https:\/\/saxbystone.com\/fi\/tuote\/jamtlands-grey\/#breadcrumb\",\"itemListElement\":[{\"@type\":\"ListItem\",\"position\":1,\"name\":\"Home\",\"item\":\"https:\/\/saxbystone.com\/fi\/\"},{\"@type\":\"ListItem\",\"position\":2,\"name\":\"Kivilaatat\",\"item\":\"https:\/\/saxbystone.com\/stone-tiles\/\"},{\"@type\":\"ListItem\",\"position\":3,\"name\":\"J\u00e4mtlands Grey Kalkkikivi\"}]},{\"@type\":\"WebSite\",\"@id\":\"https:\/\/saxbystone.com\/fi\/#website\",\"url\":\"https:\/\/saxbystone.com\/fi\/\",\"name\":\"Saxby Stone\",\"description\":\"Natural stone tiles\",\"publisher\":{\"@id\":\"https:\/\/saxbystone.com\/fi\/#organization\"},\"potentialAction\":[{\"@type\":\"SearchAction\",\"target\":{\"@type\":\"EntryPoint\",\"urlTemplate\":\"https:\/\/saxbystone.com\/fi\/?s={search_term_string}\"},\"query-input\":{\"@type\":\"PropertyValueSpecification\",\"valueRequired\":true,\"valueName\":\"search_term_string\"}}],\"inLanguage\":\"fi\"},{\"@type\":\"Organization\",\"@id\":\"https:\/\/saxbystone.com\/fi\/#organization\",\"name\":\"Saxby Stone\",\"url\":\"https:\/\/saxbystone.com\/fi\/\",\"logo\":{\"@type\":\"ImageObject\",\"inLanguage\":\"fi\",\"@id\":\"https:\/\/saxbystone.com\/fi\/#\/schema\/logo\/image\/\",\"url\":\"https:\/\/saxbystone.com\/wp-content\/uploads\/2024\/09\/cropped-Saxby-Stone-logo-official-1st.png\",\"contentUrl\":\"https:\/\/saxbystone.com\/wp-content\/uploads\/2024\/09\/cropped-Saxby-Stone-logo-official-1st.png\",\"width\":512,\"height\":512,\"caption\":\"Saxby Stone\"},\"image\":{\"@id\":\"https:\/\/saxbystone.com\/fi\/#\/schema\/logo\/image\/\"},\"sameAs\":[\"https:\/\/www.instagram.com\/saxbystone\/\"]}]}<\/script>\n<!-- \/ Yoast SEO plugin. -->","yoast_head_json":{"title":"J\u00e4mtlands Grey Kalkkikivi - Saxby Stone","robots":{"index":"index","follow":"follow","max-snippet":"max-snippet:-1","max-image-preview":"max-image-preview:large","max-video-preview":"max-video-preview:-1"},"canonical":"https:\/\/saxbystone.com\/fi\/tuote\/jamtlands-grey\/","og_locale":"fi_FI","og_type":"article","og_title":"J\u00e4mtlands Grey Kalkkikivi - Saxby Stone","og_description":"Ruotsin kansallisen suosikin, J\u00e4mtland Grey kalkkikiven, juuret ulottuvat 465 miljoonan vuoden taakse, jolloin se muodostui \u00d6stersundin ja Brunflon kukkuloilla. Se on yksi Euroopan vanhimmista ja kovimmista kalkkikivist\u00e4.  T\u00e4m\u00e4 kivi on arvostettu valinta niin arkkitehdeille kuin suunnittelijoille, jotka etsiv\u00e4t kest\u00e4v\u00e4\u00e4 ja esteettisesti houkuttelevaa materiaalia. Sen hillitty laatu ja luotettavuus sopivat yht\u00e4 hyvin Tukholman tyylikk\u00e4isiin asianajotoimistoihin kuin saariston kes\u00e4m\u00f6kkeihin.  Pintak\u00e4sittelyvaihtoehdot: hiottu.  Hinta n\u00e4kyy, kun valitset koon. Ilmainen toimitus yli 25 m\u00b2 tilauksille.","og_url":"https:\/\/saxbystone.com\/fi\/tuote\/jamtlands-grey\/","og_site_name":"Saxby Stone","article_modified_time":"2025-11-28T09:13:54+00:00","og_image":[{"width":2048,"height":1536,"url":"https:\/\/saxbystone.com\/wp-content\/uploads\/2024\/10\/Jamtlands-Grey-Mannheimer-Swartling-office.jpg","type":"image\/jpeg"}],"twitter_card":"summary_large_image","twitter_misc":{"Arvioitu lukuaika":"1 minuutti"},"schema":{"@context":"https:\/\/schema.org","@graph":[{"@type":"WebPage","@id":"https:\/\/saxbystone.com\/fi\/tuote\/jamtlands-grey\/","url":"https:\/\/saxbystone.com\/fi\/tuote\/jamtlands-grey\/","name":"J\u00e4mtlands Grey Kalkkikivi - Saxby Stone","isPartOf":{"@id":"https:\/\/saxbystone.com\/fi\/#website"},"primaryImageOfPage":{"@id":"https:\/\/saxbystone.com\/fi\/tuote\/jamtlands-grey\/#primaryimage"},"image":{"@id":"https:\/\/saxbystone.com\/fi\/tuote\/jamtlands-grey\/#primaryimage"},"thumbnailUrl":"https:\/\/saxbystone.com\/wp-content\/uploads\/2024\/10\/Jamtlands-Grey-Mannheimer-Swartling-office.jpg","datePublished":"2024-10-25T13:08:19+00:00","dateModified":"2025-11-28T09:13:54+00:00","breadcrumb":{"@id":"https:\/\/saxbystone.com\/fi\/tuote\/jamtlands-grey\/#breadcrumb"},"inLanguage":"fi","potentialAction":[{"@type":"ReadAction","target":["https:\/\/saxbystone.com\/fi\/tuote\/jamtlands-grey\/"]}]},{"@type":"ImageObject","inLanguage":"fi","@id":"https:\/\/saxbystone.com\/fi\/tuote\/jamtlands-grey\/#primaryimage","url":"https:\/\/saxbystone.com\/wp-content\/uploads\/2024\/10\/Jamtlands-Grey-Mannheimer-Swartling-office.jpg","contentUrl":"https:\/\/saxbystone.com\/wp-content\/uploads\/2024\/10\/Jamtlands-Grey-Mannheimer-Swartling-office.jpg","width":2048,"height":1536},{"@type":"BreadcrumbList","@id":"https:\/\/saxbystone.com\/fi\/tuote\/jamtlands-grey\/#breadcrumb","itemListElement":[{"@type":"ListItem","position":1,"name":"Home","item":"https:\/\/saxbystone.com\/fi\/"},{"@type":"ListItem","position":2,"name":"Kivilaatat","item":"https:\/\/saxbystone.com\/stone-tiles\/"},{"@type":"ListItem","position":3,"name":"J\u00e4mtlands Grey Kalkkikivi"}]},{"@type":"WebSite","@id":"https:\/\/saxbystone.com\/fi\/#website","url":"https:\/\/saxbystone.com\/fi\/","name":"Saxby Stone","description":"Natural stone tiles","publisher":{"@id":"https:\/\/saxbystone.com\/fi\/#organization"},"potentialAction":[{"@type":"SearchAction","target":{"@type":"EntryPoint","urlTemplate":"https:\/\/saxbystone.com\/fi\/?s={search_term_string}"},"query-input":{"@type":"PropertyValueSpecification","valueRequired":true,"valueName":"search_term_string"}}],"inLanguage":"fi"},{"@type":"Organization","@id":"https:\/\/saxbystone.com\/fi\/#organization","name":"Saxby Stone","url":"https:\/\/saxbystone.com\/fi\/","logo":{"@type":"ImageObject","inLanguage":"fi","@id":"https:\/\/saxbystone.com\/fi\/#\/schema\/logo\/image\/","url":"https:\/\/saxbystone.com\/wp-content\/uploads\/2024\/09\/cropped-Saxby-Stone-logo-official-1st.png","contentUrl":"https:\/\/saxbystone.com\/wp-content\/uploads\/2024\/09\/cropped-Saxby-Stone-logo-official-1st.png","width":512,"height":512,"caption":"Saxby Stone"},"image":{"@id":"https:\/\/saxbystone.com\/fi\/#\/schema\/logo\/image\/"},"sameAs":["https:\/\/www.instagram.com\/saxbystone\/"]}]}},"_links":{"self":[{"href":"https:\/\/saxbystone.com\/fi\/wp-json\/wp\/v2\/product\/3720","targetHints":{"allow":["GET"]}}],"collection":[{"href":"https:\/\/saxbystone.com\/fi\/wp-json\/wp\/v2\/product"}],"about":[{"href":"https:\/\/saxbystone.com\/fi\/wp-json\/wp\/v2\/types\/product"}],"wp:featuredmedia":[{"embeddable":true,"href":"https:\/\/saxbystone.com\/fi\/wp-json\/wp\/v2\/media\/3098"}],"wp:attachment":[{"href":"https:\/\/saxbystone.com\/fi\/wp-json\/wp\/v2\/media?parent=3720"}],"wp:term":[{"taxonomy":"product_brand","embeddable":true,"href":"https:\/\/saxbystone.com\/fi\/wp-json\/wp\/v2\/product_brand?post=3720"},{"taxonomy":"product_cat","embeddable":true,"href":"https:\/\/saxbystone.com\/fi\/wp-json\/wp\/v2\/product_cat?post=3720"},{"taxonomy":"product_tag","embeddable":true,"href":"https:\/\/saxbystone.com\/fi\/wp-json\/wp\/v2\/product_tag?post=3720"}],"curies":[{"name":"wp","href":"https:\/\/api.w.org\/{rel}","templated":true}]}}