{"id":3718,"date":"2024-10-25T16:16:34","date_gmt":"2024-10-25T13:16:34","guid":{"rendered":"https:\/\/saxbystone.com\/product\/oolannin-kalkkikivi\/"},"modified":"2026-04-21T08:39:58","modified_gmt":"2026-04-21T05:39:58","slug":"oland","status":"publish","type":"product","link":"https:\/\/saxbystone.com\/fi\/tuote\/oland\/","title":{"rendered":"\u00d6land Grey G1S Kalkkikivi"},"content":{"rendered":"","protected":false},"excerpt":{"rendered":"<p>\u00d6land Grey kalkkikivi, joka muodostui yli 550 miljoonaa vuotta sitten, kertoo Ruotsin trooppisesta menneisyydest\u00e4 p\u00e4iv\u00e4ntasaajan etel\u00e4puolella. Fossiilit, kuten ammoniitit ja nautiloidit, tekev\u00e4t t\u00e4st\u00e4 kivest\u00e4 ainutlaatuisen ja halutun kaikkialla Skandinaviassa.<\/p>\n<p>\u00d6land Grey kalkkikivi tuo arvokkuutta ja tyylikkyytt\u00e4 monenlaisiin kohteisiin, aina historiallisista kartanoista moderneihin boutique-hotelleihin, kuten Tukholman Ett Hemiin ja Arlandan lentokent\u00e4lle. T\u00e4m\u00e4 kivi on tunnettu kest\u00e4vyydest\u00e4\u00e4n ja vahvuudestaan, ja se edustaa ylpe\u00e4sti ruotsalaista laatua ja k\u00e4sity\u00f6taitoa.<\/p>\n<p>Pintak\u00e4sittelyvaihtoehdot: hiottu.<\/p>\n<p><em>Hinta n\u00e4kyy, kun valitset koon. Ilmainen toimitus yli 25 m\u00b2 tilauksille.<\/em><\/p>\n","protected":false},"featured_media":3119,"template":"","meta":{"_acf_changed":false},"product_brand":[],"product_cat":[90,52,76,73,70],"product_tag":[],"class_list":{"0":"post-3718","1":"product","2":"type-product","3":"status-publish","4":"has-post-thumbnail","6":"product_cat-kaikki-laatat","7":"product_cat-lattia-ja-seinalaatat","8":"product_cat-tyotasot-ikkunalautat","9":"product_cat-kivilaatat","10":"product_cat-liiketilat","12":"first","13":"instock","14":"shipping-taxable","15":"purchasable","16":"product-type-variable","17":"add-to-wishlist-after_add_to_cart"},"acf":[],"yoast_head":"<!-- This site is optimized with the Yoast SEO plugin v26.4 - https:\/\/yoast.com\/wordpress\/plugins\/seo\/ -->\n<title>\u00d6land Grey G1S Kalkkikivi - Saxby Stone<\/title>\n<meta name=\"robots\" content=\"index, follow, max-snippet:-1, max-image-preview:large, max-video-preview:-1\" \/>\n<link rel=\"canonical\" href=\"https:\/\/saxbystone.com\/fi\/tuote\/oland\/\" \/>\n<meta property=\"og:locale\" content=\"fi_FI\" \/>\n<meta property=\"og:type\" content=\"article\" \/>\n<meta property=\"og:title\" content=\"\u00d6land Grey G1S Kalkkikivi - Saxby Stone\" \/>\n<meta property=\"og:description\" content=\"\u00d6land Grey kalkkikivi, joka muodostui yli 550 miljoonaa vuotta sitten, kertoo Ruotsin trooppisesta menneisyydest\u00e4 p\u00e4iv\u00e4ntasaajan etel\u00e4puolella. Fossiilit, kuten ammoniitit ja nautiloidit, tekev\u00e4t t\u00e4st\u00e4 kivest\u00e4 ainutlaatuisen ja halutun kaikkialla Skandinaviassa.  \u00d6land Grey kalkkikivi tuo arvokkuutta ja tyylikkyytt\u00e4 monenlaisiin kohteisiin, aina historiallisista kartanoista moderneihin boutique-hotelleihin, kuten Tukholman Ett Hemiin ja Arlandan lentokent\u00e4lle. T\u00e4m\u00e4 kivi on tunnettu kest\u00e4vyydest\u00e4\u00e4n ja vahvuudestaan, ja se edustaa ylpe\u00e4sti ruotsalaista laatua ja k\u00e4sity\u00f6taitoa.  Pintak\u00e4sittelyvaihtoehdot: hiottu.  Hinta n\u00e4kyy, kun valitset koon. Ilmainen toimitus yli 25 m\u00b2 tilauksille.\" \/>\n<meta property=\"og:url\" content=\"https:\/\/saxbystone.com\/fi\/tuote\/oland\/\" \/>\n<meta property=\"og:site_name\" content=\"Saxby Stone\" \/>\n<meta property=\"article:modified_time\" content=\"2026-04-21T05:39:58+00:00\" \/>\n<meta property=\"og:image\" content=\"https:\/\/saxbystone.com\/wp-content\/uploads\/2024\/10\/Oland-Limestone.jpg\" \/>\n\t<meta property=\"og:image:width\" content=\"1200\" \/>\n\t<meta property=\"og:image:height\" content=\"900\" \/>\n\t<meta property=\"og:image:type\" content=\"image\/jpeg\" \/>\n<meta name=\"twitter:card\" content=\"summary_large_image\" \/>\n<meta name=\"twitter:label1\" content=\"Arvioitu lukuaika\" \/>\n\t<meta name=\"twitter:data1\" content=\"1 minuutti\" \/>\n<script type=\"application\/ld+json\" class=\"yoast-schema-graph\">{\"@context\":\"https:\/\/schema.org\",\"@graph\":[{\"@type\":\"WebPage\",\"@id\":\"https:\/\/saxbystone.com\/fi\/tuote\/oland\/\",\"url\":\"https:\/\/saxbystone.com\/fi\/tuote\/oland\/\",\"name\":\"\u00d6land Grey G1S Kalkkikivi - Saxby Stone\",\"isPartOf\":{\"@id\":\"https:\/\/saxbystone.com\/fi\/#website\"},\"primaryImageOfPage\":{\"@id\":\"https:\/\/saxbystone.com\/fi\/tuote\/oland\/#primaryimage\"},\"image\":{\"@id\":\"https:\/\/saxbystone.com\/fi\/tuote\/oland\/#primaryimage\"},\"thumbnailUrl\":\"https:\/\/saxbystone.com\/wp-content\/uploads\/2024\/10\/Oland-Limestone.jpg\",\"datePublished\":\"2024-10-25T13:16:34+00:00\",\"dateModified\":\"2026-04-21T05:39:58+00:00\",\"breadcrumb\":{\"@id\":\"https:\/\/saxbystone.com\/fi\/tuote\/oland\/#breadcrumb\"},\"inLanguage\":\"fi\",\"potentialAction\":[{\"@type\":\"ReadAction\",\"target\":[\"https:\/\/saxbystone.com\/fi\/tuote\/oland\/\"]}]},{\"@type\":\"ImageObject\",\"inLanguage\":\"fi\",\"@id\":\"https:\/\/saxbystone.com\/fi\/tuote\/oland\/#primaryimage\",\"url\":\"https:\/\/saxbystone.com\/wp-content\/uploads\/2024\/10\/Oland-Limestone.jpg\",\"contentUrl\":\"https:\/\/saxbystone.com\/wp-content\/uploads\/2024\/10\/Oland-Limestone.jpg\",\"width\":1200,\"height\":900},{\"@type\":\"BreadcrumbList\",\"@id\":\"https:\/\/saxbystone.com\/fi\/tuote\/oland\/#breadcrumb\",\"itemListElement\":[{\"@type\":\"ListItem\",\"position\":1,\"name\":\"Home\",\"item\":\"https:\/\/saxbystone.com\/fi\/\"},{\"@type\":\"ListItem\",\"position\":2,\"name\":\"Kivilaatat\",\"item\":\"https:\/\/saxbystone.com\/stone-tiles\/\"},{\"@type\":\"ListItem\",\"position\":3,\"name\":\"\u00d6land Grey G1S Kalkkikivi\"}]},{\"@type\":\"WebSite\",\"@id\":\"https:\/\/saxbystone.com\/fi\/#website\",\"url\":\"https:\/\/saxbystone.com\/fi\/\",\"name\":\"Saxby Stone\",\"description\":\"Natural stone tiles\",\"publisher\":{\"@id\":\"https:\/\/saxbystone.com\/fi\/#organization\"},\"potentialAction\":[{\"@type\":\"SearchAction\",\"target\":{\"@type\":\"EntryPoint\",\"urlTemplate\":\"https:\/\/saxbystone.com\/fi\/?s={search_term_string}\"},\"query-input\":{\"@type\":\"PropertyValueSpecification\",\"valueRequired\":true,\"valueName\":\"search_term_string\"}}],\"inLanguage\":\"fi\"},{\"@type\":\"Organization\",\"@id\":\"https:\/\/saxbystone.com\/fi\/#organization\",\"name\":\"Saxby Stone\",\"url\":\"https:\/\/saxbystone.com\/fi\/\",\"logo\":{\"@type\":\"ImageObject\",\"inLanguage\":\"fi\",\"@id\":\"https:\/\/saxbystone.com\/fi\/#\/schema\/logo\/image\/\",\"url\":\"https:\/\/saxbystone.com\/wp-content\/uploads\/2024\/09\/cropped-Saxby-Stone-logo-official-1st.png\",\"contentUrl\":\"https:\/\/saxbystone.com\/wp-content\/uploads\/2024\/09\/cropped-Saxby-Stone-logo-official-1st.png\",\"width\":512,\"height\":512,\"caption\":\"Saxby Stone\"},\"image\":{\"@id\":\"https:\/\/saxbystone.com\/fi\/#\/schema\/logo\/image\/\"},\"sameAs\":[\"https:\/\/www.instagram.com\/saxbystone\/\"]}]}<\/script>\n<!-- \/ Yoast SEO plugin. -->","yoast_head_json":{"title":"\u00d6land Grey G1S Kalkkikivi - Saxby Stone","robots":{"index":"index","follow":"follow","max-snippet":"max-snippet:-1","max-image-preview":"max-image-preview:large","max-video-preview":"max-video-preview:-1"},"canonical":"https:\/\/saxbystone.com\/fi\/tuote\/oland\/","og_locale":"fi_FI","og_type":"article","og_title":"\u00d6land Grey G1S Kalkkikivi - Saxby Stone","og_description":"\u00d6land Grey kalkkikivi, joka muodostui yli 550 miljoonaa vuotta sitten, kertoo Ruotsin trooppisesta menneisyydest\u00e4 p\u00e4iv\u00e4ntasaajan etel\u00e4puolella. Fossiilit, kuten ammoniitit ja nautiloidit, tekev\u00e4t t\u00e4st\u00e4 kivest\u00e4 ainutlaatuisen ja halutun kaikkialla Skandinaviassa.  \u00d6land Grey kalkkikivi tuo arvokkuutta ja tyylikkyytt\u00e4 monenlaisiin kohteisiin, aina historiallisista kartanoista moderneihin boutique-hotelleihin, kuten Tukholman Ett Hemiin ja Arlandan lentokent\u00e4lle. T\u00e4m\u00e4 kivi on tunnettu kest\u00e4vyydest\u00e4\u00e4n ja vahvuudestaan, ja se edustaa ylpe\u00e4sti ruotsalaista laatua ja k\u00e4sity\u00f6taitoa.  Pintak\u00e4sittelyvaihtoehdot: hiottu.  Hinta n\u00e4kyy, kun valitset koon. Ilmainen toimitus yli 25 m\u00b2 tilauksille.","og_url":"https:\/\/saxbystone.com\/fi\/tuote\/oland\/","og_site_name":"Saxby Stone","article_modified_time":"2026-04-21T05:39:58+00:00","og_image":[{"width":1200,"height":900,"url":"https:\/\/saxbystone.com\/wp-content\/uploads\/2024\/10\/Oland-Limestone.jpg","type":"image\/jpeg"}],"twitter_card":"summary_large_image","twitter_misc":{"Arvioitu lukuaika":"1 minuutti"},"schema":{"@context":"https:\/\/schema.org","@graph":[{"@type":"WebPage","@id":"https:\/\/saxbystone.com\/fi\/tuote\/oland\/","url":"https:\/\/saxbystone.com\/fi\/tuote\/oland\/","name":"\u00d6land Grey G1S Kalkkikivi - Saxby Stone","isPartOf":{"@id":"https:\/\/saxbystone.com\/fi\/#website"},"primaryImageOfPage":{"@id":"https:\/\/saxbystone.com\/fi\/tuote\/oland\/#primaryimage"},"image":{"@id":"https:\/\/saxbystone.com\/fi\/tuote\/oland\/#primaryimage"},"thumbnailUrl":"https:\/\/saxbystone.com\/wp-content\/uploads\/2024\/10\/Oland-Limestone.jpg","datePublished":"2024-10-25T13:16:34+00:00","dateModified":"2026-04-21T05:39:58+00:00","breadcrumb":{"@id":"https:\/\/saxbystone.com\/fi\/tuote\/oland\/#breadcrumb"},"inLanguage":"fi","potentialAction":[{"@type":"ReadAction","target":["https:\/\/saxbystone.com\/fi\/tuote\/oland\/"]}]},{"@type":"ImageObject","inLanguage":"fi","@id":"https:\/\/saxbystone.com\/fi\/tuote\/oland\/#primaryimage","url":"https:\/\/saxbystone.com\/wp-content\/uploads\/2024\/10\/Oland-Limestone.jpg","contentUrl":"https:\/\/saxbystone.com\/wp-content\/uploads\/2024\/10\/Oland-Limestone.jpg","width":1200,"height":900},{"@type":"BreadcrumbList","@id":"https:\/\/saxbystone.com\/fi\/tuote\/oland\/#breadcrumb","itemListElement":[{"@type":"ListItem","position":1,"name":"Home","item":"https:\/\/saxbystone.com\/fi\/"},{"@type":"ListItem","position":2,"name":"Kivilaatat","item":"https:\/\/saxbystone.com\/stone-tiles\/"},{"@type":"ListItem","position":3,"name":"\u00d6land Grey G1S Kalkkikivi"}]},{"@type":"WebSite","@id":"https:\/\/saxbystone.com\/fi\/#website","url":"https:\/\/saxbystone.com\/fi\/","name":"Saxby Stone","description":"Natural stone tiles","publisher":{"@id":"https:\/\/saxbystone.com\/fi\/#organization"},"potentialAction":[{"@type":"SearchAction","target":{"@type":"EntryPoint","urlTemplate":"https:\/\/saxbystone.com\/fi\/?s={search_term_string}"},"query-input":{"@type":"PropertyValueSpecification","valueRequired":true,"valueName":"search_term_string"}}],"inLanguage":"fi"},{"@type":"Organization","@id":"https:\/\/saxbystone.com\/fi\/#organization","name":"Saxby Stone","url":"https:\/\/saxbystone.com\/fi\/","logo":{"@type":"ImageObject","inLanguage":"fi","@id":"https:\/\/saxbystone.com\/fi\/#\/schema\/logo\/image\/","url":"https:\/\/saxbystone.com\/wp-content\/uploads\/2024\/09\/cropped-Saxby-Stone-logo-official-1st.png","contentUrl":"https:\/\/saxbystone.com\/wp-content\/uploads\/2024\/09\/cropped-Saxby-Stone-logo-official-1st.png","width":512,"height":512,"caption":"Saxby Stone"},"image":{"@id":"https:\/\/saxbystone.com\/fi\/#\/schema\/logo\/image\/"},"sameAs":["https:\/\/www.instagram.com\/saxbystone\/"]}]}},"_links":{"self":[{"href":"https:\/\/saxbystone.com\/fi\/wp-json\/wp\/v2\/product\/3718","targetHints":{"allow":["GET"]}}],"collection":[{"href":"https:\/\/saxbystone.com\/fi\/wp-json\/wp\/v2\/product"}],"about":[{"href":"https:\/\/saxbystone.com\/fi\/wp-json\/wp\/v2\/types\/product"}],"wp:featuredmedia":[{"embeddable":true,"href":"https:\/\/saxbystone.com\/fi\/wp-json\/wp\/v2\/media\/3119"}],"wp:attachment":[{"href":"https:\/\/saxbystone.com\/fi\/wp-json\/wp\/v2\/media?parent=3718"}],"wp:term":[{"taxonomy":"product_brand","embeddable":true,"href":"https:\/\/saxbystone.com\/fi\/wp-json\/wp\/v2\/product_brand?post=3718"},{"taxonomy":"product_cat","embeddable":true,"href":"https:\/\/saxbystone.com\/fi\/wp-json\/wp\/v2\/product_cat?post=3718"},{"taxonomy":"product_tag","embeddable":true,"href":"https:\/\/saxbystone.com\/fi\/wp-json\/wp\/v2\/product_tag?post=3718"}],"curies":[{"name":"wp","href":"https:\/\/api.w.org\/{rel}","templated":true}]}}