{"id":3715,"date":"2024-10-25T16:26:11","date_gmt":"2024-10-25T13:26:11","guid":{"rendered":"https:\/\/saxbystone.com\/product\/crema-marfil-marmori\/"},"modified":"2025-08-14T11:45:50","modified_gmt":"2025-08-14T08:45:50","slug":"crema-marfil-marmori","status":"publish","type":"product","link":"https:\/\/saxbystone.com\/fi\/tuote\/crema-marfil-marmori\/","title":{"rendered":"Crema Marfil marmori"},"content":{"rendered":"","protected":false},"excerpt":{"rendered":"<p>Crema Marfil marmori on klassinen vaaleanbeige marmori, jota on louhittu vuosisatojen ajan Alicanten rannikon vuoristoalueilta Espanjassa. T\u00e4m\u00e4 marmori, jossa on hienovarainen juoni, on ollut arvostettu lattiamateriaali Rooman valtakunnan ajoista l\u00e4htien.<\/p>\n<p>Suurikokoiset laatat, kuten 600 x 600 mm, ovat suosittuja erityisesti moderneissa huviloissa.<\/p>\n<p>Crema Marfil -kivimateriaali tuo tiloihin l\u00e4mp\u00f6\u00e4 ja eleganssia, korostaen luonnonvalon kauneutta ja luoden avaran ja ilmavan tunnelman. Sen vaaleat, pehme\u00e4t s\u00e4vyt heijastavat valoa, tehden tilasta entist\u00e4 valoisamman ja raikkaamman.<\/p>\n<p>Pintak\u00e4sittelyvaihtoehdot: hiottu.<\/p>\n<p><em>Hinta n\u00e4kyy, kun valitset koon. Ilmainen toimitus yli 25 m\u00b2 tilauksille.<\/em><\/p>\n","protected":false},"featured_media":4784,"template":"","meta":{"_acf_changed":false},"product_brand":[],"product_cat":[90,52],"product_tag":[],"class_list":{"0":"post-3715","1":"product","2":"type-product","3":"status-publish","4":"has-post-thumbnail","6":"product_cat-kaikki-laatat","7":"product_cat-lattia-ja-seinalaatat","9":"first","10":"instock","11":"shipping-taxable","12":"purchasable","13":"product-type-variable","14":"add-to-wishlist-after_add_to_cart"},"acf":[],"yoast_head":"<!-- This site is optimized with the Yoast SEO plugin v26.4 - https:\/\/yoast.com\/wordpress\/plugins\/seo\/ -->\n<title>Crema Marfil marmori - Saxby Stone<\/title>\n<meta name=\"robots\" content=\"index, follow, max-snippet:-1, max-image-preview:large, max-video-preview:-1\" \/>\n<link rel=\"canonical\" href=\"https:\/\/saxbystone.com\/fi\/tuote\/crema-marfil-marmori\/\" \/>\n<meta property=\"og:locale\" content=\"fi_FI\" \/>\n<meta property=\"og:type\" content=\"article\" \/>\n<meta property=\"og:title\" content=\"Crema Marfil marmori - Saxby Stone\" \/>\n<meta property=\"og:description\" content=\"Crema Marfil marmori on klassinen vaaleanbeige marmori, jota on louhittu vuosisatojen ajan Alicanten rannikon vuoristoalueilta Espanjassa. T\u00e4m\u00e4 marmori, jossa on hienovarainen juoni, on ollut arvostettu lattiamateriaali Rooman valtakunnan ajoista l\u00e4htien.  Suurikokoiset laatat, kuten 600 x 600 mm, ovat suosittuja erityisesti moderneissa huviloissa.  Crema Marfil -kivimateriaali tuo tiloihin l\u00e4mp\u00f6\u00e4 ja eleganssia, korostaen luonnonvalon kauneutta ja luoden avaran ja ilmavan tunnelman. Sen vaaleat, pehme\u00e4t s\u00e4vyt heijastavat valoa, tehden tilasta entist\u00e4 valoisamman ja raikkaamman.  Pintak\u00e4sittelyvaihtoehdot: hiottu.  Hinta n\u00e4kyy, kun valitset koon. Ilmainen toimitus yli 25 m\u00b2 tilauksille.\" \/>\n<meta property=\"og:url\" content=\"https:\/\/saxbystone.com\/fi\/tuote\/crema-marfil-marmori\/\" \/>\n<meta property=\"og:site_name\" content=\"Saxby Stone\" \/>\n<meta property=\"article:modified_time\" content=\"2025-08-14T08:45:50+00:00\" \/>\n<meta property=\"og:image\" content=\"https:\/\/saxbystone.com\/wp-content\/uploads\/2024\/10\/Crema-Marfil-Marmor-honed-21-square-scaled.jpg\" \/>\n\t<meta property=\"og:image:width\" content=\"2560\" \/>\n\t<meta property=\"og:image:height\" content=\"2352\" \/>\n\t<meta property=\"og:image:type\" content=\"image\/jpeg\" \/>\n<meta name=\"twitter:card\" content=\"summary_large_image\" \/>\n<script type=\"application\/ld+json\" class=\"yoast-schema-graph\">{\"@context\":\"https:\/\/schema.org\",\"@graph\":[{\"@type\":\"WebPage\",\"@id\":\"https:\/\/saxbystone.com\/fi\/tuote\/crema-marfil-marmori\/\",\"url\":\"https:\/\/saxbystone.com\/fi\/tuote\/crema-marfil-marmori\/\",\"name\":\"Crema Marfil marmori - Saxby Stone\",\"isPartOf\":{\"@id\":\"https:\/\/saxbystone.com\/fi\/#website\"},\"primaryImageOfPage\":{\"@id\":\"https:\/\/saxbystone.com\/fi\/tuote\/crema-marfil-marmori\/#primaryimage\"},\"image\":{\"@id\":\"https:\/\/saxbystone.com\/fi\/tuote\/crema-marfil-marmori\/#primaryimage\"},\"thumbnailUrl\":\"https:\/\/saxbystone.com\/wp-content\/uploads\/2024\/10\/Crema-Marfil-Marmor-honed-21-square-scaled.jpg\",\"datePublished\":\"2024-10-25T13:26:11+00:00\",\"dateModified\":\"2025-08-14T08:45:50+00:00\",\"breadcrumb\":{\"@id\":\"https:\/\/saxbystone.com\/fi\/tuote\/crema-marfil-marmori\/#breadcrumb\"},\"inLanguage\":\"fi\",\"potentialAction\":[{\"@type\":\"ReadAction\",\"target\":[\"https:\/\/saxbystone.com\/fi\/tuote\/crema-marfil-marmori\/\"]}]},{\"@type\":\"ImageObject\",\"inLanguage\":\"fi\",\"@id\":\"https:\/\/saxbystone.com\/fi\/tuote\/crema-marfil-marmori\/#primaryimage\",\"url\":\"https:\/\/saxbystone.com\/wp-content\/uploads\/2024\/10\/Crema-Marfil-Marmor-honed-21-square-scaled.jpg\",\"contentUrl\":\"https:\/\/saxbystone.com\/wp-content\/uploads\/2024\/10\/Crema-Marfil-Marmor-honed-21-square-scaled.jpg\",\"width\":2560,\"height\":2352},{\"@type\":\"BreadcrumbList\",\"@id\":\"https:\/\/saxbystone.com\/fi\/tuote\/crema-marfil-marmori\/#breadcrumb\",\"itemListElement\":[{\"@type\":\"ListItem\",\"position\":1,\"name\":\"Home\",\"item\":\"https:\/\/saxbystone.com\/fi\/\"},{\"@type\":\"ListItem\",\"position\":2,\"name\":\"Kivilaatat\",\"item\":\"https:\/\/saxbystone.com\/stone-tiles\/\"},{\"@type\":\"ListItem\",\"position\":3,\"name\":\"Crema Marfil marmori\"}]},{\"@type\":\"WebSite\",\"@id\":\"https:\/\/saxbystone.com\/fi\/#website\",\"url\":\"https:\/\/saxbystone.com\/fi\/\",\"name\":\"Saxby Stone\",\"description\":\"Natural stone tiles\",\"publisher\":{\"@id\":\"https:\/\/saxbystone.com\/fi\/#organization\"},\"potentialAction\":[{\"@type\":\"SearchAction\",\"target\":{\"@type\":\"EntryPoint\",\"urlTemplate\":\"https:\/\/saxbystone.com\/fi\/?s={search_term_string}\"},\"query-input\":{\"@type\":\"PropertyValueSpecification\",\"valueRequired\":true,\"valueName\":\"search_term_string\"}}],\"inLanguage\":\"fi\"},{\"@type\":\"Organization\",\"@id\":\"https:\/\/saxbystone.com\/fi\/#organization\",\"name\":\"Saxby Stone\",\"url\":\"https:\/\/saxbystone.com\/fi\/\",\"logo\":{\"@type\":\"ImageObject\",\"inLanguage\":\"fi\",\"@id\":\"https:\/\/saxbystone.com\/fi\/#\/schema\/logo\/image\/\",\"url\":\"https:\/\/saxbystone.com\/wp-content\/uploads\/2024\/09\/cropped-Saxby-Stone-logo-official-1st.png\",\"contentUrl\":\"https:\/\/saxbystone.com\/wp-content\/uploads\/2024\/09\/cropped-Saxby-Stone-logo-official-1st.png\",\"width\":512,\"height\":512,\"caption\":\"Saxby Stone\"},\"image\":{\"@id\":\"https:\/\/saxbystone.com\/fi\/#\/schema\/logo\/image\/\"},\"sameAs\":[\"https:\/\/www.instagram.com\/saxbystone\/\"]}]}<\/script>\n<!-- \/ Yoast SEO plugin. -->","yoast_head_json":{"title":"Crema Marfil marmori - Saxby Stone","robots":{"index":"index","follow":"follow","max-snippet":"max-snippet:-1","max-image-preview":"max-image-preview:large","max-video-preview":"max-video-preview:-1"},"canonical":"https:\/\/saxbystone.com\/fi\/tuote\/crema-marfil-marmori\/","og_locale":"fi_FI","og_type":"article","og_title":"Crema Marfil marmori - Saxby Stone","og_description":"Crema Marfil marmori on klassinen vaaleanbeige marmori, jota on louhittu vuosisatojen ajan Alicanten rannikon vuoristoalueilta Espanjassa. T\u00e4m\u00e4 marmori, jossa on hienovarainen juoni, on ollut arvostettu lattiamateriaali Rooman valtakunnan ajoista l\u00e4htien.  Suurikokoiset laatat, kuten 600 x 600 mm, ovat suosittuja erityisesti moderneissa huviloissa.  Crema Marfil -kivimateriaali tuo tiloihin l\u00e4mp\u00f6\u00e4 ja eleganssia, korostaen luonnonvalon kauneutta ja luoden avaran ja ilmavan tunnelman. Sen vaaleat, pehme\u00e4t s\u00e4vyt heijastavat valoa, tehden tilasta entist\u00e4 valoisamman ja raikkaamman.  Pintak\u00e4sittelyvaihtoehdot: hiottu.  Hinta n\u00e4kyy, kun valitset koon. Ilmainen toimitus yli 25 m\u00b2 tilauksille.","og_url":"https:\/\/saxbystone.com\/fi\/tuote\/crema-marfil-marmori\/","og_site_name":"Saxby Stone","article_modified_time":"2025-08-14T08:45:50+00:00","og_image":[{"width":2560,"height":2352,"url":"https:\/\/saxbystone.com\/wp-content\/uploads\/2024\/10\/Crema-Marfil-Marmor-honed-21-square-scaled.jpg","type":"image\/jpeg"}],"twitter_card":"summary_large_image","schema":{"@context":"https:\/\/schema.org","@graph":[{"@type":"WebPage","@id":"https:\/\/saxbystone.com\/fi\/tuote\/crema-marfil-marmori\/","url":"https:\/\/saxbystone.com\/fi\/tuote\/crema-marfil-marmori\/","name":"Crema Marfil marmori - Saxby Stone","isPartOf":{"@id":"https:\/\/saxbystone.com\/fi\/#website"},"primaryImageOfPage":{"@id":"https:\/\/saxbystone.com\/fi\/tuote\/crema-marfil-marmori\/#primaryimage"},"image":{"@id":"https:\/\/saxbystone.com\/fi\/tuote\/crema-marfil-marmori\/#primaryimage"},"thumbnailUrl":"https:\/\/saxbystone.com\/wp-content\/uploads\/2024\/10\/Crema-Marfil-Marmor-honed-21-square-scaled.jpg","datePublished":"2024-10-25T13:26:11+00:00","dateModified":"2025-08-14T08:45:50+00:00","breadcrumb":{"@id":"https:\/\/saxbystone.com\/fi\/tuote\/crema-marfil-marmori\/#breadcrumb"},"inLanguage":"fi","potentialAction":[{"@type":"ReadAction","target":["https:\/\/saxbystone.com\/fi\/tuote\/crema-marfil-marmori\/"]}]},{"@type":"ImageObject","inLanguage":"fi","@id":"https:\/\/saxbystone.com\/fi\/tuote\/crema-marfil-marmori\/#primaryimage","url":"https:\/\/saxbystone.com\/wp-content\/uploads\/2024\/10\/Crema-Marfil-Marmor-honed-21-square-scaled.jpg","contentUrl":"https:\/\/saxbystone.com\/wp-content\/uploads\/2024\/10\/Crema-Marfil-Marmor-honed-21-square-scaled.jpg","width":2560,"height":2352},{"@type":"BreadcrumbList","@id":"https:\/\/saxbystone.com\/fi\/tuote\/crema-marfil-marmori\/#breadcrumb","itemListElement":[{"@type":"ListItem","position":1,"name":"Home","item":"https:\/\/saxbystone.com\/fi\/"},{"@type":"ListItem","position":2,"name":"Kivilaatat","item":"https:\/\/saxbystone.com\/stone-tiles\/"},{"@type":"ListItem","position":3,"name":"Crema Marfil marmori"}]},{"@type":"WebSite","@id":"https:\/\/saxbystone.com\/fi\/#website","url":"https:\/\/saxbystone.com\/fi\/","name":"Saxby Stone","description":"Natural stone tiles","publisher":{"@id":"https:\/\/saxbystone.com\/fi\/#organization"},"potentialAction":[{"@type":"SearchAction","target":{"@type":"EntryPoint","urlTemplate":"https:\/\/saxbystone.com\/fi\/?s={search_term_string}"},"query-input":{"@type":"PropertyValueSpecification","valueRequired":true,"valueName":"search_term_string"}}],"inLanguage":"fi"},{"@type":"Organization","@id":"https:\/\/saxbystone.com\/fi\/#organization","name":"Saxby Stone","url":"https:\/\/saxbystone.com\/fi\/","logo":{"@type":"ImageObject","inLanguage":"fi","@id":"https:\/\/saxbystone.com\/fi\/#\/schema\/logo\/image\/","url":"https:\/\/saxbystone.com\/wp-content\/uploads\/2024\/09\/cropped-Saxby-Stone-logo-official-1st.png","contentUrl":"https:\/\/saxbystone.com\/wp-content\/uploads\/2024\/09\/cropped-Saxby-Stone-logo-official-1st.png","width":512,"height":512,"caption":"Saxby Stone"},"image":{"@id":"https:\/\/saxbystone.com\/fi\/#\/schema\/logo\/image\/"},"sameAs":["https:\/\/www.instagram.com\/saxbystone\/"]}]}},"_links":{"self":[{"href":"https:\/\/saxbystone.com\/fi\/wp-json\/wp\/v2\/product\/3715","targetHints":{"allow":["GET"]}}],"collection":[{"href":"https:\/\/saxbystone.com\/fi\/wp-json\/wp\/v2\/product"}],"about":[{"href":"https:\/\/saxbystone.com\/fi\/wp-json\/wp\/v2\/types\/product"}],"wp:featuredmedia":[{"embeddable":true,"href":"https:\/\/saxbystone.com\/fi\/wp-json\/wp\/v2\/media\/4784"}],"wp:attachment":[{"href":"https:\/\/saxbystone.com\/fi\/wp-json\/wp\/v2\/media?parent=3715"}],"wp:term":[{"taxonomy":"product_brand","embeddable":true,"href":"https:\/\/saxbystone.com\/fi\/wp-json\/wp\/v2\/product_brand?post=3715"},{"taxonomy":"product_cat","embeddable":true,"href":"https:\/\/saxbystone.com\/fi\/wp-json\/wp\/v2\/product_cat?post=3715"},{"taxonomy":"product_tag","embeddable":true,"href":"https:\/\/saxbystone.com\/fi\/wp-json\/wp\/v2\/product_tag?post=3715"}],"curies":[{"name":"wp","href":"https:\/\/api.w.org\/{rel}","templated":true}]}}