{"id":3711,"date":"2024-10-25T16:34:50","date_gmt":"2024-10-25T13:34:50","guid":{"rendered":"https:\/\/saxbystone.com\/product\/carraran-marmori-c-hiottu\/"},"modified":"2025-11-05T09:19:33","modified_gmt":"2025-11-05T07:19:33","slug":"carraran-marmori-c","status":"publish","type":"product","link":"https:\/\/saxbystone.com\/fi\/tuote\/carraran-marmori-c\/","title":{"rendered":"Bianco Carraran marmori C, hiottu"},"content":{"rendered":"","protected":false},"excerpt":{"rendered":"<p>Bianco Carraran marmori, joka on per\u00e4isin Italian Apennine-vuoristosta, on ollut arkkitehtien suosiossa roomalaisista ajoista nykyp\u00e4iv\u00e4\u00e4n asti. Sen tunnettu kuviointi huokuu luksusta ja tyyli\u00e4.<\/p>\n<p>Tarjoamme erityisen valikoiman Bianco Carrara marmori C -laattoja, joissa tummien suonien tiheys on v\u00e4hemm\u00e4n voimakas verrattuna muihin Carrara-marmorin valikoimiin. C -valikoiman Bianco Carrara-marmori sopii hyvin nykyaikaisiin minimalisteihin makuihin, eik\u00e4 se vie huomiota pois kodin muista sisustuselementeist\u00e4.<\/p>\n<p>Bianco Carrara-marmorilaatat toimitetaan hioidulla pinnalla.<\/p>\n<p><em>Hinta n\u00e4kyy, kun valitset koon. Ilmainen toimitus yli 25 m\u00b2 tilauksille.<\/em><\/p>\n","protected":false},"featured_media":3178,"template":"","meta":{"_acf_changed":false},"product_brand":[],"product_cat":[90,52,76],"product_tag":[],"class_list":{"0":"post-3711","1":"product","2":"type-product","3":"status-publish","4":"has-post-thumbnail","6":"product_cat-kaikki-laatat","7":"product_cat-lattia-ja-seinalaatat","8":"product_cat-tyotasot-ikkunalautat","10":"first","11":"instock","12":"shipping-taxable","13":"purchasable","14":"product-type-variable","15":"add-to-wishlist-after_add_to_cart"},"acf":[],"yoast_head":"<!-- This site is optimized with the Yoast SEO plugin v26.4 - https:\/\/yoast.com\/wordpress\/plugins\/seo\/ -->\n<title>Bianco Carraran marmori C, hiottu - Saxby Stone<\/title>\n<meta name=\"robots\" content=\"index, follow, max-snippet:-1, max-image-preview:large, max-video-preview:-1\" \/>\n<link rel=\"canonical\" href=\"https:\/\/saxbystone.com\/fi\/tuote\/carraran-marmori-c\/\" \/>\n<meta property=\"og:locale\" content=\"fi_FI\" \/>\n<meta property=\"og:type\" content=\"article\" \/>\n<meta property=\"og:title\" content=\"Bianco Carraran marmori C, hiottu - Saxby Stone\" \/>\n<meta property=\"og:description\" content=\"Bianco Carraran marmori, joka on per\u00e4isin Italian Apennine-vuoristosta, on ollut arkkitehtien suosiossa roomalaisista ajoista nykyp\u00e4iv\u00e4\u00e4n asti. Sen tunnettu kuviointi huokuu luksusta ja tyyli\u00e4.  Tarjoamme erityisen valikoiman Bianco Carrara marmori C -laattoja, joissa tummien suonien tiheys on v\u00e4hemm\u00e4n voimakas verrattuna muihin Carrara-marmorin valikoimiin. C -valikoiman Bianco Carrara-marmori sopii hyvin nykyaikaisiin minimalisteihin makuihin, eik\u00e4 se vie huomiota pois kodin muista sisustuselementeist\u00e4.  Bianco Carrara-marmorilaatat toimitetaan hioidulla pinnalla.  Hinta n\u00e4kyy, kun valitset koon. Ilmainen toimitus yli 25 m\u00b2 tilauksille.\" \/>\n<meta property=\"og:url\" content=\"https:\/\/saxbystone.com\/fi\/tuote\/carraran-marmori-c\/\" \/>\n<meta property=\"og:site_name\" content=\"Saxby Stone\" \/>\n<meta property=\"article:modified_time\" content=\"2025-11-05T07:19:33+00:00\" \/>\n<meta property=\"og:image\" content=\"https:\/\/saxbystone.com\/wp-content\/uploads\/2024\/10\/Carrara-Marble-C.png\" \/>\n\t<meta property=\"og:image:width\" content=\"733\" \/>\n\t<meta property=\"og:image:height\" content=\"491\" \/>\n\t<meta property=\"og:image:type\" content=\"image\/png\" \/>\n<meta name=\"twitter:card\" content=\"summary_large_image\" \/>\n<meta name=\"twitter:label1\" content=\"Arvioitu lukuaika\" \/>\n\t<meta name=\"twitter:data1\" content=\"1 minuutti\" \/>\n<script type=\"application\/ld+json\" class=\"yoast-schema-graph\">{\"@context\":\"https:\/\/schema.org\",\"@graph\":[{\"@type\":\"WebPage\",\"@id\":\"https:\/\/saxbystone.com\/fi\/tuote\/carraran-marmori-c\/\",\"url\":\"https:\/\/saxbystone.com\/fi\/tuote\/carraran-marmori-c\/\",\"name\":\"Bianco Carraran marmori C, hiottu - Saxby Stone\",\"isPartOf\":{\"@id\":\"https:\/\/saxbystone.com\/fi\/#website\"},\"primaryImageOfPage\":{\"@id\":\"https:\/\/saxbystone.com\/fi\/tuote\/carraran-marmori-c\/#primaryimage\"},\"image\":{\"@id\":\"https:\/\/saxbystone.com\/fi\/tuote\/carraran-marmori-c\/#primaryimage\"},\"thumbnailUrl\":\"https:\/\/saxbystone.com\/wp-content\/uploads\/2024\/10\/Carrara-Marble-C.png\",\"datePublished\":\"2024-10-25T13:34:50+00:00\",\"dateModified\":\"2025-11-05T07:19:33+00:00\",\"breadcrumb\":{\"@id\":\"https:\/\/saxbystone.com\/fi\/tuote\/carraran-marmori-c\/#breadcrumb\"},\"inLanguage\":\"fi\",\"potentialAction\":[{\"@type\":\"ReadAction\",\"target\":[\"https:\/\/saxbystone.com\/fi\/tuote\/carraran-marmori-c\/\"]}]},{\"@type\":\"ImageObject\",\"inLanguage\":\"fi\",\"@id\":\"https:\/\/saxbystone.com\/fi\/tuote\/carraran-marmori-c\/#primaryimage\",\"url\":\"https:\/\/saxbystone.com\/wp-content\/uploads\/2024\/10\/Carrara-Marble-C.png\",\"contentUrl\":\"https:\/\/saxbystone.com\/wp-content\/uploads\/2024\/10\/Carrara-Marble-C.png\",\"width\":733,\"height\":491},{\"@type\":\"BreadcrumbList\",\"@id\":\"https:\/\/saxbystone.com\/fi\/tuote\/carraran-marmori-c\/#breadcrumb\",\"itemListElement\":[{\"@type\":\"ListItem\",\"position\":1,\"name\":\"Home\",\"item\":\"https:\/\/saxbystone.com\/fi\/\"},{\"@type\":\"ListItem\",\"position\":2,\"name\":\"Kivilaatat\",\"item\":\"https:\/\/saxbystone.com\/stone-tiles\/\"},{\"@type\":\"ListItem\",\"position\":3,\"name\":\"Bianco Carraran marmori C, hiottu\"}]},{\"@type\":\"WebSite\",\"@id\":\"https:\/\/saxbystone.com\/fi\/#website\",\"url\":\"https:\/\/saxbystone.com\/fi\/\",\"name\":\"Saxby Stone\",\"description\":\"Natural stone tiles\",\"publisher\":{\"@id\":\"https:\/\/saxbystone.com\/fi\/#organization\"},\"potentialAction\":[{\"@type\":\"SearchAction\",\"target\":{\"@type\":\"EntryPoint\",\"urlTemplate\":\"https:\/\/saxbystone.com\/fi\/?s={search_term_string}\"},\"query-input\":{\"@type\":\"PropertyValueSpecification\",\"valueRequired\":true,\"valueName\":\"search_term_string\"}}],\"inLanguage\":\"fi\"},{\"@type\":\"Organization\",\"@id\":\"https:\/\/saxbystone.com\/fi\/#organization\",\"name\":\"Saxby Stone\",\"url\":\"https:\/\/saxbystone.com\/fi\/\",\"logo\":{\"@type\":\"ImageObject\",\"inLanguage\":\"fi\",\"@id\":\"https:\/\/saxbystone.com\/fi\/#\/schema\/logo\/image\/\",\"url\":\"https:\/\/saxbystone.com\/wp-content\/uploads\/2024\/09\/cropped-Saxby-Stone-logo-official-1st.png\",\"contentUrl\":\"https:\/\/saxbystone.com\/wp-content\/uploads\/2024\/09\/cropped-Saxby-Stone-logo-official-1st.png\",\"width\":512,\"height\":512,\"caption\":\"Saxby Stone\"},\"image\":{\"@id\":\"https:\/\/saxbystone.com\/fi\/#\/schema\/logo\/image\/\"},\"sameAs\":[\"https:\/\/www.instagram.com\/saxbystone\/\"]}]}<\/script>\n<!-- \/ Yoast SEO plugin. -->","yoast_head_json":{"title":"Bianco Carraran marmori C, hiottu - Saxby Stone","robots":{"index":"index","follow":"follow","max-snippet":"max-snippet:-1","max-image-preview":"max-image-preview:large","max-video-preview":"max-video-preview:-1"},"canonical":"https:\/\/saxbystone.com\/fi\/tuote\/carraran-marmori-c\/","og_locale":"fi_FI","og_type":"article","og_title":"Bianco Carraran marmori C, hiottu - Saxby Stone","og_description":"Bianco Carraran marmori, joka on per\u00e4isin Italian Apennine-vuoristosta, on ollut arkkitehtien suosiossa roomalaisista ajoista nykyp\u00e4iv\u00e4\u00e4n asti. Sen tunnettu kuviointi huokuu luksusta ja tyyli\u00e4.  Tarjoamme erityisen valikoiman Bianco Carrara marmori C -laattoja, joissa tummien suonien tiheys on v\u00e4hemm\u00e4n voimakas verrattuna muihin Carrara-marmorin valikoimiin. C -valikoiman Bianco Carrara-marmori sopii hyvin nykyaikaisiin minimalisteihin makuihin, eik\u00e4 se vie huomiota pois kodin muista sisustuselementeist\u00e4.  Bianco Carrara-marmorilaatat toimitetaan hioidulla pinnalla.  Hinta n\u00e4kyy, kun valitset koon. Ilmainen toimitus yli 25 m\u00b2 tilauksille.","og_url":"https:\/\/saxbystone.com\/fi\/tuote\/carraran-marmori-c\/","og_site_name":"Saxby Stone","article_modified_time":"2025-11-05T07:19:33+00:00","og_image":[{"width":733,"height":491,"url":"https:\/\/saxbystone.com\/wp-content\/uploads\/2024\/10\/Carrara-Marble-C.png","type":"image\/png"}],"twitter_card":"summary_large_image","twitter_misc":{"Arvioitu lukuaika":"1 minuutti"},"schema":{"@context":"https:\/\/schema.org","@graph":[{"@type":"WebPage","@id":"https:\/\/saxbystone.com\/fi\/tuote\/carraran-marmori-c\/","url":"https:\/\/saxbystone.com\/fi\/tuote\/carraran-marmori-c\/","name":"Bianco Carraran marmori C, hiottu - Saxby Stone","isPartOf":{"@id":"https:\/\/saxbystone.com\/fi\/#website"},"primaryImageOfPage":{"@id":"https:\/\/saxbystone.com\/fi\/tuote\/carraran-marmori-c\/#primaryimage"},"image":{"@id":"https:\/\/saxbystone.com\/fi\/tuote\/carraran-marmori-c\/#primaryimage"},"thumbnailUrl":"https:\/\/saxbystone.com\/wp-content\/uploads\/2024\/10\/Carrara-Marble-C.png","datePublished":"2024-10-25T13:34:50+00:00","dateModified":"2025-11-05T07:19:33+00:00","breadcrumb":{"@id":"https:\/\/saxbystone.com\/fi\/tuote\/carraran-marmori-c\/#breadcrumb"},"inLanguage":"fi","potentialAction":[{"@type":"ReadAction","target":["https:\/\/saxbystone.com\/fi\/tuote\/carraran-marmori-c\/"]}]},{"@type":"ImageObject","inLanguage":"fi","@id":"https:\/\/saxbystone.com\/fi\/tuote\/carraran-marmori-c\/#primaryimage","url":"https:\/\/saxbystone.com\/wp-content\/uploads\/2024\/10\/Carrara-Marble-C.png","contentUrl":"https:\/\/saxbystone.com\/wp-content\/uploads\/2024\/10\/Carrara-Marble-C.png","width":733,"height":491},{"@type":"BreadcrumbList","@id":"https:\/\/saxbystone.com\/fi\/tuote\/carraran-marmori-c\/#breadcrumb","itemListElement":[{"@type":"ListItem","position":1,"name":"Home","item":"https:\/\/saxbystone.com\/fi\/"},{"@type":"ListItem","position":2,"name":"Kivilaatat","item":"https:\/\/saxbystone.com\/stone-tiles\/"},{"@type":"ListItem","position":3,"name":"Bianco Carraran marmori C, hiottu"}]},{"@type":"WebSite","@id":"https:\/\/saxbystone.com\/fi\/#website","url":"https:\/\/saxbystone.com\/fi\/","name":"Saxby Stone","description":"Natural stone tiles","publisher":{"@id":"https:\/\/saxbystone.com\/fi\/#organization"},"potentialAction":[{"@type":"SearchAction","target":{"@type":"EntryPoint","urlTemplate":"https:\/\/saxbystone.com\/fi\/?s={search_term_string}"},"query-input":{"@type":"PropertyValueSpecification","valueRequired":true,"valueName":"search_term_string"}}],"inLanguage":"fi"},{"@type":"Organization","@id":"https:\/\/saxbystone.com\/fi\/#organization","name":"Saxby Stone","url":"https:\/\/saxbystone.com\/fi\/","logo":{"@type":"ImageObject","inLanguage":"fi","@id":"https:\/\/saxbystone.com\/fi\/#\/schema\/logo\/image\/","url":"https:\/\/saxbystone.com\/wp-content\/uploads\/2024\/09\/cropped-Saxby-Stone-logo-official-1st.png","contentUrl":"https:\/\/saxbystone.com\/wp-content\/uploads\/2024\/09\/cropped-Saxby-Stone-logo-official-1st.png","width":512,"height":512,"caption":"Saxby Stone"},"image":{"@id":"https:\/\/saxbystone.com\/fi\/#\/schema\/logo\/image\/"},"sameAs":["https:\/\/www.instagram.com\/saxbystone\/"]}]}},"_links":{"self":[{"href":"https:\/\/saxbystone.com\/fi\/wp-json\/wp\/v2\/product\/3711","targetHints":{"allow":["GET"]}}],"collection":[{"href":"https:\/\/saxbystone.com\/fi\/wp-json\/wp\/v2\/product"}],"about":[{"href":"https:\/\/saxbystone.com\/fi\/wp-json\/wp\/v2\/types\/product"}],"wp:featuredmedia":[{"embeddable":true,"href":"https:\/\/saxbystone.com\/fi\/wp-json\/wp\/v2\/media\/3178"}],"wp:attachment":[{"href":"https:\/\/saxbystone.com\/fi\/wp-json\/wp\/v2\/media?parent=3711"}],"wp:term":[{"taxonomy":"product_brand","embeddable":true,"href":"https:\/\/saxbystone.com\/fi\/wp-json\/wp\/v2\/product_brand?post=3711"},{"taxonomy":"product_cat","embeddable":true,"href":"https:\/\/saxbystone.com\/fi\/wp-json\/wp\/v2\/product_cat?post=3711"},{"taxonomy":"product_tag","embeddable":true,"href":"https:\/\/saxbystone.com\/fi\/wp-json\/wp\/v2\/product_tag?post=3711"}],"curies":[{"name":"wp","href":"https:\/\/api.w.org\/{rel}","templated":true}]}}