{"id":3709,"date":"2024-10-28T09:16:51","date_gmt":"2024-10-28T07:16:51","guid":{"rendered":"https:\/\/saxbystone.com\/product\/bordeaux-marmori-shakkilaudan-kuvio\/"},"modified":"2026-02-26T11:44:25","modified_gmt":"2026-02-26T09:44:25","slug":"bordeaux-marmori-shakkilaudan","status":"publish","type":"product","link":"https:\/\/saxbystone.com\/fi\/tuote\/bordeaux-marmori-shakkilaudan\/","title":{"rendered":"Bordeaux-marmori, shakkilaudan kuvio"},"content":{"rendered":"","protected":false},"excerpt":{"rendered":"<p>Shakkilautakuvio, joka sai alkunsa 1920-luvulla, on j\u00e4lleen noussut suosioon lattialaattana k\u00e4yt\u00e4viss\u00e4, keitti\u00f6iss\u00e4 ja kylpyhuoneissa. Bordeauxin mustavalkoiset marmorilaatat tuovat ajattoman tyylin, joka yhdist\u00e4\u00e4 sadan vuoden takaisen muodin nykyaikaiseen sisustukseen.<\/p>\n<p>Shakkilaudan efektin avulla Bordeaux-marmori luo tyylikk\u00e4\u00e4n ja vintage-henkisen ilmeen, joka sopii yht\u00e4 hyvin kaupunkiasuntoon kuin moderniin huvilaan.<\/p>\n<p>Pintak\u00e4sittelyvaihtoehdot: rumpuhiottu.<\/p>\n<p><em>Hinta n\u00e4kyy, kun valitset koon. Ilmainen toimitus yli 25 m\u00b2 tilauksille.<\/em><\/p>\n","protected":false},"featured_media":715,"template":"","meta":{"_acf_changed":false},"product_brand":[],"product_cat":[90,52],"product_tag":[],"class_list":{"0":"post-3709","1":"product","2":"type-product","3":"status-publish","4":"has-post-thumbnail","6":"product_cat-kaikki-laatat","7":"product_cat-lattia-ja-seinalaatat","9":"first","10":"instock","11":"shipping-taxable","12":"purchasable","13":"product-type-variable","14":"add-to-wishlist-after_add_to_cart"},"acf":[],"yoast_head":"<!-- This site is optimized with the Yoast SEO plugin v26.4 - https:\/\/yoast.com\/wordpress\/plugins\/seo\/ -->\n<title>Bordeaux-marmori, shakkilaudan kuvio - Saxby Stone<\/title>\n<meta name=\"robots\" content=\"index, follow, max-snippet:-1, max-image-preview:large, max-video-preview:-1\" \/>\n<link rel=\"canonical\" href=\"https:\/\/saxbystone.com\/fi\/tuote\/bordeaux-marmori-shakkilaudan\/\" \/>\n<meta property=\"og:locale\" content=\"fi_FI\" \/>\n<meta property=\"og:type\" content=\"article\" \/>\n<meta property=\"og:title\" content=\"Bordeaux-marmori, shakkilaudan kuvio - Saxby Stone\" \/>\n<meta property=\"og:description\" content=\"Shakkilautakuvio, joka sai alkunsa 1920-luvulla, on j\u00e4lleen noussut suosioon lattialaattana k\u00e4yt\u00e4viss\u00e4, keitti\u00f6iss\u00e4 ja kylpyhuoneissa. Bordeauxin mustavalkoiset marmorilaatat tuovat ajattoman tyylin, joka yhdist\u00e4\u00e4 sadan vuoden takaisen muodin nykyaikaiseen sisustukseen.  Shakkilaudan efektin avulla Bordeaux-marmori luo tyylikk\u00e4\u00e4n ja vintage-henkisen ilmeen, joka sopii yht\u00e4 hyvin kaupunkiasuntoon kuin moderniin huvilaan.  Pintak\u00e4sittelyvaihtoehdot: rumpuhiottu.  Hinta n\u00e4kyy, kun valitset koon. Ilmainen toimitus yli 25 m\u00b2 tilauksille.\" \/>\n<meta property=\"og:url\" content=\"https:\/\/saxbystone.com\/fi\/tuote\/bordeaux-marmori-shakkilaudan\/\" \/>\n<meta property=\"og:site_name\" content=\"Saxby Stone\" \/>\n<meta property=\"article:modified_time\" content=\"2026-02-26T09:44:25+00:00\" \/>\n<meta property=\"og:image\" content=\"https:\/\/saxbystone.com\/wp-content\/uploads\/2024\/09\/EN-SUITE-EATON-FARM-19.jpg\" \/>\n\t<meta property=\"og:image:width\" content=\"960\" \/>\n\t<meta property=\"og:image:height\" content=\"669\" \/>\n\t<meta property=\"og:image:type\" content=\"image\/jpeg\" \/>\n<meta name=\"twitter:card\" content=\"summary_large_image\" \/>\n<meta name=\"twitter:label1\" content=\"Arvioitu lukuaika\" \/>\n\t<meta name=\"twitter:data1\" content=\"1 minuutti\" \/>\n<script type=\"application\/ld+json\" class=\"yoast-schema-graph\">{\"@context\":\"https:\/\/schema.org\",\"@graph\":[{\"@type\":\"WebPage\",\"@id\":\"https:\/\/saxbystone.com\/fi\/tuote\/bordeaux-marmori-shakkilaudan\/\",\"url\":\"https:\/\/saxbystone.com\/fi\/tuote\/bordeaux-marmori-shakkilaudan\/\",\"name\":\"Bordeaux-marmori, shakkilaudan kuvio - Saxby Stone\",\"isPartOf\":{\"@id\":\"https:\/\/saxbystone.com\/fi\/#website\"},\"primaryImageOfPage\":{\"@id\":\"https:\/\/saxbystone.com\/fi\/tuote\/bordeaux-marmori-shakkilaudan\/#primaryimage\"},\"image\":{\"@id\":\"https:\/\/saxbystone.com\/fi\/tuote\/bordeaux-marmori-shakkilaudan\/#primaryimage\"},\"thumbnailUrl\":\"https:\/\/saxbystone.com\/wp-content\/uploads\/2024\/09\/EN-SUITE-EATON-FARM-19.jpg\",\"datePublished\":\"2024-10-28T07:16:51+00:00\",\"dateModified\":\"2026-02-26T09:44:25+00:00\",\"breadcrumb\":{\"@id\":\"https:\/\/saxbystone.com\/fi\/tuote\/bordeaux-marmori-shakkilaudan\/#breadcrumb\"},\"inLanguage\":\"fi\",\"potentialAction\":[{\"@type\":\"ReadAction\",\"target\":[\"https:\/\/saxbystone.com\/fi\/tuote\/bordeaux-marmori-shakkilaudan\/\"]}]},{\"@type\":\"ImageObject\",\"inLanguage\":\"fi\",\"@id\":\"https:\/\/saxbystone.com\/fi\/tuote\/bordeaux-marmori-shakkilaudan\/#primaryimage\",\"url\":\"https:\/\/saxbystone.com\/wp-content\/uploads\/2024\/09\/EN-SUITE-EATON-FARM-19.jpg\",\"contentUrl\":\"https:\/\/saxbystone.com\/wp-content\/uploads\/2024\/09\/EN-SUITE-EATON-FARM-19.jpg\",\"width\":960,\"height\":669},{\"@type\":\"BreadcrumbList\",\"@id\":\"https:\/\/saxbystone.com\/fi\/tuote\/bordeaux-marmori-shakkilaudan\/#breadcrumb\",\"itemListElement\":[{\"@type\":\"ListItem\",\"position\":1,\"name\":\"Home\",\"item\":\"https:\/\/saxbystone.com\/fi\/\"},{\"@type\":\"ListItem\",\"position\":2,\"name\":\"Kivilaatat\",\"item\":\"https:\/\/saxbystone.com\/stone-tiles\/\"},{\"@type\":\"ListItem\",\"position\":3,\"name\":\"Bordeaux-marmori, shakkilaudan kuvio\"}]},{\"@type\":\"WebSite\",\"@id\":\"https:\/\/saxbystone.com\/fi\/#website\",\"url\":\"https:\/\/saxbystone.com\/fi\/\",\"name\":\"Saxby Stone\",\"description\":\"Natural stone tiles\",\"publisher\":{\"@id\":\"https:\/\/saxbystone.com\/fi\/#organization\"},\"potentialAction\":[{\"@type\":\"SearchAction\",\"target\":{\"@type\":\"EntryPoint\",\"urlTemplate\":\"https:\/\/saxbystone.com\/fi\/?s={search_term_string}\"},\"query-input\":{\"@type\":\"PropertyValueSpecification\",\"valueRequired\":true,\"valueName\":\"search_term_string\"}}],\"inLanguage\":\"fi\"},{\"@type\":\"Organization\",\"@id\":\"https:\/\/saxbystone.com\/fi\/#organization\",\"name\":\"Saxby Stone\",\"url\":\"https:\/\/saxbystone.com\/fi\/\",\"logo\":{\"@type\":\"ImageObject\",\"inLanguage\":\"fi\",\"@id\":\"https:\/\/saxbystone.com\/fi\/#\/schema\/logo\/image\/\",\"url\":\"https:\/\/saxbystone.com\/wp-content\/uploads\/2024\/09\/cropped-Saxby-Stone-logo-official-1st.png\",\"contentUrl\":\"https:\/\/saxbystone.com\/wp-content\/uploads\/2024\/09\/cropped-Saxby-Stone-logo-official-1st.png\",\"width\":512,\"height\":512,\"caption\":\"Saxby Stone\"},\"image\":{\"@id\":\"https:\/\/saxbystone.com\/fi\/#\/schema\/logo\/image\/\"},\"sameAs\":[\"https:\/\/www.instagram.com\/saxbystone\/\"]}]}<\/script>\n<!-- \/ Yoast SEO plugin. -->","yoast_head_json":{"title":"Bordeaux-marmori, shakkilaudan kuvio - Saxby Stone","robots":{"index":"index","follow":"follow","max-snippet":"max-snippet:-1","max-image-preview":"max-image-preview:large","max-video-preview":"max-video-preview:-1"},"canonical":"https:\/\/saxbystone.com\/fi\/tuote\/bordeaux-marmori-shakkilaudan\/","og_locale":"fi_FI","og_type":"article","og_title":"Bordeaux-marmori, shakkilaudan kuvio - Saxby Stone","og_description":"Shakkilautakuvio, joka sai alkunsa 1920-luvulla, on j\u00e4lleen noussut suosioon lattialaattana k\u00e4yt\u00e4viss\u00e4, keitti\u00f6iss\u00e4 ja kylpyhuoneissa. Bordeauxin mustavalkoiset marmorilaatat tuovat ajattoman tyylin, joka yhdist\u00e4\u00e4 sadan vuoden takaisen muodin nykyaikaiseen sisustukseen.  Shakkilaudan efektin avulla Bordeaux-marmori luo tyylikk\u00e4\u00e4n ja vintage-henkisen ilmeen, joka sopii yht\u00e4 hyvin kaupunkiasuntoon kuin moderniin huvilaan.  Pintak\u00e4sittelyvaihtoehdot: rumpuhiottu.  Hinta n\u00e4kyy, kun valitset koon. Ilmainen toimitus yli 25 m\u00b2 tilauksille.","og_url":"https:\/\/saxbystone.com\/fi\/tuote\/bordeaux-marmori-shakkilaudan\/","og_site_name":"Saxby Stone","article_modified_time":"2026-02-26T09:44:25+00:00","og_image":[{"width":960,"height":669,"url":"https:\/\/saxbystone.com\/wp-content\/uploads\/2024\/09\/EN-SUITE-EATON-FARM-19.jpg","type":"image\/jpeg"}],"twitter_card":"summary_large_image","twitter_misc":{"Arvioitu lukuaika":"1 minuutti"},"schema":{"@context":"https:\/\/schema.org","@graph":[{"@type":"WebPage","@id":"https:\/\/saxbystone.com\/fi\/tuote\/bordeaux-marmori-shakkilaudan\/","url":"https:\/\/saxbystone.com\/fi\/tuote\/bordeaux-marmori-shakkilaudan\/","name":"Bordeaux-marmori, shakkilaudan kuvio - Saxby Stone","isPartOf":{"@id":"https:\/\/saxbystone.com\/fi\/#website"},"primaryImageOfPage":{"@id":"https:\/\/saxbystone.com\/fi\/tuote\/bordeaux-marmori-shakkilaudan\/#primaryimage"},"image":{"@id":"https:\/\/saxbystone.com\/fi\/tuote\/bordeaux-marmori-shakkilaudan\/#primaryimage"},"thumbnailUrl":"https:\/\/saxbystone.com\/wp-content\/uploads\/2024\/09\/EN-SUITE-EATON-FARM-19.jpg","datePublished":"2024-10-28T07:16:51+00:00","dateModified":"2026-02-26T09:44:25+00:00","breadcrumb":{"@id":"https:\/\/saxbystone.com\/fi\/tuote\/bordeaux-marmori-shakkilaudan\/#breadcrumb"},"inLanguage":"fi","potentialAction":[{"@type":"ReadAction","target":["https:\/\/saxbystone.com\/fi\/tuote\/bordeaux-marmori-shakkilaudan\/"]}]},{"@type":"ImageObject","inLanguage":"fi","@id":"https:\/\/saxbystone.com\/fi\/tuote\/bordeaux-marmori-shakkilaudan\/#primaryimage","url":"https:\/\/saxbystone.com\/wp-content\/uploads\/2024\/09\/EN-SUITE-EATON-FARM-19.jpg","contentUrl":"https:\/\/saxbystone.com\/wp-content\/uploads\/2024\/09\/EN-SUITE-EATON-FARM-19.jpg","width":960,"height":669},{"@type":"BreadcrumbList","@id":"https:\/\/saxbystone.com\/fi\/tuote\/bordeaux-marmori-shakkilaudan\/#breadcrumb","itemListElement":[{"@type":"ListItem","position":1,"name":"Home","item":"https:\/\/saxbystone.com\/fi\/"},{"@type":"ListItem","position":2,"name":"Kivilaatat","item":"https:\/\/saxbystone.com\/stone-tiles\/"},{"@type":"ListItem","position":3,"name":"Bordeaux-marmori, shakkilaudan kuvio"}]},{"@type":"WebSite","@id":"https:\/\/saxbystone.com\/fi\/#website","url":"https:\/\/saxbystone.com\/fi\/","name":"Saxby Stone","description":"Natural stone tiles","publisher":{"@id":"https:\/\/saxbystone.com\/fi\/#organization"},"potentialAction":[{"@type":"SearchAction","target":{"@type":"EntryPoint","urlTemplate":"https:\/\/saxbystone.com\/fi\/?s={search_term_string}"},"query-input":{"@type":"PropertyValueSpecification","valueRequired":true,"valueName":"search_term_string"}}],"inLanguage":"fi"},{"@type":"Organization","@id":"https:\/\/saxbystone.com\/fi\/#organization","name":"Saxby Stone","url":"https:\/\/saxbystone.com\/fi\/","logo":{"@type":"ImageObject","inLanguage":"fi","@id":"https:\/\/saxbystone.com\/fi\/#\/schema\/logo\/image\/","url":"https:\/\/saxbystone.com\/wp-content\/uploads\/2024\/09\/cropped-Saxby-Stone-logo-official-1st.png","contentUrl":"https:\/\/saxbystone.com\/wp-content\/uploads\/2024\/09\/cropped-Saxby-Stone-logo-official-1st.png","width":512,"height":512,"caption":"Saxby Stone"},"image":{"@id":"https:\/\/saxbystone.com\/fi\/#\/schema\/logo\/image\/"},"sameAs":["https:\/\/www.instagram.com\/saxbystone\/"]}]}},"_links":{"self":[{"href":"https:\/\/saxbystone.com\/fi\/wp-json\/wp\/v2\/product\/3709","targetHints":{"allow":["GET"]}}],"collection":[{"href":"https:\/\/saxbystone.com\/fi\/wp-json\/wp\/v2\/product"}],"about":[{"href":"https:\/\/saxbystone.com\/fi\/wp-json\/wp\/v2\/types\/product"}],"wp:featuredmedia":[{"embeddable":true,"href":"https:\/\/saxbystone.com\/fi\/wp-json\/wp\/v2\/media\/715"}],"wp:attachment":[{"href":"https:\/\/saxbystone.com\/fi\/wp-json\/wp\/v2\/media?parent=3709"}],"wp:term":[{"taxonomy":"product_brand","embeddable":true,"href":"https:\/\/saxbystone.com\/fi\/wp-json\/wp\/v2\/product_brand?post=3709"},{"taxonomy":"product_cat","embeddable":true,"href":"https:\/\/saxbystone.com\/fi\/wp-json\/wp\/v2\/product_cat?post=3709"},{"taxonomy":"product_tag","embeddable":true,"href":"https:\/\/saxbystone.com\/fi\/wp-json\/wp\/v2\/product_tag?post=3709"}],"curies":[{"name":"wp","href":"https:\/\/api.w.org\/{rel}","templated":true}]}}