{"id":3700,"date":"2024-10-28T09:44:18","date_gmt":"2024-10-28T07:44:18","guid":{"rendered":"https:\/\/saxbystone.com\/product\/jura-grey-kalkkikivi\/"},"modified":"2025-11-27T10:48:57","modified_gmt":"2025-11-27T08:48:57","slug":"jura-grey","status":"publish","type":"product","link":"https:\/\/saxbystone.com\/fi\/tuote\/jura-grey\/","title":{"rendered":"Jura Grey Kalkkikivi"},"content":{"rendered":"","protected":false},"excerpt":{"rendered":"<p>Jura Grey -kalkkikivi on todella vaikuttava materiaali, joka yhdist\u00e4\u00e4 luonnon kauneuden ja erinomaisen kest\u00e4vyyden. Jura Grey -kalkkikivi on eritt\u00e4in kovaa dolomiittista kalkkikive\u00e4, joka on per\u00e4isin Etel\u00e4-Baijerista Alppien juurelta. Sen dolomiittinen koostumus tekee siit\u00e4 erityisen vahvan ja pitk\u00e4ik\u00e4isen vaihtoehdon erilaisiin rakennus- ja sisustuskohteisiin.<\/p>\n<p>T\u00e4m\u00e4n kalkkikiven ainutlaatuinen ulkon\u00e4k\u00f6, johon kuuluu mielenkiintoisia fossiileja, tekee siit\u00e4 houkuttelevan valinnan sek\u00e4 asuin- ett\u00e4 liiketiloihin. K\u00e4ytt\u00f6mahdollisuudet ovat laajat, ja materiaali sopii erinomaisesti erityisesti vilkasliikenteisiin tiloihin, kuten ravintoloihin ja ostoskeskuksiin, joissa laatu ja kest\u00e4vyys ovat keskeisi\u00e4 vaatimuksia.<\/p>\n<p>Jura Grey -kalkkikiven pakkasenkest\u00e4vyys on merkitt\u00e4v\u00e4 etu, erityisesti Pohjoismaissa, joissa s\u00e4\u00e4n vaihtelut voivat olla suuria. T\u00e4m\u00e4 tekee siit\u00e4 erinomaisen valinnan my\u00f6s ulkotiloissa, kuten terasseilla ja julkisivuissa.<\/p>\n<p>Tarjoamme erilaisia viimeistelyvaihtoehtoja, kuten hiottuja, harjattuja ja myllytettyj\u00e4 pintoja, mik\u00e4 mahdollistaa erilaisiin tyyleihin ja tarpeisiin mukautuvan valinnan. Olipa kyseess\u00e4 keitti\u00f6n ty\u00f6tasot tai n\u00e4ytt\u00e4v\u00e4t ikkunalaudat, Jura Grey -kalkkikivi on varmasti laadukas ja kest\u00e4v\u00e4 valinta.<\/p>\n<p>Pintak\u00e4sittelyvaihtoehdot: hiottu, harjattu ja rumpuhiottu.<\/p>\n<p><em>Hinta n\u00e4kyy, kun valitset koon. Ilmainen toimitus yli 25 m\u00b2 tilauksille.<\/em><\/p>\n","protected":false},"featured_media":3265,"template":"","meta":{"_acf_changed":false},"product_brand":[],"product_cat":[90,52,76,67],"product_tag":[],"class_list":{"0":"post-3700","1":"product","2":"type-product","3":"status-publish","4":"has-post-thumbnail","6":"product_cat-kaikki-laatat","7":"product_cat-lattia-ja-seinalaatat","8":"product_cat-tyotasot-ikkunalautat","9":"product_cat-julkisivukivi","11":"first","12":"instock","13":"shipping-taxable","14":"purchasable","15":"product-type-variable","16":"add-to-wishlist-after_add_to_cart"},"acf":[],"yoast_head":"<!-- This site is optimized with the Yoast SEO plugin v26.4 - https:\/\/yoast.com\/wordpress\/plugins\/seo\/ -->\n<title>Jura Grey Kalkkikivi - Saxby Stone<\/title>\n<meta name=\"robots\" content=\"index, follow, max-snippet:-1, max-image-preview:large, max-video-preview:-1\" \/>\n<link rel=\"canonical\" href=\"https:\/\/saxbystone.com\/fi\/tuote\/jura-grey\/\" \/>\n<meta property=\"og:locale\" content=\"fi_FI\" \/>\n<meta property=\"og:type\" content=\"article\" \/>\n<meta property=\"og:title\" content=\"Jura Grey Kalkkikivi - Saxby Stone\" \/>\n<meta property=\"og:description\" content=\"Jura Grey -kalkkikivi on todella vaikuttava materiaali, joka yhdist\u00e4\u00e4 luonnon kauneuden ja erinomaisen kest\u00e4vyyden. Jura Grey -kalkkikivi on eritt\u00e4in kovaa dolomiittista kalkkikive\u00e4, joka on per\u00e4isin Etel\u00e4-Baijerista Alppien juurelta. Sen dolomiittinen koostumus tekee siit\u00e4 erityisen vahvan ja pitk\u00e4ik\u00e4isen vaihtoehdon erilaisiin rakennus- ja sisustuskohteisiin.  T\u00e4m\u00e4n kalkkikiven ainutlaatuinen ulkon\u00e4k\u00f6, johon kuuluu mielenkiintoisia fossiileja, tekee siit\u00e4 houkuttelevan valinnan sek\u00e4 asuin- ett\u00e4 liiketiloihin. K\u00e4ytt\u00f6mahdollisuudet ovat laajat, ja materiaali sopii erinomaisesti erityisesti vilkasliikenteisiin tiloihin, kuten ravintoloihin ja ostoskeskuksiin, joissa laatu ja kest\u00e4vyys ovat keskeisi\u00e4 vaatimuksia.  Jura Grey -kalkkikiven pakkasenkest\u00e4vyys on merkitt\u00e4v\u00e4 etu, erityisesti Pohjoismaissa, joissa s\u00e4\u00e4n vaihtelut voivat olla suuria. T\u00e4m\u00e4 tekee siit\u00e4 erinomaisen valinnan my\u00f6s ulkotiloissa, kuten terasseilla ja julkisivuissa.  Tarjoamme erilaisia viimeistelyvaihtoehtoja, kuten hiottuja, harjattuja ja myllytettyj\u00e4 pintoja, mik\u00e4 mahdollistaa erilaisiin tyyleihin ja tarpeisiin mukautuvan valinnan. Olipa kyseess\u00e4 keitti\u00f6n ty\u00f6tasot tai n\u00e4ytt\u00e4v\u00e4t ikkunalaudat, Jura Grey -kalkkikivi on varmasti laadukas ja kest\u00e4v\u00e4 valinta.  Pintak\u00e4sittelyvaihtoehdot: hiottu, harjattu ja rumpuhiottu.  Hinta n\u00e4kyy, kun valitset koon. Ilmainen toimitus yli 25 m\u00b2 tilauksille.\" \/>\n<meta property=\"og:url\" content=\"https:\/\/saxbystone.com\/fi\/tuote\/jura-grey\/\" \/>\n<meta property=\"og:site_name\" content=\"Saxby Stone\" \/>\n<meta property=\"article:modified_time\" content=\"2025-11-27T08:48:57+00:00\" \/>\n<meta property=\"og:image\" content=\"https:\/\/saxbystone.com\/wp-content\/uploads\/2024\/10\/Jura-Grey-Limestone.jpg\" \/>\n\t<meta property=\"og:image:width\" content=\"684\" \/>\n\t<meta property=\"og:image:height\" content=\"454\" \/>\n\t<meta property=\"og:image:type\" content=\"image\/jpeg\" \/>\n<meta name=\"twitter:card\" content=\"summary_large_image\" \/>\n<meta name=\"twitter:label1\" content=\"Arvioitu lukuaika\" \/>\n\t<meta name=\"twitter:data1\" content=\"1 minuutti\" \/>\n<script type=\"application\/ld+json\" class=\"yoast-schema-graph\">{\"@context\":\"https:\/\/schema.org\",\"@graph\":[{\"@type\":\"WebPage\",\"@id\":\"https:\/\/saxbystone.com\/fi\/tuote\/jura-grey\/\",\"url\":\"https:\/\/saxbystone.com\/fi\/tuote\/jura-grey\/\",\"name\":\"Jura Grey Kalkkikivi - Saxby Stone\",\"isPartOf\":{\"@id\":\"https:\/\/saxbystone.com\/fi\/#website\"},\"primaryImageOfPage\":{\"@id\":\"https:\/\/saxbystone.com\/fi\/tuote\/jura-grey\/#primaryimage\"},\"image\":{\"@id\":\"https:\/\/saxbystone.com\/fi\/tuote\/jura-grey\/#primaryimage\"},\"thumbnailUrl\":\"https:\/\/saxbystone.com\/wp-content\/uploads\/2024\/10\/Jura-Grey-Limestone.jpg\",\"datePublished\":\"2024-10-28T07:44:18+00:00\",\"dateModified\":\"2025-11-27T08:48:57+00:00\",\"breadcrumb\":{\"@id\":\"https:\/\/saxbystone.com\/fi\/tuote\/jura-grey\/#breadcrumb\"},\"inLanguage\":\"fi\",\"potentialAction\":[{\"@type\":\"ReadAction\",\"target\":[\"https:\/\/saxbystone.com\/fi\/tuote\/jura-grey\/\"]}]},{\"@type\":\"ImageObject\",\"inLanguage\":\"fi\",\"@id\":\"https:\/\/saxbystone.com\/fi\/tuote\/jura-grey\/#primaryimage\",\"url\":\"https:\/\/saxbystone.com\/wp-content\/uploads\/2024\/10\/Jura-Grey-Limestone.jpg\",\"contentUrl\":\"https:\/\/saxbystone.com\/wp-content\/uploads\/2024\/10\/Jura-Grey-Limestone.jpg\",\"width\":684,\"height\":454},{\"@type\":\"BreadcrumbList\",\"@id\":\"https:\/\/saxbystone.com\/fi\/tuote\/jura-grey\/#breadcrumb\",\"itemListElement\":[{\"@type\":\"ListItem\",\"position\":1,\"name\":\"Home\",\"item\":\"https:\/\/saxbystone.com\/fi\/\"},{\"@type\":\"ListItem\",\"position\":2,\"name\":\"Kivilaatat\",\"item\":\"https:\/\/saxbystone.com\/stone-tiles\/\"},{\"@type\":\"ListItem\",\"position\":3,\"name\":\"Jura Grey Kalkkikivi\"}]},{\"@type\":\"WebSite\",\"@id\":\"https:\/\/saxbystone.com\/fi\/#website\",\"url\":\"https:\/\/saxbystone.com\/fi\/\",\"name\":\"Saxby Stone\",\"description\":\"Natural stone tiles\",\"publisher\":{\"@id\":\"https:\/\/saxbystone.com\/fi\/#organization\"},\"potentialAction\":[{\"@type\":\"SearchAction\",\"target\":{\"@type\":\"EntryPoint\",\"urlTemplate\":\"https:\/\/saxbystone.com\/fi\/?s={search_term_string}\"},\"query-input\":{\"@type\":\"PropertyValueSpecification\",\"valueRequired\":true,\"valueName\":\"search_term_string\"}}],\"inLanguage\":\"fi\"},{\"@type\":\"Organization\",\"@id\":\"https:\/\/saxbystone.com\/fi\/#organization\",\"name\":\"Saxby Stone\",\"url\":\"https:\/\/saxbystone.com\/fi\/\",\"logo\":{\"@type\":\"ImageObject\",\"inLanguage\":\"fi\",\"@id\":\"https:\/\/saxbystone.com\/fi\/#\/schema\/logo\/image\/\",\"url\":\"https:\/\/saxbystone.com\/wp-content\/uploads\/2024\/09\/cropped-Saxby-Stone-logo-official-1st.png\",\"contentUrl\":\"https:\/\/saxbystone.com\/wp-content\/uploads\/2024\/09\/cropped-Saxby-Stone-logo-official-1st.png\",\"width\":512,\"height\":512,\"caption\":\"Saxby Stone\"},\"image\":{\"@id\":\"https:\/\/saxbystone.com\/fi\/#\/schema\/logo\/image\/\"},\"sameAs\":[\"https:\/\/www.instagram.com\/saxbystone\/\"]}]}<\/script>\n<!-- \/ Yoast SEO plugin. -->","yoast_head_json":{"title":"Jura Grey Kalkkikivi - Saxby Stone","robots":{"index":"index","follow":"follow","max-snippet":"max-snippet:-1","max-image-preview":"max-image-preview:large","max-video-preview":"max-video-preview:-1"},"canonical":"https:\/\/saxbystone.com\/fi\/tuote\/jura-grey\/","og_locale":"fi_FI","og_type":"article","og_title":"Jura Grey Kalkkikivi - Saxby Stone","og_description":"Jura Grey -kalkkikivi on todella vaikuttava materiaali, joka yhdist\u00e4\u00e4 luonnon kauneuden ja erinomaisen kest\u00e4vyyden. Jura Grey -kalkkikivi on eritt\u00e4in kovaa dolomiittista kalkkikive\u00e4, joka on per\u00e4isin Etel\u00e4-Baijerista Alppien juurelta. Sen dolomiittinen koostumus tekee siit\u00e4 erityisen vahvan ja pitk\u00e4ik\u00e4isen vaihtoehdon erilaisiin rakennus- ja sisustuskohteisiin.  T\u00e4m\u00e4n kalkkikiven ainutlaatuinen ulkon\u00e4k\u00f6, johon kuuluu mielenkiintoisia fossiileja, tekee siit\u00e4 houkuttelevan valinnan sek\u00e4 asuin- ett\u00e4 liiketiloihin. K\u00e4ytt\u00f6mahdollisuudet ovat laajat, ja materiaali sopii erinomaisesti erityisesti vilkasliikenteisiin tiloihin, kuten ravintoloihin ja ostoskeskuksiin, joissa laatu ja kest\u00e4vyys ovat keskeisi\u00e4 vaatimuksia.  Jura Grey -kalkkikiven pakkasenkest\u00e4vyys on merkitt\u00e4v\u00e4 etu, erityisesti Pohjoismaissa, joissa s\u00e4\u00e4n vaihtelut voivat olla suuria. T\u00e4m\u00e4 tekee siit\u00e4 erinomaisen valinnan my\u00f6s ulkotiloissa, kuten terasseilla ja julkisivuissa.  Tarjoamme erilaisia viimeistelyvaihtoehtoja, kuten hiottuja, harjattuja ja myllytettyj\u00e4 pintoja, mik\u00e4 mahdollistaa erilaisiin tyyleihin ja tarpeisiin mukautuvan valinnan. Olipa kyseess\u00e4 keitti\u00f6n ty\u00f6tasot tai n\u00e4ytt\u00e4v\u00e4t ikkunalaudat, Jura Grey -kalkkikivi on varmasti laadukas ja kest\u00e4v\u00e4 valinta.  Pintak\u00e4sittelyvaihtoehdot: hiottu, harjattu ja rumpuhiottu.  Hinta n\u00e4kyy, kun valitset koon. Ilmainen toimitus yli 25 m\u00b2 tilauksille.","og_url":"https:\/\/saxbystone.com\/fi\/tuote\/jura-grey\/","og_site_name":"Saxby Stone","article_modified_time":"2025-11-27T08:48:57+00:00","og_image":[{"width":684,"height":454,"url":"https:\/\/saxbystone.com\/wp-content\/uploads\/2024\/10\/Jura-Grey-Limestone.jpg","type":"image\/jpeg"}],"twitter_card":"summary_large_image","twitter_misc":{"Arvioitu lukuaika":"1 minuutti"},"schema":{"@context":"https:\/\/schema.org","@graph":[{"@type":"WebPage","@id":"https:\/\/saxbystone.com\/fi\/tuote\/jura-grey\/","url":"https:\/\/saxbystone.com\/fi\/tuote\/jura-grey\/","name":"Jura Grey Kalkkikivi - Saxby Stone","isPartOf":{"@id":"https:\/\/saxbystone.com\/fi\/#website"},"primaryImageOfPage":{"@id":"https:\/\/saxbystone.com\/fi\/tuote\/jura-grey\/#primaryimage"},"image":{"@id":"https:\/\/saxbystone.com\/fi\/tuote\/jura-grey\/#primaryimage"},"thumbnailUrl":"https:\/\/saxbystone.com\/wp-content\/uploads\/2024\/10\/Jura-Grey-Limestone.jpg","datePublished":"2024-10-28T07:44:18+00:00","dateModified":"2025-11-27T08:48:57+00:00","breadcrumb":{"@id":"https:\/\/saxbystone.com\/fi\/tuote\/jura-grey\/#breadcrumb"},"inLanguage":"fi","potentialAction":[{"@type":"ReadAction","target":["https:\/\/saxbystone.com\/fi\/tuote\/jura-grey\/"]}]},{"@type":"ImageObject","inLanguage":"fi","@id":"https:\/\/saxbystone.com\/fi\/tuote\/jura-grey\/#primaryimage","url":"https:\/\/saxbystone.com\/wp-content\/uploads\/2024\/10\/Jura-Grey-Limestone.jpg","contentUrl":"https:\/\/saxbystone.com\/wp-content\/uploads\/2024\/10\/Jura-Grey-Limestone.jpg","width":684,"height":454},{"@type":"BreadcrumbList","@id":"https:\/\/saxbystone.com\/fi\/tuote\/jura-grey\/#breadcrumb","itemListElement":[{"@type":"ListItem","position":1,"name":"Home","item":"https:\/\/saxbystone.com\/fi\/"},{"@type":"ListItem","position":2,"name":"Kivilaatat","item":"https:\/\/saxbystone.com\/stone-tiles\/"},{"@type":"ListItem","position":3,"name":"Jura Grey Kalkkikivi"}]},{"@type":"WebSite","@id":"https:\/\/saxbystone.com\/fi\/#website","url":"https:\/\/saxbystone.com\/fi\/","name":"Saxby Stone","description":"Natural stone tiles","publisher":{"@id":"https:\/\/saxbystone.com\/fi\/#organization"},"potentialAction":[{"@type":"SearchAction","target":{"@type":"EntryPoint","urlTemplate":"https:\/\/saxbystone.com\/fi\/?s={search_term_string}"},"query-input":{"@type":"PropertyValueSpecification","valueRequired":true,"valueName":"search_term_string"}}],"inLanguage":"fi"},{"@type":"Organization","@id":"https:\/\/saxbystone.com\/fi\/#organization","name":"Saxby Stone","url":"https:\/\/saxbystone.com\/fi\/","logo":{"@type":"ImageObject","inLanguage":"fi","@id":"https:\/\/saxbystone.com\/fi\/#\/schema\/logo\/image\/","url":"https:\/\/saxbystone.com\/wp-content\/uploads\/2024\/09\/cropped-Saxby-Stone-logo-official-1st.png","contentUrl":"https:\/\/saxbystone.com\/wp-content\/uploads\/2024\/09\/cropped-Saxby-Stone-logo-official-1st.png","width":512,"height":512,"caption":"Saxby Stone"},"image":{"@id":"https:\/\/saxbystone.com\/fi\/#\/schema\/logo\/image\/"},"sameAs":["https:\/\/www.instagram.com\/saxbystone\/"]}]}},"_links":{"self":[{"href":"https:\/\/saxbystone.com\/fi\/wp-json\/wp\/v2\/product\/3700","targetHints":{"allow":["GET"]}}],"collection":[{"href":"https:\/\/saxbystone.com\/fi\/wp-json\/wp\/v2\/product"}],"about":[{"href":"https:\/\/saxbystone.com\/fi\/wp-json\/wp\/v2\/types\/product"}],"wp:featuredmedia":[{"embeddable":true,"href":"https:\/\/saxbystone.com\/fi\/wp-json\/wp\/v2\/media\/3265"}],"wp:attachment":[{"href":"https:\/\/saxbystone.com\/fi\/wp-json\/wp\/v2\/media?parent=3700"}],"wp:term":[{"taxonomy":"product_brand","embeddable":true,"href":"https:\/\/saxbystone.com\/fi\/wp-json\/wp\/v2\/product_brand?post=3700"},{"taxonomy":"product_cat","embeddable":true,"href":"https:\/\/saxbystone.com\/fi\/wp-json\/wp\/v2\/product_cat?post=3700"},{"taxonomy":"product_tag","embeddable":true,"href":"https:\/\/saxbystone.com\/fi\/wp-json\/wp\/v2\/product_tag?post=3700"}],"curies":[{"name":"wp","href":"https:\/\/api.w.org\/{rel}","templated":true}]}}