{"id":3695,"date":"2024-10-28T09:51:12","date_gmt":"2024-10-28T07:51:12","guid":{"rendered":"https:\/\/saxbystone.com\/product\/jura-beige-crema-kalkkikivi\/"},"modified":"2025-11-26T12:08:14","modified_gmt":"2025-11-26T10:08:14","slug":"jura-beige","status":"publish","type":"product","link":"https:\/\/saxbystone.com\/fi\/tuote\/jura-beige\/","title":{"rendered":"Jura Beige Crema Kalkkikivi"},"content":{"rendered":"","protected":false},"excerpt":{"rendered":"<p>Jura Beige Crema Kalkkikivi on eritt\u00e4in kovaa dolomiittista kalkkikivi\u00e4, joka on per\u00e4isin Etel\u00e4-Saksan Alppien juurelta. Kivess\u00e4 on monia mielenkiintoisia meriel\u00e4inten fossiileja miljoonien vuosien takaa. Sek\u00e4 laatat ett\u00e4 keitti\u00f6n ty\u00f6tasot ovat suosittuja, koska Jura Beige kalkkikivi kest\u00e4\u00e4 jokap\u00e4iv\u00e4ist\u00e4 k\u00e4ytt\u00f6\u00e4 ja on helppo huoltaa. Monissa ostoskeskuksissa, lentokentill\u00e4 ja ravintoloissa on Jura Beige -kalkkikivilattia, joka on osoitus sen lujuudesta ja kest\u00e4vyydest\u00e4.<\/p>\n<p>On t\u00e4rke\u00e4\u00e4 huomata, ett\u00e4 tarjoamme Crema-valikoiman Jura beige\u00e4, mik\u00e4 tarkoittaa, ett\u00e4 laatat eiv\u00e4t ole niin voimakkaasti merkityt ja ruosteenv\u00e4risi\u00e4 pisteit\u00e4 on v\u00e4h\u00e4n, jos ollenkaan. Crema-valikoima Jura Beige tarjoaa hienovaraisemman ja tasaisemman v\u00e4rin kuin tavallinen Jura Beige kalkkikivi.<\/p>\n<p>Saatavilla olevia tuotteita: laatat, keitti\u00f6n ty\u00f6tasot, ikkunalaudat, portaat ja jalkalistat.<\/p>\n<p>Pintak\u00e4sittelyvaihtoehdot: hiottu, harjattu ja rumpuhiottu.<\/p>\n<p><em>Hinta n\u00e4kyy, kun valitset koon. Ilmainen toimitus yli 25 m\u00b2 tilauksille.<\/em><\/p>\n","protected":false},"featured_media":6934,"template":"","meta":{"_acf_changed":false},"product_brand":[],"product_cat":[90,52,76,67],"product_tag":[],"class_list":{"0":"post-3695","1":"product","2":"type-product","3":"status-publish","4":"has-post-thumbnail","6":"product_cat-kaikki-laatat","7":"product_cat-lattia-ja-seinalaatat","8":"product_cat-tyotasot-ikkunalautat","9":"product_cat-julkisivukivi","11":"first","12":"instock","13":"shipping-taxable","14":"purchasable","15":"product-type-variable","16":"add-to-wishlist-after_add_to_cart"},"acf":[],"yoast_head":"<!-- This site is optimized with the Yoast SEO plugin v26.4 - https:\/\/yoast.com\/wordpress\/plugins\/seo\/ -->\n<title>Jura Beige Crema Kalkkikivi - Saxby Stone<\/title>\n<meta name=\"robots\" content=\"index, follow, max-snippet:-1, max-image-preview:large, max-video-preview:-1\" \/>\n<link rel=\"canonical\" href=\"https:\/\/saxbystone.com\/fi\/tuote\/jura-beige\/\" \/>\n<meta property=\"og:locale\" content=\"fi_FI\" \/>\n<meta property=\"og:type\" content=\"article\" \/>\n<meta property=\"og:title\" content=\"Jura Beige Crema Kalkkikivi - Saxby Stone\" \/>\n<meta property=\"og:description\" content=\"Jura Beige Crema Kalkkikivi on eritt\u00e4in kovaa dolomiittista kalkkikivi\u00e4, joka on per\u00e4isin Etel\u00e4-Saksan Alppien juurelta. Kivess\u00e4 on monia mielenkiintoisia meriel\u00e4inten fossiileja miljoonien vuosien takaa. Sek\u00e4 laatat ett\u00e4 keitti\u00f6n ty\u00f6tasot ovat suosittuja, koska Jura Beige kalkkikivi kest\u00e4\u00e4 jokap\u00e4iv\u00e4ist\u00e4 k\u00e4ytt\u00f6\u00e4 ja on helppo huoltaa. Monissa ostoskeskuksissa, lentokentill\u00e4 ja ravintoloissa on Jura Beige -kalkkikivilattia, joka on osoitus sen lujuudesta ja kest\u00e4vyydest\u00e4.  On t\u00e4rke\u00e4\u00e4 huomata, ett\u00e4 tarjoamme Crema-valikoiman Jura beige\u00e4, mik\u00e4 tarkoittaa, ett\u00e4 laatat eiv\u00e4t ole niin voimakkaasti merkityt ja ruosteenv\u00e4risi\u00e4 pisteit\u00e4 on v\u00e4h\u00e4n, jos ollenkaan. Crema-valikoima Jura Beige tarjoaa hienovaraisemman ja tasaisemman v\u00e4rin kuin tavallinen Jura Beige kalkkikivi.  Saatavilla olevia tuotteita: laatat, keitti\u00f6n ty\u00f6tasot, ikkunalaudat, portaat ja jalkalistat.  Pintak\u00e4sittelyvaihtoehdot: hiottu, harjattu ja rumpuhiottu.  Hinta n\u00e4kyy, kun valitset koon. Ilmainen toimitus yli 25 m\u00b2 tilauksille.\" \/>\n<meta property=\"og:url\" content=\"https:\/\/saxbystone.com\/fi\/tuote\/jura-beige\/\" \/>\n<meta property=\"og:site_name\" content=\"Saxby Stone\" \/>\n<meta property=\"article:modified_time\" content=\"2025-11-26T10:08:14+00:00\" \/>\n<meta property=\"og:image\" content=\"https:\/\/saxbystone.com\/wp-content\/uploads\/2024\/10\/Jura-Beige-Crema-Limestone-First-picture-1.jpg\" \/>\n\t<meta property=\"og:image:width\" content=\"1089\" \/>\n\t<meta property=\"og:image:height\" content=\"1110\" \/>\n\t<meta property=\"og:image:type\" content=\"image\/jpeg\" \/>\n<meta name=\"twitter:card\" content=\"summary_large_image\" \/>\n<meta name=\"twitter:label1\" content=\"Arvioitu lukuaika\" \/>\n\t<meta name=\"twitter:data1\" content=\"1 minuutti\" \/>\n<script type=\"application\/ld+json\" class=\"yoast-schema-graph\">{\"@context\":\"https:\/\/schema.org\",\"@graph\":[{\"@type\":\"WebPage\",\"@id\":\"https:\/\/saxbystone.com\/fi\/tuote\/jura-beige\/\",\"url\":\"https:\/\/saxbystone.com\/fi\/tuote\/jura-beige\/\",\"name\":\"Jura Beige Crema Kalkkikivi - Saxby Stone\",\"isPartOf\":{\"@id\":\"https:\/\/saxbystone.com\/fi\/#website\"},\"primaryImageOfPage\":{\"@id\":\"https:\/\/saxbystone.com\/fi\/tuote\/jura-beige\/#primaryimage\"},\"image\":{\"@id\":\"https:\/\/saxbystone.com\/fi\/tuote\/jura-beige\/#primaryimage\"},\"thumbnailUrl\":\"https:\/\/saxbystone.com\/wp-content\/uploads\/2024\/10\/Jura-Beige-Crema-Limestone-First-picture-1.jpg\",\"datePublished\":\"2024-10-28T07:51:12+00:00\",\"dateModified\":\"2025-11-26T10:08:14+00:00\",\"breadcrumb\":{\"@id\":\"https:\/\/saxbystone.com\/fi\/tuote\/jura-beige\/#breadcrumb\"},\"inLanguage\":\"fi\",\"potentialAction\":[{\"@type\":\"ReadAction\",\"target\":[\"https:\/\/saxbystone.com\/fi\/tuote\/jura-beige\/\"]}]},{\"@type\":\"ImageObject\",\"inLanguage\":\"fi\",\"@id\":\"https:\/\/saxbystone.com\/fi\/tuote\/jura-beige\/#primaryimage\",\"url\":\"https:\/\/saxbystone.com\/wp-content\/uploads\/2024\/10\/Jura-Beige-Crema-Limestone-First-picture-1.jpg\",\"contentUrl\":\"https:\/\/saxbystone.com\/wp-content\/uploads\/2024\/10\/Jura-Beige-Crema-Limestone-First-picture-1.jpg\",\"width\":1089,\"height\":1110},{\"@type\":\"BreadcrumbList\",\"@id\":\"https:\/\/saxbystone.com\/fi\/tuote\/jura-beige\/#breadcrumb\",\"itemListElement\":[{\"@type\":\"ListItem\",\"position\":1,\"name\":\"Home\",\"item\":\"https:\/\/saxbystone.com\/fi\/\"},{\"@type\":\"ListItem\",\"position\":2,\"name\":\"Kivilaatat\",\"item\":\"https:\/\/saxbystone.com\/stone-tiles\/\"},{\"@type\":\"ListItem\",\"position\":3,\"name\":\"Jura Beige Crema Kalkkikivi\"}]},{\"@type\":\"WebSite\",\"@id\":\"https:\/\/saxbystone.com\/fi\/#website\",\"url\":\"https:\/\/saxbystone.com\/fi\/\",\"name\":\"Saxby Stone\",\"description\":\"Natural stone tiles\",\"publisher\":{\"@id\":\"https:\/\/saxbystone.com\/fi\/#organization\"},\"potentialAction\":[{\"@type\":\"SearchAction\",\"target\":{\"@type\":\"EntryPoint\",\"urlTemplate\":\"https:\/\/saxbystone.com\/fi\/?s={search_term_string}\"},\"query-input\":{\"@type\":\"PropertyValueSpecification\",\"valueRequired\":true,\"valueName\":\"search_term_string\"}}],\"inLanguage\":\"fi\"},{\"@type\":\"Organization\",\"@id\":\"https:\/\/saxbystone.com\/fi\/#organization\",\"name\":\"Saxby Stone\",\"url\":\"https:\/\/saxbystone.com\/fi\/\",\"logo\":{\"@type\":\"ImageObject\",\"inLanguage\":\"fi\",\"@id\":\"https:\/\/saxbystone.com\/fi\/#\/schema\/logo\/image\/\",\"url\":\"https:\/\/saxbystone.com\/wp-content\/uploads\/2024\/09\/cropped-Saxby-Stone-logo-official-1st.png\",\"contentUrl\":\"https:\/\/saxbystone.com\/wp-content\/uploads\/2024\/09\/cropped-Saxby-Stone-logo-official-1st.png\",\"width\":512,\"height\":512,\"caption\":\"Saxby Stone\"},\"image\":{\"@id\":\"https:\/\/saxbystone.com\/fi\/#\/schema\/logo\/image\/\"},\"sameAs\":[\"https:\/\/www.instagram.com\/saxbystone\/\"]}]}<\/script>\n<!-- \/ Yoast SEO plugin. -->","yoast_head_json":{"title":"Jura Beige Crema Kalkkikivi - Saxby Stone","robots":{"index":"index","follow":"follow","max-snippet":"max-snippet:-1","max-image-preview":"max-image-preview:large","max-video-preview":"max-video-preview:-1"},"canonical":"https:\/\/saxbystone.com\/fi\/tuote\/jura-beige\/","og_locale":"fi_FI","og_type":"article","og_title":"Jura Beige Crema Kalkkikivi - Saxby Stone","og_description":"Jura Beige Crema Kalkkikivi on eritt\u00e4in kovaa dolomiittista kalkkikivi\u00e4, joka on per\u00e4isin Etel\u00e4-Saksan Alppien juurelta. Kivess\u00e4 on monia mielenkiintoisia meriel\u00e4inten fossiileja miljoonien vuosien takaa. Sek\u00e4 laatat ett\u00e4 keitti\u00f6n ty\u00f6tasot ovat suosittuja, koska Jura Beige kalkkikivi kest\u00e4\u00e4 jokap\u00e4iv\u00e4ist\u00e4 k\u00e4ytt\u00f6\u00e4 ja on helppo huoltaa. Monissa ostoskeskuksissa, lentokentill\u00e4 ja ravintoloissa on Jura Beige -kalkkikivilattia, joka on osoitus sen lujuudesta ja kest\u00e4vyydest\u00e4.  On t\u00e4rke\u00e4\u00e4 huomata, ett\u00e4 tarjoamme Crema-valikoiman Jura beige\u00e4, mik\u00e4 tarkoittaa, ett\u00e4 laatat eiv\u00e4t ole niin voimakkaasti merkityt ja ruosteenv\u00e4risi\u00e4 pisteit\u00e4 on v\u00e4h\u00e4n, jos ollenkaan. Crema-valikoima Jura Beige tarjoaa hienovaraisemman ja tasaisemman v\u00e4rin kuin tavallinen Jura Beige kalkkikivi.  Saatavilla olevia tuotteita: laatat, keitti\u00f6n ty\u00f6tasot, ikkunalaudat, portaat ja jalkalistat.  Pintak\u00e4sittelyvaihtoehdot: hiottu, harjattu ja rumpuhiottu.  Hinta n\u00e4kyy, kun valitset koon. Ilmainen toimitus yli 25 m\u00b2 tilauksille.","og_url":"https:\/\/saxbystone.com\/fi\/tuote\/jura-beige\/","og_site_name":"Saxby Stone","article_modified_time":"2025-11-26T10:08:14+00:00","og_image":[{"width":1089,"height":1110,"url":"https:\/\/saxbystone.com\/wp-content\/uploads\/2024\/10\/Jura-Beige-Crema-Limestone-First-picture-1.jpg","type":"image\/jpeg"}],"twitter_card":"summary_large_image","twitter_misc":{"Arvioitu lukuaika":"1 minuutti"},"schema":{"@context":"https:\/\/schema.org","@graph":[{"@type":"WebPage","@id":"https:\/\/saxbystone.com\/fi\/tuote\/jura-beige\/","url":"https:\/\/saxbystone.com\/fi\/tuote\/jura-beige\/","name":"Jura Beige Crema Kalkkikivi - Saxby Stone","isPartOf":{"@id":"https:\/\/saxbystone.com\/fi\/#website"},"primaryImageOfPage":{"@id":"https:\/\/saxbystone.com\/fi\/tuote\/jura-beige\/#primaryimage"},"image":{"@id":"https:\/\/saxbystone.com\/fi\/tuote\/jura-beige\/#primaryimage"},"thumbnailUrl":"https:\/\/saxbystone.com\/wp-content\/uploads\/2024\/10\/Jura-Beige-Crema-Limestone-First-picture-1.jpg","datePublished":"2024-10-28T07:51:12+00:00","dateModified":"2025-11-26T10:08:14+00:00","breadcrumb":{"@id":"https:\/\/saxbystone.com\/fi\/tuote\/jura-beige\/#breadcrumb"},"inLanguage":"fi","potentialAction":[{"@type":"ReadAction","target":["https:\/\/saxbystone.com\/fi\/tuote\/jura-beige\/"]}]},{"@type":"ImageObject","inLanguage":"fi","@id":"https:\/\/saxbystone.com\/fi\/tuote\/jura-beige\/#primaryimage","url":"https:\/\/saxbystone.com\/wp-content\/uploads\/2024\/10\/Jura-Beige-Crema-Limestone-First-picture-1.jpg","contentUrl":"https:\/\/saxbystone.com\/wp-content\/uploads\/2024\/10\/Jura-Beige-Crema-Limestone-First-picture-1.jpg","width":1089,"height":1110},{"@type":"BreadcrumbList","@id":"https:\/\/saxbystone.com\/fi\/tuote\/jura-beige\/#breadcrumb","itemListElement":[{"@type":"ListItem","position":1,"name":"Home","item":"https:\/\/saxbystone.com\/fi\/"},{"@type":"ListItem","position":2,"name":"Kivilaatat","item":"https:\/\/saxbystone.com\/stone-tiles\/"},{"@type":"ListItem","position":3,"name":"Jura Beige Crema Kalkkikivi"}]},{"@type":"WebSite","@id":"https:\/\/saxbystone.com\/fi\/#website","url":"https:\/\/saxbystone.com\/fi\/","name":"Saxby Stone","description":"Natural stone tiles","publisher":{"@id":"https:\/\/saxbystone.com\/fi\/#organization"},"potentialAction":[{"@type":"SearchAction","target":{"@type":"EntryPoint","urlTemplate":"https:\/\/saxbystone.com\/fi\/?s={search_term_string}"},"query-input":{"@type":"PropertyValueSpecification","valueRequired":true,"valueName":"search_term_string"}}],"inLanguage":"fi"},{"@type":"Organization","@id":"https:\/\/saxbystone.com\/fi\/#organization","name":"Saxby Stone","url":"https:\/\/saxbystone.com\/fi\/","logo":{"@type":"ImageObject","inLanguage":"fi","@id":"https:\/\/saxbystone.com\/fi\/#\/schema\/logo\/image\/","url":"https:\/\/saxbystone.com\/wp-content\/uploads\/2024\/09\/cropped-Saxby-Stone-logo-official-1st.png","contentUrl":"https:\/\/saxbystone.com\/wp-content\/uploads\/2024\/09\/cropped-Saxby-Stone-logo-official-1st.png","width":512,"height":512,"caption":"Saxby Stone"},"image":{"@id":"https:\/\/saxbystone.com\/fi\/#\/schema\/logo\/image\/"},"sameAs":["https:\/\/www.instagram.com\/saxbystone\/"]}]}},"_links":{"self":[{"href":"https:\/\/saxbystone.com\/fi\/wp-json\/wp\/v2\/product\/3695","targetHints":{"allow":["GET"]}}],"collection":[{"href":"https:\/\/saxbystone.com\/fi\/wp-json\/wp\/v2\/product"}],"about":[{"href":"https:\/\/saxbystone.com\/fi\/wp-json\/wp\/v2\/types\/product"}],"wp:featuredmedia":[{"embeddable":true,"href":"https:\/\/saxbystone.com\/fi\/wp-json\/wp\/v2\/media\/6934"}],"wp:attachment":[{"href":"https:\/\/saxbystone.com\/fi\/wp-json\/wp\/v2\/media?parent=3695"}],"wp:term":[{"taxonomy":"product_brand","embeddable":true,"href":"https:\/\/saxbystone.com\/fi\/wp-json\/wp\/v2\/product_brand?post=3695"},{"taxonomy":"product_cat","embeddable":true,"href":"https:\/\/saxbystone.com\/fi\/wp-json\/wp\/v2\/product_cat?post=3695"},{"taxonomy":"product_tag","embeddable":true,"href":"https:\/\/saxbystone.com\/fi\/wp-json\/wp\/v2\/product_tag?post=3695"}],"curies":[{"name":"wp","href":"https:\/\/api.w.org\/{rel}","templated":true}]}}