{"id":7039,"date":"2025-08-18T10:28:46","date_gmt":"2025-08-18T07:28:46","guid":{"rendered":"https:\/\/saxbystone.com\/?post_type=product&#038;p=7039"},"modified":"2026-02-26T11:46:24","modified_gmt":"2026-02-26T09:46:24","slug":"burford-grey-sillutiskivi","status":"publish","type":"product","link":"https:\/\/saxbystone.com\/et\/toode\/burford-grey-sillutiskivi\/","title":{"rendered":"Burford Grey Sillutiskivi"},"content":{"rendered":"","protected":false},"excerpt":{"rendered":"<p>Meie hea k\u00fclmataluvusega Burford Grey paekivist sillutiskivid sobivad ideaalselt aiaradade ja \u00f5ueterrasside rajamiseks. Kivi trummeldatud pinnaviimistlus tagab hea haarduvuse igasugustes ilmastikuoludes.<\/p>\n<p>Burford Grey on vastupidav paekivi ning vajab v\u00e4he hooldust. Looduse poolt kujundatud kivi hele- ning tumehallide v\u00e4rvitoonide segu loob teie \u00f5uealale ning aeda atraktiivse ning loodusega harmooniliselt koosk\u00f5las tulemuse.<\/p>\n<p>Suureformaadilisi sillutiskive saab dekoratiivse efekti saavutamiseks kombineerida v\u00e4iksemate kividega ning Burford Grey paekivi vastupidavuse t\u00f5ttu kestab loodud rajatis l\u00f5putult.<\/p>\n<p>Saadaval trummeldatud pinnaviimistlusega.<\/p>\n<p><em>Et n\u00e4ha hinda, valige palun plaadi m\u00f5\u00f5tmed. Tasuta transport tellimustele \u00fcle 25 m<sup>2<\/sup>.\u00a0<\/em><\/p>\n","protected":false},"featured_media":7081,"template":"","meta":{"_acf_changed":false},"product_brand":[],"product_cat":[232,247],"product_tag":[],"class_list":{"0":"post-7039","1":"product","2":"type-product","3":"status-publish","4":"has-post-thumbnail","6":"product_cat-koik-tooted","7":"product_cat-sillutiskivi","9":"first","10":"instock","11":"shipping-taxable","12":"purchasable","13":"product-type-variable","14":"add-to-wishlist-after_add_to_cart"},"acf":[],"yoast_head":"<!-- This site is optimized with the Yoast SEO plugin v26.4 - https:\/\/yoast.com\/wordpress\/plugins\/seo\/ -->\n<title>Burford Grey Sillutiskivi - Saxby Stone<\/title>\n<meta name=\"description\" content=\"Frost resistant Burford Grey limestone paving cobbles are perfect for garden paths and outdoor terraces.\" \/>\n<meta name=\"robots\" content=\"index, follow, max-snippet:-1, max-image-preview:large, max-video-preview:-1\" \/>\n<link rel=\"canonical\" href=\"https:\/\/saxbystone.com\/et\/toode\/burford-grey-sillutiskivi\/\" \/>\n<meta property=\"og:locale\" content=\"et_EE\" \/>\n<meta property=\"og:type\" content=\"article\" \/>\n<meta property=\"og:title\" content=\"Burford Grey Sillutiskivi - Saxby Stone\" \/>\n<meta property=\"og:description\" content=\"Frost resistant Burford Grey limestone paving cobbles are perfect for garden paths and outdoor terraces.\" \/>\n<meta property=\"og:url\" content=\"https:\/\/saxbystone.com\/et\/toode\/burford-grey-sillutiskivi\/\" \/>\n<meta property=\"og:site_name\" content=\"Saxby Stone\" \/>\n<meta property=\"article:modified_time\" content=\"2026-02-26T09:46:24+00:00\" \/>\n<meta property=\"og:image\" content=\"https:\/\/saxbystone.com\/wp-content\/uploads\/2025\/08\/Burford-Grey-Tumbled-Limestone-Exterior-Cobbles-main.jpg\" \/>\n\t<meta property=\"og:image:width\" content=\"907\" \/>\n\t<meta property=\"og:image:height\" content=\"680\" \/>\n\t<meta property=\"og:image:type\" content=\"image\/jpeg\" \/>\n<meta name=\"twitter:card\" content=\"summary_large_image\" \/>\n<meta name=\"twitter:label1\" content=\"Est. reading time\" \/>\n\t<meta name=\"twitter:data1\" content=\"1 minut\" \/>\n<script type=\"application\/ld+json\" class=\"yoast-schema-graph\">{\"@context\":\"https:\/\/schema.org\",\"@graph\":[{\"@type\":\"WebPage\",\"@id\":\"https:\/\/saxbystone.com\/et\/toode\/burford-grey-sillutiskivi\/\",\"url\":\"https:\/\/saxbystone.com\/et\/toode\/burford-grey-sillutiskivi\/\",\"name\":\"Burford Grey Sillutiskivi - Saxby Stone\",\"isPartOf\":{\"@id\":\"https:\/\/saxbystone.com\/et\/#website\"},\"primaryImageOfPage\":{\"@id\":\"https:\/\/saxbystone.com\/et\/toode\/burford-grey-sillutiskivi\/#primaryimage\"},\"image\":{\"@id\":\"https:\/\/saxbystone.com\/et\/toode\/burford-grey-sillutiskivi\/#primaryimage\"},\"thumbnailUrl\":\"https:\/\/saxbystone.com\/wp-content\/uploads\/2025\/08\/Burford-Grey-Tumbled-Limestone-Exterior-Cobbles-main.jpg\",\"datePublished\":\"2025-08-18T07:28:46+00:00\",\"dateModified\":\"2026-02-26T09:46:24+00:00\",\"description\":\"Frost resistant Burford Grey limestone paving cobbles are perfect for garden paths and outdoor terraces.\",\"breadcrumb\":{\"@id\":\"https:\/\/saxbystone.com\/et\/toode\/burford-grey-sillutiskivi\/#breadcrumb\"},\"inLanguage\":\"et\",\"potentialAction\":[{\"@type\":\"ReadAction\",\"target\":[\"https:\/\/saxbystone.com\/et\/toode\/burford-grey-sillutiskivi\/\"]}]},{\"@type\":\"ImageObject\",\"inLanguage\":\"et\",\"@id\":\"https:\/\/saxbystone.com\/et\/toode\/burford-grey-sillutiskivi\/#primaryimage\",\"url\":\"https:\/\/saxbystone.com\/wp-content\/uploads\/2025\/08\/Burford-Grey-Tumbled-Limestone-Exterior-Cobbles-main.jpg\",\"contentUrl\":\"https:\/\/saxbystone.com\/wp-content\/uploads\/2025\/08\/Burford-Grey-Tumbled-Limestone-Exterior-Cobbles-main.jpg\",\"width\":907,\"height\":680},{\"@type\":\"BreadcrumbList\",\"@id\":\"https:\/\/saxbystone.com\/et\/toode\/burford-grey-sillutiskivi\/#breadcrumb\",\"itemListElement\":[{\"@type\":\"ListItem\",\"position\":1,\"name\":\"Home\",\"item\":\"https:\/\/saxbystone.com\/et\/\"},{\"@type\":\"ListItem\",\"position\":2,\"name\":\"Meie tooted\",\"item\":\"https:\/\/saxbystone.com\/et\/meie-tooted\/\"},{\"@type\":\"ListItem\",\"position\":3,\"name\":\"Burford Grey Sillutiskivi\"}]},{\"@type\":\"WebSite\",\"@id\":\"https:\/\/saxbystone.com\/et\/#website\",\"url\":\"https:\/\/saxbystone.com\/et\/\",\"name\":\"Saxby Stone\",\"description\":\"Natural stone tiles\",\"publisher\":{\"@id\":\"https:\/\/saxbystone.com\/et\/#organization\"},\"potentialAction\":[{\"@type\":\"SearchAction\",\"target\":{\"@type\":\"EntryPoint\",\"urlTemplate\":\"https:\/\/saxbystone.com\/et\/?s={search_term_string}\"},\"query-input\":{\"@type\":\"PropertyValueSpecification\",\"valueRequired\":true,\"valueName\":\"search_term_string\"}}],\"inLanguage\":\"et\"},{\"@type\":\"Organization\",\"@id\":\"https:\/\/saxbystone.com\/et\/#organization\",\"name\":\"Saxby Stone\",\"url\":\"https:\/\/saxbystone.com\/et\/\",\"logo\":{\"@type\":\"ImageObject\",\"inLanguage\":\"et\",\"@id\":\"https:\/\/saxbystone.com\/et\/#\/schema\/logo\/image\/\",\"url\":\"https:\/\/saxbystone.com\/wp-content\/uploads\/2024\/09\/cropped-Saxby-Stone-logo-official-1st.png\",\"contentUrl\":\"https:\/\/saxbystone.com\/wp-content\/uploads\/2024\/09\/cropped-Saxby-Stone-logo-official-1st.png\",\"width\":512,\"height\":512,\"caption\":\"Saxby Stone\"},\"image\":{\"@id\":\"https:\/\/saxbystone.com\/et\/#\/schema\/logo\/image\/\"},\"sameAs\":[\"https:\/\/www.instagram.com\/saxbystone\/\"]}]}<\/script>\n<!-- \/ Yoast SEO plugin. -->","yoast_head_json":{"title":"Burford Grey Sillutiskivi - Saxby Stone","description":"Frost resistant Burford Grey limestone paving cobbles are perfect for garden paths and outdoor terraces.","robots":{"index":"index","follow":"follow","max-snippet":"max-snippet:-1","max-image-preview":"max-image-preview:large","max-video-preview":"max-video-preview:-1"},"canonical":"https:\/\/saxbystone.com\/et\/toode\/burford-grey-sillutiskivi\/","og_locale":"et_EE","og_type":"article","og_title":"Burford Grey Sillutiskivi - Saxby Stone","og_description":"Frost resistant Burford Grey limestone paving cobbles are perfect for garden paths and outdoor terraces.","og_url":"https:\/\/saxbystone.com\/et\/toode\/burford-grey-sillutiskivi\/","og_site_name":"Saxby Stone","article_modified_time":"2026-02-26T09:46:24+00:00","og_image":[{"width":907,"height":680,"url":"https:\/\/saxbystone.com\/wp-content\/uploads\/2025\/08\/Burford-Grey-Tumbled-Limestone-Exterior-Cobbles-main.jpg","type":"image\/jpeg"}],"twitter_card":"summary_large_image","twitter_misc":{"Est. reading time":"1 minut"},"schema":{"@context":"https:\/\/schema.org","@graph":[{"@type":"WebPage","@id":"https:\/\/saxbystone.com\/et\/toode\/burford-grey-sillutiskivi\/","url":"https:\/\/saxbystone.com\/et\/toode\/burford-grey-sillutiskivi\/","name":"Burford Grey Sillutiskivi - Saxby Stone","isPartOf":{"@id":"https:\/\/saxbystone.com\/et\/#website"},"primaryImageOfPage":{"@id":"https:\/\/saxbystone.com\/et\/toode\/burford-grey-sillutiskivi\/#primaryimage"},"image":{"@id":"https:\/\/saxbystone.com\/et\/toode\/burford-grey-sillutiskivi\/#primaryimage"},"thumbnailUrl":"https:\/\/saxbystone.com\/wp-content\/uploads\/2025\/08\/Burford-Grey-Tumbled-Limestone-Exterior-Cobbles-main.jpg","datePublished":"2025-08-18T07:28:46+00:00","dateModified":"2026-02-26T09:46:24+00:00","description":"Frost resistant Burford Grey limestone paving cobbles are perfect for garden paths and outdoor terraces.","breadcrumb":{"@id":"https:\/\/saxbystone.com\/et\/toode\/burford-grey-sillutiskivi\/#breadcrumb"},"inLanguage":"et","potentialAction":[{"@type":"ReadAction","target":["https:\/\/saxbystone.com\/et\/toode\/burford-grey-sillutiskivi\/"]}]},{"@type":"ImageObject","inLanguage":"et","@id":"https:\/\/saxbystone.com\/et\/toode\/burford-grey-sillutiskivi\/#primaryimage","url":"https:\/\/saxbystone.com\/wp-content\/uploads\/2025\/08\/Burford-Grey-Tumbled-Limestone-Exterior-Cobbles-main.jpg","contentUrl":"https:\/\/saxbystone.com\/wp-content\/uploads\/2025\/08\/Burford-Grey-Tumbled-Limestone-Exterior-Cobbles-main.jpg","width":907,"height":680},{"@type":"BreadcrumbList","@id":"https:\/\/saxbystone.com\/et\/toode\/burford-grey-sillutiskivi\/#breadcrumb","itemListElement":[{"@type":"ListItem","position":1,"name":"Home","item":"https:\/\/saxbystone.com\/et\/"},{"@type":"ListItem","position":2,"name":"Meie tooted","item":"https:\/\/saxbystone.com\/et\/meie-tooted\/"},{"@type":"ListItem","position":3,"name":"Burford Grey Sillutiskivi"}]},{"@type":"WebSite","@id":"https:\/\/saxbystone.com\/et\/#website","url":"https:\/\/saxbystone.com\/et\/","name":"Saxby Stone","description":"Natural stone tiles","publisher":{"@id":"https:\/\/saxbystone.com\/et\/#organization"},"potentialAction":[{"@type":"SearchAction","target":{"@type":"EntryPoint","urlTemplate":"https:\/\/saxbystone.com\/et\/?s={search_term_string}"},"query-input":{"@type":"PropertyValueSpecification","valueRequired":true,"valueName":"search_term_string"}}],"inLanguage":"et"},{"@type":"Organization","@id":"https:\/\/saxbystone.com\/et\/#organization","name":"Saxby Stone","url":"https:\/\/saxbystone.com\/et\/","logo":{"@type":"ImageObject","inLanguage":"et","@id":"https:\/\/saxbystone.com\/et\/#\/schema\/logo\/image\/","url":"https:\/\/saxbystone.com\/wp-content\/uploads\/2024\/09\/cropped-Saxby-Stone-logo-official-1st.png","contentUrl":"https:\/\/saxbystone.com\/wp-content\/uploads\/2024\/09\/cropped-Saxby-Stone-logo-official-1st.png","width":512,"height":512,"caption":"Saxby Stone"},"image":{"@id":"https:\/\/saxbystone.com\/et\/#\/schema\/logo\/image\/"},"sameAs":["https:\/\/www.instagram.com\/saxbystone\/"]}]}},"_links":{"self":[{"href":"https:\/\/saxbystone.com\/et\/wp-json\/wp\/v2\/product\/7039","targetHints":{"allow":["GET"]}}],"collection":[{"href":"https:\/\/saxbystone.com\/et\/wp-json\/wp\/v2\/product"}],"about":[{"href":"https:\/\/saxbystone.com\/et\/wp-json\/wp\/v2\/types\/product"}],"wp:featuredmedia":[{"embeddable":true,"href":"https:\/\/saxbystone.com\/et\/wp-json\/wp\/v2\/media\/7081"}],"wp:attachment":[{"href":"https:\/\/saxbystone.com\/et\/wp-json\/wp\/v2\/media?parent=7039"}],"wp:term":[{"taxonomy":"product_brand","embeddable":true,"href":"https:\/\/saxbystone.com\/et\/wp-json\/wp\/v2\/product_brand?post=7039"},{"taxonomy":"product_cat","embeddable":true,"href":"https:\/\/saxbystone.com\/et\/wp-json\/wp\/v2\/product_cat?post=7039"},{"taxonomy":"product_tag","embeddable":true,"href":"https:\/\/saxbystone.com\/et\/wp-json\/wp\/v2\/product_tag?post=7039"}],"curies":[{"name":"wp","href":"https:\/\/api.w.org\/{rel}","templated":true}]}}