{"id":4511,"date":"2024-10-28T09:51:12","date_gmt":"2024-10-28T07:51:12","guid":{"rendered":"https:\/\/saxbystone.com\/product\/jura-beige-crema-paekivi\/"},"modified":"2025-11-26T12:07:56","modified_gmt":"2025-11-26T10:07:56","slug":"jura-beige-crema-paekivi","status":"publish","type":"product","link":"https:\/\/saxbystone.com\/et\/toode\/jura-beige-crema-paekivi\/","title":{"rendered":"Jura Beige Crema paekivi"},"content":{"rendered":"","protected":false},"excerpt":{"rendered":"<p><span style=\"font-weight: 400;\">Jura <\/span><span style=\"font-weight: 400;\">Beige Crema<\/span><span style=\"font-weight: 400;\"> on \u00e4\u00e4rmiselt k\u00f5va paekivi L\u00f5una-Saksamaalt Baieri Alpide jalamilt. Kivi sisaldab rohkelt <\/span><span style=\"font-weight: 400;\">miljonite aastate taguseid mereelukate fossiile<\/span><span style=\"font-weight: 400;\">. Jura <\/span><span style=\"font-weight: 400;\">Beige Crema <\/span><span style=\"font-weight: 400;\">paekivi <\/span><span style=\"font-weight: 400;\">p\u00f5randaplaadid, seinaplaadid<\/span><span style=\"font-weight: 400;\"> ja k\u00f6\u00f6gi <\/span><span style=\"font-weight: 400;\">t\u00f6\u00f6<\/span><span style=\"font-weight: 400;\">tasapinnad on populaarsed,<\/span><span style=\"font-weight: 400;\"> kuna Jura Beige Crema paekivi on v\u00e4ga vastupidav ning kivi on lihtne hooldada. Paljudes kaubanduskeskustes, lennujaamades ja restoranides on ehitatud p\u00f5randad Jura Beige Crema paekivist, mis annab tunnistust selle kivi tugevusest ja vastupidavusest.<\/span><\/p>\n<p><span style=\"font-weight: 400;\">Oluline on m\u00e4rkida, et pakume <\/span><span style=\"font-weight: 400;\">oma valikus Jura Beige \u2018Crema\u2019 selektsiooni,<\/span><span style=\"font-weight: 400;\"> mis t\u00e4hendab, et kiviplaadid on v\u00e4hem t\u00e4hnilised ja praktiliselt ilma <\/span><span style=\"font-weight: 400;\">roostev\u00e4rvi laikudeta<\/span><span style=\"font-weight: 400;\">. \u2018<\/span><span style=\"font-weight: 400;\">Crema\u2019 selektsioon<\/span><span style=\"font-weight: 400;\"> on \u00fchtlasema ja pehmema v\u00e4rvitooniga kui tavaline Jura <\/span><span style=\"font-weight: 400;\">Beige paekivi.<\/span><\/p>\n<p><span style=\"font-weight: 400;\">Pakume p\u00f5randa -ja seinaplaate, k\u00f6\u00f6gitasapindu, aknalaudu, treppe ja <\/span><span style=\"font-weight: 400;\">p\u00f5randaliiste<\/span><span style=\"font-weight: 400;\">.\u00a0<\/span><\/p>\n<p><span style=\"font-weight: 400;\">Saadaval lihvitud, harjatud ja<\/span><span style=\"font-weight: 400;\"> trummeldatud pinna<\/span><span style=\"font-weight: 400;\">viimistlusega.<\/span><\/p>\n<p><em>Et n\u00e4ha hinda, valige palun plaadi m\u00f5\u00f5tmed. Tasuta transport tellimustele \u00fcle 25 m<sup>2<\/sup>.<\/em><\/p>\n","protected":false},"featured_media":6933,"template":"","meta":{"_acf_changed":false},"product_brand":[],"product_cat":[232,231,229,230],"product_tag":[],"class_list":{"0":"post-4511","1":"product","2":"type-product","3":"status-publish","4":"has-post-thumbnail","6":"product_cat-koik-tooted","7":"product_cat-poranda-ja-seinaplaadid","8":"product_cat-toopinnad-aknalauad","9":"product_cat-fassaadikivi","11":"first","12":"instock","13":"shipping-taxable","14":"purchasable","15":"product-type-variable","16":"add-to-wishlist-after_add_to_cart"},"acf":[],"yoast_head":"<!-- This site is optimized with the Yoast SEO plugin v26.4 - https:\/\/yoast.com\/wordpress\/plugins\/seo\/ -->\n<title>Jura Beige Crema paekivi - Saxby Stone<\/title>\n<meta name=\"robots\" content=\"index, follow, max-snippet:-1, max-image-preview:large, max-video-preview:-1\" \/>\n<link rel=\"canonical\" href=\"https:\/\/saxbystone.com\/et\/toode\/jura-beige-crema-paekivi\/\" \/>\n<meta property=\"og:locale\" content=\"et_EE\" \/>\n<meta property=\"og:type\" content=\"article\" \/>\n<meta property=\"og:title\" content=\"Jura Beige Crema paekivi - Saxby Stone\" \/>\n<meta property=\"og:description\" content=\"Jura Beige Crema on \u00e4\u00e4rmiselt k\u00f5va paekivi L\u00f5una-Saksamaalt Baieri Alpide jalamilt. Kivi sisaldab rohkelt miljonite aastate taguseid mereelukate fossiile. Jura Beige Crema paekivi p\u00f5randaplaadid, seinaplaadid ja k\u00f6\u00f6gi t\u00f6\u00f6tasapinnad on populaarsed, kuna Jura Beige Crema paekivi on v\u00e4ga vastupidav ning kivi on lihtne hooldada. Paljudes kaubanduskeskustes, lennujaamades ja restoranides on ehitatud p\u00f5randad Jura Beige Crema paekivist, mis annab tunnistust selle kivi tugevusest ja vastupidavusest.  Oluline on m\u00e4rkida, et pakume oma valikus Jura Beige \u2018Crema\u2019 selektsiooni, mis t\u00e4hendab, et kiviplaadid on v\u00e4hem t\u00e4hnilised ja praktiliselt ilma roostev\u00e4rvi laikudeta. \u2018Crema\u2019 selektsioon on \u00fchtlasema ja pehmema v\u00e4rvitooniga kui tavaline Jura Beige paekivi.  Pakume p\u00f5randa -ja seinaplaate, k\u00f6\u00f6gitasapindu, aknalaudu, treppe ja p\u00f5randaliiste.\u00a0  Saadaval lihvitud, harjatud ja trummeldatud pinnaviimistlusega.  Et n\u00e4ha hinda, valige palun plaadi m\u00f5\u00f5tmed. Tasuta transport tellimustele \u00fcle 25 m2.\" \/>\n<meta property=\"og:url\" content=\"https:\/\/saxbystone.com\/et\/toode\/jura-beige-crema-paekivi\/\" \/>\n<meta property=\"og:site_name\" content=\"Saxby Stone\" \/>\n<meta property=\"article:modified_time\" content=\"2025-11-26T10:07:56+00:00\" \/>\n<meta property=\"og:image\" content=\"https:\/\/saxbystone.com\/wp-content\/uploads\/2024\/10\/Jura-Beige-Crema-Limestone-First-picture-1.jpg\" \/>\n\t<meta property=\"og:image:width\" content=\"1089\" \/>\n\t<meta property=\"og:image:height\" content=\"1110\" \/>\n\t<meta property=\"og:image:type\" content=\"image\/jpeg\" \/>\n<meta name=\"twitter:card\" content=\"summary_large_image\" \/>\n<script type=\"application\/ld+json\" class=\"yoast-schema-graph\">{\"@context\":\"https:\/\/schema.org\",\"@graph\":[{\"@type\":\"WebPage\",\"@id\":\"https:\/\/saxbystone.com\/et\/toode\/jura-beige-crema-paekivi\/\",\"url\":\"https:\/\/saxbystone.com\/et\/toode\/jura-beige-crema-paekivi\/\",\"name\":\"Jura Beige Crema paekivi - Saxby Stone\",\"isPartOf\":{\"@id\":\"https:\/\/saxbystone.com\/et\/#website\"},\"primaryImageOfPage\":{\"@id\":\"https:\/\/saxbystone.com\/et\/toode\/jura-beige-crema-paekivi\/#primaryimage\"},\"image\":{\"@id\":\"https:\/\/saxbystone.com\/et\/toode\/jura-beige-crema-paekivi\/#primaryimage\"},\"thumbnailUrl\":\"https:\/\/saxbystone.com\/wp-content\/uploads\/2024\/10\/Jura-Beige-Crema-Limestone-First-picture-1.jpg\",\"datePublished\":\"2024-10-28T07:51:12+00:00\",\"dateModified\":\"2025-11-26T10:07:56+00:00\",\"breadcrumb\":{\"@id\":\"https:\/\/saxbystone.com\/et\/toode\/jura-beige-crema-paekivi\/#breadcrumb\"},\"inLanguage\":\"et\",\"potentialAction\":[{\"@type\":\"ReadAction\",\"target\":[\"https:\/\/saxbystone.com\/et\/toode\/jura-beige-crema-paekivi\/\"]}]},{\"@type\":\"ImageObject\",\"inLanguage\":\"et\",\"@id\":\"https:\/\/saxbystone.com\/et\/toode\/jura-beige-crema-paekivi\/#primaryimage\",\"url\":\"https:\/\/saxbystone.com\/wp-content\/uploads\/2024\/10\/Jura-Beige-Crema-Limestone-First-picture-1.jpg\",\"contentUrl\":\"https:\/\/saxbystone.com\/wp-content\/uploads\/2024\/10\/Jura-Beige-Crema-Limestone-First-picture-1.jpg\",\"width\":1089,\"height\":1110},{\"@type\":\"BreadcrumbList\",\"@id\":\"https:\/\/saxbystone.com\/et\/toode\/jura-beige-crema-paekivi\/#breadcrumb\",\"itemListElement\":[{\"@type\":\"ListItem\",\"position\":1,\"name\":\"Home\",\"item\":\"https:\/\/saxbystone.com\/et\/\"},{\"@type\":\"ListItem\",\"position\":2,\"name\":\"Meie tooted\",\"item\":\"https:\/\/saxbystone.com\/et\/meie-tooted\/\"},{\"@type\":\"ListItem\",\"position\":3,\"name\":\"Jura Beige Crema paekivi\"}]},{\"@type\":\"WebSite\",\"@id\":\"https:\/\/saxbystone.com\/et\/#website\",\"url\":\"https:\/\/saxbystone.com\/et\/\",\"name\":\"Saxby Stone\",\"description\":\"Natural stone tiles\",\"publisher\":{\"@id\":\"https:\/\/saxbystone.com\/et\/#organization\"},\"potentialAction\":[{\"@type\":\"SearchAction\",\"target\":{\"@type\":\"EntryPoint\",\"urlTemplate\":\"https:\/\/saxbystone.com\/et\/?s={search_term_string}\"},\"query-input\":{\"@type\":\"PropertyValueSpecification\",\"valueRequired\":true,\"valueName\":\"search_term_string\"}}],\"inLanguage\":\"et\"},{\"@type\":\"Organization\",\"@id\":\"https:\/\/saxbystone.com\/et\/#organization\",\"name\":\"Saxby Stone\",\"url\":\"https:\/\/saxbystone.com\/et\/\",\"logo\":{\"@type\":\"ImageObject\",\"inLanguage\":\"et\",\"@id\":\"https:\/\/saxbystone.com\/et\/#\/schema\/logo\/image\/\",\"url\":\"https:\/\/saxbystone.com\/wp-content\/uploads\/2024\/09\/cropped-Saxby-Stone-logo-official-1st.png\",\"contentUrl\":\"https:\/\/saxbystone.com\/wp-content\/uploads\/2024\/09\/cropped-Saxby-Stone-logo-official-1st.png\",\"width\":512,\"height\":512,\"caption\":\"Saxby Stone\"},\"image\":{\"@id\":\"https:\/\/saxbystone.com\/et\/#\/schema\/logo\/image\/\"},\"sameAs\":[\"https:\/\/www.instagram.com\/saxbystone\/\"]}]}<\/script>\n<!-- \/ Yoast SEO plugin. -->","yoast_head_json":{"title":"Jura Beige Crema paekivi - Saxby Stone","robots":{"index":"index","follow":"follow","max-snippet":"max-snippet:-1","max-image-preview":"max-image-preview:large","max-video-preview":"max-video-preview:-1"},"canonical":"https:\/\/saxbystone.com\/et\/toode\/jura-beige-crema-paekivi\/","og_locale":"et_EE","og_type":"article","og_title":"Jura Beige Crema paekivi - Saxby Stone","og_description":"Jura Beige Crema on \u00e4\u00e4rmiselt k\u00f5va paekivi L\u00f5una-Saksamaalt Baieri Alpide jalamilt. Kivi sisaldab rohkelt miljonite aastate taguseid mereelukate fossiile. Jura Beige Crema paekivi p\u00f5randaplaadid, seinaplaadid ja k\u00f6\u00f6gi t\u00f6\u00f6tasapinnad on populaarsed, kuna Jura Beige Crema paekivi on v\u00e4ga vastupidav ning kivi on lihtne hooldada. Paljudes kaubanduskeskustes, lennujaamades ja restoranides on ehitatud p\u00f5randad Jura Beige Crema paekivist, mis annab tunnistust selle kivi tugevusest ja vastupidavusest.  Oluline on m\u00e4rkida, et pakume oma valikus Jura Beige \u2018Crema\u2019 selektsiooni, mis t\u00e4hendab, et kiviplaadid on v\u00e4hem t\u00e4hnilised ja praktiliselt ilma roostev\u00e4rvi laikudeta. \u2018Crema\u2019 selektsioon on \u00fchtlasema ja pehmema v\u00e4rvitooniga kui tavaline Jura Beige paekivi.  Pakume p\u00f5randa -ja seinaplaate, k\u00f6\u00f6gitasapindu, aknalaudu, treppe ja p\u00f5randaliiste.\u00a0  Saadaval lihvitud, harjatud ja trummeldatud pinnaviimistlusega.  Et n\u00e4ha hinda, valige palun plaadi m\u00f5\u00f5tmed. Tasuta transport tellimustele \u00fcle 25 m2.","og_url":"https:\/\/saxbystone.com\/et\/toode\/jura-beige-crema-paekivi\/","og_site_name":"Saxby Stone","article_modified_time":"2025-11-26T10:07:56+00:00","og_image":[{"width":1089,"height":1110,"url":"https:\/\/saxbystone.com\/wp-content\/uploads\/2024\/10\/Jura-Beige-Crema-Limestone-First-picture-1.jpg","type":"image\/jpeg"}],"twitter_card":"summary_large_image","schema":{"@context":"https:\/\/schema.org","@graph":[{"@type":"WebPage","@id":"https:\/\/saxbystone.com\/et\/toode\/jura-beige-crema-paekivi\/","url":"https:\/\/saxbystone.com\/et\/toode\/jura-beige-crema-paekivi\/","name":"Jura Beige Crema paekivi - Saxby Stone","isPartOf":{"@id":"https:\/\/saxbystone.com\/et\/#website"},"primaryImageOfPage":{"@id":"https:\/\/saxbystone.com\/et\/toode\/jura-beige-crema-paekivi\/#primaryimage"},"image":{"@id":"https:\/\/saxbystone.com\/et\/toode\/jura-beige-crema-paekivi\/#primaryimage"},"thumbnailUrl":"https:\/\/saxbystone.com\/wp-content\/uploads\/2024\/10\/Jura-Beige-Crema-Limestone-First-picture-1.jpg","datePublished":"2024-10-28T07:51:12+00:00","dateModified":"2025-11-26T10:07:56+00:00","breadcrumb":{"@id":"https:\/\/saxbystone.com\/et\/toode\/jura-beige-crema-paekivi\/#breadcrumb"},"inLanguage":"et","potentialAction":[{"@type":"ReadAction","target":["https:\/\/saxbystone.com\/et\/toode\/jura-beige-crema-paekivi\/"]}]},{"@type":"ImageObject","inLanguage":"et","@id":"https:\/\/saxbystone.com\/et\/toode\/jura-beige-crema-paekivi\/#primaryimage","url":"https:\/\/saxbystone.com\/wp-content\/uploads\/2024\/10\/Jura-Beige-Crema-Limestone-First-picture-1.jpg","contentUrl":"https:\/\/saxbystone.com\/wp-content\/uploads\/2024\/10\/Jura-Beige-Crema-Limestone-First-picture-1.jpg","width":1089,"height":1110},{"@type":"BreadcrumbList","@id":"https:\/\/saxbystone.com\/et\/toode\/jura-beige-crema-paekivi\/#breadcrumb","itemListElement":[{"@type":"ListItem","position":1,"name":"Home","item":"https:\/\/saxbystone.com\/et\/"},{"@type":"ListItem","position":2,"name":"Meie tooted","item":"https:\/\/saxbystone.com\/et\/meie-tooted\/"},{"@type":"ListItem","position":3,"name":"Jura Beige Crema paekivi"}]},{"@type":"WebSite","@id":"https:\/\/saxbystone.com\/et\/#website","url":"https:\/\/saxbystone.com\/et\/","name":"Saxby Stone","description":"Natural stone tiles","publisher":{"@id":"https:\/\/saxbystone.com\/et\/#organization"},"potentialAction":[{"@type":"SearchAction","target":{"@type":"EntryPoint","urlTemplate":"https:\/\/saxbystone.com\/et\/?s={search_term_string}"},"query-input":{"@type":"PropertyValueSpecification","valueRequired":true,"valueName":"search_term_string"}}],"inLanguage":"et"},{"@type":"Organization","@id":"https:\/\/saxbystone.com\/et\/#organization","name":"Saxby Stone","url":"https:\/\/saxbystone.com\/et\/","logo":{"@type":"ImageObject","inLanguage":"et","@id":"https:\/\/saxbystone.com\/et\/#\/schema\/logo\/image\/","url":"https:\/\/saxbystone.com\/wp-content\/uploads\/2024\/09\/cropped-Saxby-Stone-logo-official-1st.png","contentUrl":"https:\/\/saxbystone.com\/wp-content\/uploads\/2024\/09\/cropped-Saxby-Stone-logo-official-1st.png","width":512,"height":512,"caption":"Saxby Stone"},"image":{"@id":"https:\/\/saxbystone.com\/et\/#\/schema\/logo\/image\/"},"sameAs":["https:\/\/www.instagram.com\/saxbystone\/"]}]}},"_links":{"self":[{"href":"https:\/\/saxbystone.com\/et\/wp-json\/wp\/v2\/product\/4511","targetHints":{"allow":["GET"]}}],"collection":[{"href":"https:\/\/saxbystone.com\/et\/wp-json\/wp\/v2\/product"}],"about":[{"href":"https:\/\/saxbystone.com\/et\/wp-json\/wp\/v2\/types\/product"}],"wp:featuredmedia":[{"embeddable":true,"href":"https:\/\/saxbystone.com\/et\/wp-json\/wp\/v2\/media\/6933"}],"wp:attachment":[{"href":"https:\/\/saxbystone.com\/et\/wp-json\/wp\/v2\/media?parent=4511"}],"wp:term":[{"taxonomy":"product_brand","embeddable":true,"href":"https:\/\/saxbystone.com\/et\/wp-json\/wp\/v2\/product_brand?post=4511"},{"taxonomy":"product_cat","embeddable":true,"href":"https:\/\/saxbystone.com\/et\/wp-json\/wp\/v2\/product_cat?post=4511"},{"taxonomy":"product_tag","embeddable":true,"href":"https:\/\/saxbystone.com\/et\/wp-json\/wp\/v2\/product_tag?post=4511"}],"curies":[{"name":"wp","href":"https:\/\/api.w.org\/{rel}","templated":true}]}}