{"id":4502,"date":"2024-10-28T09:44:18","date_gmt":"2024-10-28T07:44:18","guid":{"rendered":"https:\/\/saxbystone.com\/product\/jura-grey-paekivi\/"},"modified":"2025-11-27T10:48:36","modified_gmt":"2025-11-27T08:48:36","slug":"jura-grey","status":"publish","type":"product","link":"https:\/\/saxbystone.com\/et\/toode\/jura-grey\/","title":{"rendered":"Jura Grey paekivi"},"content":{"rendered":"","protected":false},"excerpt":{"rendered":"<p><span style=\"font-weight: 400;\">Jura <\/span><span style=\"font-weight: 400;\">Grey<\/span><span style=\"font-weight: 400;\"> paekivi on \u00e4\u00e4rmiselt k\u00f5va paekivi, mis p\u00e4rineb Baieri Alpide jalamilt L\u00f5una-Saksamaalt. Selle kivi vastupidavus ja tugevus v\u00f5imaldavad seda kasutada p<\/span><span style=\"font-weight: 400;\">\u00f5randa- ja seina<\/span><span style=\"font-weight: 400;\">plaatide, k\u00f6\u00f6gi t\u00f6\u00f6tasapindade, aknalaudade, treppide, v\u00e4lisfassaadide ja terrasside jaoks. Sobib ideaalselt<\/span><span style=\"font-weight: 400;\"> suure<\/span><span style=\"font-weight: 400;\"> jalak\u00e4ijate liiklusega aladele, nagu restoranid ja kaubanduskeskused. Jura Grey paekivi sisaldab rohkesti fossiile troopilistest mereelukatest, kes elasid miljoneid aastaid tagasi. Kivimi t\u00f5estatud k\u00fclmakindlus v\u00f5imaldab seda kasutada ka v\u00e4litingimustes <\/span><span style=\"font-weight: 400;\">karmis<\/span><span style=\"font-weight: 400;\"> P\u00f5hjamaade kliimas.<\/span><\/p>\n<p><span style=\"font-weight: 400;\">Pakume <\/span><span style=\"font-weight: 400;\">p\u00f5randaplaate, seinaplaate, <\/span><span style=\"font-weight: 400;\">k\u00f6\u00f6gi t\u00f6\u00f6tasapindu, aknalaudu, treppe ja <\/span><span style=\"font-weight: 400;\">p\u00f5randaliiste<\/span><span style=\"font-weight: 400;\">.\u00a0<\/span><\/p>\n<p><span style=\"font-weight: 400;\">Saadaval lihvitud, harjatud ja <\/span><span style=\"font-weight: 400;\">trummeldatud<\/span> <span style=\"font-weight: 400;\">pinna<\/span><span style=\"font-weight: 400;\">viimistlusega.<\/span><\/p>\n<p><em>Et n\u00e4ha hinda, valige palun plaadi m\u00f5\u00f5tmed. Tasuta transport tellimustele \u00fcle 25 m<sup>2<\/sup>.<\/em><\/p>\n","protected":false},"featured_media":4503,"template":"","meta":{"_acf_changed":false},"product_brand":[],"product_cat":[232,231,229,230],"product_tag":[],"class_list":{"0":"post-4502","1":"product","2":"type-product","3":"status-publish","4":"has-post-thumbnail","6":"product_cat-koik-tooted","7":"product_cat-poranda-ja-seinaplaadid","8":"product_cat-toopinnad-aknalauad","9":"product_cat-fassaadikivi","11":"first","12":"instock","13":"shipping-taxable","14":"purchasable","15":"product-type-variable","16":"add-to-wishlist-after_add_to_cart"},"acf":[],"yoast_head":"<!-- This site is optimized with the Yoast SEO plugin v26.4 - https:\/\/yoast.com\/wordpress\/plugins\/seo\/ -->\n<title>Jura Grey paekivi - Saxby Stone<\/title>\n<meta name=\"robots\" content=\"index, follow, max-snippet:-1, max-image-preview:large, max-video-preview:-1\" \/>\n<link rel=\"canonical\" href=\"https:\/\/saxbystone.com\/et\/toode\/jura-grey\/\" \/>\n<meta property=\"og:locale\" content=\"et_EE\" \/>\n<meta property=\"og:type\" content=\"article\" \/>\n<meta property=\"og:title\" content=\"Jura Grey paekivi - Saxby Stone\" \/>\n<meta property=\"og:description\" content=\"Jura Grey paekivi on \u00e4\u00e4rmiselt k\u00f5va paekivi, mis p\u00e4rineb Baieri Alpide jalamilt L\u00f5una-Saksamaalt. Selle kivi vastupidavus ja tugevus v\u00f5imaldavad seda kasutada p\u00f5randa- ja seinaplaatide, k\u00f6\u00f6gi t\u00f6\u00f6tasapindade, aknalaudade, treppide, v\u00e4lisfassaadide ja terrasside jaoks. Sobib ideaalselt suure jalak\u00e4ijate liiklusega aladele, nagu restoranid ja kaubanduskeskused. Jura Grey paekivi sisaldab rohkesti fossiile troopilistest mereelukatest, kes elasid miljoneid aastaid tagasi. Kivimi t\u00f5estatud k\u00fclmakindlus v\u00f5imaldab seda kasutada ka v\u00e4litingimustes karmis P\u00f5hjamaade kliimas.  Pakume p\u00f5randaplaate, seinaplaate, k\u00f6\u00f6gi t\u00f6\u00f6tasapindu, aknalaudu, treppe ja p\u00f5randaliiste.\u00a0  Saadaval lihvitud, harjatud ja trummeldatud pinnaviimistlusega.  Et n\u00e4ha hinda, valige palun plaadi m\u00f5\u00f5tmed. Tasuta transport tellimustele \u00fcle 25 m2.\" \/>\n<meta property=\"og:url\" content=\"https:\/\/saxbystone.com\/et\/toode\/jura-grey\/\" \/>\n<meta property=\"og:site_name\" content=\"Saxby Stone\" \/>\n<meta property=\"article:modified_time\" content=\"2025-11-27T08:48:36+00:00\" \/>\n<meta property=\"og:image\" content=\"https:\/\/saxbystone.com\/wp-content\/uploads\/2024\/10\/Jura-Grey-Limestone.jpg\" \/>\n\t<meta property=\"og:image:width\" content=\"684\" \/>\n\t<meta property=\"og:image:height\" content=\"454\" \/>\n\t<meta property=\"og:image:type\" content=\"image\/jpeg\" \/>\n<meta name=\"twitter:card\" content=\"summary_large_image\" \/>\n<meta name=\"twitter:label1\" content=\"Est. reading time\" \/>\n\t<meta name=\"twitter:data1\" content=\"1 minut\" \/>\n<script type=\"application\/ld+json\" class=\"yoast-schema-graph\">{\"@context\":\"https:\/\/schema.org\",\"@graph\":[{\"@type\":\"WebPage\",\"@id\":\"https:\/\/saxbystone.com\/et\/toode\/jura-grey\/\",\"url\":\"https:\/\/saxbystone.com\/et\/toode\/jura-grey\/\",\"name\":\"Jura Grey paekivi - Saxby Stone\",\"isPartOf\":{\"@id\":\"https:\/\/saxbystone.com\/et\/#website\"},\"primaryImageOfPage\":{\"@id\":\"https:\/\/saxbystone.com\/et\/toode\/jura-grey\/#primaryimage\"},\"image\":{\"@id\":\"https:\/\/saxbystone.com\/et\/toode\/jura-grey\/#primaryimage\"},\"thumbnailUrl\":\"https:\/\/saxbystone.com\/wp-content\/uploads\/2024\/10\/Jura-Grey-Limestone.jpg\",\"datePublished\":\"2024-10-28T07:44:18+00:00\",\"dateModified\":\"2025-11-27T08:48:36+00:00\",\"breadcrumb\":{\"@id\":\"https:\/\/saxbystone.com\/et\/toode\/jura-grey\/#breadcrumb\"},\"inLanguage\":\"et\",\"potentialAction\":[{\"@type\":\"ReadAction\",\"target\":[\"https:\/\/saxbystone.com\/et\/toode\/jura-grey\/\"]}]},{\"@type\":\"ImageObject\",\"inLanguage\":\"et\",\"@id\":\"https:\/\/saxbystone.com\/et\/toode\/jura-grey\/#primaryimage\",\"url\":\"https:\/\/saxbystone.com\/wp-content\/uploads\/2024\/10\/Jura-Grey-Limestone.jpg\",\"contentUrl\":\"https:\/\/saxbystone.com\/wp-content\/uploads\/2024\/10\/Jura-Grey-Limestone.jpg\",\"width\":684,\"height\":454},{\"@type\":\"BreadcrumbList\",\"@id\":\"https:\/\/saxbystone.com\/et\/toode\/jura-grey\/#breadcrumb\",\"itemListElement\":[{\"@type\":\"ListItem\",\"position\":1,\"name\":\"Home\",\"item\":\"https:\/\/saxbystone.com\/et\/\"},{\"@type\":\"ListItem\",\"position\":2,\"name\":\"Meie tooted\",\"item\":\"https:\/\/saxbystone.com\/et\/meie-tooted\/\"},{\"@type\":\"ListItem\",\"position\":3,\"name\":\"Jura Grey paekivi\"}]},{\"@type\":\"WebSite\",\"@id\":\"https:\/\/saxbystone.com\/et\/#website\",\"url\":\"https:\/\/saxbystone.com\/et\/\",\"name\":\"Saxby Stone\",\"description\":\"Natural stone tiles\",\"publisher\":{\"@id\":\"https:\/\/saxbystone.com\/et\/#organization\"},\"potentialAction\":[{\"@type\":\"SearchAction\",\"target\":{\"@type\":\"EntryPoint\",\"urlTemplate\":\"https:\/\/saxbystone.com\/et\/?s={search_term_string}\"},\"query-input\":{\"@type\":\"PropertyValueSpecification\",\"valueRequired\":true,\"valueName\":\"search_term_string\"}}],\"inLanguage\":\"et\"},{\"@type\":\"Organization\",\"@id\":\"https:\/\/saxbystone.com\/et\/#organization\",\"name\":\"Saxby Stone\",\"url\":\"https:\/\/saxbystone.com\/et\/\",\"logo\":{\"@type\":\"ImageObject\",\"inLanguage\":\"et\",\"@id\":\"https:\/\/saxbystone.com\/et\/#\/schema\/logo\/image\/\",\"url\":\"https:\/\/saxbystone.com\/wp-content\/uploads\/2024\/09\/cropped-Saxby-Stone-logo-official-1st.png\",\"contentUrl\":\"https:\/\/saxbystone.com\/wp-content\/uploads\/2024\/09\/cropped-Saxby-Stone-logo-official-1st.png\",\"width\":512,\"height\":512,\"caption\":\"Saxby Stone\"},\"image\":{\"@id\":\"https:\/\/saxbystone.com\/et\/#\/schema\/logo\/image\/\"},\"sameAs\":[\"https:\/\/www.instagram.com\/saxbystone\/\"]}]}<\/script>\n<!-- \/ Yoast SEO plugin. -->","yoast_head_json":{"title":"Jura Grey paekivi - Saxby Stone","robots":{"index":"index","follow":"follow","max-snippet":"max-snippet:-1","max-image-preview":"max-image-preview:large","max-video-preview":"max-video-preview:-1"},"canonical":"https:\/\/saxbystone.com\/et\/toode\/jura-grey\/","og_locale":"et_EE","og_type":"article","og_title":"Jura Grey paekivi - Saxby Stone","og_description":"Jura Grey paekivi on \u00e4\u00e4rmiselt k\u00f5va paekivi, mis p\u00e4rineb Baieri Alpide jalamilt L\u00f5una-Saksamaalt. Selle kivi vastupidavus ja tugevus v\u00f5imaldavad seda kasutada p\u00f5randa- ja seinaplaatide, k\u00f6\u00f6gi t\u00f6\u00f6tasapindade, aknalaudade, treppide, v\u00e4lisfassaadide ja terrasside jaoks. Sobib ideaalselt suure jalak\u00e4ijate liiklusega aladele, nagu restoranid ja kaubanduskeskused. Jura Grey paekivi sisaldab rohkesti fossiile troopilistest mereelukatest, kes elasid miljoneid aastaid tagasi. Kivimi t\u00f5estatud k\u00fclmakindlus v\u00f5imaldab seda kasutada ka v\u00e4litingimustes karmis P\u00f5hjamaade kliimas.  Pakume p\u00f5randaplaate, seinaplaate, k\u00f6\u00f6gi t\u00f6\u00f6tasapindu, aknalaudu, treppe ja p\u00f5randaliiste.\u00a0  Saadaval lihvitud, harjatud ja trummeldatud pinnaviimistlusega.  Et n\u00e4ha hinda, valige palun plaadi m\u00f5\u00f5tmed. Tasuta transport tellimustele \u00fcle 25 m2.","og_url":"https:\/\/saxbystone.com\/et\/toode\/jura-grey\/","og_site_name":"Saxby Stone","article_modified_time":"2025-11-27T08:48:36+00:00","og_image":[{"width":684,"height":454,"url":"https:\/\/saxbystone.com\/wp-content\/uploads\/2024\/10\/Jura-Grey-Limestone.jpg","type":"image\/jpeg"}],"twitter_card":"summary_large_image","twitter_misc":{"Est. reading time":"1 minut"},"schema":{"@context":"https:\/\/schema.org","@graph":[{"@type":"WebPage","@id":"https:\/\/saxbystone.com\/et\/toode\/jura-grey\/","url":"https:\/\/saxbystone.com\/et\/toode\/jura-grey\/","name":"Jura Grey paekivi - Saxby Stone","isPartOf":{"@id":"https:\/\/saxbystone.com\/et\/#website"},"primaryImageOfPage":{"@id":"https:\/\/saxbystone.com\/et\/toode\/jura-grey\/#primaryimage"},"image":{"@id":"https:\/\/saxbystone.com\/et\/toode\/jura-grey\/#primaryimage"},"thumbnailUrl":"https:\/\/saxbystone.com\/wp-content\/uploads\/2024\/10\/Jura-Grey-Limestone.jpg","datePublished":"2024-10-28T07:44:18+00:00","dateModified":"2025-11-27T08:48:36+00:00","breadcrumb":{"@id":"https:\/\/saxbystone.com\/et\/toode\/jura-grey\/#breadcrumb"},"inLanguage":"et","potentialAction":[{"@type":"ReadAction","target":["https:\/\/saxbystone.com\/et\/toode\/jura-grey\/"]}]},{"@type":"ImageObject","inLanguage":"et","@id":"https:\/\/saxbystone.com\/et\/toode\/jura-grey\/#primaryimage","url":"https:\/\/saxbystone.com\/wp-content\/uploads\/2024\/10\/Jura-Grey-Limestone.jpg","contentUrl":"https:\/\/saxbystone.com\/wp-content\/uploads\/2024\/10\/Jura-Grey-Limestone.jpg","width":684,"height":454},{"@type":"BreadcrumbList","@id":"https:\/\/saxbystone.com\/et\/toode\/jura-grey\/#breadcrumb","itemListElement":[{"@type":"ListItem","position":1,"name":"Home","item":"https:\/\/saxbystone.com\/et\/"},{"@type":"ListItem","position":2,"name":"Meie tooted","item":"https:\/\/saxbystone.com\/et\/meie-tooted\/"},{"@type":"ListItem","position":3,"name":"Jura Grey paekivi"}]},{"@type":"WebSite","@id":"https:\/\/saxbystone.com\/et\/#website","url":"https:\/\/saxbystone.com\/et\/","name":"Saxby Stone","description":"Natural stone tiles","publisher":{"@id":"https:\/\/saxbystone.com\/et\/#organization"},"potentialAction":[{"@type":"SearchAction","target":{"@type":"EntryPoint","urlTemplate":"https:\/\/saxbystone.com\/et\/?s={search_term_string}"},"query-input":{"@type":"PropertyValueSpecification","valueRequired":true,"valueName":"search_term_string"}}],"inLanguage":"et"},{"@type":"Organization","@id":"https:\/\/saxbystone.com\/et\/#organization","name":"Saxby Stone","url":"https:\/\/saxbystone.com\/et\/","logo":{"@type":"ImageObject","inLanguage":"et","@id":"https:\/\/saxbystone.com\/et\/#\/schema\/logo\/image\/","url":"https:\/\/saxbystone.com\/wp-content\/uploads\/2024\/09\/cropped-Saxby-Stone-logo-official-1st.png","contentUrl":"https:\/\/saxbystone.com\/wp-content\/uploads\/2024\/09\/cropped-Saxby-Stone-logo-official-1st.png","width":512,"height":512,"caption":"Saxby Stone"},"image":{"@id":"https:\/\/saxbystone.com\/et\/#\/schema\/logo\/image\/"},"sameAs":["https:\/\/www.instagram.com\/saxbystone\/"]}]}},"_links":{"self":[{"href":"https:\/\/saxbystone.com\/et\/wp-json\/wp\/v2\/product\/4502","targetHints":{"allow":["GET"]}}],"collection":[{"href":"https:\/\/saxbystone.com\/et\/wp-json\/wp\/v2\/product"}],"about":[{"href":"https:\/\/saxbystone.com\/et\/wp-json\/wp\/v2\/types\/product"}],"wp:featuredmedia":[{"embeddable":true,"href":"https:\/\/saxbystone.com\/et\/wp-json\/wp\/v2\/media\/4503"}],"wp:attachment":[{"href":"https:\/\/saxbystone.com\/et\/wp-json\/wp\/v2\/media?parent=4502"}],"wp:term":[{"taxonomy":"product_brand","embeddable":true,"href":"https:\/\/saxbystone.com\/et\/wp-json\/wp\/v2\/product_brand?post=4502"},{"taxonomy":"product_cat","embeddable":true,"href":"https:\/\/saxbystone.com\/et\/wp-json\/wp\/v2\/product_cat?post=4502"},{"taxonomy":"product_tag","embeddable":true,"href":"https:\/\/saxbystone.com\/et\/wp-json\/wp\/v2\/product_tag?post=4502"}],"curies":[{"name":"wp","href":"https:\/\/api.w.org\/{rel}","templated":true}]}}