{"id":4489,"date":"2024-10-28T09:24:56","date_gmt":"2024-10-28T07:24:56","guid":{"rendered":"https:\/\/saxbystone.com\/product\/bordeaux-white-marmor\/"},"modified":"2026-02-27T08:40:27","modified_gmt":"2026-02-27T06:40:27","slug":"bordeaux-white","status":"publish","type":"product","link":"https:\/\/saxbystone.com\/et\/toode\/bordeaux-white\/","title":{"rendered":"Bordeaux White marmor"},"content":{"rendered":"","protected":false},"excerpt":{"rendered":"<p><span style=\"font-weight: 400;\">Meie Carrara marmorplaatidega silmatorkavalt sarnase v\u00e4limusega Bordeaux White marmorplaadid on trummeldatud pinnaviimistlusega ning pealtn\u00e4ha h\u00e4sti kasutatud ja kulunud v\u00e4limusega. Oma klassikalise v\u00e4rvitooniga sobivad meie Bordeaux White marmorplaadid<\/span> <span style=\"font-weight: 400;\">kasutamiseks k\u00f5ikide sisekujundusstiilidega, nii kaasaegsete kui traditsioonilistega. <\/span><\/p>\n<p><span style=\"font-weight: 400;\">Sobib <\/span><span style=\"font-weight: 400;\">ideaalsel<\/span><span style=\"font-weight: 400;\">t k\u00f6\u00f6kide<\/span><span style=\"font-weight: 400;\">sse<\/span><span style=\"font-weight: 400;\">, vannitubade<\/span><span style=\"font-weight: 400;\">sse<\/span><span style=\"font-weight: 400;\"> ja talveaedade<\/span><span style=\"font-weight: 400;\">sse<\/span><span style=\"font-weight: 400;\">, pakkudes ajatut luksust.<\/span><\/p>\n<p><span style=\"font-weight: 400;\">Meie Bordeaux White trummeldatud pinnaviimistlusega marmorplaate saab kombineerida meie Bordeaux Black trummeldatud pinnaviimistlusega marmorplaatidega, et luua ajatu <\/span><span style=\"font-weight: 400;\">malelaua muster<\/span><span style=\"font-weight: 400;\">, mis taaselustab s<\/span><span style=\"font-weight: 400;\">aja aasta taguse stiili ja sarmi<\/span><span style=\"font-weight: 400;\">.<\/span><\/p>\n<p><span style=\"font-weight: 400;\">Saadaval trummeldatud pinnaviimistlusega.<\/span><\/p>\n<p><em>Et n\u00e4ha hinda, valige palun plaadi m\u00f5\u00f5tmed. Tasuta transport tellimustele \u00fcle 25 m<sup>2<\/sup>.<\/em><\/p>\n","protected":false},"featured_media":4763,"template":"","meta":{"_acf_changed":false},"product_brand":[],"product_cat":[232,231],"product_tag":[],"class_list":{"0":"post-4489","1":"product","2":"type-product","3":"status-publish","4":"has-post-thumbnail","6":"product_cat-koik-tooted","7":"product_cat-poranda-ja-seinaplaadid","9":"first","10":"instock","11":"shipping-taxable","12":"purchasable","13":"product-type-variable","14":"add-to-wishlist-after_add_to_cart"},"acf":[],"yoast_head":"<!-- This site is optimized with the Yoast SEO plugin v26.4 - https:\/\/yoast.com\/wordpress\/plugins\/seo\/ -->\n<title>Bordeaux White marmor - Saxby Stone<\/title>\n<meta name=\"robots\" content=\"index, follow, max-snippet:-1, max-image-preview:large, max-video-preview:-1\" \/>\n<link rel=\"canonical\" href=\"https:\/\/saxbystone.com\/et\/toode\/bordeaux-white\/\" \/>\n<meta property=\"og:locale\" content=\"et_EE\" \/>\n<meta property=\"og:type\" content=\"article\" \/>\n<meta property=\"og:title\" content=\"Bordeaux White marmor - Saxby Stone\" \/>\n<meta property=\"og:description\" content=\"Meie Carrara marmorplaatidega silmatorkavalt sarnase v\u00e4limusega Bordeaux White marmorplaadid on trummeldatud pinnaviimistlusega ning pealtn\u00e4ha h\u00e4sti kasutatud ja kulunud v\u00e4limusega. Oma klassikalise v\u00e4rvitooniga sobivad meie Bordeaux White marmorplaadid kasutamiseks k\u00f5ikide sisekujundusstiilidega, nii kaasaegsete kui traditsioonilistega.   Sobib ideaalselt k\u00f6\u00f6kidesse, vannitubadesse ja talveaedadesse, pakkudes ajatut luksust.  Meie Bordeaux White trummeldatud pinnaviimistlusega marmorplaate saab kombineerida meie Bordeaux Black trummeldatud pinnaviimistlusega marmorplaatidega, et luua ajatu malelaua muster, mis taaselustab saja aasta taguse stiili ja sarmi.  Saadaval trummeldatud pinnaviimistlusega.  Et n\u00e4ha hinda, valige palun plaadi m\u00f5\u00f5tmed. Tasuta transport tellimustele \u00fcle 25 m2.\" \/>\n<meta property=\"og:url\" content=\"https:\/\/saxbystone.com\/et\/toode\/bordeaux-white\/\" \/>\n<meta property=\"og:site_name\" content=\"Saxby Stone\" \/>\n<meta property=\"article:modified_time\" content=\"2026-02-27T06:40:27+00:00\" \/>\n<meta property=\"og:image\" content=\"https:\/\/saxbystone.com\/wp-content\/uploads\/2024\/10\/Bordeaux-White-Marble-tumbled-1.jpg\" \/>\n\t<meta property=\"og:image:width\" content=\"770\" \/>\n\t<meta property=\"og:image:height\" content=\"720\" \/>\n\t<meta property=\"og:image:type\" content=\"image\/jpeg\" \/>\n<meta name=\"twitter:card\" content=\"summary_large_image\" \/>\n<meta name=\"twitter:label1\" content=\"Est. reading time\" \/>\n\t<meta name=\"twitter:data1\" content=\"1 minut\" \/>\n<script type=\"application\/ld+json\" class=\"yoast-schema-graph\">{\"@context\":\"https:\/\/schema.org\",\"@graph\":[{\"@type\":\"WebPage\",\"@id\":\"https:\/\/saxbystone.com\/et\/toode\/bordeaux-white\/\",\"url\":\"https:\/\/saxbystone.com\/et\/toode\/bordeaux-white\/\",\"name\":\"Bordeaux White marmor - Saxby Stone\",\"isPartOf\":{\"@id\":\"https:\/\/saxbystone.com\/et\/#website\"},\"primaryImageOfPage\":{\"@id\":\"https:\/\/saxbystone.com\/et\/toode\/bordeaux-white\/#primaryimage\"},\"image\":{\"@id\":\"https:\/\/saxbystone.com\/et\/toode\/bordeaux-white\/#primaryimage\"},\"thumbnailUrl\":\"https:\/\/saxbystone.com\/wp-content\/uploads\/2024\/10\/Bordeaux-White-Marble-tumbled-1.jpg\",\"datePublished\":\"2024-10-28T07:24:56+00:00\",\"dateModified\":\"2026-02-27T06:40:27+00:00\",\"breadcrumb\":{\"@id\":\"https:\/\/saxbystone.com\/et\/toode\/bordeaux-white\/#breadcrumb\"},\"inLanguage\":\"et\",\"potentialAction\":[{\"@type\":\"ReadAction\",\"target\":[\"https:\/\/saxbystone.com\/et\/toode\/bordeaux-white\/\"]}]},{\"@type\":\"ImageObject\",\"inLanguage\":\"et\",\"@id\":\"https:\/\/saxbystone.com\/et\/toode\/bordeaux-white\/#primaryimage\",\"url\":\"https:\/\/saxbystone.com\/wp-content\/uploads\/2024\/10\/Bordeaux-White-Marble-tumbled-1.jpg\",\"contentUrl\":\"https:\/\/saxbystone.com\/wp-content\/uploads\/2024\/10\/Bordeaux-White-Marble-tumbled-1.jpg\",\"width\":770,\"height\":720},{\"@type\":\"BreadcrumbList\",\"@id\":\"https:\/\/saxbystone.com\/et\/toode\/bordeaux-white\/#breadcrumb\",\"itemListElement\":[{\"@type\":\"ListItem\",\"position\":1,\"name\":\"Home\",\"item\":\"https:\/\/saxbystone.com\/et\/\"},{\"@type\":\"ListItem\",\"position\":2,\"name\":\"Meie tooted\",\"item\":\"https:\/\/saxbystone.com\/et\/meie-tooted\/\"},{\"@type\":\"ListItem\",\"position\":3,\"name\":\"Bordeaux White marmor\"}]},{\"@type\":\"WebSite\",\"@id\":\"https:\/\/saxbystone.com\/et\/#website\",\"url\":\"https:\/\/saxbystone.com\/et\/\",\"name\":\"Saxby Stone\",\"description\":\"Natural stone tiles\",\"publisher\":{\"@id\":\"https:\/\/saxbystone.com\/et\/#organization\"},\"potentialAction\":[{\"@type\":\"SearchAction\",\"target\":{\"@type\":\"EntryPoint\",\"urlTemplate\":\"https:\/\/saxbystone.com\/et\/?s={search_term_string}\"},\"query-input\":{\"@type\":\"PropertyValueSpecification\",\"valueRequired\":true,\"valueName\":\"search_term_string\"}}],\"inLanguage\":\"et\"},{\"@type\":\"Organization\",\"@id\":\"https:\/\/saxbystone.com\/et\/#organization\",\"name\":\"Saxby Stone\",\"url\":\"https:\/\/saxbystone.com\/et\/\",\"logo\":{\"@type\":\"ImageObject\",\"inLanguage\":\"et\",\"@id\":\"https:\/\/saxbystone.com\/et\/#\/schema\/logo\/image\/\",\"url\":\"https:\/\/saxbystone.com\/wp-content\/uploads\/2024\/09\/cropped-Saxby-Stone-logo-official-1st.png\",\"contentUrl\":\"https:\/\/saxbystone.com\/wp-content\/uploads\/2024\/09\/cropped-Saxby-Stone-logo-official-1st.png\",\"width\":512,\"height\":512,\"caption\":\"Saxby Stone\"},\"image\":{\"@id\":\"https:\/\/saxbystone.com\/et\/#\/schema\/logo\/image\/\"},\"sameAs\":[\"https:\/\/www.instagram.com\/saxbystone\/\"]}]}<\/script>\n<!-- \/ Yoast SEO plugin. -->","yoast_head_json":{"title":"Bordeaux White marmor - Saxby Stone","robots":{"index":"index","follow":"follow","max-snippet":"max-snippet:-1","max-image-preview":"max-image-preview:large","max-video-preview":"max-video-preview:-1"},"canonical":"https:\/\/saxbystone.com\/et\/toode\/bordeaux-white\/","og_locale":"et_EE","og_type":"article","og_title":"Bordeaux White marmor - Saxby Stone","og_description":"Meie Carrara marmorplaatidega silmatorkavalt sarnase v\u00e4limusega Bordeaux White marmorplaadid on trummeldatud pinnaviimistlusega ning pealtn\u00e4ha h\u00e4sti kasutatud ja kulunud v\u00e4limusega. Oma klassikalise v\u00e4rvitooniga sobivad meie Bordeaux White marmorplaadid kasutamiseks k\u00f5ikide sisekujundusstiilidega, nii kaasaegsete kui traditsioonilistega.   Sobib ideaalselt k\u00f6\u00f6kidesse, vannitubadesse ja talveaedadesse, pakkudes ajatut luksust.  Meie Bordeaux White trummeldatud pinnaviimistlusega marmorplaate saab kombineerida meie Bordeaux Black trummeldatud pinnaviimistlusega marmorplaatidega, et luua ajatu malelaua muster, mis taaselustab saja aasta taguse stiili ja sarmi.  Saadaval trummeldatud pinnaviimistlusega.  Et n\u00e4ha hinda, valige palun plaadi m\u00f5\u00f5tmed. Tasuta transport tellimustele \u00fcle 25 m2.","og_url":"https:\/\/saxbystone.com\/et\/toode\/bordeaux-white\/","og_site_name":"Saxby Stone","article_modified_time":"2026-02-27T06:40:27+00:00","og_image":[{"width":770,"height":720,"url":"https:\/\/saxbystone.com\/wp-content\/uploads\/2024\/10\/Bordeaux-White-Marble-tumbled-1.jpg","type":"image\/jpeg"}],"twitter_card":"summary_large_image","twitter_misc":{"Est. reading time":"1 minut"},"schema":{"@context":"https:\/\/schema.org","@graph":[{"@type":"WebPage","@id":"https:\/\/saxbystone.com\/et\/toode\/bordeaux-white\/","url":"https:\/\/saxbystone.com\/et\/toode\/bordeaux-white\/","name":"Bordeaux White marmor - Saxby Stone","isPartOf":{"@id":"https:\/\/saxbystone.com\/et\/#website"},"primaryImageOfPage":{"@id":"https:\/\/saxbystone.com\/et\/toode\/bordeaux-white\/#primaryimage"},"image":{"@id":"https:\/\/saxbystone.com\/et\/toode\/bordeaux-white\/#primaryimage"},"thumbnailUrl":"https:\/\/saxbystone.com\/wp-content\/uploads\/2024\/10\/Bordeaux-White-Marble-tumbled-1.jpg","datePublished":"2024-10-28T07:24:56+00:00","dateModified":"2026-02-27T06:40:27+00:00","breadcrumb":{"@id":"https:\/\/saxbystone.com\/et\/toode\/bordeaux-white\/#breadcrumb"},"inLanguage":"et","potentialAction":[{"@type":"ReadAction","target":["https:\/\/saxbystone.com\/et\/toode\/bordeaux-white\/"]}]},{"@type":"ImageObject","inLanguage":"et","@id":"https:\/\/saxbystone.com\/et\/toode\/bordeaux-white\/#primaryimage","url":"https:\/\/saxbystone.com\/wp-content\/uploads\/2024\/10\/Bordeaux-White-Marble-tumbled-1.jpg","contentUrl":"https:\/\/saxbystone.com\/wp-content\/uploads\/2024\/10\/Bordeaux-White-Marble-tumbled-1.jpg","width":770,"height":720},{"@type":"BreadcrumbList","@id":"https:\/\/saxbystone.com\/et\/toode\/bordeaux-white\/#breadcrumb","itemListElement":[{"@type":"ListItem","position":1,"name":"Home","item":"https:\/\/saxbystone.com\/et\/"},{"@type":"ListItem","position":2,"name":"Meie tooted","item":"https:\/\/saxbystone.com\/et\/meie-tooted\/"},{"@type":"ListItem","position":3,"name":"Bordeaux White marmor"}]},{"@type":"WebSite","@id":"https:\/\/saxbystone.com\/et\/#website","url":"https:\/\/saxbystone.com\/et\/","name":"Saxby Stone","description":"Natural stone tiles","publisher":{"@id":"https:\/\/saxbystone.com\/et\/#organization"},"potentialAction":[{"@type":"SearchAction","target":{"@type":"EntryPoint","urlTemplate":"https:\/\/saxbystone.com\/et\/?s={search_term_string}"},"query-input":{"@type":"PropertyValueSpecification","valueRequired":true,"valueName":"search_term_string"}}],"inLanguage":"et"},{"@type":"Organization","@id":"https:\/\/saxbystone.com\/et\/#organization","name":"Saxby Stone","url":"https:\/\/saxbystone.com\/et\/","logo":{"@type":"ImageObject","inLanguage":"et","@id":"https:\/\/saxbystone.com\/et\/#\/schema\/logo\/image\/","url":"https:\/\/saxbystone.com\/wp-content\/uploads\/2024\/09\/cropped-Saxby-Stone-logo-official-1st.png","contentUrl":"https:\/\/saxbystone.com\/wp-content\/uploads\/2024\/09\/cropped-Saxby-Stone-logo-official-1st.png","width":512,"height":512,"caption":"Saxby Stone"},"image":{"@id":"https:\/\/saxbystone.com\/et\/#\/schema\/logo\/image\/"},"sameAs":["https:\/\/www.instagram.com\/saxbystone\/"]}]}},"_links":{"self":[{"href":"https:\/\/saxbystone.com\/et\/wp-json\/wp\/v2\/product\/4489","targetHints":{"allow":["GET"]}}],"collection":[{"href":"https:\/\/saxbystone.com\/et\/wp-json\/wp\/v2\/product"}],"about":[{"href":"https:\/\/saxbystone.com\/et\/wp-json\/wp\/v2\/types\/product"}],"wp:featuredmedia":[{"embeddable":true,"href":"https:\/\/saxbystone.com\/et\/wp-json\/wp\/v2\/media\/4763"}],"wp:attachment":[{"href":"https:\/\/saxbystone.com\/et\/wp-json\/wp\/v2\/media?parent=4489"}],"wp:term":[{"taxonomy":"product_brand","embeddable":true,"href":"https:\/\/saxbystone.com\/et\/wp-json\/wp\/v2\/product_brand?post=4489"},{"taxonomy":"product_cat","embeddable":true,"href":"https:\/\/saxbystone.com\/et\/wp-json\/wp\/v2\/product_cat?post=4489"},{"taxonomy":"product_tag","embeddable":true,"href":"https:\/\/saxbystone.com\/et\/wp-json\/wp\/v2\/product_tag?post=4489"}],"curies":[{"name":"wp","href":"https:\/\/api.w.org\/{rel}","templated":true}]}}