{"id":4475,"date":"2024-10-25T16:34:50","date_gmt":"2024-10-25T13:34:50","guid":{"rendered":"https:\/\/saxbystone.com\/product\/carrara-marmor-c\/"},"modified":"2025-11-05T09:18:34","modified_gmt":"2025-11-05T07:18:34","slug":"carrara-marmor-c","status":"publish","type":"product","link":"https:\/\/saxbystone.com\/et\/toode\/carrara-marmor-c\/","title":{"rendered":"Bianco Carrara marmor \u201cC\u201d"},"content":{"rendered":"","protected":false},"excerpt":{"rendered":"<p><span style=\"font-weight: 400;\">Itaalias Apenniini m\u00e4gedest p\u00e4rit Bianco Carrara marmor on olnud arhitektide lemmik Rooma ajast kuni t\u00e4nap\u00e4evani. Bianco <\/span><span style=\"font-weight: 400;\">Carrara marmori kuulus muster <\/span><span style=\"font-weight: 400;\">\u00f5hkab<\/span><span style=\"font-weight: 400;\"> luksust ja ajatut elegantsi. <\/span><\/p>\n<p><span style=\"font-weight: 400;\">Pakume spetsiaalset Bianco Carrara marmori &#8220;C&#8221; selektsiooni plaate, mis t\u00e4hendab, et tumedate veenide kontsentratsioon on v\u00e4iksem kui teistel Bianco Carrara marmori valikutel.<\/span> Bianco <span style=\"font-weight: 400;\">Carrara marmori \u201cC\u201d selektsioon on rohkem koosk\u00f5las praeguse minimalistliku maitsega ning sulandub harmooniliselt kodu interj\u00f6\u00f6ri ning ei m\u00f5ju domineerivalt k\u00f5rvalolevate sisustuselementidega.<\/span><\/p>\n<p><span style=\"font-weight: 400;\">Meie Bianco Carrara marmor \u201cC\u201d\u00a0 plaadid on saadaval lihvitud pinnaviimistlusega.<\/span><\/p>\n<p><em>Et n\u00e4ha hinda, valige palun plaadi m\u00f5\u00f5tmed. Tasuta transport tellimustele \u00fcle 25 m<sup>2<\/sup>.<\/em><\/p>\n","protected":false},"featured_media":4476,"template":"","meta":{"_acf_changed":false},"product_brand":[],"product_cat":[232,231,229],"product_tag":[],"class_list":{"0":"post-4475","1":"product","2":"type-product","3":"status-publish","4":"has-post-thumbnail","6":"product_cat-koik-tooted","7":"product_cat-poranda-ja-seinaplaadid","8":"product_cat-toopinnad-aknalauad","10":"first","11":"instock","12":"shipping-taxable","13":"purchasable","14":"product-type-variable","15":"add-to-wishlist-after_add_to_cart"},"acf":[],"yoast_head":"<!-- This site is optimized with the Yoast SEO plugin v26.4 - https:\/\/yoast.com\/wordpress\/plugins\/seo\/ -->\n<title>Bianco Carrara marmor \u201cC\u201d - Saxby Stone<\/title>\n<meta name=\"robots\" content=\"index, follow, max-snippet:-1, max-image-preview:large, max-video-preview:-1\" \/>\n<link rel=\"canonical\" href=\"https:\/\/saxbystone.com\/et\/toode\/carrara-marmor-c\/\" \/>\n<meta property=\"og:locale\" content=\"et_EE\" \/>\n<meta property=\"og:type\" content=\"article\" \/>\n<meta property=\"og:title\" content=\"Bianco Carrara marmor \u201cC\u201d - Saxby Stone\" \/>\n<meta property=\"og:description\" content=\"Itaalias Apenniini m\u00e4gedest p\u00e4rit Bianco Carrara marmor on olnud arhitektide lemmik Rooma ajast kuni t\u00e4nap\u00e4evani. Bianco Carrara marmori kuulus muster \u00f5hkab luksust ja ajatut elegantsi.   Pakume spetsiaalset Bianco Carrara marmori &quot;C&quot; selektsiooni plaate, mis t\u00e4hendab, et tumedate veenide kontsentratsioon on v\u00e4iksem kui teistel Bianco Carrara marmori valikutel. Bianco Carrara marmori \u201cC\u201d selektsioon on rohkem koosk\u00f5las praeguse minimalistliku maitsega ning sulandub harmooniliselt kodu interj\u00f6\u00f6ri ning ei m\u00f5ju domineerivalt k\u00f5rvalolevate sisustuselementidega.  Meie Bianco Carrara marmor \u201cC\u201d\u00a0 plaadid on saadaval lihvitud pinnaviimistlusega.  Et n\u00e4ha hinda, valige palun plaadi m\u00f5\u00f5tmed. Tasuta transport tellimustele \u00fcle 25 m2.\" \/>\n<meta property=\"og:url\" content=\"https:\/\/saxbystone.com\/et\/toode\/carrara-marmor-c\/\" \/>\n<meta property=\"og:site_name\" content=\"Saxby Stone\" \/>\n<meta property=\"article:modified_time\" content=\"2025-11-05T07:18:34+00:00\" \/>\n<meta property=\"og:image\" content=\"https:\/\/saxbystone.com\/wp-content\/uploads\/2024\/10\/Carrara-Marble-C.png\" \/>\n\t<meta property=\"og:image:width\" content=\"733\" \/>\n\t<meta property=\"og:image:height\" content=\"491\" \/>\n\t<meta property=\"og:image:type\" content=\"image\/png\" \/>\n<meta name=\"twitter:card\" content=\"summary_large_image\" \/>\n<script type=\"application\/ld+json\" class=\"yoast-schema-graph\">{\"@context\":\"https:\/\/schema.org\",\"@graph\":[{\"@type\":\"WebPage\",\"@id\":\"https:\/\/saxbystone.com\/et\/toode\/carrara-marmor-c\/\",\"url\":\"https:\/\/saxbystone.com\/et\/toode\/carrara-marmor-c\/\",\"name\":\"Bianco Carrara marmor \u201cC\u201d - Saxby Stone\",\"isPartOf\":{\"@id\":\"https:\/\/saxbystone.com\/et\/#website\"},\"primaryImageOfPage\":{\"@id\":\"https:\/\/saxbystone.com\/et\/toode\/carrara-marmor-c\/#primaryimage\"},\"image\":{\"@id\":\"https:\/\/saxbystone.com\/et\/toode\/carrara-marmor-c\/#primaryimage\"},\"thumbnailUrl\":\"https:\/\/saxbystone.com\/wp-content\/uploads\/2024\/10\/Carrara-Marble-C.png\",\"datePublished\":\"2024-10-25T13:34:50+00:00\",\"dateModified\":\"2025-11-05T07:18:34+00:00\",\"breadcrumb\":{\"@id\":\"https:\/\/saxbystone.com\/et\/toode\/carrara-marmor-c\/#breadcrumb\"},\"inLanguage\":\"et\",\"potentialAction\":[{\"@type\":\"ReadAction\",\"target\":[\"https:\/\/saxbystone.com\/et\/toode\/carrara-marmor-c\/\"]}]},{\"@type\":\"ImageObject\",\"inLanguage\":\"et\",\"@id\":\"https:\/\/saxbystone.com\/et\/toode\/carrara-marmor-c\/#primaryimage\",\"url\":\"https:\/\/saxbystone.com\/wp-content\/uploads\/2024\/10\/Carrara-Marble-C.png\",\"contentUrl\":\"https:\/\/saxbystone.com\/wp-content\/uploads\/2024\/10\/Carrara-Marble-C.png\",\"width\":733,\"height\":491},{\"@type\":\"BreadcrumbList\",\"@id\":\"https:\/\/saxbystone.com\/et\/toode\/carrara-marmor-c\/#breadcrumb\",\"itemListElement\":[{\"@type\":\"ListItem\",\"position\":1,\"name\":\"Home\",\"item\":\"https:\/\/saxbystone.com\/et\/\"},{\"@type\":\"ListItem\",\"position\":2,\"name\":\"Meie tooted\",\"item\":\"https:\/\/saxbystone.com\/et\/meie-tooted\/\"},{\"@type\":\"ListItem\",\"position\":3,\"name\":\"Bianco Carrara marmor \u201cC\u201d\"}]},{\"@type\":\"WebSite\",\"@id\":\"https:\/\/saxbystone.com\/et\/#website\",\"url\":\"https:\/\/saxbystone.com\/et\/\",\"name\":\"Saxby Stone\",\"description\":\"Natural stone tiles\",\"publisher\":{\"@id\":\"https:\/\/saxbystone.com\/et\/#organization\"},\"potentialAction\":[{\"@type\":\"SearchAction\",\"target\":{\"@type\":\"EntryPoint\",\"urlTemplate\":\"https:\/\/saxbystone.com\/et\/?s={search_term_string}\"},\"query-input\":{\"@type\":\"PropertyValueSpecification\",\"valueRequired\":true,\"valueName\":\"search_term_string\"}}],\"inLanguage\":\"et\"},{\"@type\":\"Organization\",\"@id\":\"https:\/\/saxbystone.com\/et\/#organization\",\"name\":\"Saxby Stone\",\"url\":\"https:\/\/saxbystone.com\/et\/\",\"logo\":{\"@type\":\"ImageObject\",\"inLanguage\":\"et\",\"@id\":\"https:\/\/saxbystone.com\/et\/#\/schema\/logo\/image\/\",\"url\":\"https:\/\/saxbystone.com\/wp-content\/uploads\/2024\/09\/cropped-Saxby-Stone-logo-official-1st.png\",\"contentUrl\":\"https:\/\/saxbystone.com\/wp-content\/uploads\/2024\/09\/cropped-Saxby-Stone-logo-official-1st.png\",\"width\":512,\"height\":512,\"caption\":\"Saxby Stone\"},\"image\":{\"@id\":\"https:\/\/saxbystone.com\/et\/#\/schema\/logo\/image\/\"},\"sameAs\":[\"https:\/\/www.instagram.com\/saxbystone\/\"]}]}<\/script>\n<!-- \/ Yoast SEO plugin. -->","yoast_head_json":{"title":"Bianco Carrara marmor \u201cC\u201d - Saxby Stone","robots":{"index":"index","follow":"follow","max-snippet":"max-snippet:-1","max-image-preview":"max-image-preview:large","max-video-preview":"max-video-preview:-1"},"canonical":"https:\/\/saxbystone.com\/et\/toode\/carrara-marmor-c\/","og_locale":"et_EE","og_type":"article","og_title":"Bianco Carrara marmor \u201cC\u201d - Saxby Stone","og_description":"Itaalias Apenniini m\u00e4gedest p\u00e4rit Bianco Carrara marmor on olnud arhitektide lemmik Rooma ajast kuni t\u00e4nap\u00e4evani. Bianco Carrara marmori kuulus muster \u00f5hkab luksust ja ajatut elegantsi.   Pakume spetsiaalset Bianco Carrara marmori \"C\" selektsiooni plaate, mis t\u00e4hendab, et tumedate veenide kontsentratsioon on v\u00e4iksem kui teistel Bianco Carrara marmori valikutel. Bianco Carrara marmori \u201cC\u201d selektsioon on rohkem koosk\u00f5las praeguse minimalistliku maitsega ning sulandub harmooniliselt kodu interj\u00f6\u00f6ri ning ei m\u00f5ju domineerivalt k\u00f5rvalolevate sisustuselementidega.  Meie Bianco Carrara marmor \u201cC\u201d\u00a0 plaadid on saadaval lihvitud pinnaviimistlusega.  Et n\u00e4ha hinda, valige palun plaadi m\u00f5\u00f5tmed. Tasuta transport tellimustele \u00fcle 25 m2.","og_url":"https:\/\/saxbystone.com\/et\/toode\/carrara-marmor-c\/","og_site_name":"Saxby Stone","article_modified_time":"2025-11-05T07:18:34+00:00","og_image":[{"width":733,"height":491,"url":"https:\/\/saxbystone.com\/wp-content\/uploads\/2024\/10\/Carrara-Marble-C.png","type":"image\/png"}],"twitter_card":"summary_large_image","schema":{"@context":"https:\/\/schema.org","@graph":[{"@type":"WebPage","@id":"https:\/\/saxbystone.com\/et\/toode\/carrara-marmor-c\/","url":"https:\/\/saxbystone.com\/et\/toode\/carrara-marmor-c\/","name":"Bianco Carrara marmor \u201cC\u201d - Saxby Stone","isPartOf":{"@id":"https:\/\/saxbystone.com\/et\/#website"},"primaryImageOfPage":{"@id":"https:\/\/saxbystone.com\/et\/toode\/carrara-marmor-c\/#primaryimage"},"image":{"@id":"https:\/\/saxbystone.com\/et\/toode\/carrara-marmor-c\/#primaryimage"},"thumbnailUrl":"https:\/\/saxbystone.com\/wp-content\/uploads\/2024\/10\/Carrara-Marble-C.png","datePublished":"2024-10-25T13:34:50+00:00","dateModified":"2025-11-05T07:18:34+00:00","breadcrumb":{"@id":"https:\/\/saxbystone.com\/et\/toode\/carrara-marmor-c\/#breadcrumb"},"inLanguage":"et","potentialAction":[{"@type":"ReadAction","target":["https:\/\/saxbystone.com\/et\/toode\/carrara-marmor-c\/"]}]},{"@type":"ImageObject","inLanguage":"et","@id":"https:\/\/saxbystone.com\/et\/toode\/carrara-marmor-c\/#primaryimage","url":"https:\/\/saxbystone.com\/wp-content\/uploads\/2024\/10\/Carrara-Marble-C.png","contentUrl":"https:\/\/saxbystone.com\/wp-content\/uploads\/2024\/10\/Carrara-Marble-C.png","width":733,"height":491},{"@type":"BreadcrumbList","@id":"https:\/\/saxbystone.com\/et\/toode\/carrara-marmor-c\/#breadcrumb","itemListElement":[{"@type":"ListItem","position":1,"name":"Home","item":"https:\/\/saxbystone.com\/et\/"},{"@type":"ListItem","position":2,"name":"Meie tooted","item":"https:\/\/saxbystone.com\/et\/meie-tooted\/"},{"@type":"ListItem","position":3,"name":"Bianco Carrara marmor \u201cC\u201d"}]},{"@type":"WebSite","@id":"https:\/\/saxbystone.com\/et\/#website","url":"https:\/\/saxbystone.com\/et\/","name":"Saxby Stone","description":"Natural stone tiles","publisher":{"@id":"https:\/\/saxbystone.com\/et\/#organization"},"potentialAction":[{"@type":"SearchAction","target":{"@type":"EntryPoint","urlTemplate":"https:\/\/saxbystone.com\/et\/?s={search_term_string}"},"query-input":{"@type":"PropertyValueSpecification","valueRequired":true,"valueName":"search_term_string"}}],"inLanguage":"et"},{"@type":"Organization","@id":"https:\/\/saxbystone.com\/et\/#organization","name":"Saxby Stone","url":"https:\/\/saxbystone.com\/et\/","logo":{"@type":"ImageObject","inLanguage":"et","@id":"https:\/\/saxbystone.com\/et\/#\/schema\/logo\/image\/","url":"https:\/\/saxbystone.com\/wp-content\/uploads\/2024\/09\/cropped-Saxby-Stone-logo-official-1st.png","contentUrl":"https:\/\/saxbystone.com\/wp-content\/uploads\/2024\/09\/cropped-Saxby-Stone-logo-official-1st.png","width":512,"height":512,"caption":"Saxby Stone"},"image":{"@id":"https:\/\/saxbystone.com\/et\/#\/schema\/logo\/image\/"},"sameAs":["https:\/\/www.instagram.com\/saxbystone\/"]}]}},"_links":{"self":[{"href":"https:\/\/saxbystone.com\/et\/wp-json\/wp\/v2\/product\/4475","targetHints":{"allow":["GET"]}}],"collection":[{"href":"https:\/\/saxbystone.com\/et\/wp-json\/wp\/v2\/product"}],"about":[{"href":"https:\/\/saxbystone.com\/et\/wp-json\/wp\/v2\/types\/product"}],"wp:featuredmedia":[{"embeddable":true,"href":"https:\/\/saxbystone.com\/et\/wp-json\/wp\/v2\/media\/4476"}],"wp:attachment":[{"href":"https:\/\/saxbystone.com\/et\/wp-json\/wp\/v2\/media?parent=4475"}],"wp:term":[{"taxonomy":"product_brand","embeddable":true,"href":"https:\/\/saxbystone.com\/et\/wp-json\/wp\/v2\/product_brand?post=4475"},{"taxonomy":"product_cat","embeddable":true,"href":"https:\/\/saxbystone.com\/et\/wp-json\/wp\/v2\/product_cat?post=4475"},{"taxonomy":"product_tag","embeddable":true,"href":"https:\/\/saxbystone.com\/et\/wp-json\/wp\/v2\/product_tag?post=4475"}],"curies":[{"name":"wp","href":"https:\/\/api.w.org\/{rel}","templated":true}]}}