{"id":4461,"date":"2024-10-25T16:16:34","date_gmt":"2024-10-25T13:16:34","guid":{"rendered":"https:\/\/saxbystone.com\/product\/oland-grey-paekivi\/"},"modified":"2026-04-09T10:56:54","modified_gmt":"2026-04-09T07:56:54","slug":"oland","status":"publish","type":"product","link":"https:\/\/saxbystone.com\/et\/toode\/oland\/","title":{"rendered":"\u00d6land Grey G1S paekivi"},"content":{"rendered":"","protected":false},"excerpt":{"rendered":"<p><span style=\"font-weight: 400;\">\u00d6land Grey <\/span><span style=\"font-weight: 400;\">G1S<\/span><span style=\"font-weight: 400;\"> paekivi, mis tekkis \u00fcle 550 miljoni aasta tagasi, kui Rootsi asus ekvaatorist l\u00f5una pool, eksponeerib troopiliste mereloomade ja taimede fossiilide rikkust. Ammoniitide ja nautiloidide fossiilid annavad sellele paekivile unikaa<\/span><span style=\"font-weight: 400;\">lse v\u00e4limuse<\/span><span style=\"font-weight: 400;\">, mida hinnatakse kogu Skandinaavias ja P\u00f5hjamaades.<\/span><\/p>\n<p><span style=\"font-weight: 400;\">Lisaks sellele, et <\/span><span style=\"font-weight: 400;\">\u00d6land Grey <\/span><span style=\"font-weight: 400;\">G1S<\/span><span style=\"font-weight: 400;\"> paekivi kaunistab m\u00f5isate, villade ja korterite p\u00f5randaid, v\u00f5ib seda leida ka luksuslikes boutique-hotellides, n\u00e4iteks Ett Hem hotellis Stockholmis ja Arlanda lennujaamas.<\/span><\/p>\n<p><span style=\"font-weight: 400;\">\u00d6land Grey<\/span> <span style=\"font-weight: 400;\">G1S<\/span> <span style=\"font-weight: 400;\">paekivi, mis on l\u00e4bi imbunud perekondlike kaevandusettev\u00f5tete traditsioonidest, on tugev, vastupidav ja t\u00f6\u00f6kindel ning kannab k\u00f5iki Rootsi kvaliteedi tunnuseid.<\/span><\/p>\n<p><span style=\"font-weight: 400;\">Saadaval lihvitud pinnaviimistlusega.<\/span><\/p>\n<p><em>Et n\u00e4ha hinda, valige palun plaadi m\u00f5\u00f5tmed. Tasuta transport tellimustele \u00fcle 25 m<sup>2<\/sup>.<\/em><\/p>\n","protected":false},"featured_media":4462,"template":"","meta":{"_acf_changed":false},"product_brand":[],"product_cat":[232,231,229,247,233],"product_tag":[],"class_list":{"0":"post-4461","1":"product","2":"type-product","3":"status-publish","4":"has-post-thumbnail","6":"product_cat-koik-tooted","7":"product_cat-poranda-ja-seinaplaadid","8":"product_cat-toopinnad-aknalauad","9":"product_cat-sillutiskivi","10":"product_cat-aripinnad","12":"first","13":"instock","14":"shipping-taxable","15":"purchasable","16":"product-type-variable","17":"add-to-wishlist-after_add_to_cart"},"acf":[],"yoast_head":"<!-- This site is optimized with the Yoast SEO plugin v26.4 - https:\/\/yoast.com\/wordpress\/plugins\/seo\/ -->\n<title>\u00d6land Grey G1S paekivi - Saxby Stone<\/title>\n<meta name=\"robots\" content=\"index, follow, max-snippet:-1, max-image-preview:large, max-video-preview:-1\" \/>\n<link rel=\"canonical\" href=\"https:\/\/saxbystone.com\/et\/toode\/oland\/\" \/>\n<meta property=\"og:locale\" content=\"et_EE\" \/>\n<meta property=\"og:type\" content=\"article\" \/>\n<meta property=\"og:title\" content=\"\u00d6land Grey G1S paekivi - Saxby Stone\" \/>\n<meta property=\"og:description\" content=\"\u00d6land Grey G1S paekivi, mis tekkis \u00fcle 550 miljoni aasta tagasi, kui Rootsi asus ekvaatorist l\u00f5una pool, eksponeerib troopiliste mereloomade ja taimede fossiilide rikkust. Ammoniitide ja nautiloidide fossiilid annavad sellele paekivile unikaalse v\u00e4limuse, mida hinnatakse kogu Skandinaavias ja P\u00f5hjamaades.  Lisaks sellele, et \u00d6land Grey G1S paekivi kaunistab m\u00f5isate, villade ja korterite p\u00f5randaid, v\u00f5ib seda leida ka luksuslikes boutique-hotellides, n\u00e4iteks Ett Hem hotellis Stockholmis ja Arlanda lennujaamas.  \u00d6land Grey G1S paekivi, mis on l\u00e4bi imbunud perekondlike kaevandusettev\u00f5tete traditsioonidest, on tugev, vastupidav ja t\u00f6\u00f6kindel ning kannab k\u00f5iki Rootsi kvaliteedi tunnuseid.  Saadaval lihvitud pinnaviimistlusega.  Et n\u00e4ha hinda, valige palun plaadi m\u00f5\u00f5tmed. Tasuta transport tellimustele \u00fcle 25 m2.\" \/>\n<meta property=\"og:url\" content=\"https:\/\/saxbystone.com\/et\/toode\/oland\/\" \/>\n<meta property=\"og:site_name\" content=\"Saxby Stone\" \/>\n<meta property=\"article:modified_time\" content=\"2026-04-09T07:56:54+00:00\" \/>\n<meta property=\"og:image\" content=\"https:\/\/saxbystone.com\/wp-content\/uploads\/2024\/10\/Oland-Limestone.jpg\" \/>\n\t<meta property=\"og:image:width\" content=\"1200\" \/>\n\t<meta property=\"og:image:height\" content=\"900\" \/>\n\t<meta property=\"og:image:type\" content=\"image\/jpeg\" \/>\n<meta name=\"twitter:card\" content=\"summary_large_image\" \/>\n<meta name=\"twitter:label1\" content=\"Est. reading time\" \/>\n\t<meta name=\"twitter:data1\" content=\"1 minut\" \/>\n<script type=\"application\/ld+json\" class=\"yoast-schema-graph\">{\"@context\":\"https:\/\/schema.org\",\"@graph\":[{\"@type\":\"WebPage\",\"@id\":\"https:\/\/saxbystone.com\/et\/toode\/oland\/\",\"url\":\"https:\/\/saxbystone.com\/et\/toode\/oland\/\",\"name\":\"\u00d6land Grey G1S paekivi - Saxby Stone\",\"isPartOf\":{\"@id\":\"https:\/\/saxbystone.com\/et\/#website\"},\"primaryImageOfPage\":{\"@id\":\"https:\/\/saxbystone.com\/et\/toode\/oland\/#primaryimage\"},\"image\":{\"@id\":\"https:\/\/saxbystone.com\/et\/toode\/oland\/#primaryimage\"},\"thumbnailUrl\":\"https:\/\/saxbystone.com\/wp-content\/uploads\/2024\/10\/Oland-Limestone.jpg\",\"datePublished\":\"2024-10-25T13:16:34+00:00\",\"dateModified\":\"2026-04-09T07:56:54+00:00\",\"breadcrumb\":{\"@id\":\"https:\/\/saxbystone.com\/et\/toode\/oland\/#breadcrumb\"},\"inLanguage\":\"et\",\"potentialAction\":[{\"@type\":\"ReadAction\",\"target\":[\"https:\/\/saxbystone.com\/et\/toode\/oland\/\"]}]},{\"@type\":\"ImageObject\",\"inLanguage\":\"et\",\"@id\":\"https:\/\/saxbystone.com\/et\/toode\/oland\/#primaryimage\",\"url\":\"https:\/\/saxbystone.com\/wp-content\/uploads\/2024\/10\/Oland-Limestone.jpg\",\"contentUrl\":\"https:\/\/saxbystone.com\/wp-content\/uploads\/2024\/10\/Oland-Limestone.jpg\",\"width\":1200,\"height\":900},{\"@type\":\"BreadcrumbList\",\"@id\":\"https:\/\/saxbystone.com\/et\/toode\/oland\/#breadcrumb\",\"itemListElement\":[{\"@type\":\"ListItem\",\"position\":1,\"name\":\"Home\",\"item\":\"https:\/\/saxbystone.com\/et\/\"},{\"@type\":\"ListItem\",\"position\":2,\"name\":\"Meie tooted\",\"item\":\"https:\/\/saxbystone.com\/et\/meie-tooted\/\"},{\"@type\":\"ListItem\",\"position\":3,\"name\":\"\u00d6land Grey G1S paekivi\"}]},{\"@type\":\"WebSite\",\"@id\":\"https:\/\/saxbystone.com\/et\/#website\",\"url\":\"https:\/\/saxbystone.com\/et\/\",\"name\":\"Saxby Stone\",\"description\":\"Natural stone tiles\",\"publisher\":{\"@id\":\"https:\/\/saxbystone.com\/et\/#organization\"},\"potentialAction\":[{\"@type\":\"SearchAction\",\"target\":{\"@type\":\"EntryPoint\",\"urlTemplate\":\"https:\/\/saxbystone.com\/et\/?s={search_term_string}\"},\"query-input\":{\"@type\":\"PropertyValueSpecification\",\"valueRequired\":true,\"valueName\":\"search_term_string\"}}],\"inLanguage\":\"et\"},{\"@type\":\"Organization\",\"@id\":\"https:\/\/saxbystone.com\/et\/#organization\",\"name\":\"Saxby Stone\",\"url\":\"https:\/\/saxbystone.com\/et\/\",\"logo\":{\"@type\":\"ImageObject\",\"inLanguage\":\"et\",\"@id\":\"https:\/\/saxbystone.com\/et\/#\/schema\/logo\/image\/\",\"url\":\"https:\/\/saxbystone.com\/wp-content\/uploads\/2024\/09\/cropped-Saxby-Stone-logo-official-1st.png\",\"contentUrl\":\"https:\/\/saxbystone.com\/wp-content\/uploads\/2024\/09\/cropped-Saxby-Stone-logo-official-1st.png\",\"width\":512,\"height\":512,\"caption\":\"Saxby Stone\"},\"image\":{\"@id\":\"https:\/\/saxbystone.com\/et\/#\/schema\/logo\/image\/\"},\"sameAs\":[\"https:\/\/www.instagram.com\/saxbystone\/\"]}]}<\/script>\n<!-- \/ Yoast SEO plugin. -->","yoast_head_json":{"title":"\u00d6land Grey G1S paekivi - Saxby Stone","robots":{"index":"index","follow":"follow","max-snippet":"max-snippet:-1","max-image-preview":"max-image-preview:large","max-video-preview":"max-video-preview:-1"},"canonical":"https:\/\/saxbystone.com\/et\/toode\/oland\/","og_locale":"et_EE","og_type":"article","og_title":"\u00d6land Grey G1S paekivi - Saxby Stone","og_description":"\u00d6land Grey G1S paekivi, mis tekkis \u00fcle 550 miljoni aasta tagasi, kui Rootsi asus ekvaatorist l\u00f5una pool, eksponeerib troopiliste mereloomade ja taimede fossiilide rikkust. Ammoniitide ja nautiloidide fossiilid annavad sellele paekivile unikaalse v\u00e4limuse, mida hinnatakse kogu Skandinaavias ja P\u00f5hjamaades.  Lisaks sellele, et \u00d6land Grey G1S paekivi kaunistab m\u00f5isate, villade ja korterite p\u00f5randaid, v\u00f5ib seda leida ka luksuslikes boutique-hotellides, n\u00e4iteks Ett Hem hotellis Stockholmis ja Arlanda lennujaamas.  \u00d6land Grey G1S paekivi, mis on l\u00e4bi imbunud perekondlike kaevandusettev\u00f5tete traditsioonidest, on tugev, vastupidav ja t\u00f6\u00f6kindel ning kannab k\u00f5iki Rootsi kvaliteedi tunnuseid.  Saadaval lihvitud pinnaviimistlusega.  Et n\u00e4ha hinda, valige palun plaadi m\u00f5\u00f5tmed. Tasuta transport tellimustele \u00fcle 25 m2.","og_url":"https:\/\/saxbystone.com\/et\/toode\/oland\/","og_site_name":"Saxby Stone","article_modified_time":"2026-04-09T07:56:54+00:00","og_image":[{"width":1200,"height":900,"url":"https:\/\/saxbystone.com\/wp-content\/uploads\/2024\/10\/Oland-Limestone.jpg","type":"image\/jpeg"}],"twitter_card":"summary_large_image","twitter_misc":{"Est. reading time":"1 minut"},"schema":{"@context":"https:\/\/schema.org","@graph":[{"@type":"WebPage","@id":"https:\/\/saxbystone.com\/et\/toode\/oland\/","url":"https:\/\/saxbystone.com\/et\/toode\/oland\/","name":"\u00d6land Grey G1S paekivi - Saxby Stone","isPartOf":{"@id":"https:\/\/saxbystone.com\/et\/#website"},"primaryImageOfPage":{"@id":"https:\/\/saxbystone.com\/et\/toode\/oland\/#primaryimage"},"image":{"@id":"https:\/\/saxbystone.com\/et\/toode\/oland\/#primaryimage"},"thumbnailUrl":"https:\/\/saxbystone.com\/wp-content\/uploads\/2024\/10\/Oland-Limestone.jpg","datePublished":"2024-10-25T13:16:34+00:00","dateModified":"2026-04-09T07:56:54+00:00","breadcrumb":{"@id":"https:\/\/saxbystone.com\/et\/toode\/oland\/#breadcrumb"},"inLanguage":"et","potentialAction":[{"@type":"ReadAction","target":["https:\/\/saxbystone.com\/et\/toode\/oland\/"]}]},{"@type":"ImageObject","inLanguage":"et","@id":"https:\/\/saxbystone.com\/et\/toode\/oland\/#primaryimage","url":"https:\/\/saxbystone.com\/wp-content\/uploads\/2024\/10\/Oland-Limestone.jpg","contentUrl":"https:\/\/saxbystone.com\/wp-content\/uploads\/2024\/10\/Oland-Limestone.jpg","width":1200,"height":900},{"@type":"BreadcrumbList","@id":"https:\/\/saxbystone.com\/et\/toode\/oland\/#breadcrumb","itemListElement":[{"@type":"ListItem","position":1,"name":"Home","item":"https:\/\/saxbystone.com\/et\/"},{"@type":"ListItem","position":2,"name":"Meie tooted","item":"https:\/\/saxbystone.com\/et\/meie-tooted\/"},{"@type":"ListItem","position":3,"name":"\u00d6land Grey G1S paekivi"}]},{"@type":"WebSite","@id":"https:\/\/saxbystone.com\/et\/#website","url":"https:\/\/saxbystone.com\/et\/","name":"Saxby Stone","description":"Natural stone tiles","publisher":{"@id":"https:\/\/saxbystone.com\/et\/#organization"},"potentialAction":[{"@type":"SearchAction","target":{"@type":"EntryPoint","urlTemplate":"https:\/\/saxbystone.com\/et\/?s={search_term_string}"},"query-input":{"@type":"PropertyValueSpecification","valueRequired":true,"valueName":"search_term_string"}}],"inLanguage":"et"},{"@type":"Organization","@id":"https:\/\/saxbystone.com\/et\/#organization","name":"Saxby Stone","url":"https:\/\/saxbystone.com\/et\/","logo":{"@type":"ImageObject","inLanguage":"et","@id":"https:\/\/saxbystone.com\/et\/#\/schema\/logo\/image\/","url":"https:\/\/saxbystone.com\/wp-content\/uploads\/2024\/09\/cropped-Saxby-Stone-logo-official-1st.png","contentUrl":"https:\/\/saxbystone.com\/wp-content\/uploads\/2024\/09\/cropped-Saxby-Stone-logo-official-1st.png","width":512,"height":512,"caption":"Saxby Stone"},"image":{"@id":"https:\/\/saxbystone.com\/et\/#\/schema\/logo\/image\/"},"sameAs":["https:\/\/www.instagram.com\/saxbystone\/"]}]}},"_links":{"self":[{"href":"https:\/\/saxbystone.com\/et\/wp-json\/wp\/v2\/product\/4461","targetHints":{"allow":["GET"]}}],"collection":[{"href":"https:\/\/saxbystone.com\/et\/wp-json\/wp\/v2\/product"}],"about":[{"href":"https:\/\/saxbystone.com\/et\/wp-json\/wp\/v2\/types\/product"}],"wp:featuredmedia":[{"embeddable":true,"href":"https:\/\/saxbystone.com\/et\/wp-json\/wp\/v2\/media\/4462"}],"wp:attachment":[{"href":"https:\/\/saxbystone.com\/et\/wp-json\/wp\/v2\/media?parent=4461"}],"wp:term":[{"taxonomy":"product_brand","embeddable":true,"href":"https:\/\/saxbystone.com\/et\/wp-json\/wp\/v2\/product_brand?post=4461"},{"taxonomy":"product_cat","embeddable":true,"href":"https:\/\/saxbystone.com\/et\/wp-json\/wp\/v2\/product_cat?post=4461"},{"taxonomy":"product_tag","embeddable":true,"href":"https:\/\/saxbystone.com\/et\/wp-json\/wp\/v2\/product_tag?post=4461"}],"curies":[{"name":"wp","href":"https:\/\/api.w.org\/{rel}","templated":true}]}}