{"id":4455,"date":"2024-10-25T16:08:19","date_gmt":"2024-10-25T13:08:19","guid":{"rendered":"https:\/\/saxbystone.com\/product\/jamtlands-grey-paekivi\/"},"modified":"2025-11-28T11:13:16","modified_gmt":"2025-11-28T09:13:16","slug":"jamtlands-grey","status":"publish","type":"product","link":"https:\/\/saxbystone.com\/et\/toode\/jamtlands-grey\/","title":{"rendered":"J\u00e4mtland Grey paekivi"},"content":{"rendered":"","protected":false},"excerpt":{"rendered":"<p><span style=\"font-weight: 400;\">Rootsi rahvuslik lemmik, <\/span><span style=\"font-weight: 400;\">J\u00e4mtland Grey<\/span><span style=\"font-weight: 400;\"> paekivi, kaevandatakse \u00d6stersundi ja Brunflo m\u00e4gedest, kus see moodustus enam kui 465 miljonit aastat tagasi. Seda peetakse nii Euroopa vanimaks kui <\/span><span style=\"font-weight: 400;\">ka \u00fcheks k\u00f5vemaks <\/span><span style=\"font-weight: 400;\">paekiviks. <\/span><\/p>\n<p><span style=\"font-weight: 400;\">Arhitektid valivad\u00a0 <\/span><span style=\"font-weight: 400;\">J\u00e4mtland Grey <\/span><span style=\"font-weight: 400;\">paekivi, kui nende kliendid otsivad atraktiivset ja vastupidavat materjali, mis on \u00fchtlasi ka Rootsi rahvusliku identiteedi s\u00fcmbol.<\/span><\/p>\n<p><span style=\"font-weight: 400;\">Olgu see siis advokaadib\u00fcroo Stockholmi kesklinnas v\u00f5i suvemaja saarel, <\/span><span style=\"font-weight: 400;\">J\u00e4mtland Grey<\/span><span style=\"font-weight: 400;\"> paekivi lisab peenetundelist kvaliteeti ja usaldusv\u00e4\u00e4rsust<\/span><span style=\"font-weight: 400;\"> igasse P\u00f5hjamaa piirkonda.<\/span><\/p>\n<p><span style=\"font-weight: 400;\">Saadaval lihvitud pinnaviimistlusega.<\/span><\/p>\n<p><em>Et n\u00e4ha hinda, valige palun plaadi m\u00f5\u00f5tmed. Tasuta transport tellimustele \u00fcle 25 m<sup>2<\/sup>.<\/em><\/p>\n","protected":false},"featured_media":4456,"template":"","meta":{"_acf_changed":false},"product_brand":[],"product_cat":[232,231,229,247,233],"product_tag":[],"class_list":{"0":"post-4455","1":"product","2":"type-product","3":"status-publish","4":"has-post-thumbnail","6":"product_cat-koik-tooted","7":"product_cat-poranda-ja-seinaplaadid","8":"product_cat-toopinnad-aknalauad","9":"product_cat-sillutiskivi","10":"product_cat-aripinnad","12":"first","13":"instock","14":"shipping-taxable","15":"purchasable","16":"product-type-variable","17":"add-to-wishlist-after_add_to_cart"},"acf":[],"yoast_head":"<!-- This site is optimized with the Yoast SEO plugin v26.4 - https:\/\/yoast.com\/wordpress\/plugins\/seo\/ -->\n<title>J\u00e4mtland Grey paekivi - Saxby Stone<\/title>\n<meta name=\"robots\" content=\"index, follow, max-snippet:-1, max-image-preview:large, max-video-preview:-1\" \/>\n<link rel=\"canonical\" href=\"https:\/\/saxbystone.com\/et\/toode\/jamtlands-grey\/\" \/>\n<meta property=\"og:locale\" content=\"et_EE\" \/>\n<meta property=\"og:type\" content=\"article\" \/>\n<meta property=\"og:title\" content=\"J\u00e4mtland Grey paekivi - Saxby Stone\" \/>\n<meta property=\"og:description\" content=\"Rootsi rahvuslik lemmik, J\u00e4mtland Grey paekivi, kaevandatakse \u00d6stersundi ja Brunflo m\u00e4gedest, kus see moodustus enam kui 465 miljonit aastat tagasi. Seda peetakse nii Euroopa vanimaks kui ka \u00fcheks k\u00f5vemaks paekiviks.   Arhitektid valivad\u00a0 J\u00e4mtland Grey paekivi, kui nende kliendid otsivad atraktiivset ja vastupidavat materjali, mis on \u00fchtlasi ka Rootsi rahvusliku identiteedi s\u00fcmbol.  Olgu see siis advokaadib\u00fcroo Stockholmi kesklinnas v\u00f5i suvemaja saarel, J\u00e4mtland Grey paekivi lisab peenetundelist kvaliteeti ja usaldusv\u00e4\u00e4rsust igasse P\u00f5hjamaa piirkonda.  Saadaval lihvitud pinnaviimistlusega.  Et n\u00e4ha hinda, valige palun plaadi m\u00f5\u00f5tmed. Tasuta transport tellimustele \u00fcle 25 m2.\" \/>\n<meta property=\"og:url\" content=\"https:\/\/saxbystone.com\/et\/toode\/jamtlands-grey\/\" \/>\n<meta property=\"og:site_name\" content=\"Saxby Stone\" \/>\n<meta property=\"article:modified_time\" content=\"2025-11-28T09:13:16+00:00\" \/>\n<meta property=\"og:image\" content=\"https:\/\/saxbystone.com\/wp-content\/uploads\/2024\/10\/Jamtlands-Grey-Mannheimer-Swartling-office.jpg\" \/>\n\t<meta property=\"og:image:width\" content=\"2048\" \/>\n\t<meta property=\"og:image:height\" content=\"1536\" \/>\n\t<meta property=\"og:image:type\" content=\"image\/jpeg\" \/>\n<meta name=\"twitter:card\" content=\"summary_large_image\" \/>\n<meta name=\"twitter:label1\" content=\"Est. reading time\" \/>\n\t<meta name=\"twitter:data1\" content=\"1 minut\" \/>\n<script type=\"application\/ld+json\" class=\"yoast-schema-graph\">{\"@context\":\"https:\/\/schema.org\",\"@graph\":[{\"@type\":\"WebPage\",\"@id\":\"https:\/\/saxbystone.com\/et\/toode\/jamtlands-grey\/\",\"url\":\"https:\/\/saxbystone.com\/et\/toode\/jamtlands-grey\/\",\"name\":\"J\u00e4mtland Grey paekivi - Saxby Stone\",\"isPartOf\":{\"@id\":\"https:\/\/saxbystone.com\/et\/#website\"},\"primaryImageOfPage\":{\"@id\":\"https:\/\/saxbystone.com\/et\/toode\/jamtlands-grey\/#primaryimage\"},\"image\":{\"@id\":\"https:\/\/saxbystone.com\/et\/toode\/jamtlands-grey\/#primaryimage\"},\"thumbnailUrl\":\"https:\/\/saxbystone.com\/wp-content\/uploads\/2024\/10\/Jamtlands-Grey-Mannheimer-Swartling-office.jpg\",\"datePublished\":\"2024-10-25T13:08:19+00:00\",\"dateModified\":\"2025-11-28T09:13:16+00:00\",\"breadcrumb\":{\"@id\":\"https:\/\/saxbystone.com\/et\/toode\/jamtlands-grey\/#breadcrumb\"},\"inLanguage\":\"et\",\"potentialAction\":[{\"@type\":\"ReadAction\",\"target\":[\"https:\/\/saxbystone.com\/et\/toode\/jamtlands-grey\/\"]}]},{\"@type\":\"ImageObject\",\"inLanguage\":\"et\",\"@id\":\"https:\/\/saxbystone.com\/et\/toode\/jamtlands-grey\/#primaryimage\",\"url\":\"https:\/\/saxbystone.com\/wp-content\/uploads\/2024\/10\/Jamtlands-Grey-Mannheimer-Swartling-office.jpg\",\"contentUrl\":\"https:\/\/saxbystone.com\/wp-content\/uploads\/2024\/10\/Jamtlands-Grey-Mannheimer-Swartling-office.jpg\",\"width\":2048,\"height\":1536},{\"@type\":\"BreadcrumbList\",\"@id\":\"https:\/\/saxbystone.com\/et\/toode\/jamtlands-grey\/#breadcrumb\",\"itemListElement\":[{\"@type\":\"ListItem\",\"position\":1,\"name\":\"Home\",\"item\":\"https:\/\/saxbystone.com\/et\/\"},{\"@type\":\"ListItem\",\"position\":2,\"name\":\"Meie tooted\",\"item\":\"https:\/\/saxbystone.com\/et\/meie-tooted\/\"},{\"@type\":\"ListItem\",\"position\":3,\"name\":\"J\u00e4mtland Grey paekivi\"}]},{\"@type\":\"WebSite\",\"@id\":\"https:\/\/saxbystone.com\/et\/#website\",\"url\":\"https:\/\/saxbystone.com\/et\/\",\"name\":\"Saxby Stone\",\"description\":\"Natural stone tiles\",\"publisher\":{\"@id\":\"https:\/\/saxbystone.com\/et\/#organization\"},\"potentialAction\":[{\"@type\":\"SearchAction\",\"target\":{\"@type\":\"EntryPoint\",\"urlTemplate\":\"https:\/\/saxbystone.com\/et\/?s={search_term_string}\"},\"query-input\":{\"@type\":\"PropertyValueSpecification\",\"valueRequired\":true,\"valueName\":\"search_term_string\"}}],\"inLanguage\":\"et\"},{\"@type\":\"Organization\",\"@id\":\"https:\/\/saxbystone.com\/et\/#organization\",\"name\":\"Saxby Stone\",\"url\":\"https:\/\/saxbystone.com\/et\/\",\"logo\":{\"@type\":\"ImageObject\",\"inLanguage\":\"et\",\"@id\":\"https:\/\/saxbystone.com\/et\/#\/schema\/logo\/image\/\",\"url\":\"https:\/\/saxbystone.com\/wp-content\/uploads\/2024\/09\/cropped-Saxby-Stone-logo-official-1st.png\",\"contentUrl\":\"https:\/\/saxbystone.com\/wp-content\/uploads\/2024\/09\/cropped-Saxby-Stone-logo-official-1st.png\",\"width\":512,\"height\":512,\"caption\":\"Saxby Stone\"},\"image\":{\"@id\":\"https:\/\/saxbystone.com\/et\/#\/schema\/logo\/image\/\"},\"sameAs\":[\"https:\/\/www.instagram.com\/saxbystone\/\"]}]}<\/script>\n<!-- \/ Yoast SEO plugin. -->","yoast_head_json":{"title":"J\u00e4mtland Grey paekivi - Saxby Stone","robots":{"index":"index","follow":"follow","max-snippet":"max-snippet:-1","max-image-preview":"max-image-preview:large","max-video-preview":"max-video-preview:-1"},"canonical":"https:\/\/saxbystone.com\/et\/toode\/jamtlands-grey\/","og_locale":"et_EE","og_type":"article","og_title":"J\u00e4mtland Grey paekivi - Saxby Stone","og_description":"Rootsi rahvuslik lemmik, J\u00e4mtland Grey paekivi, kaevandatakse \u00d6stersundi ja Brunflo m\u00e4gedest, kus see moodustus enam kui 465 miljonit aastat tagasi. Seda peetakse nii Euroopa vanimaks kui ka \u00fcheks k\u00f5vemaks paekiviks.   Arhitektid valivad\u00a0 J\u00e4mtland Grey paekivi, kui nende kliendid otsivad atraktiivset ja vastupidavat materjali, mis on \u00fchtlasi ka Rootsi rahvusliku identiteedi s\u00fcmbol.  Olgu see siis advokaadib\u00fcroo Stockholmi kesklinnas v\u00f5i suvemaja saarel, J\u00e4mtland Grey paekivi lisab peenetundelist kvaliteeti ja usaldusv\u00e4\u00e4rsust igasse P\u00f5hjamaa piirkonda.  Saadaval lihvitud pinnaviimistlusega.  Et n\u00e4ha hinda, valige palun plaadi m\u00f5\u00f5tmed. Tasuta transport tellimustele \u00fcle 25 m2.","og_url":"https:\/\/saxbystone.com\/et\/toode\/jamtlands-grey\/","og_site_name":"Saxby Stone","article_modified_time":"2025-11-28T09:13:16+00:00","og_image":[{"width":2048,"height":1536,"url":"https:\/\/saxbystone.com\/wp-content\/uploads\/2024\/10\/Jamtlands-Grey-Mannheimer-Swartling-office.jpg","type":"image\/jpeg"}],"twitter_card":"summary_large_image","twitter_misc":{"Est. reading time":"1 minut"},"schema":{"@context":"https:\/\/schema.org","@graph":[{"@type":"WebPage","@id":"https:\/\/saxbystone.com\/et\/toode\/jamtlands-grey\/","url":"https:\/\/saxbystone.com\/et\/toode\/jamtlands-grey\/","name":"J\u00e4mtland Grey paekivi - Saxby Stone","isPartOf":{"@id":"https:\/\/saxbystone.com\/et\/#website"},"primaryImageOfPage":{"@id":"https:\/\/saxbystone.com\/et\/toode\/jamtlands-grey\/#primaryimage"},"image":{"@id":"https:\/\/saxbystone.com\/et\/toode\/jamtlands-grey\/#primaryimage"},"thumbnailUrl":"https:\/\/saxbystone.com\/wp-content\/uploads\/2024\/10\/Jamtlands-Grey-Mannheimer-Swartling-office.jpg","datePublished":"2024-10-25T13:08:19+00:00","dateModified":"2025-11-28T09:13:16+00:00","breadcrumb":{"@id":"https:\/\/saxbystone.com\/et\/toode\/jamtlands-grey\/#breadcrumb"},"inLanguage":"et","potentialAction":[{"@type":"ReadAction","target":["https:\/\/saxbystone.com\/et\/toode\/jamtlands-grey\/"]}]},{"@type":"ImageObject","inLanguage":"et","@id":"https:\/\/saxbystone.com\/et\/toode\/jamtlands-grey\/#primaryimage","url":"https:\/\/saxbystone.com\/wp-content\/uploads\/2024\/10\/Jamtlands-Grey-Mannheimer-Swartling-office.jpg","contentUrl":"https:\/\/saxbystone.com\/wp-content\/uploads\/2024\/10\/Jamtlands-Grey-Mannheimer-Swartling-office.jpg","width":2048,"height":1536},{"@type":"BreadcrumbList","@id":"https:\/\/saxbystone.com\/et\/toode\/jamtlands-grey\/#breadcrumb","itemListElement":[{"@type":"ListItem","position":1,"name":"Home","item":"https:\/\/saxbystone.com\/et\/"},{"@type":"ListItem","position":2,"name":"Meie tooted","item":"https:\/\/saxbystone.com\/et\/meie-tooted\/"},{"@type":"ListItem","position":3,"name":"J\u00e4mtland Grey paekivi"}]},{"@type":"WebSite","@id":"https:\/\/saxbystone.com\/et\/#website","url":"https:\/\/saxbystone.com\/et\/","name":"Saxby Stone","description":"Natural stone tiles","publisher":{"@id":"https:\/\/saxbystone.com\/et\/#organization"},"potentialAction":[{"@type":"SearchAction","target":{"@type":"EntryPoint","urlTemplate":"https:\/\/saxbystone.com\/et\/?s={search_term_string}"},"query-input":{"@type":"PropertyValueSpecification","valueRequired":true,"valueName":"search_term_string"}}],"inLanguage":"et"},{"@type":"Organization","@id":"https:\/\/saxbystone.com\/et\/#organization","name":"Saxby Stone","url":"https:\/\/saxbystone.com\/et\/","logo":{"@type":"ImageObject","inLanguage":"et","@id":"https:\/\/saxbystone.com\/et\/#\/schema\/logo\/image\/","url":"https:\/\/saxbystone.com\/wp-content\/uploads\/2024\/09\/cropped-Saxby-Stone-logo-official-1st.png","contentUrl":"https:\/\/saxbystone.com\/wp-content\/uploads\/2024\/09\/cropped-Saxby-Stone-logo-official-1st.png","width":512,"height":512,"caption":"Saxby Stone"},"image":{"@id":"https:\/\/saxbystone.com\/et\/#\/schema\/logo\/image\/"},"sameAs":["https:\/\/www.instagram.com\/saxbystone\/"]}]}},"_links":{"self":[{"href":"https:\/\/saxbystone.com\/et\/wp-json\/wp\/v2\/product\/4455","targetHints":{"allow":["GET"]}}],"collection":[{"href":"https:\/\/saxbystone.com\/et\/wp-json\/wp\/v2\/product"}],"about":[{"href":"https:\/\/saxbystone.com\/et\/wp-json\/wp\/v2\/types\/product"}],"wp:featuredmedia":[{"embeddable":true,"href":"https:\/\/saxbystone.com\/et\/wp-json\/wp\/v2\/media\/4456"}],"wp:attachment":[{"href":"https:\/\/saxbystone.com\/et\/wp-json\/wp\/v2\/media?parent=4455"}],"wp:term":[{"taxonomy":"product_brand","embeddable":true,"href":"https:\/\/saxbystone.com\/et\/wp-json\/wp\/v2\/product_brand?post=4455"},{"taxonomy":"product_cat","embeddable":true,"href":"https:\/\/saxbystone.com\/et\/wp-json\/wp\/v2\/product_cat?post=4455"},{"taxonomy":"product_tag","embeddable":true,"href":"https:\/\/saxbystone.com\/et\/wp-json\/wp\/v2\/product_tag?post=4455"}],"curies":[{"name":"wp","href":"https:\/\/api.w.org\/{rel}","templated":true}]}}