{"id":4435,"date":"2024-10-25T15:31:57","date_gmt":"2024-10-25T12:31:57","guid":{"rendered":"https:\/\/saxbystone.com\/product\/moleanos-blue-paekivi\/"},"modified":"2026-04-09T08:26:22","modified_gmt":"2026-04-09T05:26:22","slug":"moleanos-blue","status":"publish","type":"product","link":"https:\/\/saxbystone.com\/et\/toode\/moleanos-blue\/","title":{"rendered":"Moleanos Blue paekivi"},"content":{"rendered":"","protected":false},"excerpt":{"rendered":"<p><span style=\"font-weight: 400;\">Moleanos Blue paekivi helehallid ja sinakad toonid on P\u00f5hjamaade piirkonna arhitektide ja sisekujundajate lemmikud, kes soovivad luua moodsat ja minimalistlikku stiili.<\/span> <span style=\"font-weight: 400;\">Sellele paekivile lisavad oluliselt karakterit juurde merekarpide fossiilid ning kivi on laialdaselt kasutusel p\u00f5randaplaatide ja aknalaudadena. <\/span><span style=\"font-weight: 400;\">Sobib ideaalselt kaasaegsetesse villadesse ja ka korteritesse t\u00e4nu oma sirgele, l\u00f5igatud servaga viimistlusele.<\/span><\/p>\n<p><span style=\"font-weight: 400;\">T\u00e4nu selle lubjakivi tugevusele ja vastupidavusele ei n\u00e4ita Moleanos Blue paekivi <\/span><span style=\"font-weight: 400;\">vananemise ega \u00fcldise kulumise m\u00e4rke isegi p\u00e4rast aastatepikkust kasutamist.<\/span><\/p>\n<p><span style=\"font-weight: 400;\">Saadaval lihvitud ja harjatud pinnaviimistlusega.<\/span><\/p>\n<p><em>Et n\u00e4ha hinda, valige palun plaadi m\u00f5\u00f5tmed. Tasuta transport tellimustele \u00fcle 25 m<sup>2<\/sup>.<\/em><\/p>\n","protected":false},"featured_media":4436,"template":"","meta":{"_acf_changed":false},"product_brand":[],"product_cat":[232,231,229],"product_tag":[],"class_list":{"0":"post-4435","1":"product","2":"type-product","3":"status-publish","4":"has-post-thumbnail","6":"product_cat-koik-tooted","7":"product_cat-poranda-ja-seinaplaadid","8":"product_cat-toopinnad-aknalauad","10":"first","11":"instock","12":"shipping-taxable","13":"purchasable","14":"product-type-variable","15":"add-to-wishlist-after_add_to_cart"},"acf":[],"yoast_head":"<!-- This site is optimized with the Yoast SEO plugin v26.4 - https:\/\/yoast.com\/wordpress\/plugins\/seo\/ -->\n<title>Moleanos Blue paekivi - Saxby Stone<\/title>\n<meta name=\"robots\" content=\"index, follow, max-snippet:-1, max-image-preview:large, max-video-preview:-1\" \/>\n<link rel=\"canonical\" href=\"https:\/\/saxbystone.com\/et\/toode\/moleanos-blue\/\" \/>\n<meta property=\"og:locale\" content=\"et_EE\" \/>\n<meta property=\"og:type\" content=\"article\" \/>\n<meta property=\"og:title\" content=\"Moleanos Blue paekivi - Saxby Stone\" \/>\n<meta property=\"og:description\" content=\"Moleanos Blue paekivi helehallid ja sinakad toonid on P\u00f5hjamaade piirkonna arhitektide ja sisekujundajate lemmikud, kes soovivad luua moodsat ja minimalistlikku stiili. Sellele paekivile lisavad oluliselt karakterit juurde merekarpide fossiilid ning kivi on laialdaselt kasutusel p\u00f5randaplaatide ja aknalaudadena. Sobib ideaalselt kaasaegsetesse villadesse ja ka korteritesse t\u00e4nu oma sirgele, l\u00f5igatud servaga viimistlusele.  T\u00e4nu selle lubjakivi tugevusele ja vastupidavusele ei n\u00e4ita Moleanos Blue paekivi vananemise ega \u00fcldise kulumise m\u00e4rke isegi p\u00e4rast aastatepikkust kasutamist.  Saadaval lihvitud ja harjatud pinnaviimistlusega.  Et n\u00e4ha hinda, valige palun plaadi m\u00f5\u00f5tmed. Tasuta transport tellimustele \u00fcle 25 m2.\" \/>\n<meta property=\"og:url\" content=\"https:\/\/saxbystone.com\/et\/toode\/moleanos-blue\/\" \/>\n<meta property=\"og:site_name\" content=\"Saxby Stone\" \/>\n<meta property=\"article:modified_time\" content=\"2026-04-09T05:26:22+00:00\" \/>\n<meta property=\"og:image\" content=\"https:\/\/saxbystone.com\/wp-content\/uploads\/2024\/10\/Moleanos-Blue-Limestone.jpg\" \/>\n\t<meta property=\"og:image:width\" content=\"900\" \/>\n\t<meta property=\"og:image:height\" content=\"600\" \/>\n\t<meta property=\"og:image:type\" content=\"image\/jpeg\" \/>\n<meta name=\"twitter:card\" content=\"summary_large_image\" \/>\n<meta name=\"twitter:label1\" content=\"Est. reading time\" \/>\n\t<meta name=\"twitter:data1\" content=\"1 minut\" \/>\n<script type=\"application\/ld+json\" class=\"yoast-schema-graph\">{\"@context\":\"https:\/\/schema.org\",\"@graph\":[{\"@type\":\"WebPage\",\"@id\":\"https:\/\/saxbystone.com\/et\/toode\/moleanos-blue\/\",\"url\":\"https:\/\/saxbystone.com\/et\/toode\/moleanos-blue\/\",\"name\":\"Moleanos Blue paekivi - Saxby Stone\",\"isPartOf\":{\"@id\":\"https:\/\/saxbystone.com\/et\/#website\"},\"primaryImageOfPage\":{\"@id\":\"https:\/\/saxbystone.com\/et\/toode\/moleanos-blue\/#primaryimage\"},\"image\":{\"@id\":\"https:\/\/saxbystone.com\/et\/toode\/moleanos-blue\/#primaryimage\"},\"thumbnailUrl\":\"https:\/\/saxbystone.com\/wp-content\/uploads\/2024\/10\/Moleanos-Blue-Limestone.jpg\",\"datePublished\":\"2024-10-25T12:31:57+00:00\",\"dateModified\":\"2026-04-09T05:26:22+00:00\",\"breadcrumb\":{\"@id\":\"https:\/\/saxbystone.com\/et\/toode\/moleanos-blue\/#breadcrumb\"},\"inLanguage\":\"et\",\"potentialAction\":[{\"@type\":\"ReadAction\",\"target\":[\"https:\/\/saxbystone.com\/et\/toode\/moleanos-blue\/\"]}]},{\"@type\":\"ImageObject\",\"inLanguage\":\"et\",\"@id\":\"https:\/\/saxbystone.com\/et\/toode\/moleanos-blue\/#primaryimage\",\"url\":\"https:\/\/saxbystone.com\/wp-content\/uploads\/2024\/10\/Moleanos-Blue-Limestone.jpg\",\"contentUrl\":\"https:\/\/saxbystone.com\/wp-content\/uploads\/2024\/10\/Moleanos-Blue-Limestone.jpg\",\"width\":900,\"height\":600},{\"@type\":\"BreadcrumbList\",\"@id\":\"https:\/\/saxbystone.com\/et\/toode\/moleanos-blue\/#breadcrumb\",\"itemListElement\":[{\"@type\":\"ListItem\",\"position\":1,\"name\":\"Home\",\"item\":\"https:\/\/saxbystone.com\/et\/\"},{\"@type\":\"ListItem\",\"position\":2,\"name\":\"Meie tooted\",\"item\":\"https:\/\/saxbystone.com\/et\/meie-tooted\/\"},{\"@type\":\"ListItem\",\"position\":3,\"name\":\"Moleanos Blue paekivi\"}]},{\"@type\":\"WebSite\",\"@id\":\"https:\/\/saxbystone.com\/et\/#website\",\"url\":\"https:\/\/saxbystone.com\/et\/\",\"name\":\"Saxby Stone\",\"description\":\"Natural stone tiles\",\"publisher\":{\"@id\":\"https:\/\/saxbystone.com\/et\/#organization\"},\"potentialAction\":[{\"@type\":\"SearchAction\",\"target\":{\"@type\":\"EntryPoint\",\"urlTemplate\":\"https:\/\/saxbystone.com\/et\/?s={search_term_string}\"},\"query-input\":{\"@type\":\"PropertyValueSpecification\",\"valueRequired\":true,\"valueName\":\"search_term_string\"}}],\"inLanguage\":\"et\"},{\"@type\":\"Organization\",\"@id\":\"https:\/\/saxbystone.com\/et\/#organization\",\"name\":\"Saxby Stone\",\"url\":\"https:\/\/saxbystone.com\/et\/\",\"logo\":{\"@type\":\"ImageObject\",\"inLanguage\":\"et\",\"@id\":\"https:\/\/saxbystone.com\/et\/#\/schema\/logo\/image\/\",\"url\":\"https:\/\/saxbystone.com\/wp-content\/uploads\/2024\/09\/cropped-Saxby-Stone-logo-official-1st.png\",\"contentUrl\":\"https:\/\/saxbystone.com\/wp-content\/uploads\/2024\/09\/cropped-Saxby-Stone-logo-official-1st.png\",\"width\":512,\"height\":512,\"caption\":\"Saxby Stone\"},\"image\":{\"@id\":\"https:\/\/saxbystone.com\/et\/#\/schema\/logo\/image\/\"},\"sameAs\":[\"https:\/\/www.instagram.com\/saxbystone\/\"]}]}<\/script>\n<!-- \/ Yoast SEO plugin. -->","yoast_head_json":{"title":"Moleanos Blue paekivi - Saxby Stone","robots":{"index":"index","follow":"follow","max-snippet":"max-snippet:-1","max-image-preview":"max-image-preview:large","max-video-preview":"max-video-preview:-1"},"canonical":"https:\/\/saxbystone.com\/et\/toode\/moleanos-blue\/","og_locale":"et_EE","og_type":"article","og_title":"Moleanos Blue paekivi - Saxby Stone","og_description":"Moleanos Blue paekivi helehallid ja sinakad toonid on P\u00f5hjamaade piirkonna arhitektide ja sisekujundajate lemmikud, kes soovivad luua moodsat ja minimalistlikku stiili. Sellele paekivile lisavad oluliselt karakterit juurde merekarpide fossiilid ning kivi on laialdaselt kasutusel p\u00f5randaplaatide ja aknalaudadena. Sobib ideaalselt kaasaegsetesse villadesse ja ka korteritesse t\u00e4nu oma sirgele, l\u00f5igatud servaga viimistlusele.  T\u00e4nu selle lubjakivi tugevusele ja vastupidavusele ei n\u00e4ita Moleanos Blue paekivi vananemise ega \u00fcldise kulumise m\u00e4rke isegi p\u00e4rast aastatepikkust kasutamist.  Saadaval lihvitud ja harjatud pinnaviimistlusega.  Et n\u00e4ha hinda, valige palun plaadi m\u00f5\u00f5tmed. Tasuta transport tellimustele \u00fcle 25 m2.","og_url":"https:\/\/saxbystone.com\/et\/toode\/moleanos-blue\/","og_site_name":"Saxby Stone","article_modified_time":"2026-04-09T05:26:22+00:00","og_image":[{"width":900,"height":600,"url":"https:\/\/saxbystone.com\/wp-content\/uploads\/2024\/10\/Moleanos-Blue-Limestone.jpg","type":"image\/jpeg"}],"twitter_card":"summary_large_image","twitter_misc":{"Est. reading time":"1 minut"},"schema":{"@context":"https:\/\/schema.org","@graph":[{"@type":"WebPage","@id":"https:\/\/saxbystone.com\/et\/toode\/moleanos-blue\/","url":"https:\/\/saxbystone.com\/et\/toode\/moleanos-blue\/","name":"Moleanos Blue paekivi - Saxby Stone","isPartOf":{"@id":"https:\/\/saxbystone.com\/et\/#website"},"primaryImageOfPage":{"@id":"https:\/\/saxbystone.com\/et\/toode\/moleanos-blue\/#primaryimage"},"image":{"@id":"https:\/\/saxbystone.com\/et\/toode\/moleanos-blue\/#primaryimage"},"thumbnailUrl":"https:\/\/saxbystone.com\/wp-content\/uploads\/2024\/10\/Moleanos-Blue-Limestone.jpg","datePublished":"2024-10-25T12:31:57+00:00","dateModified":"2026-04-09T05:26:22+00:00","breadcrumb":{"@id":"https:\/\/saxbystone.com\/et\/toode\/moleanos-blue\/#breadcrumb"},"inLanguage":"et","potentialAction":[{"@type":"ReadAction","target":["https:\/\/saxbystone.com\/et\/toode\/moleanos-blue\/"]}]},{"@type":"ImageObject","inLanguage":"et","@id":"https:\/\/saxbystone.com\/et\/toode\/moleanos-blue\/#primaryimage","url":"https:\/\/saxbystone.com\/wp-content\/uploads\/2024\/10\/Moleanos-Blue-Limestone.jpg","contentUrl":"https:\/\/saxbystone.com\/wp-content\/uploads\/2024\/10\/Moleanos-Blue-Limestone.jpg","width":900,"height":600},{"@type":"BreadcrumbList","@id":"https:\/\/saxbystone.com\/et\/toode\/moleanos-blue\/#breadcrumb","itemListElement":[{"@type":"ListItem","position":1,"name":"Home","item":"https:\/\/saxbystone.com\/et\/"},{"@type":"ListItem","position":2,"name":"Meie tooted","item":"https:\/\/saxbystone.com\/et\/meie-tooted\/"},{"@type":"ListItem","position":3,"name":"Moleanos Blue paekivi"}]},{"@type":"WebSite","@id":"https:\/\/saxbystone.com\/et\/#website","url":"https:\/\/saxbystone.com\/et\/","name":"Saxby Stone","description":"Natural stone tiles","publisher":{"@id":"https:\/\/saxbystone.com\/et\/#organization"},"potentialAction":[{"@type":"SearchAction","target":{"@type":"EntryPoint","urlTemplate":"https:\/\/saxbystone.com\/et\/?s={search_term_string}"},"query-input":{"@type":"PropertyValueSpecification","valueRequired":true,"valueName":"search_term_string"}}],"inLanguage":"et"},{"@type":"Organization","@id":"https:\/\/saxbystone.com\/et\/#organization","name":"Saxby Stone","url":"https:\/\/saxbystone.com\/et\/","logo":{"@type":"ImageObject","inLanguage":"et","@id":"https:\/\/saxbystone.com\/et\/#\/schema\/logo\/image\/","url":"https:\/\/saxbystone.com\/wp-content\/uploads\/2024\/09\/cropped-Saxby-Stone-logo-official-1st.png","contentUrl":"https:\/\/saxbystone.com\/wp-content\/uploads\/2024\/09\/cropped-Saxby-Stone-logo-official-1st.png","width":512,"height":512,"caption":"Saxby Stone"},"image":{"@id":"https:\/\/saxbystone.com\/et\/#\/schema\/logo\/image\/"},"sameAs":["https:\/\/www.instagram.com\/saxbystone\/"]}]}},"_links":{"self":[{"href":"https:\/\/saxbystone.com\/et\/wp-json\/wp\/v2\/product\/4435","targetHints":{"allow":["GET"]}}],"collection":[{"href":"https:\/\/saxbystone.com\/et\/wp-json\/wp\/v2\/product"}],"about":[{"href":"https:\/\/saxbystone.com\/et\/wp-json\/wp\/v2\/types\/product"}],"wp:featuredmedia":[{"embeddable":true,"href":"https:\/\/saxbystone.com\/et\/wp-json\/wp\/v2\/media\/4436"}],"wp:attachment":[{"href":"https:\/\/saxbystone.com\/et\/wp-json\/wp\/v2\/media?parent=4435"}],"wp:term":[{"taxonomy":"product_brand","embeddable":true,"href":"https:\/\/saxbystone.com\/et\/wp-json\/wp\/v2\/product_brand?post=4435"},{"taxonomy":"product_cat","embeddable":true,"href":"https:\/\/saxbystone.com\/et\/wp-json\/wp\/v2\/product_cat?post=4435"},{"taxonomy":"product_tag","embeddable":true,"href":"https:\/\/saxbystone.com\/et\/wp-json\/wp\/v2\/product_tag?post=4435"}],"curies":[{"name":"wp","href":"https:\/\/api.w.org\/{rel}","templated":true}]}}