{"id":4414,"date":"2024-10-25T14:38:49","date_gmt":"2024-10-25T11:38:49","guid":{"rendered":"https:\/\/saxbystone.com\/product\/visby-paekivi\/"},"modified":"2025-11-26T11:12:14","modified_gmt":"2025-11-26T09:12:14","slug":"visby","status":"publish","type":"product","link":"https:\/\/saxbystone.com\/et\/toode\/visby\/","title":{"rendered":"Visby paekivi"},"content":{"rendered":"","protected":false},"excerpt":{"rendered":"<p><span style=\"font-weight: 400;\">Ainus teadaolev Visby lubjakivimaardlatega karj\u00e4\u00e4r on p\u00e4rast pikki aastaid uuesti kasutusel. <\/span><span style=\"font-weight: 400;\">Ajal, mil Eesti kuulus Rootsi impeeriumi koosseisu (1561-1710), oli Visby paekivi ehituskivina populaarne nii Tallinnas, Tartus kui Riias ning teadaolevalt on Visby paekivi Skandinaavias turustatud esmakordselt.<\/span><\/p>\n<p><span style=\"font-weight: 400;\">See atraktiivne meekarva lubjakivi sobib kasutamiseks p\u00f5randa- <\/span><span style=\"font-weight: 400;\">ja seina<\/span><span style=\"font-weight: 400;\">plaatidena ning oma k\u00fclmakindluse t\u00f5ttu v\u00f5ib seda kasutada ka P\u00f5hjamaades elu- ja \u00e4rihoonete v\u00e4lifassaadi paneelidena.<\/span><\/p>\n<p><span style=\"font-weight: 400;\">Saadaval lihvitud ja harjatud pinnaviimistlusega.<\/span><\/p>\n<p><em>Et n\u00e4ha hinda, valige palun plaadi m\u00f5\u00f5tmed. Tasuta transport tellimustele \u00fcle 25 m<sup>2<\/sup>.<\/em><\/p>\n","protected":false},"featured_media":4415,"template":"","meta":{"_acf_changed":false},"product_brand":[],"product_cat":[232,231,230],"product_tag":[],"class_list":{"0":"post-4414","1":"product","2":"type-product","3":"status-publish","4":"has-post-thumbnail","6":"product_cat-koik-tooted","7":"product_cat-poranda-ja-seinaplaadid","8":"product_cat-fassaadikivi","10":"first","11":"instock","12":"shipping-taxable","13":"purchasable","14":"product-type-variable","15":"add-to-wishlist-after_add_to_cart"},"acf":[],"yoast_head":"<!-- This site is optimized with the Yoast SEO plugin v26.4 - https:\/\/yoast.com\/wordpress\/plugins\/seo\/ -->\n<title>Visby paekivi - Saxby Stone<\/title>\n<meta name=\"robots\" content=\"index, follow, max-snippet:-1, max-image-preview:large, max-video-preview:-1\" \/>\n<link rel=\"canonical\" href=\"https:\/\/saxbystone.com\/et\/toode\/visby\/\" \/>\n<meta property=\"og:locale\" content=\"et_EE\" \/>\n<meta property=\"og:type\" content=\"article\" \/>\n<meta property=\"og:title\" content=\"Visby paekivi - Saxby Stone\" \/>\n<meta property=\"og:description\" content=\"Ainus teadaolev Visby lubjakivimaardlatega karj\u00e4\u00e4r on p\u00e4rast pikki aastaid uuesti kasutusel. Ajal, mil Eesti kuulus Rootsi impeeriumi koosseisu (1561-1710), oli Visby paekivi ehituskivina populaarne nii Tallinnas, Tartus kui Riias ning teadaolevalt on Visby paekivi Skandinaavias turustatud esmakordselt.  See atraktiivne meekarva lubjakivi sobib kasutamiseks p\u00f5randa- ja seinaplaatidena ning oma k\u00fclmakindluse t\u00f5ttu v\u00f5ib seda kasutada ka P\u00f5hjamaades elu- ja \u00e4rihoonete v\u00e4lifassaadi paneelidena.  Saadaval lihvitud ja harjatud pinnaviimistlusega.  Et n\u00e4ha hinda, valige palun plaadi m\u00f5\u00f5tmed. Tasuta transport tellimustele \u00fcle 25 m2.\" \/>\n<meta property=\"og:url\" content=\"https:\/\/saxbystone.com\/et\/toode\/visby\/\" \/>\n<meta property=\"og:site_name\" content=\"Saxby Stone\" \/>\n<meta property=\"article:modified_time\" content=\"2025-11-26T09:12:14+00:00\" \/>\n<meta property=\"og:image\" content=\"https:\/\/saxbystone.com\/wp-content\/uploads\/2024\/10\/Visby-limestone.jpeg\" \/>\n\t<meta property=\"og:image:width\" content=\"1200\" \/>\n\t<meta property=\"og:image:height\" content=\"900\" \/>\n\t<meta property=\"og:image:type\" content=\"image\/jpeg\" \/>\n<meta name=\"twitter:card\" content=\"summary_large_image\" \/>\n<meta name=\"twitter:label1\" content=\"Est. reading time\" \/>\n\t<meta name=\"twitter:data1\" content=\"1 minut\" \/>\n<script type=\"application\/ld+json\" class=\"yoast-schema-graph\">{\"@context\":\"https:\/\/schema.org\",\"@graph\":[{\"@type\":\"WebPage\",\"@id\":\"https:\/\/saxbystone.com\/et\/toode\/visby\/\",\"url\":\"https:\/\/saxbystone.com\/et\/toode\/visby\/\",\"name\":\"Visby paekivi - Saxby Stone\",\"isPartOf\":{\"@id\":\"https:\/\/saxbystone.com\/et\/#website\"},\"primaryImageOfPage\":{\"@id\":\"https:\/\/saxbystone.com\/et\/toode\/visby\/#primaryimage\"},\"image\":{\"@id\":\"https:\/\/saxbystone.com\/et\/toode\/visby\/#primaryimage\"},\"thumbnailUrl\":\"https:\/\/saxbystone.com\/wp-content\/uploads\/2024\/10\/Visby-limestone.jpeg\",\"datePublished\":\"2024-10-25T11:38:49+00:00\",\"dateModified\":\"2025-11-26T09:12:14+00:00\",\"breadcrumb\":{\"@id\":\"https:\/\/saxbystone.com\/et\/toode\/visby\/#breadcrumb\"},\"inLanguage\":\"et\",\"potentialAction\":[{\"@type\":\"ReadAction\",\"target\":[\"https:\/\/saxbystone.com\/et\/toode\/visby\/\"]}]},{\"@type\":\"ImageObject\",\"inLanguage\":\"et\",\"@id\":\"https:\/\/saxbystone.com\/et\/toode\/visby\/#primaryimage\",\"url\":\"https:\/\/saxbystone.com\/wp-content\/uploads\/2024\/10\/Visby-limestone.jpeg\",\"contentUrl\":\"https:\/\/saxbystone.com\/wp-content\/uploads\/2024\/10\/Visby-limestone.jpeg\",\"width\":1200,\"height\":900},{\"@type\":\"BreadcrumbList\",\"@id\":\"https:\/\/saxbystone.com\/et\/toode\/visby\/#breadcrumb\",\"itemListElement\":[{\"@type\":\"ListItem\",\"position\":1,\"name\":\"Home\",\"item\":\"https:\/\/saxbystone.com\/et\/\"},{\"@type\":\"ListItem\",\"position\":2,\"name\":\"Meie tooted\",\"item\":\"https:\/\/saxbystone.com\/et\/meie-tooted\/\"},{\"@type\":\"ListItem\",\"position\":3,\"name\":\"Visby paekivi\"}]},{\"@type\":\"WebSite\",\"@id\":\"https:\/\/saxbystone.com\/et\/#website\",\"url\":\"https:\/\/saxbystone.com\/et\/\",\"name\":\"Saxby Stone\",\"description\":\"Natural stone tiles\",\"publisher\":{\"@id\":\"https:\/\/saxbystone.com\/et\/#organization\"},\"potentialAction\":[{\"@type\":\"SearchAction\",\"target\":{\"@type\":\"EntryPoint\",\"urlTemplate\":\"https:\/\/saxbystone.com\/et\/?s={search_term_string}\"},\"query-input\":{\"@type\":\"PropertyValueSpecification\",\"valueRequired\":true,\"valueName\":\"search_term_string\"}}],\"inLanguage\":\"et\"},{\"@type\":\"Organization\",\"@id\":\"https:\/\/saxbystone.com\/et\/#organization\",\"name\":\"Saxby Stone\",\"url\":\"https:\/\/saxbystone.com\/et\/\",\"logo\":{\"@type\":\"ImageObject\",\"inLanguage\":\"et\",\"@id\":\"https:\/\/saxbystone.com\/et\/#\/schema\/logo\/image\/\",\"url\":\"https:\/\/saxbystone.com\/wp-content\/uploads\/2024\/09\/cropped-Saxby-Stone-logo-official-1st.png\",\"contentUrl\":\"https:\/\/saxbystone.com\/wp-content\/uploads\/2024\/09\/cropped-Saxby-Stone-logo-official-1st.png\",\"width\":512,\"height\":512,\"caption\":\"Saxby Stone\"},\"image\":{\"@id\":\"https:\/\/saxbystone.com\/et\/#\/schema\/logo\/image\/\"},\"sameAs\":[\"https:\/\/www.instagram.com\/saxbystone\/\"]}]}<\/script>\n<!-- \/ Yoast SEO plugin. -->","yoast_head_json":{"title":"Visby paekivi - Saxby Stone","robots":{"index":"index","follow":"follow","max-snippet":"max-snippet:-1","max-image-preview":"max-image-preview:large","max-video-preview":"max-video-preview:-1"},"canonical":"https:\/\/saxbystone.com\/et\/toode\/visby\/","og_locale":"et_EE","og_type":"article","og_title":"Visby paekivi - Saxby Stone","og_description":"Ainus teadaolev Visby lubjakivimaardlatega karj\u00e4\u00e4r on p\u00e4rast pikki aastaid uuesti kasutusel. Ajal, mil Eesti kuulus Rootsi impeeriumi koosseisu (1561-1710), oli Visby paekivi ehituskivina populaarne nii Tallinnas, Tartus kui Riias ning teadaolevalt on Visby paekivi Skandinaavias turustatud esmakordselt.  See atraktiivne meekarva lubjakivi sobib kasutamiseks p\u00f5randa- ja seinaplaatidena ning oma k\u00fclmakindluse t\u00f5ttu v\u00f5ib seda kasutada ka P\u00f5hjamaades elu- ja \u00e4rihoonete v\u00e4lifassaadi paneelidena.  Saadaval lihvitud ja harjatud pinnaviimistlusega.  Et n\u00e4ha hinda, valige palun plaadi m\u00f5\u00f5tmed. Tasuta transport tellimustele \u00fcle 25 m2.","og_url":"https:\/\/saxbystone.com\/et\/toode\/visby\/","og_site_name":"Saxby Stone","article_modified_time":"2025-11-26T09:12:14+00:00","og_image":[{"width":1200,"height":900,"url":"https:\/\/saxbystone.com\/wp-content\/uploads\/2024\/10\/Visby-limestone.jpeg","type":"image\/jpeg"}],"twitter_card":"summary_large_image","twitter_misc":{"Est. reading time":"1 minut"},"schema":{"@context":"https:\/\/schema.org","@graph":[{"@type":"WebPage","@id":"https:\/\/saxbystone.com\/et\/toode\/visby\/","url":"https:\/\/saxbystone.com\/et\/toode\/visby\/","name":"Visby paekivi - Saxby Stone","isPartOf":{"@id":"https:\/\/saxbystone.com\/et\/#website"},"primaryImageOfPage":{"@id":"https:\/\/saxbystone.com\/et\/toode\/visby\/#primaryimage"},"image":{"@id":"https:\/\/saxbystone.com\/et\/toode\/visby\/#primaryimage"},"thumbnailUrl":"https:\/\/saxbystone.com\/wp-content\/uploads\/2024\/10\/Visby-limestone.jpeg","datePublished":"2024-10-25T11:38:49+00:00","dateModified":"2025-11-26T09:12:14+00:00","breadcrumb":{"@id":"https:\/\/saxbystone.com\/et\/toode\/visby\/#breadcrumb"},"inLanguage":"et","potentialAction":[{"@type":"ReadAction","target":["https:\/\/saxbystone.com\/et\/toode\/visby\/"]}]},{"@type":"ImageObject","inLanguage":"et","@id":"https:\/\/saxbystone.com\/et\/toode\/visby\/#primaryimage","url":"https:\/\/saxbystone.com\/wp-content\/uploads\/2024\/10\/Visby-limestone.jpeg","contentUrl":"https:\/\/saxbystone.com\/wp-content\/uploads\/2024\/10\/Visby-limestone.jpeg","width":1200,"height":900},{"@type":"BreadcrumbList","@id":"https:\/\/saxbystone.com\/et\/toode\/visby\/#breadcrumb","itemListElement":[{"@type":"ListItem","position":1,"name":"Home","item":"https:\/\/saxbystone.com\/et\/"},{"@type":"ListItem","position":2,"name":"Meie tooted","item":"https:\/\/saxbystone.com\/et\/meie-tooted\/"},{"@type":"ListItem","position":3,"name":"Visby paekivi"}]},{"@type":"WebSite","@id":"https:\/\/saxbystone.com\/et\/#website","url":"https:\/\/saxbystone.com\/et\/","name":"Saxby Stone","description":"Natural stone tiles","publisher":{"@id":"https:\/\/saxbystone.com\/et\/#organization"},"potentialAction":[{"@type":"SearchAction","target":{"@type":"EntryPoint","urlTemplate":"https:\/\/saxbystone.com\/et\/?s={search_term_string}"},"query-input":{"@type":"PropertyValueSpecification","valueRequired":true,"valueName":"search_term_string"}}],"inLanguage":"et"},{"@type":"Organization","@id":"https:\/\/saxbystone.com\/et\/#organization","name":"Saxby Stone","url":"https:\/\/saxbystone.com\/et\/","logo":{"@type":"ImageObject","inLanguage":"et","@id":"https:\/\/saxbystone.com\/et\/#\/schema\/logo\/image\/","url":"https:\/\/saxbystone.com\/wp-content\/uploads\/2024\/09\/cropped-Saxby-Stone-logo-official-1st.png","contentUrl":"https:\/\/saxbystone.com\/wp-content\/uploads\/2024\/09\/cropped-Saxby-Stone-logo-official-1st.png","width":512,"height":512,"caption":"Saxby Stone"},"image":{"@id":"https:\/\/saxbystone.com\/et\/#\/schema\/logo\/image\/"},"sameAs":["https:\/\/www.instagram.com\/saxbystone\/"]}]}},"_links":{"self":[{"href":"https:\/\/saxbystone.com\/et\/wp-json\/wp\/v2\/product\/4414","targetHints":{"allow":["GET"]}}],"collection":[{"href":"https:\/\/saxbystone.com\/et\/wp-json\/wp\/v2\/product"}],"about":[{"href":"https:\/\/saxbystone.com\/et\/wp-json\/wp\/v2\/types\/product"}],"wp:featuredmedia":[{"embeddable":true,"href":"https:\/\/saxbystone.com\/et\/wp-json\/wp\/v2\/media\/4415"}],"wp:attachment":[{"href":"https:\/\/saxbystone.com\/et\/wp-json\/wp\/v2\/media?parent=4414"}],"wp:term":[{"taxonomy":"product_brand","embeddable":true,"href":"https:\/\/saxbystone.com\/et\/wp-json\/wp\/v2\/product_brand?post=4414"},{"taxonomy":"product_cat","embeddable":true,"href":"https:\/\/saxbystone.com\/et\/wp-json\/wp\/v2\/product_cat?post=4414"},{"taxonomy":"product_tag","embeddable":true,"href":"https:\/\/saxbystone.com\/et\/wp-json\/wp\/v2\/product_tag?post=4414"}],"curies":[{"name":"wp","href":"https:\/\/api.w.org\/{rel}","templated":true}]}}