{"id":4391,"date":"2024-10-25T14:13:00","date_gmt":"2024-10-25T11:13:00","guid":{"rendered":"https:\/\/saxbystone.com\/product\/gotland-grey-paekivi-lihvitud\/"},"modified":"2025-12-04T10:28:48","modified_gmt":"2025-12-04T08:28:48","slug":"gotland-grey","status":"publish","type":"product","link":"https:\/\/saxbystone.com\/et\/toode\/gotland-grey\/","title":{"rendered":"Gotland Grey paekivi, lihvitud"},"content":{"rendered":"","protected":false},"excerpt":{"rendered":"<p><span style=\"font-weight: 400;\">Gotland Grey<\/span><span style=\"font-weight: 400;\"> paekivi kaevandatakse kivimikihtidest, mis ulatuvad Gotlandilt <\/span><span style=\"font-weight: 400;\">kuni<\/span><span style=\"font-weight: 400;\"> Saarema<\/span><span style=\"font-weight: 400;\">ani<\/span><span style=\"font-weight: 400;\">. See paekivi on erakordselt k\u00fclmakindel ja tavaliselt kasutatakse seda <\/span><span style=\"font-weight: 400;\">v\u00e4litingimustes<\/span><span style=\"font-weight: 400;\"> terrasside, fassadiplaati<\/span><span style=\"font-weight: 400;\">de ja<\/span><span style=\"font-weight: 400;\"> v\u00e4listrepp<\/span><span style=\"font-weight: 400;\">ide<\/span><span style=\"font-weight: 400;\"> jaoks.<\/span><\/p>\n<p><span style=\"font-weight: 400;\">Gotland Grey<\/span><span style=\"font-weight: 400;\"> paekivist plaadid sobivad <\/span><span style=\"font-weight: 400;\">samuti<\/span><span style=\"font-weight: 400;\"> ideaalselt basseinide ja p\u00e4ikeseterrasside <\/span><span style=\"font-weight: 400;\">jaoks<\/span><span style=\"font-weight: 400;\">, kus nende looduslikud hallid ja bee\u017eid toonid sulanduvad <\/span><span style=\"font-weight: 400;\">harmooniliselt <\/span><span style=\"font-weight: 400;\">\u00fcmbritseva keskkonnaga.<\/span><\/p>\n<p>Saadaval lihvitud ja harjatud pinnaviimistlusega.<\/p>\n<p><em>Et n\u00e4ha hinda, valige palun plaadi m\u00f5\u00f5tmed. Tasuta transport tellimustele \u00fcle 25 m<sup>2<\/sup>. Allahindlus tellimustele \u00fcle 100 m<sup>2<\/sup>.<\/em><\/p>\n","protected":false},"featured_media":6319,"template":"","meta":{"_acf_changed":false},"product_brand":[],"product_cat":[232,231,230,247],"product_tag":[],"class_list":{"0":"post-4391","1":"product","2":"type-product","3":"status-publish","4":"has-post-thumbnail","6":"product_cat-koik-tooted","7":"product_cat-poranda-ja-seinaplaadid","8":"product_cat-fassaadikivi","9":"product_cat-sillutiskivi","11":"first","12":"instock","13":"shipping-taxable","14":"purchasable","15":"product-type-variable","16":"add-to-wishlist-after_add_to_cart"},"acf":[],"yoast_head":"<!-- This site is optimized with the Yoast SEO plugin v26.4 - https:\/\/yoast.com\/wordpress\/plugins\/seo\/ -->\n<title>Gotland Grey paekivi, lihvitud - Saxby Stone<\/title>\n<meta name=\"description\" content=\"Quarried from a seam of rock that runs from Gotland to Saaremaa in Estonia\" \/>\n<meta name=\"robots\" content=\"index, follow, max-snippet:-1, max-image-preview:large, max-video-preview:-1\" \/>\n<link rel=\"canonical\" href=\"https:\/\/saxbystone.com\/et\/toode\/gotland-grey\/\" \/>\n<meta property=\"og:locale\" content=\"et_EE\" \/>\n<meta property=\"og:type\" content=\"article\" \/>\n<meta property=\"og:title\" content=\"Gotland Grey paekivi, lihvitud - Saxby Stone\" \/>\n<meta property=\"og:description\" content=\"Quarried from a seam of rock that runs from Gotland to Saaremaa in Estonia\" \/>\n<meta property=\"og:url\" content=\"https:\/\/saxbystone.com\/et\/toode\/gotland-grey\/\" \/>\n<meta property=\"og:site_name\" content=\"Saxby Stone\" \/>\n<meta property=\"article:modified_time\" content=\"2025-12-04T08:28:48+00:00\" \/>\n<meta property=\"og:image\" content=\"https:\/\/saxbystone.com\/wp-content\/uploads\/2025\/03\/Noblessner-Residential-Tallinn-Estonia-5.jpg\" \/>\n\t<meta property=\"og:image:width\" content=\"2435\" \/>\n\t<meta property=\"og:image:height\" content=\"1826\" \/>\n\t<meta property=\"og:image:type\" content=\"image\/jpeg\" \/>\n<meta name=\"twitter:card\" content=\"summary_large_image\" \/>\n<meta name=\"twitter:label1\" content=\"Est. reading time\" \/>\n\t<meta name=\"twitter:data1\" content=\"1 minut\" \/>\n<script type=\"application\/ld+json\" class=\"yoast-schema-graph\">{\"@context\":\"https:\/\/schema.org\",\"@graph\":[{\"@type\":\"WebPage\",\"@id\":\"https:\/\/saxbystone.com\/et\/toode\/gotland-grey\/\",\"url\":\"https:\/\/saxbystone.com\/et\/toode\/gotland-grey\/\",\"name\":\"Gotland Grey paekivi, lihvitud - Saxby Stone\",\"isPartOf\":{\"@id\":\"https:\/\/saxbystone.com\/et\/#website\"},\"primaryImageOfPage\":{\"@id\":\"https:\/\/saxbystone.com\/et\/toode\/gotland-grey\/#primaryimage\"},\"image\":{\"@id\":\"https:\/\/saxbystone.com\/et\/toode\/gotland-grey\/#primaryimage\"},\"thumbnailUrl\":\"https:\/\/saxbystone.com\/wp-content\/uploads\/2025\/03\/Noblessner-Residential-Tallinn-Estonia-5.jpg\",\"datePublished\":\"2024-10-25T11:13:00+00:00\",\"dateModified\":\"2025-12-04T08:28:48+00:00\",\"description\":\"Quarried from a seam of rock that runs from Gotland to Saaremaa in Estonia\",\"breadcrumb\":{\"@id\":\"https:\/\/saxbystone.com\/et\/toode\/gotland-grey\/#breadcrumb\"},\"inLanguage\":\"et\",\"potentialAction\":[{\"@type\":\"ReadAction\",\"target\":[\"https:\/\/saxbystone.com\/et\/toode\/gotland-grey\/\"]}]},{\"@type\":\"ImageObject\",\"inLanguage\":\"et\",\"@id\":\"https:\/\/saxbystone.com\/et\/toode\/gotland-grey\/#primaryimage\",\"url\":\"https:\/\/saxbystone.com\/wp-content\/uploads\/2025\/03\/Noblessner-Residential-Tallinn-Estonia-5.jpg\",\"contentUrl\":\"https:\/\/saxbystone.com\/wp-content\/uploads\/2025\/03\/Noblessner-Residential-Tallinn-Estonia-5.jpg\",\"width\":2435,\"height\":1826},{\"@type\":\"BreadcrumbList\",\"@id\":\"https:\/\/saxbystone.com\/et\/toode\/gotland-grey\/#breadcrumb\",\"itemListElement\":[{\"@type\":\"ListItem\",\"position\":1,\"name\":\"Home\",\"item\":\"https:\/\/saxbystone.com\/et\/\"},{\"@type\":\"ListItem\",\"position\":2,\"name\":\"Meie tooted\",\"item\":\"https:\/\/saxbystone.com\/et\/meie-tooted\/\"},{\"@type\":\"ListItem\",\"position\":3,\"name\":\"Gotland Grey paekivi, lihvitud\"}]},{\"@type\":\"WebSite\",\"@id\":\"https:\/\/saxbystone.com\/et\/#website\",\"url\":\"https:\/\/saxbystone.com\/et\/\",\"name\":\"Saxby Stone\",\"description\":\"Natural stone tiles\",\"publisher\":{\"@id\":\"https:\/\/saxbystone.com\/et\/#organization\"},\"potentialAction\":[{\"@type\":\"SearchAction\",\"target\":{\"@type\":\"EntryPoint\",\"urlTemplate\":\"https:\/\/saxbystone.com\/et\/?s={search_term_string}\"},\"query-input\":{\"@type\":\"PropertyValueSpecification\",\"valueRequired\":true,\"valueName\":\"search_term_string\"}}],\"inLanguage\":\"et\"},{\"@type\":\"Organization\",\"@id\":\"https:\/\/saxbystone.com\/et\/#organization\",\"name\":\"Saxby Stone\",\"url\":\"https:\/\/saxbystone.com\/et\/\",\"logo\":{\"@type\":\"ImageObject\",\"inLanguage\":\"et\",\"@id\":\"https:\/\/saxbystone.com\/et\/#\/schema\/logo\/image\/\",\"url\":\"https:\/\/saxbystone.com\/wp-content\/uploads\/2024\/09\/cropped-Saxby-Stone-logo-official-1st.png\",\"contentUrl\":\"https:\/\/saxbystone.com\/wp-content\/uploads\/2024\/09\/cropped-Saxby-Stone-logo-official-1st.png\",\"width\":512,\"height\":512,\"caption\":\"Saxby Stone\"},\"image\":{\"@id\":\"https:\/\/saxbystone.com\/et\/#\/schema\/logo\/image\/\"},\"sameAs\":[\"https:\/\/www.instagram.com\/saxbystone\/\"]}]}<\/script>\n<!-- \/ Yoast SEO plugin. -->","yoast_head_json":{"title":"Gotland Grey paekivi, lihvitud - Saxby Stone","description":"Quarried from a seam of rock that runs from Gotland to Saaremaa in Estonia","robots":{"index":"index","follow":"follow","max-snippet":"max-snippet:-1","max-image-preview":"max-image-preview:large","max-video-preview":"max-video-preview:-1"},"canonical":"https:\/\/saxbystone.com\/et\/toode\/gotland-grey\/","og_locale":"et_EE","og_type":"article","og_title":"Gotland Grey paekivi, lihvitud - Saxby Stone","og_description":"Quarried from a seam of rock that runs from Gotland to Saaremaa in Estonia","og_url":"https:\/\/saxbystone.com\/et\/toode\/gotland-grey\/","og_site_name":"Saxby Stone","article_modified_time":"2025-12-04T08:28:48+00:00","og_image":[{"width":2435,"height":1826,"url":"https:\/\/saxbystone.com\/wp-content\/uploads\/2025\/03\/Noblessner-Residential-Tallinn-Estonia-5.jpg","type":"image\/jpeg"}],"twitter_card":"summary_large_image","twitter_misc":{"Est. reading time":"1 minut"},"schema":{"@context":"https:\/\/schema.org","@graph":[{"@type":"WebPage","@id":"https:\/\/saxbystone.com\/et\/toode\/gotland-grey\/","url":"https:\/\/saxbystone.com\/et\/toode\/gotland-grey\/","name":"Gotland Grey paekivi, lihvitud - Saxby Stone","isPartOf":{"@id":"https:\/\/saxbystone.com\/et\/#website"},"primaryImageOfPage":{"@id":"https:\/\/saxbystone.com\/et\/toode\/gotland-grey\/#primaryimage"},"image":{"@id":"https:\/\/saxbystone.com\/et\/toode\/gotland-grey\/#primaryimage"},"thumbnailUrl":"https:\/\/saxbystone.com\/wp-content\/uploads\/2025\/03\/Noblessner-Residential-Tallinn-Estonia-5.jpg","datePublished":"2024-10-25T11:13:00+00:00","dateModified":"2025-12-04T08:28:48+00:00","description":"Quarried from a seam of rock that runs from Gotland to Saaremaa in Estonia","breadcrumb":{"@id":"https:\/\/saxbystone.com\/et\/toode\/gotland-grey\/#breadcrumb"},"inLanguage":"et","potentialAction":[{"@type":"ReadAction","target":["https:\/\/saxbystone.com\/et\/toode\/gotland-grey\/"]}]},{"@type":"ImageObject","inLanguage":"et","@id":"https:\/\/saxbystone.com\/et\/toode\/gotland-grey\/#primaryimage","url":"https:\/\/saxbystone.com\/wp-content\/uploads\/2025\/03\/Noblessner-Residential-Tallinn-Estonia-5.jpg","contentUrl":"https:\/\/saxbystone.com\/wp-content\/uploads\/2025\/03\/Noblessner-Residential-Tallinn-Estonia-5.jpg","width":2435,"height":1826},{"@type":"BreadcrumbList","@id":"https:\/\/saxbystone.com\/et\/toode\/gotland-grey\/#breadcrumb","itemListElement":[{"@type":"ListItem","position":1,"name":"Home","item":"https:\/\/saxbystone.com\/et\/"},{"@type":"ListItem","position":2,"name":"Meie tooted","item":"https:\/\/saxbystone.com\/et\/meie-tooted\/"},{"@type":"ListItem","position":3,"name":"Gotland Grey paekivi, lihvitud"}]},{"@type":"WebSite","@id":"https:\/\/saxbystone.com\/et\/#website","url":"https:\/\/saxbystone.com\/et\/","name":"Saxby Stone","description":"Natural stone tiles","publisher":{"@id":"https:\/\/saxbystone.com\/et\/#organization"},"potentialAction":[{"@type":"SearchAction","target":{"@type":"EntryPoint","urlTemplate":"https:\/\/saxbystone.com\/et\/?s={search_term_string}"},"query-input":{"@type":"PropertyValueSpecification","valueRequired":true,"valueName":"search_term_string"}}],"inLanguage":"et"},{"@type":"Organization","@id":"https:\/\/saxbystone.com\/et\/#organization","name":"Saxby Stone","url":"https:\/\/saxbystone.com\/et\/","logo":{"@type":"ImageObject","inLanguage":"et","@id":"https:\/\/saxbystone.com\/et\/#\/schema\/logo\/image\/","url":"https:\/\/saxbystone.com\/wp-content\/uploads\/2024\/09\/cropped-Saxby-Stone-logo-official-1st.png","contentUrl":"https:\/\/saxbystone.com\/wp-content\/uploads\/2024\/09\/cropped-Saxby-Stone-logo-official-1st.png","width":512,"height":512,"caption":"Saxby Stone"},"image":{"@id":"https:\/\/saxbystone.com\/et\/#\/schema\/logo\/image\/"},"sameAs":["https:\/\/www.instagram.com\/saxbystone\/"]}]}},"_links":{"self":[{"href":"https:\/\/saxbystone.com\/et\/wp-json\/wp\/v2\/product\/4391","targetHints":{"allow":["GET"]}}],"collection":[{"href":"https:\/\/saxbystone.com\/et\/wp-json\/wp\/v2\/product"}],"about":[{"href":"https:\/\/saxbystone.com\/et\/wp-json\/wp\/v2\/types\/product"}],"wp:featuredmedia":[{"embeddable":true,"href":"https:\/\/saxbystone.com\/et\/wp-json\/wp\/v2\/media\/6319"}],"wp:attachment":[{"href":"https:\/\/saxbystone.com\/et\/wp-json\/wp\/v2\/media?parent=4391"}],"wp:term":[{"taxonomy":"product_brand","embeddable":true,"href":"https:\/\/saxbystone.com\/et\/wp-json\/wp\/v2\/product_brand?post=4391"},{"taxonomy":"product_cat","embeddable":true,"href":"https:\/\/saxbystone.com\/et\/wp-json\/wp\/v2\/product_cat?post=4391"},{"taxonomy":"product_tag","embeddable":true,"href":"https:\/\/saxbystone.com\/et\/wp-json\/wp\/v2\/product_tag?post=4391"}],"curies":[{"name":"wp","href":"https:\/\/api.w.org\/{rel}","templated":true}]}}