{"id":4377,"date":"2024-10-25T13:59:26","date_gmt":"2024-10-25T10:59:26","guid":{"rendered":"https:\/\/saxbystone.com\/product\/aland-grey-beige-paekivi\/"},"modified":"2025-12-04T10:24:31","modified_gmt":"2025-12-04T08:24:31","slug":"aland-grey-beige","status":"publish","type":"product","link":"https:\/\/saxbystone.com\/et\/toode\/aland-grey-beige\/","title":{"rendered":"\u00c5land Grey-Beige paekivi"},"content":{"rendered":"","protected":false},"excerpt":{"rendered":"<p><span style=\"font-weight: 400;\">Sinakashalli ja bee\u017ei tooniga <\/span><span style=\"font-weight: 400;\">\u00c5land Grey-Beige<\/span><span style=\"font-weight: 400;\"> paekivi peegeldab meie arvates L\u00e4\u00e4nemere meeleolu ning sobib suurep\u00e4raselt p\u00f5randa- ja seinaplaatideks kaasaegsetesse korteri- ja villaprojektidesse.<\/span><\/p>\n<p><span style=\"font-weight: 400;\">\u00c5land Grey-Beige<\/span><span style=\"font-weight: 400;\"> paekivi on tuntud oma k\u00fclmakindluse poolest ja seda saab kasutada ka v\u00e4litingimustes fassaadiplaatidena nii elu- kui ka \u00e4rikinnistutel.<\/span><span style=\"font-weight: 400;\"><br \/>\n<\/span><span style=\"font-weight: 400;\">Hiljuti tarnisime suuri 1200 x 600 mm formaadis ristk\u00fclik<\/span><span style=\"font-weight: 400;\">ukujulisi plaate<\/span><span style=\"font-weight: 400;\"> soontega, mida kasutati kaubanduskeskuse seinaplaatidena. Fotodel on n\u00e4ha l\u00f5pptulemus.<\/span><\/p>\n<p><span style=\"font-weight: 400;\">Saadaval lihvitud pinnaviimistlusega.<\/span><\/p>\n<p><em>Et n\u00e4ha hinda, valige palun plaadi m\u00f5\u00f5tmed. Tasuta transport tellimustele \u00fcle 25 m<sup>2<\/sup>. Allahindlus tellimustele \u00fcle 100 m<sup>2<\/sup>.<\/em><\/p>\n","protected":false},"featured_media":4378,"template":"","meta":{"_acf_changed":false},"product_brand":[],"product_cat":[232,231,229,230,247,233],"product_tag":[],"class_list":{"0":"post-4377","1":"product","2":"type-product","3":"status-publish","4":"has-post-thumbnail","6":"product_cat-koik-tooted","7":"product_cat-poranda-ja-seinaplaadid","8":"product_cat-toopinnad-aknalauad","9":"product_cat-fassaadikivi","10":"product_cat-sillutiskivi","11":"product_cat-aripinnad","13":"first","14":"instock","15":"shipping-taxable","16":"purchasable","17":"product-type-variable","18":"add-to-wishlist-after_add_to_cart"},"acf":[],"yoast_head":"<!-- This site is optimized with the Yoast SEO plugin v26.4 - https:\/\/yoast.com\/wordpress\/plugins\/seo\/ -->\n<title>\u00c5land Grey-Beige paekivi - Saxby Stone<\/title>\n<meta name=\"robots\" content=\"index, follow, max-snippet:-1, max-image-preview:large, max-video-preview:-1\" \/>\n<link rel=\"canonical\" href=\"https:\/\/saxbystone.com\/et\/toode\/aland-grey-beige\/\" \/>\n<meta property=\"og:locale\" content=\"et_EE\" \/>\n<meta property=\"og:type\" content=\"article\" \/>\n<meta property=\"og:title\" content=\"\u00c5land Grey-Beige paekivi - Saxby Stone\" \/>\n<meta property=\"og:description\" content=\"Sinakashalli ja bee\u017ei tooniga \u00c5land Grey-Beige paekivi peegeldab meie arvates L\u00e4\u00e4nemere meeleolu ning sobib suurep\u00e4raselt p\u00f5randa- ja seinaplaatideks kaasaegsetesse korteri- ja villaprojektidesse.  \u00c5land Grey-Beige paekivi on tuntud oma k\u00fclmakindluse poolest ja seda saab kasutada ka v\u00e4litingimustes fassaadiplaatidena nii elu- kui ka \u00e4rikinnistutel. Hiljuti tarnisime suuri 1200 x 600 mm formaadis ristk\u00fclikukujulisi plaate soontega, mida kasutati kaubanduskeskuse seinaplaatidena. Fotodel on n\u00e4ha l\u00f5pptulemus.  Saadaval lihvitud pinnaviimistlusega.  Et n\u00e4ha hinda, valige palun plaadi m\u00f5\u00f5tmed. Tasuta transport tellimustele \u00fcle 25 m2. Allahindlus tellimustele \u00fcle 100 m2.\" \/>\n<meta property=\"og:url\" content=\"https:\/\/saxbystone.com\/et\/toode\/aland-grey-beige\/\" \/>\n<meta property=\"og:site_name\" content=\"Saxby Stone\" \/>\n<meta property=\"article:modified_time\" content=\"2025-12-04T08:24:31+00:00\" \/>\n<meta property=\"og:image\" content=\"https:\/\/saxbystone.com\/wp-content\/uploads\/2024\/10\/Aland-Grey-Beige-Porto-Franco.jpg\" \/>\n\t<meta property=\"og:image:width\" content=\"900\" \/>\n\t<meta property=\"og:image:height\" content=\"600\" \/>\n\t<meta property=\"og:image:type\" content=\"image\/jpeg\" \/>\n<meta name=\"twitter:card\" content=\"summary_large_image\" \/>\n<meta name=\"twitter:label1\" content=\"Est. reading time\" \/>\n\t<meta name=\"twitter:data1\" content=\"1 minut\" \/>\n<script type=\"application\/ld+json\" class=\"yoast-schema-graph\">{\"@context\":\"https:\/\/schema.org\",\"@graph\":[{\"@type\":\"WebPage\",\"@id\":\"https:\/\/saxbystone.com\/et\/toode\/aland-grey-beige\/\",\"url\":\"https:\/\/saxbystone.com\/et\/toode\/aland-grey-beige\/\",\"name\":\"\u00c5land Grey-Beige paekivi - Saxby Stone\",\"isPartOf\":{\"@id\":\"https:\/\/saxbystone.com\/et\/#website\"},\"primaryImageOfPage\":{\"@id\":\"https:\/\/saxbystone.com\/et\/toode\/aland-grey-beige\/#primaryimage\"},\"image\":{\"@id\":\"https:\/\/saxbystone.com\/et\/toode\/aland-grey-beige\/#primaryimage\"},\"thumbnailUrl\":\"https:\/\/saxbystone.com\/wp-content\/uploads\/2024\/10\/Aland-Grey-Beige-Porto-Franco.jpg\",\"datePublished\":\"2024-10-25T10:59:26+00:00\",\"dateModified\":\"2025-12-04T08:24:31+00:00\",\"breadcrumb\":{\"@id\":\"https:\/\/saxbystone.com\/et\/toode\/aland-grey-beige\/#breadcrumb\"},\"inLanguage\":\"et\",\"potentialAction\":[{\"@type\":\"ReadAction\",\"target\":[\"https:\/\/saxbystone.com\/et\/toode\/aland-grey-beige\/\"]}]},{\"@type\":\"ImageObject\",\"inLanguage\":\"et\",\"@id\":\"https:\/\/saxbystone.com\/et\/toode\/aland-grey-beige\/#primaryimage\",\"url\":\"https:\/\/saxbystone.com\/wp-content\/uploads\/2024\/10\/Aland-Grey-Beige-Porto-Franco.jpg\",\"contentUrl\":\"https:\/\/saxbystone.com\/wp-content\/uploads\/2024\/10\/Aland-Grey-Beige-Porto-Franco.jpg\",\"width\":900,\"height\":600},{\"@type\":\"BreadcrumbList\",\"@id\":\"https:\/\/saxbystone.com\/et\/toode\/aland-grey-beige\/#breadcrumb\",\"itemListElement\":[{\"@type\":\"ListItem\",\"position\":1,\"name\":\"Home\",\"item\":\"https:\/\/saxbystone.com\/et\/\"},{\"@type\":\"ListItem\",\"position\":2,\"name\":\"Meie tooted\",\"item\":\"https:\/\/saxbystone.com\/et\/meie-tooted\/\"},{\"@type\":\"ListItem\",\"position\":3,\"name\":\"\u00c5land Grey-Beige paekivi\"}]},{\"@type\":\"WebSite\",\"@id\":\"https:\/\/saxbystone.com\/et\/#website\",\"url\":\"https:\/\/saxbystone.com\/et\/\",\"name\":\"Saxby Stone\",\"description\":\"Natural stone tiles\",\"publisher\":{\"@id\":\"https:\/\/saxbystone.com\/et\/#organization\"},\"potentialAction\":[{\"@type\":\"SearchAction\",\"target\":{\"@type\":\"EntryPoint\",\"urlTemplate\":\"https:\/\/saxbystone.com\/et\/?s={search_term_string}\"},\"query-input\":{\"@type\":\"PropertyValueSpecification\",\"valueRequired\":true,\"valueName\":\"search_term_string\"}}],\"inLanguage\":\"et\"},{\"@type\":\"Organization\",\"@id\":\"https:\/\/saxbystone.com\/et\/#organization\",\"name\":\"Saxby Stone\",\"url\":\"https:\/\/saxbystone.com\/et\/\",\"logo\":{\"@type\":\"ImageObject\",\"inLanguage\":\"et\",\"@id\":\"https:\/\/saxbystone.com\/et\/#\/schema\/logo\/image\/\",\"url\":\"https:\/\/saxbystone.com\/wp-content\/uploads\/2024\/09\/cropped-Saxby-Stone-logo-official-1st.png\",\"contentUrl\":\"https:\/\/saxbystone.com\/wp-content\/uploads\/2024\/09\/cropped-Saxby-Stone-logo-official-1st.png\",\"width\":512,\"height\":512,\"caption\":\"Saxby Stone\"},\"image\":{\"@id\":\"https:\/\/saxbystone.com\/et\/#\/schema\/logo\/image\/\"},\"sameAs\":[\"https:\/\/www.instagram.com\/saxbystone\/\"]}]}<\/script>\n<!-- \/ Yoast SEO plugin. -->","yoast_head_json":{"title":"\u00c5land Grey-Beige paekivi - Saxby Stone","robots":{"index":"index","follow":"follow","max-snippet":"max-snippet:-1","max-image-preview":"max-image-preview:large","max-video-preview":"max-video-preview:-1"},"canonical":"https:\/\/saxbystone.com\/et\/toode\/aland-grey-beige\/","og_locale":"et_EE","og_type":"article","og_title":"\u00c5land Grey-Beige paekivi - Saxby Stone","og_description":"Sinakashalli ja bee\u017ei tooniga \u00c5land Grey-Beige paekivi peegeldab meie arvates L\u00e4\u00e4nemere meeleolu ning sobib suurep\u00e4raselt p\u00f5randa- ja seinaplaatideks kaasaegsetesse korteri- ja villaprojektidesse.  \u00c5land Grey-Beige paekivi on tuntud oma k\u00fclmakindluse poolest ja seda saab kasutada ka v\u00e4litingimustes fassaadiplaatidena nii elu- kui ka \u00e4rikinnistutel. Hiljuti tarnisime suuri 1200 x 600 mm formaadis ristk\u00fclikukujulisi plaate soontega, mida kasutati kaubanduskeskuse seinaplaatidena. Fotodel on n\u00e4ha l\u00f5pptulemus.  Saadaval lihvitud pinnaviimistlusega.  Et n\u00e4ha hinda, valige palun plaadi m\u00f5\u00f5tmed. Tasuta transport tellimustele \u00fcle 25 m2. Allahindlus tellimustele \u00fcle 100 m2.","og_url":"https:\/\/saxbystone.com\/et\/toode\/aland-grey-beige\/","og_site_name":"Saxby Stone","article_modified_time":"2025-12-04T08:24:31+00:00","og_image":[{"width":900,"height":600,"url":"https:\/\/saxbystone.com\/wp-content\/uploads\/2024\/10\/Aland-Grey-Beige-Porto-Franco.jpg","type":"image\/jpeg"}],"twitter_card":"summary_large_image","twitter_misc":{"Est. reading time":"1 minut"},"schema":{"@context":"https:\/\/schema.org","@graph":[{"@type":"WebPage","@id":"https:\/\/saxbystone.com\/et\/toode\/aland-grey-beige\/","url":"https:\/\/saxbystone.com\/et\/toode\/aland-grey-beige\/","name":"\u00c5land Grey-Beige paekivi - Saxby Stone","isPartOf":{"@id":"https:\/\/saxbystone.com\/et\/#website"},"primaryImageOfPage":{"@id":"https:\/\/saxbystone.com\/et\/toode\/aland-grey-beige\/#primaryimage"},"image":{"@id":"https:\/\/saxbystone.com\/et\/toode\/aland-grey-beige\/#primaryimage"},"thumbnailUrl":"https:\/\/saxbystone.com\/wp-content\/uploads\/2024\/10\/Aland-Grey-Beige-Porto-Franco.jpg","datePublished":"2024-10-25T10:59:26+00:00","dateModified":"2025-12-04T08:24:31+00:00","breadcrumb":{"@id":"https:\/\/saxbystone.com\/et\/toode\/aland-grey-beige\/#breadcrumb"},"inLanguage":"et","potentialAction":[{"@type":"ReadAction","target":["https:\/\/saxbystone.com\/et\/toode\/aland-grey-beige\/"]}]},{"@type":"ImageObject","inLanguage":"et","@id":"https:\/\/saxbystone.com\/et\/toode\/aland-grey-beige\/#primaryimage","url":"https:\/\/saxbystone.com\/wp-content\/uploads\/2024\/10\/Aland-Grey-Beige-Porto-Franco.jpg","contentUrl":"https:\/\/saxbystone.com\/wp-content\/uploads\/2024\/10\/Aland-Grey-Beige-Porto-Franco.jpg","width":900,"height":600},{"@type":"BreadcrumbList","@id":"https:\/\/saxbystone.com\/et\/toode\/aland-grey-beige\/#breadcrumb","itemListElement":[{"@type":"ListItem","position":1,"name":"Home","item":"https:\/\/saxbystone.com\/et\/"},{"@type":"ListItem","position":2,"name":"Meie tooted","item":"https:\/\/saxbystone.com\/et\/meie-tooted\/"},{"@type":"ListItem","position":3,"name":"\u00c5land Grey-Beige paekivi"}]},{"@type":"WebSite","@id":"https:\/\/saxbystone.com\/et\/#website","url":"https:\/\/saxbystone.com\/et\/","name":"Saxby Stone","description":"Natural stone tiles","publisher":{"@id":"https:\/\/saxbystone.com\/et\/#organization"},"potentialAction":[{"@type":"SearchAction","target":{"@type":"EntryPoint","urlTemplate":"https:\/\/saxbystone.com\/et\/?s={search_term_string}"},"query-input":{"@type":"PropertyValueSpecification","valueRequired":true,"valueName":"search_term_string"}}],"inLanguage":"et"},{"@type":"Organization","@id":"https:\/\/saxbystone.com\/et\/#organization","name":"Saxby Stone","url":"https:\/\/saxbystone.com\/et\/","logo":{"@type":"ImageObject","inLanguage":"et","@id":"https:\/\/saxbystone.com\/et\/#\/schema\/logo\/image\/","url":"https:\/\/saxbystone.com\/wp-content\/uploads\/2024\/09\/cropped-Saxby-Stone-logo-official-1st.png","contentUrl":"https:\/\/saxbystone.com\/wp-content\/uploads\/2024\/09\/cropped-Saxby-Stone-logo-official-1st.png","width":512,"height":512,"caption":"Saxby Stone"},"image":{"@id":"https:\/\/saxbystone.com\/et\/#\/schema\/logo\/image\/"},"sameAs":["https:\/\/www.instagram.com\/saxbystone\/"]}]}},"_links":{"self":[{"href":"https:\/\/saxbystone.com\/et\/wp-json\/wp\/v2\/product\/4377","targetHints":{"allow":["GET"]}}],"collection":[{"href":"https:\/\/saxbystone.com\/et\/wp-json\/wp\/v2\/product"}],"about":[{"href":"https:\/\/saxbystone.com\/et\/wp-json\/wp\/v2\/types\/product"}],"wp:featuredmedia":[{"embeddable":true,"href":"https:\/\/saxbystone.com\/et\/wp-json\/wp\/v2\/media\/4378"}],"wp:attachment":[{"href":"https:\/\/saxbystone.com\/et\/wp-json\/wp\/v2\/media?parent=4377"}],"wp:term":[{"taxonomy":"product_brand","embeddable":true,"href":"https:\/\/saxbystone.com\/et\/wp-json\/wp\/v2\/product_brand?post=4377"},{"taxonomy":"product_cat","embeddable":true,"href":"https:\/\/saxbystone.com\/et\/wp-json\/wp\/v2\/product_cat?post=4377"},{"taxonomy":"product_tag","embeddable":true,"href":"https:\/\/saxbystone.com\/et\/wp-json\/wp\/v2\/product_tag?post=4377"}],"curies":[{"name":"wp","href":"https:\/\/api.w.org\/{rel}","templated":true}]}}