{"id":4373,"date":"2024-10-25T13:48:27","date_gmt":"2024-10-25T10:48:27","guid":{"rendered":"https:\/\/saxbystone.com\/product\/ivory-travertine-trummeldatud\/"},"modified":"2025-11-26T11:23:46","modified_gmt":"2025-11-26T09:23:46","slug":"ivory-travertine-trummeldatud","status":"publish","type":"product","link":"https:\/\/saxbystone.com\/et\/toode\/ivory-travertine-trummeldatud\/","title":{"rendered":"Ivory Travertine, trummeldatud"},"content":{"rendered":"","protected":false},"excerpt":{"rendered":"<p><span style=\"font-weight: 400;\">Trummeldatud<\/span><span style=\"font-weight: 400;\"> pinnaviimistlusega Ivory <\/span><span style=\"font-weight: 400;\">Travertine<\/span><span style=\"font-weight: 400;\"> sobib neile, kes otsivad suursugust m\u00f5isastiili v\u00f5i soovivad lisada oma <\/span><span style=\"font-weight: 400;\">maa<\/span><span style=\"font-weight: 400;\">majja rustikaalsema<\/span><span style=\"font-weight: 400;\">t meeleolu<\/span><span style=\"font-weight: 400;\">. <\/span><\/p>\n<p><span style=\"font-weight: 400;\">Meie <\/span><span style=\"font-weight: 400;\">trummeldatud<\/span><span style=\"font-weight: 400;\"> Ivory<\/span><span style=\"font-weight: 400;\"> Travertine<\/span><span style=\"font-weight: 400;\"> on k\u00f5rgeima kvaliteediga ja p\u00e4rit samast karj\u00e4\u00e4rist, kust oleme kivi hankinud \u00fcle kahek\u00fcmne aasta.<\/span><\/p>\n<p><span style=\"font-weight: 400;\">Saadaval on palju erinevaid plaadi m\u00f5\u00f5tmeid, sealhulgas populaarne <\/span><span style=\"font-weight: 400;\">prantsuse <\/span><span style=\"font-weight: 400;\">muster.<\/span><\/p>\n<p><em>Et n\u00e4ha hinda, valige palun plaadi m\u00f5\u00f5tmed. Tasuta transport tellimustele \u00fcle 25 m<sup>2<\/sup>.<\/em><\/p>\n","protected":false},"featured_media":4374,"template":"","meta":{"_acf_changed":false},"product_brand":[],"product_cat":[232,231],"product_tag":[],"class_list":{"0":"post-4373","1":"product","2":"type-product","3":"status-publish","4":"has-post-thumbnail","6":"product_cat-koik-tooted","7":"product_cat-poranda-ja-seinaplaadid","9":"first","10":"instock","11":"shipping-taxable","12":"purchasable","13":"product-type-variable","14":"add-to-wishlist-after_add_to_cart"},"acf":[],"yoast_head":"<!-- This site is optimized with the Yoast SEO plugin v26.4 - https:\/\/yoast.com\/wordpress\/plugins\/seo\/ -->\n<title>Ivory Travertine, trummeldatud - Saxby Stone<\/title>\n<meta name=\"robots\" content=\"index, follow, max-snippet:-1, max-image-preview:large, max-video-preview:-1\" \/>\n<link rel=\"canonical\" href=\"https:\/\/saxbystone.com\/et\/toode\/ivory-travertine-trummeldatud\/\" \/>\n<meta property=\"og:locale\" content=\"et_EE\" \/>\n<meta property=\"og:type\" content=\"article\" \/>\n<meta property=\"og:title\" content=\"Ivory Travertine, trummeldatud - Saxby Stone\" \/>\n<meta property=\"og:description\" content=\"Trummeldatud pinnaviimistlusega Ivory Travertine sobib neile, kes otsivad suursugust m\u00f5isastiili v\u00f5i soovivad lisada oma maamajja rustikaalsemat meeleolu.   Meie trummeldatud Ivory Travertine on k\u00f5rgeima kvaliteediga ja p\u00e4rit samast karj\u00e4\u00e4rist, kust oleme kivi hankinud \u00fcle kahek\u00fcmne aasta.  Saadaval on palju erinevaid plaadi m\u00f5\u00f5tmeid, sealhulgas populaarne prantsuse muster.  Et n\u00e4ha hinda, valige palun plaadi m\u00f5\u00f5tmed. Tasuta transport tellimustele \u00fcle 25 m2.\" \/>\n<meta property=\"og:url\" content=\"https:\/\/saxbystone.com\/et\/toode\/ivory-travertine-trummeldatud\/\" \/>\n<meta property=\"og:site_name\" content=\"Saxby Stone\" \/>\n<meta property=\"article:modified_time\" content=\"2025-11-26T09:23:46+00:00\" \/>\n<meta property=\"og:image\" content=\"https:\/\/saxbystone.com\/wp-content\/uploads\/2024\/10\/12-Ivory-Travertine-Tumbled.jpg\" \/>\n\t<meta property=\"og:image:width\" content=\"900\" \/>\n\t<meta property=\"og:image:height\" content=\"600\" \/>\n\t<meta property=\"og:image:type\" content=\"image\/jpeg\" \/>\n<meta name=\"twitter:card\" content=\"summary_large_image\" \/>\n<script type=\"application\/ld+json\" class=\"yoast-schema-graph\">{\"@context\":\"https:\/\/schema.org\",\"@graph\":[{\"@type\":\"WebPage\",\"@id\":\"https:\/\/saxbystone.com\/et\/toode\/ivory-travertine-trummeldatud\/\",\"url\":\"https:\/\/saxbystone.com\/et\/toode\/ivory-travertine-trummeldatud\/\",\"name\":\"Ivory Travertine, trummeldatud - Saxby Stone\",\"isPartOf\":{\"@id\":\"https:\/\/saxbystone.com\/et\/#website\"},\"primaryImageOfPage\":{\"@id\":\"https:\/\/saxbystone.com\/et\/toode\/ivory-travertine-trummeldatud\/#primaryimage\"},\"image\":{\"@id\":\"https:\/\/saxbystone.com\/et\/toode\/ivory-travertine-trummeldatud\/#primaryimage\"},\"thumbnailUrl\":\"https:\/\/saxbystone.com\/wp-content\/uploads\/2024\/10\/12-Ivory-Travertine-Tumbled.jpg\",\"datePublished\":\"2024-10-25T10:48:27+00:00\",\"dateModified\":\"2025-11-26T09:23:46+00:00\",\"breadcrumb\":{\"@id\":\"https:\/\/saxbystone.com\/et\/toode\/ivory-travertine-trummeldatud\/#breadcrumb\"},\"inLanguage\":\"et\",\"potentialAction\":[{\"@type\":\"ReadAction\",\"target\":[\"https:\/\/saxbystone.com\/et\/toode\/ivory-travertine-trummeldatud\/\"]}]},{\"@type\":\"ImageObject\",\"inLanguage\":\"et\",\"@id\":\"https:\/\/saxbystone.com\/et\/toode\/ivory-travertine-trummeldatud\/#primaryimage\",\"url\":\"https:\/\/saxbystone.com\/wp-content\/uploads\/2024\/10\/12-Ivory-Travertine-Tumbled.jpg\",\"contentUrl\":\"https:\/\/saxbystone.com\/wp-content\/uploads\/2024\/10\/12-Ivory-Travertine-Tumbled.jpg\",\"width\":900,\"height\":600},{\"@type\":\"BreadcrumbList\",\"@id\":\"https:\/\/saxbystone.com\/et\/toode\/ivory-travertine-trummeldatud\/#breadcrumb\",\"itemListElement\":[{\"@type\":\"ListItem\",\"position\":1,\"name\":\"Home\",\"item\":\"https:\/\/saxbystone.com\/et\/\"},{\"@type\":\"ListItem\",\"position\":2,\"name\":\"Meie tooted\",\"item\":\"https:\/\/saxbystone.com\/et\/meie-tooted\/\"},{\"@type\":\"ListItem\",\"position\":3,\"name\":\"Ivory Travertine, trummeldatud\"}]},{\"@type\":\"WebSite\",\"@id\":\"https:\/\/saxbystone.com\/et\/#website\",\"url\":\"https:\/\/saxbystone.com\/et\/\",\"name\":\"Saxby Stone\",\"description\":\"Natural stone tiles\",\"publisher\":{\"@id\":\"https:\/\/saxbystone.com\/et\/#organization\"},\"potentialAction\":[{\"@type\":\"SearchAction\",\"target\":{\"@type\":\"EntryPoint\",\"urlTemplate\":\"https:\/\/saxbystone.com\/et\/?s={search_term_string}\"},\"query-input\":{\"@type\":\"PropertyValueSpecification\",\"valueRequired\":true,\"valueName\":\"search_term_string\"}}],\"inLanguage\":\"et\"},{\"@type\":\"Organization\",\"@id\":\"https:\/\/saxbystone.com\/et\/#organization\",\"name\":\"Saxby Stone\",\"url\":\"https:\/\/saxbystone.com\/et\/\",\"logo\":{\"@type\":\"ImageObject\",\"inLanguage\":\"et\",\"@id\":\"https:\/\/saxbystone.com\/et\/#\/schema\/logo\/image\/\",\"url\":\"https:\/\/saxbystone.com\/wp-content\/uploads\/2024\/09\/cropped-Saxby-Stone-logo-official-1st.png\",\"contentUrl\":\"https:\/\/saxbystone.com\/wp-content\/uploads\/2024\/09\/cropped-Saxby-Stone-logo-official-1st.png\",\"width\":512,\"height\":512,\"caption\":\"Saxby Stone\"},\"image\":{\"@id\":\"https:\/\/saxbystone.com\/et\/#\/schema\/logo\/image\/\"},\"sameAs\":[\"https:\/\/www.instagram.com\/saxbystone\/\"]}]}<\/script>\n<!-- \/ Yoast SEO plugin. -->","yoast_head_json":{"title":"Ivory Travertine, trummeldatud - Saxby Stone","robots":{"index":"index","follow":"follow","max-snippet":"max-snippet:-1","max-image-preview":"max-image-preview:large","max-video-preview":"max-video-preview:-1"},"canonical":"https:\/\/saxbystone.com\/et\/toode\/ivory-travertine-trummeldatud\/","og_locale":"et_EE","og_type":"article","og_title":"Ivory Travertine, trummeldatud - Saxby Stone","og_description":"Trummeldatud pinnaviimistlusega Ivory Travertine sobib neile, kes otsivad suursugust m\u00f5isastiili v\u00f5i soovivad lisada oma maamajja rustikaalsemat meeleolu.   Meie trummeldatud Ivory Travertine on k\u00f5rgeima kvaliteediga ja p\u00e4rit samast karj\u00e4\u00e4rist, kust oleme kivi hankinud \u00fcle kahek\u00fcmne aasta.  Saadaval on palju erinevaid plaadi m\u00f5\u00f5tmeid, sealhulgas populaarne prantsuse muster.  Et n\u00e4ha hinda, valige palun plaadi m\u00f5\u00f5tmed. Tasuta transport tellimustele \u00fcle 25 m2.","og_url":"https:\/\/saxbystone.com\/et\/toode\/ivory-travertine-trummeldatud\/","og_site_name":"Saxby Stone","article_modified_time":"2025-11-26T09:23:46+00:00","og_image":[{"width":900,"height":600,"url":"https:\/\/saxbystone.com\/wp-content\/uploads\/2024\/10\/12-Ivory-Travertine-Tumbled.jpg","type":"image\/jpeg"}],"twitter_card":"summary_large_image","schema":{"@context":"https:\/\/schema.org","@graph":[{"@type":"WebPage","@id":"https:\/\/saxbystone.com\/et\/toode\/ivory-travertine-trummeldatud\/","url":"https:\/\/saxbystone.com\/et\/toode\/ivory-travertine-trummeldatud\/","name":"Ivory Travertine, trummeldatud - Saxby Stone","isPartOf":{"@id":"https:\/\/saxbystone.com\/et\/#website"},"primaryImageOfPage":{"@id":"https:\/\/saxbystone.com\/et\/toode\/ivory-travertine-trummeldatud\/#primaryimage"},"image":{"@id":"https:\/\/saxbystone.com\/et\/toode\/ivory-travertine-trummeldatud\/#primaryimage"},"thumbnailUrl":"https:\/\/saxbystone.com\/wp-content\/uploads\/2024\/10\/12-Ivory-Travertine-Tumbled.jpg","datePublished":"2024-10-25T10:48:27+00:00","dateModified":"2025-11-26T09:23:46+00:00","breadcrumb":{"@id":"https:\/\/saxbystone.com\/et\/toode\/ivory-travertine-trummeldatud\/#breadcrumb"},"inLanguage":"et","potentialAction":[{"@type":"ReadAction","target":["https:\/\/saxbystone.com\/et\/toode\/ivory-travertine-trummeldatud\/"]}]},{"@type":"ImageObject","inLanguage":"et","@id":"https:\/\/saxbystone.com\/et\/toode\/ivory-travertine-trummeldatud\/#primaryimage","url":"https:\/\/saxbystone.com\/wp-content\/uploads\/2024\/10\/12-Ivory-Travertine-Tumbled.jpg","contentUrl":"https:\/\/saxbystone.com\/wp-content\/uploads\/2024\/10\/12-Ivory-Travertine-Tumbled.jpg","width":900,"height":600},{"@type":"BreadcrumbList","@id":"https:\/\/saxbystone.com\/et\/toode\/ivory-travertine-trummeldatud\/#breadcrumb","itemListElement":[{"@type":"ListItem","position":1,"name":"Home","item":"https:\/\/saxbystone.com\/et\/"},{"@type":"ListItem","position":2,"name":"Meie tooted","item":"https:\/\/saxbystone.com\/et\/meie-tooted\/"},{"@type":"ListItem","position":3,"name":"Ivory Travertine, trummeldatud"}]},{"@type":"WebSite","@id":"https:\/\/saxbystone.com\/et\/#website","url":"https:\/\/saxbystone.com\/et\/","name":"Saxby Stone","description":"Natural stone tiles","publisher":{"@id":"https:\/\/saxbystone.com\/et\/#organization"},"potentialAction":[{"@type":"SearchAction","target":{"@type":"EntryPoint","urlTemplate":"https:\/\/saxbystone.com\/et\/?s={search_term_string}"},"query-input":{"@type":"PropertyValueSpecification","valueRequired":true,"valueName":"search_term_string"}}],"inLanguage":"et"},{"@type":"Organization","@id":"https:\/\/saxbystone.com\/et\/#organization","name":"Saxby Stone","url":"https:\/\/saxbystone.com\/et\/","logo":{"@type":"ImageObject","inLanguage":"et","@id":"https:\/\/saxbystone.com\/et\/#\/schema\/logo\/image\/","url":"https:\/\/saxbystone.com\/wp-content\/uploads\/2024\/09\/cropped-Saxby-Stone-logo-official-1st.png","contentUrl":"https:\/\/saxbystone.com\/wp-content\/uploads\/2024\/09\/cropped-Saxby-Stone-logo-official-1st.png","width":512,"height":512,"caption":"Saxby Stone"},"image":{"@id":"https:\/\/saxbystone.com\/et\/#\/schema\/logo\/image\/"},"sameAs":["https:\/\/www.instagram.com\/saxbystone\/"]}]}},"_links":{"self":[{"href":"https:\/\/saxbystone.com\/et\/wp-json\/wp\/v2\/product\/4373","targetHints":{"allow":["GET"]}}],"collection":[{"href":"https:\/\/saxbystone.com\/et\/wp-json\/wp\/v2\/product"}],"about":[{"href":"https:\/\/saxbystone.com\/et\/wp-json\/wp\/v2\/types\/product"}],"wp:featuredmedia":[{"embeddable":true,"href":"https:\/\/saxbystone.com\/et\/wp-json\/wp\/v2\/media\/4374"}],"wp:attachment":[{"href":"https:\/\/saxbystone.com\/et\/wp-json\/wp\/v2\/media?parent=4373"}],"wp:term":[{"taxonomy":"product_brand","embeddable":true,"href":"https:\/\/saxbystone.com\/et\/wp-json\/wp\/v2\/product_brand?post=4373"},{"taxonomy":"product_cat","embeddable":true,"href":"https:\/\/saxbystone.com\/et\/wp-json\/wp\/v2\/product_cat?post=4373"},{"taxonomy":"product_tag","embeddable":true,"href":"https:\/\/saxbystone.com\/et\/wp-json\/wp\/v2\/product_tag?post=4373"}],"curies":[{"name":"wp","href":"https:\/\/api.w.org\/{rel}","templated":true}]}}