{"id":4369,"date":"2024-10-25T13:39:56","date_gmt":"2024-10-25T10:39:56","guid":{"rendered":"https:\/\/saxbystone.com\/product\/ivory-travertine-lihvitud\/"},"modified":"2025-11-26T11:26:12","modified_gmt":"2025-11-26T09:26:12","slug":"ivory-travertine-lihvitud","status":"publish","type":"product","link":"https:\/\/saxbystone.com\/et\/toode\/ivory-travertine-lihvitud\/","title":{"rendered":"Ivory Travertine, lihvitud"},"content":{"rendered":"","protected":false},"excerpt":{"rendered":"<p><span style=\"font-weight: 400;\">Meie premiumklassi Ivory Travertine paistab silma \u00fchtlase elevandiluu-bee\u017ei tooniga. L<\/span><span style=\"font-weight: 400;\">ihvitud <\/span><span style=\"font-weight: 400;\">pinnaviimistlusega travertiin sobib ideaalselt kasutamiseks kaasaegsetesse kodudesse, kus selle tagasihoidlik neutraalne v\u00e4rv laseb teistel sisekujunduselementidel esile t\u00f5usta.<\/span><\/p>\n<p><span style=\"font-weight: 400;\">Ivory <\/span><span style=\"font-weight: 400;\">Travertine<\/span><span style=\"font-weight: 400;\"> selged neutraalsed toonid loovad rahuliku <\/span><span style=\"font-weight: 400;\">meeleolu nii <\/span><span style=\"font-weight: 400;\">k\u00f6\u00f6kid<\/span><span style=\"font-weight: 400;\">esse<\/span><span style=\"font-weight: 400;\">, elutubad<\/span><span style=\"font-weight: 400;\">esse<\/span><span style=\"font-weight: 400;\"> kui ka vannitubade<\/span><span style=\"font-weight: 400;\">sse<\/span> <span style=\"font-weight: 400;\">ning sobib kasutamiseks<\/span><span style=\"font-weight: 400;\"> nii linnakorterites kui ka maamajades.<\/span><\/p>\n<p><em>Et n\u00e4ha hinda, valige palun plaadi m\u00f5\u00f5tmed. Tasuta transport tellimustele \u00fcle 25 m<sup>2<\/sup>.<\/em><\/p>\n","protected":false},"featured_media":4565,"template":"","meta":{"_acf_changed":false},"product_brand":[],"product_cat":[232,231],"product_tag":[],"class_list":{"0":"post-4369","1":"product","2":"type-product","3":"status-publish","4":"has-post-thumbnail","6":"product_cat-koik-tooted","7":"product_cat-poranda-ja-seinaplaadid","9":"first","10":"instock","11":"shipping-taxable","12":"purchasable","13":"product-type-variable","14":"add-to-wishlist-after_add_to_cart"},"acf":[],"yoast_head":"<!-- This site is optimized with the Yoast SEO plugin v26.4 - https:\/\/yoast.com\/wordpress\/plugins\/seo\/ -->\n<title>Ivory Travertine, lihvitud - Saxby Stone<\/title>\n<meta name=\"robots\" content=\"index, follow, max-snippet:-1, max-image-preview:large, max-video-preview:-1\" \/>\n<link rel=\"canonical\" href=\"https:\/\/saxbystone.com\/et\/toode\/ivory-travertine-lihvitud\/\" \/>\n<meta property=\"og:locale\" content=\"et_EE\" \/>\n<meta property=\"og:type\" content=\"article\" \/>\n<meta property=\"og:title\" content=\"Ivory Travertine, lihvitud - Saxby Stone\" \/>\n<meta property=\"og:description\" content=\"Meie premiumklassi Ivory Travertine paistab silma \u00fchtlase elevandiluu-bee\u017ei tooniga. Lihvitud pinnaviimistlusega travertiin sobib ideaalselt kasutamiseks kaasaegsetesse kodudesse, kus selle tagasihoidlik neutraalne v\u00e4rv laseb teistel sisekujunduselementidel esile t\u00f5usta.  Ivory Travertine selged neutraalsed toonid loovad rahuliku meeleolu nii k\u00f6\u00f6kidesse, elutubadesse kui ka vannitubadesse ning sobib kasutamiseks nii linnakorterites kui ka maamajades.  Et n\u00e4ha hinda, valige palun plaadi m\u00f5\u00f5tmed. Tasuta transport tellimustele \u00fcle 25 m2.\" \/>\n<meta property=\"og:url\" content=\"https:\/\/saxbystone.com\/et\/toode\/ivory-travertine-lihvitud\/\" \/>\n<meta property=\"og:site_name\" content=\"Saxby Stone\" \/>\n<meta property=\"article:modified_time\" content=\"2025-11-26T09:26:12+00:00\" \/>\n<meta property=\"og:image\" content=\"https:\/\/saxbystone.com\/wp-content\/uploads\/2024\/09\/Beige-Travertine-a-1.jpg\" \/>\n\t<meta property=\"og:image:width\" content=\"900\" \/>\n\t<meta property=\"og:image:height\" content=\"600\" \/>\n\t<meta property=\"og:image:type\" content=\"image\/jpeg\" \/>\n<meta name=\"twitter:card\" content=\"summary_large_image\" \/>\n<script type=\"application\/ld+json\" class=\"yoast-schema-graph\">{\"@context\":\"https:\/\/schema.org\",\"@graph\":[{\"@type\":\"WebPage\",\"@id\":\"https:\/\/saxbystone.com\/et\/toode\/ivory-travertine-lihvitud\/\",\"url\":\"https:\/\/saxbystone.com\/et\/toode\/ivory-travertine-lihvitud\/\",\"name\":\"Ivory Travertine, lihvitud - Saxby Stone\",\"isPartOf\":{\"@id\":\"https:\/\/saxbystone.com\/et\/#website\"},\"primaryImageOfPage\":{\"@id\":\"https:\/\/saxbystone.com\/et\/toode\/ivory-travertine-lihvitud\/#primaryimage\"},\"image\":{\"@id\":\"https:\/\/saxbystone.com\/et\/toode\/ivory-travertine-lihvitud\/#primaryimage\"},\"thumbnailUrl\":\"https:\/\/saxbystone.com\/wp-content\/uploads\/2024\/09\/Beige-Travertine-a-1.jpg\",\"datePublished\":\"2024-10-25T10:39:56+00:00\",\"dateModified\":\"2025-11-26T09:26:12+00:00\",\"breadcrumb\":{\"@id\":\"https:\/\/saxbystone.com\/et\/toode\/ivory-travertine-lihvitud\/#breadcrumb\"},\"inLanguage\":\"et\",\"potentialAction\":[{\"@type\":\"ReadAction\",\"target\":[\"https:\/\/saxbystone.com\/et\/toode\/ivory-travertine-lihvitud\/\"]}]},{\"@type\":\"ImageObject\",\"inLanguage\":\"et\",\"@id\":\"https:\/\/saxbystone.com\/et\/toode\/ivory-travertine-lihvitud\/#primaryimage\",\"url\":\"https:\/\/saxbystone.com\/wp-content\/uploads\/2024\/09\/Beige-Travertine-a-1.jpg\",\"contentUrl\":\"https:\/\/saxbystone.com\/wp-content\/uploads\/2024\/09\/Beige-Travertine-a-1.jpg\",\"width\":900,\"height\":600},{\"@type\":\"BreadcrumbList\",\"@id\":\"https:\/\/saxbystone.com\/et\/toode\/ivory-travertine-lihvitud\/#breadcrumb\",\"itemListElement\":[{\"@type\":\"ListItem\",\"position\":1,\"name\":\"Home\",\"item\":\"https:\/\/saxbystone.com\/et\/\"},{\"@type\":\"ListItem\",\"position\":2,\"name\":\"Meie tooted\",\"item\":\"https:\/\/saxbystone.com\/et\/meie-tooted\/\"},{\"@type\":\"ListItem\",\"position\":3,\"name\":\"Ivory Travertine, lihvitud\"}]},{\"@type\":\"WebSite\",\"@id\":\"https:\/\/saxbystone.com\/et\/#website\",\"url\":\"https:\/\/saxbystone.com\/et\/\",\"name\":\"Saxby Stone\",\"description\":\"Natural stone tiles\",\"publisher\":{\"@id\":\"https:\/\/saxbystone.com\/et\/#organization\"},\"potentialAction\":[{\"@type\":\"SearchAction\",\"target\":{\"@type\":\"EntryPoint\",\"urlTemplate\":\"https:\/\/saxbystone.com\/et\/?s={search_term_string}\"},\"query-input\":{\"@type\":\"PropertyValueSpecification\",\"valueRequired\":true,\"valueName\":\"search_term_string\"}}],\"inLanguage\":\"et\"},{\"@type\":\"Organization\",\"@id\":\"https:\/\/saxbystone.com\/et\/#organization\",\"name\":\"Saxby Stone\",\"url\":\"https:\/\/saxbystone.com\/et\/\",\"logo\":{\"@type\":\"ImageObject\",\"inLanguage\":\"et\",\"@id\":\"https:\/\/saxbystone.com\/et\/#\/schema\/logo\/image\/\",\"url\":\"https:\/\/saxbystone.com\/wp-content\/uploads\/2024\/09\/cropped-Saxby-Stone-logo-official-1st.png\",\"contentUrl\":\"https:\/\/saxbystone.com\/wp-content\/uploads\/2024\/09\/cropped-Saxby-Stone-logo-official-1st.png\",\"width\":512,\"height\":512,\"caption\":\"Saxby Stone\"},\"image\":{\"@id\":\"https:\/\/saxbystone.com\/et\/#\/schema\/logo\/image\/\"},\"sameAs\":[\"https:\/\/www.instagram.com\/saxbystone\/\"]}]}<\/script>\n<!-- \/ Yoast SEO plugin. -->","yoast_head_json":{"title":"Ivory Travertine, lihvitud - Saxby Stone","robots":{"index":"index","follow":"follow","max-snippet":"max-snippet:-1","max-image-preview":"max-image-preview:large","max-video-preview":"max-video-preview:-1"},"canonical":"https:\/\/saxbystone.com\/et\/toode\/ivory-travertine-lihvitud\/","og_locale":"et_EE","og_type":"article","og_title":"Ivory Travertine, lihvitud - Saxby Stone","og_description":"Meie premiumklassi Ivory Travertine paistab silma \u00fchtlase elevandiluu-bee\u017ei tooniga. Lihvitud pinnaviimistlusega travertiin sobib ideaalselt kasutamiseks kaasaegsetesse kodudesse, kus selle tagasihoidlik neutraalne v\u00e4rv laseb teistel sisekujunduselementidel esile t\u00f5usta.  Ivory Travertine selged neutraalsed toonid loovad rahuliku meeleolu nii k\u00f6\u00f6kidesse, elutubadesse kui ka vannitubadesse ning sobib kasutamiseks nii linnakorterites kui ka maamajades.  Et n\u00e4ha hinda, valige palun plaadi m\u00f5\u00f5tmed. Tasuta transport tellimustele \u00fcle 25 m2.","og_url":"https:\/\/saxbystone.com\/et\/toode\/ivory-travertine-lihvitud\/","og_site_name":"Saxby Stone","article_modified_time":"2025-11-26T09:26:12+00:00","og_image":[{"width":900,"height":600,"url":"https:\/\/saxbystone.com\/wp-content\/uploads\/2024\/09\/Beige-Travertine-a-1.jpg","type":"image\/jpeg"}],"twitter_card":"summary_large_image","schema":{"@context":"https:\/\/schema.org","@graph":[{"@type":"WebPage","@id":"https:\/\/saxbystone.com\/et\/toode\/ivory-travertine-lihvitud\/","url":"https:\/\/saxbystone.com\/et\/toode\/ivory-travertine-lihvitud\/","name":"Ivory Travertine, lihvitud - Saxby Stone","isPartOf":{"@id":"https:\/\/saxbystone.com\/et\/#website"},"primaryImageOfPage":{"@id":"https:\/\/saxbystone.com\/et\/toode\/ivory-travertine-lihvitud\/#primaryimage"},"image":{"@id":"https:\/\/saxbystone.com\/et\/toode\/ivory-travertine-lihvitud\/#primaryimage"},"thumbnailUrl":"https:\/\/saxbystone.com\/wp-content\/uploads\/2024\/09\/Beige-Travertine-a-1.jpg","datePublished":"2024-10-25T10:39:56+00:00","dateModified":"2025-11-26T09:26:12+00:00","breadcrumb":{"@id":"https:\/\/saxbystone.com\/et\/toode\/ivory-travertine-lihvitud\/#breadcrumb"},"inLanguage":"et","potentialAction":[{"@type":"ReadAction","target":["https:\/\/saxbystone.com\/et\/toode\/ivory-travertine-lihvitud\/"]}]},{"@type":"ImageObject","inLanguage":"et","@id":"https:\/\/saxbystone.com\/et\/toode\/ivory-travertine-lihvitud\/#primaryimage","url":"https:\/\/saxbystone.com\/wp-content\/uploads\/2024\/09\/Beige-Travertine-a-1.jpg","contentUrl":"https:\/\/saxbystone.com\/wp-content\/uploads\/2024\/09\/Beige-Travertine-a-1.jpg","width":900,"height":600},{"@type":"BreadcrumbList","@id":"https:\/\/saxbystone.com\/et\/toode\/ivory-travertine-lihvitud\/#breadcrumb","itemListElement":[{"@type":"ListItem","position":1,"name":"Home","item":"https:\/\/saxbystone.com\/et\/"},{"@type":"ListItem","position":2,"name":"Meie tooted","item":"https:\/\/saxbystone.com\/et\/meie-tooted\/"},{"@type":"ListItem","position":3,"name":"Ivory Travertine, lihvitud"}]},{"@type":"WebSite","@id":"https:\/\/saxbystone.com\/et\/#website","url":"https:\/\/saxbystone.com\/et\/","name":"Saxby Stone","description":"Natural stone tiles","publisher":{"@id":"https:\/\/saxbystone.com\/et\/#organization"},"potentialAction":[{"@type":"SearchAction","target":{"@type":"EntryPoint","urlTemplate":"https:\/\/saxbystone.com\/et\/?s={search_term_string}"},"query-input":{"@type":"PropertyValueSpecification","valueRequired":true,"valueName":"search_term_string"}}],"inLanguage":"et"},{"@type":"Organization","@id":"https:\/\/saxbystone.com\/et\/#organization","name":"Saxby Stone","url":"https:\/\/saxbystone.com\/et\/","logo":{"@type":"ImageObject","inLanguage":"et","@id":"https:\/\/saxbystone.com\/et\/#\/schema\/logo\/image\/","url":"https:\/\/saxbystone.com\/wp-content\/uploads\/2024\/09\/cropped-Saxby-Stone-logo-official-1st.png","contentUrl":"https:\/\/saxbystone.com\/wp-content\/uploads\/2024\/09\/cropped-Saxby-Stone-logo-official-1st.png","width":512,"height":512,"caption":"Saxby Stone"},"image":{"@id":"https:\/\/saxbystone.com\/et\/#\/schema\/logo\/image\/"},"sameAs":["https:\/\/www.instagram.com\/saxbystone\/"]}]}},"_links":{"self":[{"href":"https:\/\/saxbystone.com\/et\/wp-json\/wp\/v2\/product\/4369","targetHints":{"allow":["GET"]}}],"collection":[{"href":"https:\/\/saxbystone.com\/et\/wp-json\/wp\/v2\/product"}],"about":[{"href":"https:\/\/saxbystone.com\/et\/wp-json\/wp\/v2\/types\/product"}],"wp:featuredmedia":[{"embeddable":true,"href":"https:\/\/saxbystone.com\/et\/wp-json\/wp\/v2\/media\/4565"}],"wp:attachment":[{"href":"https:\/\/saxbystone.com\/et\/wp-json\/wp\/v2\/media?parent=4369"}],"wp:term":[{"taxonomy":"product_brand","embeddable":true,"href":"https:\/\/saxbystone.com\/et\/wp-json\/wp\/v2\/product_brand?post=4369"},{"taxonomy":"product_cat","embeddable":true,"href":"https:\/\/saxbystone.com\/et\/wp-json\/wp\/v2\/product_cat?post=4369"},{"taxonomy":"product_tag","embeddable":true,"href":"https:\/\/saxbystone.com\/et\/wp-json\/wp\/v2\/product_tag?post=4369"}],"curies":[{"name":"wp","href":"https:\/\/api.w.org\/{rel}","templated":true}]}}