{"id":4352,"date":"2024-10-25T11:53:03","date_gmt":"2024-10-25T08:53:03","guid":{"rendered":"https:\/\/saxbystone.com\/product\/umbria-paekivi-trummeldatud\/"},"modified":"2026-02-27T08:46:47","modified_gmt":"2026-02-27T06:46:47","slug":"umbria-trummeldatud","status":"publish","type":"product","link":"https:\/\/saxbystone.com\/et\/toode\/umbria-trummeldatud\/","title":{"rendered":"Umbria paekivi, trummeldatud"},"content":{"rendered":"","protected":false},"excerpt":{"rendered":"<p><span style=\"font-weight: 400;\">Meie <\/span><span style=\"font-weight: 400;\">trummeldatud<\/span><span style=\"font-weight: 400;\"> pinnaviimistlusega Umbria paekiviplaadid loovad rustikaalse, maapiirkonnale omase meeleolu. <\/span><span style=\"font-weight: 400;\">See mee v\u00e4rvusega paekivi sisaldab <\/span><span style=\"font-weight: 400;\">v\u00e4hesel m\u00e4\u00e4ral <\/span><span style=\"font-weight: 400;\">toonimuutusi ning sisaldab rikkal<\/span><span style=\"font-weight: 400;\">ikult fossiile<\/span><span style=\"font-weight: 400;\">, mis <\/span><span style=\"font-weight: 400;\">annavad<\/span><span style=\"font-weight: 400;\"> kivile suurep\u00e4rase <\/span><span style=\"font-weight: 400;\">iseloomu.<\/span><\/p>\n<p><span style=\"font-weight: 400;\">Sobib suurep\u00e4raselt nii villasse kui ka talumajja. <\/span><span style=\"font-weight: 400;\">Meie Umbria paekiviplaadid on kvaliteetsed ja vastupidavad ning loovad igasse k\u00f6\u00f6ki ja elutuppa hubase meeleolu.<\/span><\/p>\n<p><span style=\"font-weight: 400;\">Selle paekivi soojad <\/span><span style=\"font-weight: 400;\">meekarva<\/span><span style=\"font-weight: 400;\"> toonid t\u00f5stavad tuju ka<\/span><span style=\"font-weight: 400;\"> P\u00f5hjamaade <\/span><span style=\"font-weight: 400;\">k\u00f5ige pimedamatel talvep\u00e4evadel!<\/span><\/p>\n<p><em>Et n\u00e4ha hinda, valige palun plaadi m\u00f5\u00f5tmed.\u00a0<\/em><em>Tasuta transport tellimustele \u00fcle 25 m<sup>2<\/sup>. <\/em><\/p>\n","protected":false},"featured_media":4353,"template":"","meta":{"_acf_changed":false},"product_brand":[],"product_cat":[232,231],"product_tag":[],"class_list":{"0":"post-4352","1":"product","2":"type-product","3":"status-publish","4":"has-post-thumbnail","6":"product_cat-koik-tooted","7":"product_cat-poranda-ja-seinaplaadid","9":"first","10":"instock","11":"shipping-taxable","12":"purchasable","13":"product-type-variable","14":"add-to-wishlist-after_add_to_cart"},"acf":[],"yoast_head":"<!-- This site is optimized with the Yoast SEO plugin v26.4 - https:\/\/yoast.com\/wordpress\/plugins\/seo\/ -->\n<title>Umbria paekivi, trummeldatud - Saxby Stone<\/title>\n<meta name=\"robots\" content=\"index, follow, max-snippet:-1, max-image-preview:large, max-video-preview:-1\" \/>\n<link rel=\"canonical\" href=\"https:\/\/saxbystone.com\/et\/toode\/umbria-trummeldatud\/\" \/>\n<meta property=\"og:locale\" content=\"et_EE\" \/>\n<meta property=\"og:type\" content=\"article\" \/>\n<meta property=\"og:title\" content=\"Umbria paekivi, trummeldatud - Saxby Stone\" \/>\n<meta property=\"og:description\" content=\"Meie trummeldatud pinnaviimistlusega Umbria paekiviplaadid loovad rustikaalse, maapiirkonnale omase meeleolu. See mee v\u00e4rvusega paekivi sisaldab v\u00e4hesel m\u00e4\u00e4ral toonimuutusi ning sisaldab rikkalikult fossiile, mis annavad kivile suurep\u00e4rase iseloomu.  Sobib suurep\u00e4raselt nii villasse kui ka talumajja. Meie Umbria paekiviplaadid on kvaliteetsed ja vastupidavad ning loovad igasse k\u00f6\u00f6ki ja elutuppa hubase meeleolu.  Selle paekivi soojad meekarva toonid t\u00f5stavad tuju ka P\u00f5hjamaade k\u00f5ige pimedamatel talvep\u00e4evadel!  Et n\u00e4ha hinda, valige palun plaadi m\u00f5\u00f5tmed.\u00a0Tasuta transport tellimustele \u00fcle 25 m2.\" \/>\n<meta property=\"og:url\" content=\"https:\/\/saxbystone.com\/et\/toode\/umbria-trummeldatud\/\" \/>\n<meta property=\"og:site_name\" content=\"Saxby Stone\" \/>\n<meta property=\"article:modified_time\" content=\"2026-02-27T06:46:47+00:00\" \/>\n<meta property=\"og:image\" content=\"https:\/\/saxbystone.com\/wp-content\/uploads\/2024\/10\/Umbria-Limestone.jpg\" \/>\n\t<meta property=\"og:image:width\" content=\"720\" \/>\n\t<meta property=\"og:image:height\" content=\"540\" \/>\n\t<meta property=\"og:image:type\" content=\"image\/jpeg\" \/>\n<meta name=\"twitter:card\" content=\"summary_large_image\" \/>\n<meta name=\"twitter:label1\" content=\"Est. reading time\" \/>\n\t<meta name=\"twitter:data1\" content=\"1 minut\" \/>\n<script type=\"application\/ld+json\" class=\"yoast-schema-graph\">{\"@context\":\"https:\/\/schema.org\",\"@graph\":[{\"@type\":\"WebPage\",\"@id\":\"https:\/\/saxbystone.com\/et\/toode\/umbria-trummeldatud\/\",\"url\":\"https:\/\/saxbystone.com\/et\/toode\/umbria-trummeldatud\/\",\"name\":\"Umbria paekivi, trummeldatud - Saxby Stone\",\"isPartOf\":{\"@id\":\"https:\/\/saxbystone.com\/et\/#website\"},\"primaryImageOfPage\":{\"@id\":\"https:\/\/saxbystone.com\/et\/toode\/umbria-trummeldatud\/#primaryimage\"},\"image\":{\"@id\":\"https:\/\/saxbystone.com\/et\/toode\/umbria-trummeldatud\/#primaryimage\"},\"thumbnailUrl\":\"https:\/\/saxbystone.com\/wp-content\/uploads\/2024\/10\/Umbria-Limestone.jpg\",\"datePublished\":\"2024-10-25T08:53:03+00:00\",\"dateModified\":\"2026-02-27T06:46:47+00:00\",\"breadcrumb\":{\"@id\":\"https:\/\/saxbystone.com\/et\/toode\/umbria-trummeldatud\/#breadcrumb\"},\"inLanguage\":\"et\",\"potentialAction\":[{\"@type\":\"ReadAction\",\"target\":[\"https:\/\/saxbystone.com\/et\/toode\/umbria-trummeldatud\/\"]}]},{\"@type\":\"ImageObject\",\"inLanguage\":\"et\",\"@id\":\"https:\/\/saxbystone.com\/et\/toode\/umbria-trummeldatud\/#primaryimage\",\"url\":\"https:\/\/saxbystone.com\/wp-content\/uploads\/2024\/10\/Umbria-Limestone.jpg\",\"contentUrl\":\"https:\/\/saxbystone.com\/wp-content\/uploads\/2024\/10\/Umbria-Limestone.jpg\",\"width\":720,\"height\":540},{\"@type\":\"BreadcrumbList\",\"@id\":\"https:\/\/saxbystone.com\/et\/toode\/umbria-trummeldatud\/#breadcrumb\",\"itemListElement\":[{\"@type\":\"ListItem\",\"position\":1,\"name\":\"Home\",\"item\":\"https:\/\/saxbystone.com\/et\/\"},{\"@type\":\"ListItem\",\"position\":2,\"name\":\"Meie tooted\",\"item\":\"https:\/\/saxbystone.com\/et\/meie-tooted\/\"},{\"@type\":\"ListItem\",\"position\":3,\"name\":\"Umbria paekivi, trummeldatud\"}]},{\"@type\":\"WebSite\",\"@id\":\"https:\/\/saxbystone.com\/et\/#website\",\"url\":\"https:\/\/saxbystone.com\/et\/\",\"name\":\"Saxby Stone\",\"description\":\"Natural stone tiles\",\"publisher\":{\"@id\":\"https:\/\/saxbystone.com\/et\/#organization\"},\"potentialAction\":[{\"@type\":\"SearchAction\",\"target\":{\"@type\":\"EntryPoint\",\"urlTemplate\":\"https:\/\/saxbystone.com\/et\/?s={search_term_string}\"},\"query-input\":{\"@type\":\"PropertyValueSpecification\",\"valueRequired\":true,\"valueName\":\"search_term_string\"}}],\"inLanguage\":\"et\"},{\"@type\":\"Organization\",\"@id\":\"https:\/\/saxbystone.com\/et\/#organization\",\"name\":\"Saxby Stone\",\"url\":\"https:\/\/saxbystone.com\/et\/\",\"logo\":{\"@type\":\"ImageObject\",\"inLanguage\":\"et\",\"@id\":\"https:\/\/saxbystone.com\/et\/#\/schema\/logo\/image\/\",\"url\":\"https:\/\/saxbystone.com\/wp-content\/uploads\/2024\/09\/cropped-Saxby-Stone-logo-official-1st.png\",\"contentUrl\":\"https:\/\/saxbystone.com\/wp-content\/uploads\/2024\/09\/cropped-Saxby-Stone-logo-official-1st.png\",\"width\":512,\"height\":512,\"caption\":\"Saxby Stone\"},\"image\":{\"@id\":\"https:\/\/saxbystone.com\/et\/#\/schema\/logo\/image\/\"},\"sameAs\":[\"https:\/\/www.instagram.com\/saxbystone\/\"]}]}<\/script>\n<!-- \/ Yoast SEO plugin. -->","yoast_head_json":{"title":"Umbria paekivi, trummeldatud - Saxby Stone","robots":{"index":"index","follow":"follow","max-snippet":"max-snippet:-1","max-image-preview":"max-image-preview:large","max-video-preview":"max-video-preview:-1"},"canonical":"https:\/\/saxbystone.com\/et\/toode\/umbria-trummeldatud\/","og_locale":"et_EE","og_type":"article","og_title":"Umbria paekivi, trummeldatud - Saxby Stone","og_description":"Meie trummeldatud pinnaviimistlusega Umbria paekiviplaadid loovad rustikaalse, maapiirkonnale omase meeleolu. See mee v\u00e4rvusega paekivi sisaldab v\u00e4hesel m\u00e4\u00e4ral toonimuutusi ning sisaldab rikkalikult fossiile, mis annavad kivile suurep\u00e4rase iseloomu.  Sobib suurep\u00e4raselt nii villasse kui ka talumajja. Meie Umbria paekiviplaadid on kvaliteetsed ja vastupidavad ning loovad igasse k\u00f6\u00f6ki ja elutuppa hubase meeleolu.  Selle paekivi soojad meekarva toonid t\u00f5stavad tuju ka P\u00f5hjamaade k\u00f5ige pimedamatel talvep\u00e4evadel!  Et n\u00e4ha hinda, valige palun plaadi m\u00f5\u00f5tmed.\u00a0Tasuta transport tellimustele \u00fcle 25 m2.","og_url":"https:\/\/saxbystone.com\/et\/toode\/umbria-trummeldatud\/","og_site_name":"Saxby Stone","article_modified_time":"2026-02-27T06:46:47+00:00","og_image":[{"width":720,"height":540,"url":"https:\/\/saxbystone.com\/wp-content\/uploads\/2024\/10\/Umbria-Limestone.jpg","type":"image\/jpeg"}],"twitter_card":"summary_large_image","twitter_misc":{"Est. reading time":"1 minut"},"schema":{"@context":"https:\/\/schema.org","@graph":[{"@type":"WebPage","@id":"https:\/\/saxbystone.com\/et\/toode\/umbria-trummeldatud\/","url":"https:\/\/saxbystone.com\/et\/toode\/umbria-trummeldatud\/","name":"Umbria paekivi, trummeldatud - Saxby Stone","isPartOf":{"@id":"https:\/\/saxbystone.com\/et\/#website"},"primaryImageOfPage":{"@id":"https:\/\/saxbystone.com\/et\/toode\/umbria-trummeldatud\/#primaryimage"},"image":{"@id":"https:\/\/saxbystone.com\/et\/toode\/umbria-trummeldatud\/#primaryimage"},"thumbnailUrl":"https:\/\/saxbystone.com\/wp-content\/uploads\/2024\/10\/Umbria-Limestone.jpg","datePublished":"2024-10-25T08:53:03+00:00","dateModified":"2026-02-27T06:46:47+00:00","breadcrumb":{"@id":"https:\/\/saxbystone.com\/et\/toode\/umbria-trummeldatud\/#breadcrumb"},"inLanguage":"et","potentialAction":[{"@type":"ReadAction","target":["https:\/\/saxbystone.com\/et\/toode\/umbria-trummeldatud\/"]}]},{"@type":"ImageObject","inLanguage":"et","@id":"https:\/\/saxbystone.com\/et\/toode\/umbria-trummeldatud\/#primaryimage","url":"https:\/\/saxbystone.com\/wp-content\/uploads\/2024\/10\/Umbria-Limestone.jpg","contentUrl":"https:\/\/saxbystone.com\/wp-content\/uploads\/2024\/10\/Umbria-Limestone.jpg","width":720,"height":540},{"@type":"BreadcrumbList","@id":"https:\/\/saxbystone.com\/et\/toode\/umbria-trummeldatud\/#breadcrumb","itemListElement":[{"@type":"ListItem","position":1,"name":"Home","item":"https:\/\/saxbystone.com\/et\/"},{"@type":"ListItem","position":2,"name":"Meie tooted","item":"https:\/\/saxbystone.com\/et\/meie-tooted\/"},{"@type":"ListItem","position":3,"name":"Umbria paekivi, trummeldatud"}]},{"@type":"WebSite","@id":"https:\/\/saxbystone.com\/et\/#website","url":"https:\/\/saxbystone.com\/et\/","name":"Saxby Stone","description":"Natural stone tiles","publisher":{"@id":"https:\/\/saxbystone.com\/et\/#organization"},"potentialAction":[{"@type":"SearchAction","target":{"@type":"EntryPoint","urlTemplate":"https:\/\/saxbystone.com\/et\/?s={search_term_string}"},"query-input":{"@type":"PropertyValueSpecification","valueRequired":true,"valueName":"search_term_string"}}],"inLanguage":"et"},{"@type":"Organization","@id":"https:\/\/saxbystone.com\/et\/#organization","name":"Saxby Stone","url":"https:\/\/saxbystone.com\/et\/","logo":{"@type":"ImageObject","inLanguage":"et","@id":"https:\/\/saxbystone.com\/et\/#\/schema\/logo\/image\/","url":"https:\/\/saxbystone.com\/wp-content\/uploads\/2024\/09\/cropped-Saxby-Stone-logo-official-1st.png","contentUrl":"https:\/\/saxbystone.com\/wp-content\/uploads\/2024\/09\/cropped-Saxby-Stone-logo-official-1st.png","width":512,"height":512,"caption":"Saxby Stone"},"image":{"@id":"https:\/\/saxbystone.com\/et\/#\/schema\/logo\/image\/"},"sameAs":["https:\/\/www.instagram.com\/saxbystone\/"]}]}},"_links":{"self":[{"href":"https:\/\/saxbystone.com\/et\/wp-json\/wp\/v2\/product\/4352","targetHints":{"allow":["GET"]}}],"collection":[{"href":"https:\/\/saxbystone.com\/et\/wp-json\/wp\/v2\/product"}],"about":[{"href":"https:\/\/saxbystone.com\/et\/wp-json\/wp\/v2\/types\/product"}],"wp:featuredmedia":[{"embeddable":true,"href":"https:\/\/saxbystone.com\/et\/wp-json\/wp\/v2\/media\/4353"}],"wp:attachment":[{"href":"https:\/\/saxbystone.com\/et\/wp-json\/wp\/v2\/media?parent=4352"}],"wp:term":[{"taxonomy":"product_brand","embeddable":true,"href":"https:\/\/saxbystone.com\/et\/wp-json\/wp\/v2\/product_brand?post=4352"},{"taxonomy":"product_cat","embeddable":true,"href":"https:\/\/saxbystone.com\/et\/wp-json\/wp\/v2\/product_cat?post=4352"},{"taxonomy":"product_tag","embeddable":true,"href":"https:\/\/saxbystone.com\/et\/wp-json\/wp\/v2\/product_tag?post=4352"}],"curies":[{"name":"wp","href":"https:\/\/api.w.org\/{rel}","templated":true}]}}