{"id":4345,"date":"2024-10-25T11:42:33","date_gmt":"2024-10-25T08:42:33","guid":{"rendered":"https:\/\/saxbystone.com\/product\/burford-grey-blend-trummeldatud\/"},"modified":"2026-02-27T08:48:06","modified_gmt":"2026-02-27T06:48:06","slug":"burford-grey-blend-trummeldatud","status":"publish","type":"product","link":"https:\/\/saxbystone.com\/et\/toode\/burford-grey-blend-trummeldatud\/","title":{"rendered":"Burford Grey Blend, trummeldatud"},"content":{"rendered":"","protected":false},"excerpt":{"rendered":"<p><span style=\"font-weight: 400;\">Burford Grey Blend <\/span><span style=\"font-weight: 400;\">selektsioon kuulub teise klassi plaatide valiku hulka, mitte esimese klassi valikusse<\/span><span style=\"font-weight: 400;\">. Nendel paekiviplaatidel v\u00f5ib esineda suuremat v\u00e4rvitoonide varieeruvust, rohkem kaltsiidiveene ning pinna s\u00fcvendeid ja lohke, mis on k\u00f5ik <\/span><span style=\"font-weight: 400;\">looduskivile iseloomulikud<\/span><span style=\"font-weight: 400;\"> omadused. K\u00f5ik esitatud pildid on tehtud varasematest Burford Grey Blend partiidest ja annavad <\/span><span style=\"font-weight: 400;\">\u2018Blend\u2019 selektsioonist <\/span><span style=\"font-weight: 400;\">hea ettekujutuse, kuid palume arvestada, et Burford <\/span><span style=\"font-weight: 400;\">Grey<\/span><span style=\"font-weight: 400;\"> Blend <\/span><span style=\"font-weight: 400;\">erinevad partiid v\u00f5ivad olla suuremate variatsioonidega.<\/span><\/p>\n<p><em>Et n\u00e4ha hinda, valige palun plaadi m\u00f5\u00f5tmed. Tasuta transport tellimustele \u00fcle 25 m<sup>2<\/sup>. Allahindlus tellimustele \u00fcle 100 m<sup>2<\/sup>.<\/em><\/p>\n","protected":false},"featured_media":4346,"template":"","meta":{"_acf_changed":false},"product_brand":[],"product_cat":[232,231],"product_tag":[],"class_list":{"0":"post-4345","1":"product","2":"type-product","3":"status-publish","4":"has-post-thumbnail","6":"product_cat-koik-tooted","7":"product_cat-poranda-ja-seinaplaadid","9":"first","10":"instock","11":"shipping-taxable","12":"purchasable","13":"product-type-variable","14":"add-to-wishlist-after_add_to_cart"},"acf":[],"yoast_head":"<!-- This site is optimized with the Yoast SEO plugin v26.4 - https:\/\/yoast.com\/wordpress\/plugins\/seo\/ -->\n<title>Burford Grey Blend, trummeldatud - Saxby Stone<\/title>\n<meta name=\"robots\" content=\"index, follow, max-snippet:-1, max-image-preview:large, max-video-preview:-1\" \/>\n<link rel=\"canonical\" href=\"https:\/\/saxbystone.com\/et\/toode\/burford-grey-blend-trummeldatud\/\" \/>\n<meta property=\"og:locale\" content=\"et_EE\" \/>\n<meta property=\"og:type\" content=\"article\" \/>\n<meta property=\"og:title\" content=\"Burford Grey Blend, trummeldatud - Saxby Stone\" \/>\n<meta property=\"og:description\" content=\"Burford Grey Blend selektsioon kuulub teise klassi plaatide valiku hulka, mitte esimese klassi valikusse. Nendel paekiviplaatidel v\u00f5ib esineda suuremat v\u00e4rvitoonide varieeruvust, rohkem kaltsiidiveene ning pinna s\u00fcvendeid ja lohke, mis on k\u00f5ik looduskivile iseloomulikud omadused. K\u00f5ik esitatud pildid on tehtud varasematest Burford Grey Blend partiidest ja annavad \u2018Blend\u2019 selektsioonist hea ettekujutuse, kuid palume arvestada, et Burford Grey Blend erinevad partiid v\u00f5ivad olla suuremate variatsioonidega.  Et n\u00e4ha hinda, valige palun plaadi m\u00f5\u00f5tmed. Tasuta transport tellimustele \u00fcle 25 m2. Allahindlus tellimustele \u00fcle 100 m2.\" \/>\n<meta property=\"og:url\" content=\"https:\/\/saxbystone.com\/et\/toode\/burford-grey-blend-trummeldatud\/\" \/>\n<meta property=\"og:site_name\" content=\"Saxby Stone\" \/>\n<meta property=\"article:modified_time\" content=\"2026-02-27T06:48:06+00:00\" \/>\n<meta property=\"og:image\" content=\"https:\/\/saxbystone.com\/wp-content\/uploads\/2024\/10\/Burford-Grey-Blend-Tumbled-Limestone.jpg\" \/>\n\t<meta property=\"og:image:width\" content=\"922\" \/>\n\t<meta property=\"og:image:height\" content=\"692\" \/>\n\t<meta property=\"og:image:type\" content=\"image\/jpeg\" \/>\n<meta name=\"twitter:card\" content=\"summary_large_image\" \/>\n<script type=\"application\/ld+json\" class=\"yoast-schema-graph\">{\"@context\":\"https:\/\/schema.org\",\"@graph\":[{\"@type\":\"WebPage\",\"@id\":\"https:\/\/saxbystone.com\/et\/toode\/burford-grey-blend-trummeldatud\/\",\"url\":\"https:\/\/saxbystone.com\/et\/toode\/burford-grey-blend-trummeldatud\/\",\"name\":\"Burford Grey Blend, trummeldatud - Saxby Stone\",\"isPartOf\":{\"@id\":\"https:\/\/saxbystone.com\/et\/#website\"},\"primaryImageOfPage\":{\"@id\":\"https:\/\/saxbystone.com\/et\/toode\/burford-grey-blend-trummeldatud\/#primaryimage\"},\"image\":{\"@id\":\"https:\/\/saxbystone.com\/et\/toode\/burford-grey-blend-trummeldatud\/#primaryimage\"},\"thumbnailUrl\":\"https:\/\/saxbystone.com\/wp-content\/uploads\/2024\/10\/Burford-Grey-Blend-Tumbled-Limestone.jpg\",\"datePublished\":\"2024-10-25T08:42:33+00:00\",\"dateModified\":\"2026-02-27T06:48:06+00:00\",\"breadcrumb\":{\"@id\":\"https:\/\/saxbystone.com\/et\/toode\/burford-grey-blend-trummeldatud\/#breadcrumb\"},\"inLanguage\":\"et\",\"potentialAction\":[{\"@type\":\"ReadAction\",\"target\":[\"https:\/\/saxbystone.com\/et\/toode\/burford-grey-blend-trummeldatud\/\"]}]},{\"@type\":\"ImageObject\",\"inLanguage\":\"et\",\"@id\":\"https:\/\/saxbystone.com\/et\/toode\/burford-grey-blend-trummeldatud\/#primaryimage\",\"url\":\"https:\/\/saxbystone.com\/wp-content\/uploads\/2024\/10\/Burford-Grey-Blend-Tumbled-Limestone.jpg\",\"contentUrl\":\"https:\/\/saxbystone.com\/wp-content\/uploads\/2024\/10\/Burford-Grey-Blend-Tumbled-Limestone.jpg\",\"width\":922,\"height\":692},{\"@type\":\"BreadcrumbList\",\"@id\":\"https:\/\/saxbystone.com\/et\/toode\/burford-grey-blend-trummeldatud\/#breadcrumb\",\"itemListElement\":[{\"@type\":\"ListItem\",\"position\":1,\"name\":\"Home\",\"item\":\"https:\/\/saxbystone.com\/et\/\"},{\"@type\":\"ListItem\",\"position\":2,\"name\":\"Meie tooted\",\"item\":\"https:\/\/saxbystone.com\/et\/meie-tooted\/\"},{\"@type\":\"ListItem\",\"position\":3,\"name\":\"Burford Grey Blend, trummeldatud\"}]},{\"@type\":\"WebSite\",\"@id\":\"https:\/\/saxbystone.com\/et\/#website\",\"url\":\"https:\/\/saxbystone.com\/et\/\",\"name\":\"Saxby Stone\",\"description\":\"Natural stone tiles\",\"publisher\":{\"@id\":\"https:\/\/saxbystone.com\/et\/#organization\"},\"potentialAction\":[{\"@type\":\"SearchAction\",\"target\":{\"@type\":\"EntryPoint\",\"urlTemplate\":\"https:\/\/saxbystone.com\/et\/?s={search_term_string}\"},\"query-input\":{\"@type\":\"PropertyValueSpecification\",\"valueRequired\":true,\"valueName\":\"search_term_string\"}}],\"inLanguage\":\"et\"},{\"@type\":\"Organization\",\"@id\":\"https:\/\/saxbystone.com\/et\/#organization\",\"name\":\"Saxby Stone\",\"url\":\"https:\/\/saxbystone.com\/et\/\",\"logo\":{\"@type\":\"ImageObject\",\"inLanguage\":\"et\",\"@id\":\"https:\/\/saxbystone.com\/et\/#\/schema\/logo\/image\/\",\"url\":\"https:\/\/saxbystone.com\/wp-content\/uploads\/2024\/09\/cropped-Saxby-Stone-logo-official-1st.png\",\"contentUrl\":\"https:\/\/saxbystone.com\/wp-content\/uploads\/2024\/09\/cropped-Saxby-Stone-logo-official-1st.png\",\"width\":512,\"height\":512,\"caption\":\"Saxby Stone\"},\"image\":{\"@id\":\"https:\/\/saxbystone.com\/et\/#\/schema\/logo\/image\/\"},\"sameAs\":[\"https:\/\/www.instagram.com\/saxbystone\/\"]}]}<\/script>\n<!-- \/ Yoast SEO plugin. -->","yoast_head_json":{"title":"Burford Grey Blend, trummeldatud - Saxby Stone","robots":{"index":"index","follow":"follow","max-snippet":"max-snippet:-1","max-image-preview":"max-image-preview:large","max-video-preview":"max-video-preview:-1"},"canonical":"https:\/\/saxbystone.com\/et\/toode\/burford-grey-blend-trummeldatud\/","og_locale":"et_EE","og_type":"article","og_title":"Burford Grey Blend, trummeldatud - Saxby Stone","og_description":"Burford Grey Blend selektsioon kuulub teise klassi plaatide valiku hulka, mitte esimese klassi valikusse. Nendel paekiviplaatidel v\u00f5ib esineda suuremat v\u00e4rvitoonide varieeruvust, rohkem kaltsiidiveene ning pinna s\u00fcvendeid ja lohke, mis on k\u00f5ik looduskivile iseloomulikud omadused. K\u00f5ik esitatud pildid on tehtud varasematest Burford Grey Blend partiidest ja annavad \u2018Blend\u2019 selektsioonist hea ettekujutuse, kuid palume arvestada, et Burford Grey Blend erinevad partiid v\u00f5ivad olla suuremate variatsioonidega.  Et n\u00e4ha hinda, valige palun plaadi m\u00f5\u00f5tmed. Tasuta transport tellimustele \u00fcle 25 m2. Allahindlus tellimustele \u00fcle 100 m2.","og_url":"https:\/\/saxbystone.com\/et\/toode\/burford-grey-blend-trummeldatud\/","og_site_name":"Saxby Stone","article_modified_time":"2026-02-27T06:48:06+00:00","og_image":[{"width":922,"height":692,"url":"https:\/\/saxbystone.com\/wp-content\/uploads\/2024\/10\/Burford-Grey-Blend-Tumbled-Limestone.jpg","type":"image\/jpeg"}],"twitter_card":"summary_large_image","schema":{"@context":"https:\/\/schema.org","@graph":[{"@type":"WebPage","@id":"https:\/\/saxbystone.com\/et\/toode\/burford-grey-blend-trummeldatud\/","url":"https:\/\/saxbystone.com\/et\/toode\/burford-grey-blend-trummeldatud\/","name":"Burford Grey Blend, trummeldatud - Saxby Stone","isPartOf":{"@id":"https:\/\/saxbystone.com\/et\/#website"},"primaryImageOfPage":{"@id":"https:\/\/saxbystone.com\/et\/toode\/burford-grey-blend-trummeldatud\/#primaryimage"},"image":{"@id":"https:\/\/saxbystone.com\/et\/toode\/burford-grey-blend-trummeldatud\/#primaryimage"},"thumbnailUrl":"https:\/\/saxbystone.com\/wp-content\/uploads\/2024\/10\/Burford-Grey-Blend-Tumbled-Limestone.jpg","datePublished":"2024-10-25T08:42:33+00:00","dateModified":"2026-02-27T06:48:06+00:00","breadcrumb":{"@id":"https:\/\/saxbystone.com\/et\/toode\/burford-grey-blend-trummeldatud\/#breadcrumb"},"inLanguage":"et","potentialAction":[{"@type":"ReadAction","target":["https:\/\/saxbystone.com\/et\/toode\/burford-grey-blend-trummeldatud\/"]}]},{"@type":"ImageObject","inLanguage":"et","@id":"https:\/\/saxbystone.com\/et\/toode\/burford-grey-blend-trummeldatud\/#primaryimage","url":"https:\/\/saxbystone.com\/wp-content\/uploads\/2024\/10\/Burford-Grey-Blend-Tumbled-Limestone.jpg","contentUrl":"https:\/\/saxbystone.com\/wp-content\/uploads\/2024\/10\/Burford-Grey-Blend-Tumbled-Limestone.jpg","width":922,"height":692},{"@type":"BreadcrumbList","@id":"https:\/\/saxbystone.com\/et\/toode\/burford-grey-blend-trummeldatud\/#breadcrumb","itemListElement":[{"@type":"ListItem","position":1,"name":"Home","item":"https:\/\/saxbystone.com\/et\/"},{"@type":"ListItem","position":2,"name":"Meie tooted","item":"https:\/\/saxbystone.com\/et\/meie-tooted\/"},{"@type":"ListItem","position":3,"name":"Burford Grey Blend, trummeldatud"}]},{"@type":"WebSite","@id":"https:\/\/saxbystone.com\/et\/#website","url":"https:\/\/saxbystone.com\/et\/","name":"Saxby Stone","description":"Natural stone tiles","publisher":{"@id":"https:\/\/saxbystone.com\/et\/#organization"},"potentialAction":[{"@type":"SearchAction","target":{"@type":"EntryPoint","urlTemplate":"https:\/\/saxbystone.com\/et\/?s={search_term_string}"},"query-input":{"@type":"PropertyValueSpecification","valueRequired":true,"valueName":"search_term_string"}}],"inLanguage":"et"},{"@type":"Organization","@id":"https:\/\/saxbystone.com\/et\/#organization","name":"Saxby Stone","url":"https:\/\/saxbystone.com\/et\/","logo":{"@type":"ImageObject","inLanguage":"et","@id":"https:\/\/saxbystone.com\/et\/#\/schema\/logo\/image\/","url":"https:\/\/saxbystone.com\/wp-content\/uploads\/2024\/09\/cropped-Saxby-Stone-logo-official-1st.png","contentUrl":"https:\/\/saxbystone.com\/wp-content\/uploads\/2024\/09\/cropped-Saxby-Stone-logo-official-1st.png","width":512,"height":512,"caption":"Saxby Stone"},"image":{"@id":"https:\/\/saxbystone.com\/et\/#\/schema\/logo\/image\/"},"sameAs":["https:\/\/www.instagram.com\/saxbystone\/"]}]}},"_links":{"self":[{"href":"https:\/\/saxbystone.com\/et\/wp-json\/wp\/v2\/product\/4345","targetHints":{"allow":["GET"]}}],"collection":[{"href":"https:\/\/saxbystone.com\/et\/wp-json\/wp\/v2\/product"}],"about":[{"href":"https:\/\/saxbystone.com\/et\/wp-json\/wp\/v2\/types\/product"}],"wp:featuredmedia":[{"embeddable":true,"href":"https:\/\/saxbystone.com\/et\/wp-json\/wp\/v2\/media\/4346"}],"wp:attachment":[{"href":"https:\/\/saxbystone.com\/et\/wp-json\/wp\/v2\/media?parent=4345"}],"wp:term":[{"taxonomy":"product_brand","embeddable":true,"href":"https:\/\/saxbystone.com\/et\/wp-json\/wp\/v2\/product_brand?post=4345"},{"taxonomy":"product_cat","embeddable":true,"href":"https:\/\/saxbystone.com\/et\/wp-json\/wp\/v2\/product_cat?post=4345"},{"taxonomy":"product_tag","embeddable":true,"href":"https:\/\/saxbystone.com\/et\/wp-json\/wp\/v2\/product_tag?post=4345"}],"curies":[{"name":"wp","href":"https:\/\/api.w.org\/{rel}","templated":true}]}}