{"id":4332,"date":"2024-10-25T11:29:41","date_gmt":"2024-10-25T08:29:41","guid":{"rendered":"https:\/\/saxbystone.com\/product\/burford-grey-trummeldatud\/"},"modified":"2026-02-27T08:49:37","modified_gmt":"2026-02-27T06:49:37","slug":"burford-grey-trummeldatud","status":"publish","type":"product","link":"https:\/\/saxbystone.com\/et\/toode\/burford-grey-trummeldatud\/","title":{"rendered":"Burford Grey, trummeldatud"},"content":{"rendered":"","protected":false},"excerpt":{"rendered":"<p><span style=\"font-weight: 400;\">Burford Grey paekivi sinakashallid toonid sobivad ideaalselt <\/span><span style=\"font-weight: 400;\">P\u00f5hjamaiste kodude<\/span><span style=\"font-weight: 400;\"> k\u00f6\u00f6kidesse ja eluruumidesse. See kivi on tugev ja vastupidav <\/span><span style=\"font-weight: 400;\">igap\u00e4evasele toimekale pereelule<\/span><span style=\"font-weight: 400;\"> ning ei n\u00e4ita kunagi kulumise m\u00e4rke. <\/span><\/p>\n<p><span style=\"font-weight: 400;\">Meie Burford Grey paekivi on kasutatud paljudes projektides, alates eramajadest P\u00f5hja-Soomes kuni veinikelderiteni Stockholmis ja suvemajadeni Oslo ranniku l\u00e4hedal.<\/span><\/p>\n<p><em>Et n\u00e4ha hinda, valige palun plaadi m\u00f5\u00f5tmed. Tasuta transport tellimustele \u00fcle 25 m<sup>2<\/sup>.<\/em><\/p>\n","protected":false},"featured_media":4333,"template":"","meta":{"_acf_changed":false},"product_brand":[],"product_cat":[232,231],"product_tag":[],"class_list":{"0":"post-4332","1":"product","2":"type-product","3":"status-publish","4":"has-post-thumbnail","6":"product_cat-koik-tooted","7":"product_cat-poranda-ja-seinaplaadid","9":"first","10":"instock","11":"shipping-taxable","12":"purchasable","13":"product-type-variable","14":"add-to-wishlist-after_add_to_cart"},"acf":[],"yoast_head":"<!-- This site is optimized with the Yoast SEO plugin v26.4 - https:\/\/yoast.com\/wordpress\/plugins\/seo\/ -->\n<title>Burford Grey, trummeldatud - Saxby Stone<\/title>\n<meta name=\"robots\" content=\"index, follow, max-snippet:-1, max-image-preview:large, max-video-preview:-1\" \/>\n<link rel=\"canonical\" href=\"https:\/\/saxbystone.com\/et\/toode\/burford-grey-trummeldatud\/\" \/>\n<meta property=\"og:locale\" content=\"et_EE\" \/>\n<meta property=\"og:type\" content=\"article\" \/>\n<meta property=\"og:title\" content=\"Burford Grey, trummeldatud - Saxby Stone\" \/>\n<meta property=\"og:description\" content=\"Burford Grey paekivi sinakashallid toonid sobivad ideaalselt P\u00f5hjamaiste kodude k\u00f6\u00f6kidesse ja eluruumidesse. See kivi on tugev ja vastupidav igap\u00e4evasele toimekale pereelule ning ei n\u00e4ita kunagi kulumise m\u00e4rke.   Meie Burford Grey paekivi on kasutatud paljudes projektides, alates eramajadest P\u00f5hja-Soomes kuni veinikelderiteni Stockholmis ja suvemajadeni Oslo ranniku l\u00e4hedal.  Et n\u00e4ha hinda, valige palun plaadi m\u00f5\u00f5tmed. Tasuta transport tellimustele \u00fcle 25 m2.\" \/>\n<meta property=\"og:url\" content=\"https:\/\/saxbystone.com\/et\/toode\/burford-grey-trummeldatud\/\" \/>\n<meta property=\"og:site_name\" content=\"Saxby Stone\" \/>\n<meta property=\"article:modified_time\" content=\"2026-02-27T06:49:37+00:00\" \/>\n<meta property=\"og:image\" content=\"https:\/\/saxbystone.com\/wp-content\/uploads\/2024\/10\/Burford-Grey-Private-House-Oulu-Finland-2-e1731402122639.jpeg\" \/>\n\t<meta property=\"og:image:width\" content=\"1397\" \/>\n\t<meta property=\"og:image:height\" content=\"907\" \/>\n\t<meta property=\"og:image:type\" content=\"image\/jpeg\" \/>\n<meta name=\"twitter:card\" content=\"summary_large_image\" \/>\n<script type=\"application\/ld+json\" class=\"yoast-schema-graph\">{\"@context\":\"https:\/\/schema.org\",\"@graph\":[{\"@type\":\"WebPage\",\"@id\":\"https:\/\/saxbystone.com\/et\/toode\/burford-grey-trummeldatud\/\",\"url\":\"https:\/\/saxbystone.com\/et\/toode\/burford-grey-trummeldatud\/\",\"name\":\"Burford Grey, trummeldatud - Saxby Stone\",\"isPartOf\":{\"@id\":\"https:\/\/saxbystone.com\/et\/#website\"},\"primaryImageOfPage\":{\"@id\":\"https:\/\/saxbystone.com\/et\/toode\/burford-grey-trummeldatud\/#primaryimage\"},\"image\":{\"@id\":\"https:\/\/saxbystone.com\/et\/toode\/burford-grey-trummeldatud\/#primaryimage\"},\"thumbnailUrl\":\"https:\/\/saxbystone.com\/wp-content\/uploads\/2024\/10\/Burford-Grey-Private-House-Oulu-Finland-2-e1731402122639.jpeg\",\"datePublished\":\"2024-10-25T08:29:41+00:00\",\"dateModified\":\"2026-02-27T06:49:37+00:00\",\"breadcrumb\":{\"@id\":\"https:\/\/saxbystone.com\/et\/toode\/burford-grey-trummeldatud\/#breadcrumb\"},\"inLanguage\":\"et\",\"potentialAction\":[{\"@type\":\"ReadAction\",\"target\":[\"https:\/\/saxbystone.com\/et\/toode\/burford-grey-trummeldatud\/\"]}]},{\"@type\":\"ImageObject\",\"inLanguage\":\"et\",\"@id\":\"https:\/\/saxbystone.com\/et\/toode\/burford-grey-trummeldatud\/#primaryimage\",\"url\":\"https:\/\/saxbystone.com\/wp-content\/uploads\/2024\/10\/Burford-Grey-Private-House-Oulu-Finland-2-e1731402122639.jpeg\",\"contentUrl\":\"https:\/\/saxbystone.com\/wp-content\/uploads\/2024\/10\/Burford-Grey-Private-House-Oulu-Finland-2-e1731402122639.jpeg\",\"width\":1397,\"height\":907},{\"@type\":\"BreadcrumbList\",\"@id\":\"https:\/\/saxbystone.com\/et\/toode\/burford-grey-trummeldatud\/#breadcrumb\",\"itemListElement\":[{\"@type\":\"ListItem\",\"position\":1,\"name\":\"Home\",\"item\":\"https:\/\/saxbystone.com\/et\/\"},{\"@type\":\"ListItem\",\"position\":2,\"name\":\"Meie tooted\",\"item\":\"https:\/\/saxbystone.com\/et\/meie-tooted\/\"},{\"@type\":\"ListItem\",\"position\":3,\"name\":\"Burford Grey, trummeldatud\"}]},{\"@type\":\"WebSite\",\"@id\":\"https:\/\/saxbystone.com\/et\/#website\",\"url\":\"https:\/\/saxbystone.com\/et\/\",\"name\":\"Saxby Stone\",\"description\":\"Natural stone tiles\",\"publisher\":{\"@id\":\"https:\/\/saxbystone.com\/et\/#organization\"},\"potentialAction\":[{\"@type\":\"SearchAction\",\"target\":{\"@type\":\"EntryPoint\",\"urlTemplate\":\"https:\/\/saxbystone.com\/et\/?s={search_term_string}\"},\"query-input\":{\"@type\":\"PropertyValueSpecification\",\"valueRequired\":true,\"valueName\":\"search_term_string\"}}],\"inLanguage\":\"et\"},{\"@type\":\"Organization\",\"@id\":\"https:\/\/saxbystone.com\/et\/#organization\",\"name\":\"Saxby Stone\",\"url\":\"https:\/\/saxbystone.com\/et\/\",\"logo\":{\"@type\":\"ImageObject\",\"inLanguage\":\"et\",\"@id\":\"https:\/\/saxbystone.com\/et\/#\/schema\/logo\/image\/\",\"url\":\"https:\/\/saxbystone.com\/wp-content\/uploads\/2024\/09\/cropped-Saxby-Stone-logo-official-1st.png\",\"contentUrl\":\"https:\/\/saxbystone.com\/wp-content\/uploads\/2024\/09\/cropped-Saxby-Stone-logo-official-1st.png\",\"width\":512,\"height\":512,\"caption\":\"Saxby Stone\"},\"image\":{\"@id\":\"https:\/\/saxbystone.com\/et\/#\/schema\/logo\/image\/\"},\"sameAs\":[\"https:\/\/www.instagram.com\/saxbystone\/\"]}]}<\/script>\n<!-- \/ Yoast SEO plugin. -->","yoast_head_json":{"title":"Burford Grey, trummeldatud - Saxby Stone","robots":{"index":"index","follow":"follow","max-snippet":"max-snippet:-1","max-image-preview":"max-image-preview:large","max-video-preview":"max-video-preview:-1"},"canonical":"https:\/\/saxbystone.com\/et\/toode\/burford-grey-trummeldatud\/","og_locale":"et_EE","og_type":"article","og_title":"Burford Grey, trummeldatud - Saxby Stone","og_description":"Burford Grey paekivi sinakashallid toonid sobivad ideaalselt P\u00f5hjamaiste kodude k\u00f6\u00f6kidesse ja eluruumidesse. See kivi on tugev ja vastupidav igap\u00e4evasele toimekale pereelule ning ei n\u00e4ita kunagi kulumise m\u00e4rke.   Meie Burford Grey paekivi on kasutatud paljudes projektides, alates eramajadest P\u00f5hja-Soomes kuni veinikelderiteni Stockholmis ja suvemajadeni Oslo ranniku l\u00e4hedal.  Et n\u00e4ha hinda, valige palun plaadi m\u00f5\u00f5tmed. Tasuta transport tellimustele \u00fcle 25 m2.","og_url":"https:\/\/saxbystone.com\/et\/toode\/burford-grey-trummeldatud\/","og_site_name":"Saxby Stone","article_modified_time":"2026-02-27T06:49:37+00:00","og_image":[{"width":1397,"height":907,"url":"https:\/\/saxbystone.com\/wp-content\/uploads\/2024\/10\/Burford-Grey-Private-House-Oulu-Finland-2-e1731402122639.jpeg","type":"image\/jpeg"}],"twitter_card":"summary_large_image","schema":{"@context":"https:\/\/schema.org","@graph":[{"@type":"WebPage","@id":"https:\/\/saxbystone.com\/et\/toode\/burford-grey-trummeldatud\/","url":"https:\/\/saxbystone.com\/et\/toode\/burford-grey-trummeldatud\/","name":"Burford Grey, trummeldatud - Saxby Stone","isPartOf":{"@id":"https:\/\/saxbystone.com\/et\/#website"},"primaryImageOfPage":{"@id":"https:\/\/saxbystone.com\/et\/toode\/burford-grey-trummeldatud\/#primaryimage"},"image":{"@id":"https:\/\/saxbystone.com\/et\/toode\/burford-grey-trummeldatud\/#primaryimage"},"thumbnailUrl":"https:\/\/saxbystone.com\/wp-content\/uploads\/2024\/10\/Burford-Grey-Private-House-Oulu-Finland-2-e1731402122639.jpeg","datePublished":"2024-10-25T08:29:41+00:00","dateModified":"2026-02-27T06:49:37+00:00","breadcrumb":{"@id":"https:\/\/saxbystone.com\/et\/toode\/burford-grey-trummeldatud\/#breadcrumb"},"inLanguage":"et","potentialAction":[{"@type":"ReadAction","target":["https:\/\/saxbystone.com\/et\/toode\/burford-grey-trummeldatud\/"]}]},{"@type":"ImageObject","inLanguage":"et","@id":"https:\/\/saxbystone.com\/et\/toode\/burford-grey-trummeldatud\/#primaryimage","url":"https:\/\/saxbystone.com\/wp-content\/uploads\/2024\/10\/Burford-Grey-Private-House-Oulu-Finland-2-e1731402122639.jpeg","contentUrl":"https:\/\/saxbystone.com\/wp-content\/uploads\/2024\/10\/Burford-Grey-Private-House-Oulu-Finland-2-e1731402122639.jpeg","width":1397,"height":907},{"@type":"BreadcrumbList","@id":"https:\/\/saxbystone.com\/et\/toode\/burford-grey-trummeldatud\/#breadcrumb","itemListElement":[{"@type":"ListItem","position":1,"name":"Home","item":"https:\/\/saxbystone.com\/et\/"},{"@type":"ListItem","position":2,"name":"Meie tooted","item":"https:\/\/saxbystone.com\/et\/meie-tooted\/"},{"@type":"ListItem","position":3,"name":"Burford Grey, trummeldatud"}]},{"@type":"WebSite","@id":"https:\/\/saxbystone.com\/et\/#website","url":"https:\/\/saxbystone.com\/et\/","name":"Saxby Stone","description":"Natural stone tiles","publisher":{"@id":"https:\/\/saxbystone.com\/et\/#organization"},"potentialAction":[{"@type":"SearchAction","target":{"@type":"EntryPoint","urlTemplate":"https:\/\/saxbystone.com\/et\/?s={search_term_string}"},"query-input":{"@type":"PropertyValueSpecification","valueRequired":true,"valueName":"search_term_string"}}],"inLanguage":"et"},{"@type":"Organization","@id":"https:\/\/saxbystone.com\/et\/#organization","name":"Saxby Stone","url":"https:\/\/saxbystone.com\/et\/","logo":{"@type":"ImageObject","inLanguage":"et","@id":"https:\/\/saxbystone.com\/et\/#\/schema\/logo\/image\/","url":"https:\/\/saxbystone.com\/wp-content\/uploads\/2024\/09\/cropped-Saxby-Stone-logo-official-1st.png","contentUrl":"https:\/\/saxbystone.com\/wp-content\/uploads\/2024\/09\/cropped-Saxby-Stone-logo-official-1st.png","width":512,"height":512,"caption":"Saxby Stone"},"image":{"@id":"https:\/\/saxbystone.com\/et\/#\/schema\/logo\/image\/"},"sameAs":["https:\/\/www.instagram.com\/saxbystone\/"]}]}},"_links":{"self":[{"href":"https:\/\/saxbystone.com\/et\/wp-json\/wp\/v2\/product\/4332","targetHints":{"allow":["GET"]}}],"collection":[{"href":"https:\/\/saxbystone.com\/et\/wp-json\/wp\/v2\/product"}],"about":[{"href":"https:\/\/saxbystone.com\/et\/wp-json\/wp\/v2\/types\/product"}],"wp:featuredmedia":[{"embeddable":true,"href":"https:\/\/saxbystone.com\/et\/wp-json\/wp\/v2\/media\/4333"}],"wp:attachment":[{"href":"https:\/\/saxbystone.com\/et\/wp-json\/wp\/v2\/media?parent=4332"}],"wp:term":[{"taxonomy":"product_brand","embeddable":true,"href":"https:\/\/saxbystone.com\/et\/wp-json\/wp\/v2\/product_brand?post=4332"},{"taxonomy":"product_cat","embeddable":true,"href":"https:\/\/saxbystone.com\/et\/wp-json\/wp\/v2\/product_cat?post=4332"},{"taxonomy":"product_tag","embeddable":true,"href":"https:\/\/saxbystone.com\/et\/wp-json\/wp\/v2\/product_tag?post=4332"}],"curies":[{"name":"wp","href":"https:\/\/api.w.org\/{rel}","templated":true}]}}