{"id":4308,"date":"2024-10-25T10:51:18","date_gmt":"2024-10-25T07:51:18","guid":{"rendered":"https:\/\/saxbystone.com\/product\/provence-paekivi-trummeldatud\/"},"modified":"2026-02-27T08:57:27","modified_gmt":"2026-02-27T06:57:27","slug":"provence","status":"publish","type":"product","link":"https:\/\/saxbystone.com\/et\/toode\/provence\/","title":{"rendered":"Provence paekivi"},"content":{"rendered":"","protected":false},"excerpt":{"rendered":"<p><span style=\"font-weight: 400;\">Provence paekivi on populaarne valik toimekale perele, <\/span><span style=\"font-weight: 400;\">kes soovib oma kodus kasutada<\/span><span style=\"font-weight: 400;\"> looduslikku kivi, mis on<\/span><span style=\"font-weight: 400;\"> v\u00e4ga vastupidav<\/span><span style=\"font-weight: 400;\"> igap\u00e4evasele elule. See soe <\/span><span style=\"font-weight: 400;\">helebee\u017ei <\/span><span style=\"font-weight: 400;\">v\u00e4rvusega paekivi sisaldab fossiilide j\u00e4lgi ning on \u00fcks meie populaarsemaid paekive. <\/span><span style=\"font-weight: 400;\">Trummeldatud<\/span><span style=\"font-weight: 400;\"> pinnaviimistlus sobib suurep\u00e4raselt neile, kes eelistavad oma <\/span><span style=\"font-weight: 400;\">kodus<\/span><span style=\"font-weight: 400;\"> veidi rustikaalsemat ilmet.<\/span><\/p>\n<p>Saadaval lihvitud ja trummeldatud pinnaviimistlusega.<\/p>\n<p><em>Et n\u00e4ha hinda, valige palun plaadi m\u00f5\u00f5tmed. Tasuta transport tellimustele \u00fcle 25 m<sup>2<\/sup>.<\/em><\/p>\n","protected":false},"featured_media":4768,"template":"","meta":{"_acf_changed":false},"product_brand":[],"product_cat":[232,231],"product_tag":[],"class_list":{"0":"post-4308","1":"product","2":"type-product","3":"status-publish","4":"has-post-thumbnail","6":"product_cat-koik-tooted","7":"product_cat-poranda-ja-seinaplaadid","9":"first","10":"instock","11":"shipping-taxable","12":"purchasable","13":"product-type-variable","14":"add-to-wishlist-after_add_to_cart"},"acf":[],"yoast_head":"<!-- This site is optimized with the Yoast SEO plugin v26.4 - https:\/\/yoast.com\/wordpress\/plugins\/seo\/ -->\n<title>Provence paekivi - Saxby Stone<\/title>\n<meta name=\"robots\" content=\"index, follow, max-snippet:-1, max-image-preview:large, max-video-preview:-1\" \/>\n<link rel=\"canonical\" href=\"https:\/\/saxbystone.com\/et\/toode\/provence\/\" \/>\n<meta property=\"og:locale\" content=\"et_EE\" \/>\n<meta property=\"og:type\" content=\"article\" \/>\n<meta property=\"og:title\" content=\"Provence paekivi - Saxby Stone\" \/>\n<meta property=\"og:description\" content=\"Provence paekivi on populaarne valik toimekale perele, kes soovib oma kodus kasutada looduslikku kivi, mis on v\u00e4ga vastupidav igap\u00e4evasele elule. See soe helebee\u017ei v\u00e4rvusega paekivi sisaldab fossiilide j\u00e4lgi ning on \u00fcks meie populaarsemaid paekive. Trummeldatud pinnaviimistlus sobib suurep\u00e4raselt neile, kes eelistavad oma kodus veidi rustikaalsemat ilmet.  Saadaval lihvitud ja trummeldatud pinnaviimistlusega.  Et n\u00e4ha hinda, valige palun plaadi m\u00f5\u00f5tmed. Tasuta transport tellimustele \u00fcle 25 m2.\" \/>\n<meta property=\"og:url\" content=\"https:\/\/saxbystone.com\/et\/toode\/provence\/\" \/>\n<meta property=\"og:site_name\" content=\"Saxby Stone\" \/>\n<meta property=\"article:modified_time\" content=\"2026-02-27T06:57:27+00:00\" \/>\n<meta property=\"og:image\" content=\"https:\/\/saxbystone.com\/wp-content\/uploads\/2024\/10\/Provence-Limestone-tumbled-2.jpeg\" \/>\n\t<meta property=\"og:image:width\" content=\"620\" \/>\n\t<meta property=\"og:image:height\" content=\"639\" \/>\n\t<meta property=\"og:image:type\" content=\"image\/jpeg\" \/>\n<meta name=\"twitter:card\" content=\"summary_large_image\" \/>\n<meta name=\"twitter:label1\" content=\"Est. reading time\" \/>\n\t<meta name=\"twitter:data1\" content=\"1 minut\" \/>\n<script type=\"application\/ld+json\" class=\"yoast-schema-graph\">{\"@context\":\"https:\/\/schema.org\",\"@graph\":[{\"@type\":\"WebPage\",\"@id\":\"https:\/\/saxbystone.com\/et\/toode\/provence\/\",\"url\":\"https:\/\/saxbystone.com\/et\/toode\/provence\/\",\"name\":\"Provence paekivi - Saxby Stone\",\"isPartOf\":{\"@id\":\"https:\/\/saxbystone.com\/et\/#website\"},\"primaryImageOfPage\":{\"@id\":\"https:\/\/saxbystone.com\/et\/toode\/provence\/#primaryimage\"},\"image\":{\"@id\":\"https:\/\/saxbystone.com\/et\/toode\/provence\/#primaryimage\"},\"thumbnailUrl\":\"https:\/\/saxbystone.com\/wp-content\/uploads\/2024\/10\/Provence-Limestone-tumbled-2.jpeg\",\"datePublished\":\"2024-10-25T07:51:18+00:00\",\"dateModified\":\"2026-02-27T06:57:27+00:00\",\"breadcrumb\":{\"@id\":\"https:\/\/saxbystone.com\/et\/toode\/provence\/#breadcrumb\"},\"inLanguage\":\"et\",\"potentialAction\":[{\"@type\":\"ReadAction\",\"target\":[\"https:\/\/saxbystone.com\/et\/toode\/provence\/\"]}]},{\"@type\":\"ImageObject\",\"inLanguage\":\"et\",\"@id\":\"https:\/\/saxbystone.com\/et\/toode\/provence\/#primaryimage\",\"url\":\"https:\/\/saxbystone.com\/wp-content\/uploads\/2024\/10\/Provence-Limestone-tumbled-2.jpeg\",\"contentUrl\":\"https:\/\/saxbystone.com\/wp-content\/uploads\/2024\/10\/Provence-Limestone-tumbled-2.jpeg\",\"width\":620,\"height\":639},{\"@type\":\"BreadcrumbList\",\"@id\":\"https:\/\/saxbystone.com\/et\/toode\/provence\/#breadcrumb\",\"itemListElement\":[{\"@type\":\"ListItem\",\"position\":1,\"name\":\"Home\",\"item\":\"https:\/\/saxbystone.com\/et\/\"},{\"@type\":\"ListItem\",\"position\":2,\"name\":\"Meie tooted\",\"item\":\"https:\/\/saxbystone.com\/et\/meie-tooted\/\"},{\"@type\":\"ListItem\",\"position\":3,\"name\":\"Provence paekivi\"}]},{\"@type\":\"WebSite\",\"@id\":\"https:\/\/saxbystone.com\/et\/#website\",\"url\":\"https:\/\/saxbystone.com\/et\/\",\"name\":\"Saxby Stone\",\"description\":\"Natural stone tiles\",\"publisher\":{\"@id\":\"https:\/\/saxbystone.com\/et\/#organization\"},\"potentialAction\":[{\"@type\":\"SearchAction\",\"target\":{\"@type\":\"EntryPoint\",\"urlTemplate\":\"https:\/\/saxbystone.com\/et\/?s={search_term_string}\"},\"query-input\":{\"@type\":\"PropertyValueSpecification\",\"valueRequired\":true,\"valueName\":\"search_term_string\"}}],\"inLanguage\":\"et\"},{\"@type\":\"Organization\",\"@id\":\"https:\/\/saxbystone.com\/et\/#organization\",\"name\":\"Saxby Stone\",\"url\":\"https:\/\/saxbystone.com\/et\/\",\"logo\":{\"@type\":\"ImageObject\",\"inLanguage\":\"et\",\"@id\":\"https:\/\/saxbystone.com\/et\/#\/schema\/logo\/image\/\",\"url\":\"https:\/\/saxbystone.com\/wp-content\/uploads\/2024\/09\/cropped-Saxby-Stone-logo-official-1st.png\",\"contentUrl\":\"https:\/\/saxbystone.com\/wp-content\/uploads\/2024\/09\/cropped-Saxby-Stone-logo-official-1st.png\",\"width\":512,\"height\":512,\"caption\":\"Saxby Stone\"},\"image\":{\"@id\":\"https:\/\/saxbystone.com\/et\/#\/schema\/logo\/image\/\"},\"sameAs\":[\"https:\/\/www.instagram.com\/saxbystone\/\"]}]}<\/script>\n<!-- \/ Yoast SEO plugin. -->","yoast_head_json":{"title":"Provence paekivi - Saxby Stone","robots":{"index":"index","follow":"follow","max-snippet":"max-snippet:-1","max-image-preview":"max-image-preview:large","max-video-preview":"max-video-preview:-1"},"canonical":"https:\/\/saxbystone.com\/et\/toode\/provence\/","og_locale":"et_EE","og_type":"article","og_title":"Provence paekivi - Saxby Stone","og_description":"Provence paekivi on populaarne valik toimekale perele, kes soovib oma kodus kasutada looduslikku kivi, mis on v\u00e4ga vastupidav igap\u00e4evasele elule. See soe helebee\u017ei v\u00e4rvusega paekivi sisaldab fossiilide j\u00e4lgi ning on \u00fcks meie populaarsemaid paekive. Trummeldatud pinnaviimistlus sobib suurep\u00e4raselt neile, kes eelistavad oma kodus veidi rustikaalsemat ilmet.  Saadaval lihvitud ja trummeldatud pinnaviimistlusega.  Et n\u00e4ha hinda, valige palun plaadi m\u00f5\u00f5tmed. Tasuta transport tellimustele \u00fcle 25 m2.","og_url":"https:\/\/saxbystone.com\/et\/toode\/provence\/","og_site_name":"Saxby Stone","article_modified_time":"2026-02-27T06:57:27+00:00","og_image":[{"width":620,"height":639,"url":"https:\/\/saxbystone.com\/wp-content\/uploads\/2024\/10\/Provence-Limestone-tumbled-2.jpeg","type":"image\/jpeg"}],"twitter_card":"summary_large_image","twitter_misc":{"Est. reading time":"1 minut"},"schema":{"@context":"https:\/\/schema.org","@graph":[{"@type":"WebPage","@id":"https:\/\/saxbystone.com\/et\/toode\/provence\/","url":"https:\/\/saxbystone.com\/et\/toode\/provence\/","name":"Provence paekivi - Saxby Stone","isPartOf":{"@id":"https:\/\/saxbystone.com\/et\/#website"},"primaryImageOfPage":{"@id":"https:\/\/saxbystone.com\/et\/toode\/provence\/#primaryimage"},"image":{"@id":"https:\/\/saxbystone.com\/et\/toode\/provence\/#primaryimage"},"thumbnailUrl":"https:\/\/saxbystone.com\/wp-content\/uploads\/2024\/10\/Provence-Limestone-tumbled-2.jpeg","datePublished":"2024-10-25T07:51:18+00:00","dateModified":"2026-02-27T06:57:27+00:00","breadcrumb":{"@id":"https:\/\/saxbystone.com\/et\/toode\/provence\/#breadcrumb"},"inLanguage":"et","potentialAction":[{"@type":"ReadAction","target":["https:\/\/saxbystone.com\/et\/toode\/provence\/"]}]},{"@type":"ImageObject","inLanguage":"et","@id":"https:\/\/saxbystone.com\/et\/toode\/provence\/#primaryimage","url":"https:\/\/saxbystone.com\/wp-content\/uploads\/2024\/10\/Provence-Limestone-tumbled-2.jpeg","contentUrl":"https:\/\/saxbystone.com\/wp-content\/uploads\/2024\/10\/Provence-Limestone-tumbled-2.jpeg","width":620,"height":639},{"@type":"BreadcrumbList","@id":"https:\/\/saxbystone.com\/et\/toode\/provence\/#breadcrumb","itemListElement":[{"@type":"ListItem","position":1,"name":"Home","item":"https:\/\/saxbystone.com\/et\/"},{"@type":"ListItem","position":2,"name":"Meie tooted","item":"https:\/\/saxbystone.com\/et\/meie-tooted\/"},{"@type":"ListItem","position":3,"name":"Provence paekivi"}]},{"@type":"WebSite","@id":"https:\/\/saxbystone.com\/et\/#website","url":"https:\/\/saxbystone.com\/et\/","name":"Saxby Stone","description":"Natural stone tiles","publisher":{"@id":"https:\/\/saxbystone.com\/et\/#organization"},"potentialAction":[{"@type":"SearchAction","target":{"@type":"EntryPoint","urlTemplate":"https:\/\/saxbystone.com\/et\/?s={search_term_string}"},"query-input":{"@type":"PropertyValueSpecification","valueRequired":true,"valueName":"search_term_string"}}],"inLanguage":"et"},{"@type":"Organization","@id":"https:\/\/saxbystone.com\/et\/#organization","name":"Saxby Stone","url":"https:\/\/saxbystone.com\/et\/","logo":{"@type":"ImageObject","inLanguage":"et","@id":"https:\/\/saxbystone.com\/et\/#\/schema\/logo\/image\/","url":"https:\/\/saxbystone.com\/wp-content\/uploads\/2024\/09\/cropped-Saxby-Stone-logo-official-1st.png","contentUrl":"https:\/\/saxbystone.com\/wp-content\/uploads\/2024\/09\/cropped-Saxby-Stone-logo-official-1st.png","width":512,"height":512,"caption":"Saxby Stone"},"image":{"@id":"https:\/\/saxbystone.com\/et\/#\/schema\/logo\/image\/"},"sameAs":["https:\/\/www.instagram.com\/saxbystone\/"]}]}},"_links":{"self":[{"href":"https:\/\/saxbystone.com\/et\/wp-json\/wp\/v2\/product\/4308","targetHints":{"allow":["GET"]}}],"collection":[{"href":"https:\/\/saxbystone.com\/et\/wp-json\/wp\/v2\/product"}],"about":[{"href":"https:\/\/saxbystone.com\/et\/wp-json\/wp\/v2\/types\/product"}],"wp:featuredmedia":[{"embeddable":true,"href":"https:\/\/saxbystone.com\/et\/wp-json\/wp\/v2\/media\/4768"}],"wp:attachment":[{"href":"https:\/\/saxbystone.com\/et\/wp-json\/wp\/v2\/media?parent=4308"}],"wp:term":[{"taxonomy":"product_brand","embeddable":true,"href":"https:\/\/saxbystone.com\/et\/wp-json\/wp\/v2\/product_brand?post=4308"},{"taxonomy":"product_cat","embeddable":true,"href":"https:\/\/saxbystone.com\/et\/wp-json\/wp\/v2\/product_cat?post=4308"},{"taxonomy":"product_tag","embeddable":true,"href":"https:\/\/saxbystone.com\/et\/wp-json\/wp\/v2\/product_tag?post=4308"}],"curies":[{"name":"wp","href":"https:\/\/api.w.org\/{rel}","templated":true}]}}