{"id":4300,"date":"2024-10-25T10:41:15","date_gmt":"2024-10-25T07:41:15","guid":{"rendered":"https:\/\/saxbystone.com\/product\/livonia-paekivi\/"},"modified":"2026-04-08T10:58:20","modified_gmt":"2026-04-08T07:58:20","slug":"livonia","status":"publish","type":"product","link":"https:\/\/saxbystone.com\/et\/toode\/livonia\/","title":{"rendered":"Livonia paekivi"},"content":{"rendered":"","protected":false},"excerpt":{"rendered":"<p><span style=\"font-weight: 400;\">Neutraalset halli-rohelist tooni Livonia paekivi on tuntud nii oma rohke fossiilisisalduse kui ka erakordse k\u00f5vaduse poolest. See <\/span><span style=\"font-weight: 400;\">kivi oma k\u00f5rge <\/span><span style=\"font-weight: 400;\">vastupidavus<\/span><span style=\"font-weight: 400;\">ega<\/span> <span style=\"font-weight: 400;\">sobib ideaalselt<\/span><span style=\"font-weight: 400;\"> igasse kodu ruumi, sealhulgas vannitubadesse<\/span><span style=\"font-weight: 400;\"> ja <\/span><span style=\"font-weight: 400;\">sauna<\/span><span style=\"font-weight: 400;\">. Sobib ka k\u00f6\u00f6ki t\u00f6\u00f6tasapindadeks.<\/span><\/p>\n<p><span style=\"font-weight: 400;\">Hiljuti kasutasid Saksamaa ja Itaalia arhitektid Livonia paekivi M\u00fcnchenis suure kontorihoone v\u00e4lisfassaadi paneelidena ning saavu<\/span><span style=\"font-weight: 400;\">tasid<\/span><span style=\"font-weight: 400;\"> silmapaistva tulemuse.<\/span><\/p>\n<p><span style=\"font-weight: 400;\">Huvitav fakt: Livonia paekivi kaevandatakse s\u00fcgavatest maa-alustest kambritest, mis on keskkonnas\u00f5bralik kaevandamistehnika.<\/span><\/p>\n<p><span style=\"font-weight: 400;\">Saadaval lihvitud ja harjatud pinnaviimistlusega.<\/span><\/p>\n<p><em>Et n\u00e4ha hinda, valige palun plaadi m\u00f5\u00f5tmed.\u00a0<\/em><em>Tasuta transport tellimustele \u00fcle 25 m<sup>2<\/sup>.<\/em><\/p>\n","protected":false},"featured_media":7674,"template":"","meta":{"_acf_changed":false},"product_brand":[],"product_cat":[232,231,229],"product_tag":[],"class_list":{"0":"post-4300","1":"product","2":"type-product","3":"status-publish","4":"has-post-thumbnail","6":"product_cat-koik-tooted","7":"product_cat-poranda-ja-seinaplaadid","8":"product_cat-toopinnad-aknalauad","10":"first","11":"instock","12":"shipping-taxable","13":"purchasable","14":"product-type-variable","15":"add-to-wishlist-after_add_to_cart"},"acf":[],"yoast_head":"<!-- This site is optimized with the Yoast SEO plugin v26.4 - https:\/\/yoast.com\/wordpress\/plugins\/seo\/ -->\n<title>Livonia paekivi - Saxby Stone<\/title>\n<meta name=\"robots\" content=\"index, follow, max-snippet:-1, max-image-preview:large, max-video-preview:-1\" \/>\n<link rel=\"canonical\" href=\"https:\/\/saxbystone.com\/et\/toode\/livonia\/\" \/>\n<meta property=\"og:locale\" content=\"et_EE\" \/>\n<meta property=\"og:type\" content=\"article\" \/>\n<meta property=\"og:title\" content=\"Livonia paekivi - Saxby Stone\" \/>\n<meta property=\"og:description\" content=\"Neutraalset halli-rohelist tooni Livonia paekivi on tuntud nii oma rohke fossiilisisalduse kui ka erakordse k\u00f5vaduse poolest. See kivi oma k\u00f5rge vastupidavusega sobib ideaalselt igasse kodu ruumi, sealhulgas vannitubadesse ja sauna. Sobib ka k\u00f6\u00f6ki t\u00f6\u00f6tasapindadeks.  Hiljuti kasutasid Saksamaa ja Itaalia arhitektid Livonia paekivi M\u00fcnchenis suure kontorihoone v\u00e4lisfassaadi paneelidena ning saavutasid silmapaistva tulemuse.  Huvitav fakt: Livonia paekivi kaevandatakse s\u00fcgavatest maa-alustest kambritest, mis on keskkonnas\u00f5bralik kaevandamistehnika.  Saadaval lihvitud ja harjatud pinnaviimistlusega.  Et n\u00e4ha hinda, valige palun plaadi m\u00f5\u00f5tmed.\u00a0Tasuta transport tellimustele \u00fcle 25 m2.\" \/>\n<meta property=\"og:url\" content=\"https:\/\/saxbystone.com\/et\/toode\/livonia\/\" \/>\n<meta property=\"og:site_name\" content=\"Saxby Stone\" \/>\n<meta property=\"article:modified_time\" content=\"2026-04-08T07:58:20+00:00\" \/>\n<meta property=\"og:image\" content=\"https:\/\/saxbystone.com\/wp-content\/uploads\/2024\/10\/Livonia-limestone-min-scaled.jpg\" \/>\n\t<meta property=\"og:image:width\" content=\"2560\" \/>\n\t<meta property=\"og:image:height\" content=\"2348\" \/>\n\t<meta property=\"og:image:type\" content=\"image\/jpeg\" \/>\n<meta name=\"twitter:card\" content=\"summary_large_image\" \/>\n<meta name=\"twitter:label1\" content=\"Est. reading time\" \/>\n\t<meta name=\"twitter:data1\" content=\"1 minut\" \/>\n<script type=\"application\/ld+json\" class=\"yoast-schema-graph\">{\"@context\":\"https:\/\/schema.org\",\"@graph\":[{\"@type\":\"WebPage\",\"@id\":\"https:\/\/saxbystone.com\/et\/toode\/livonia\/\",\"url\":\"https:\/\/saxbystone.com\/et\/toode\/livonia\/\",\"name\":\"Livonia paekivi - Saxby Stone\",\"isPartOf\":{\"@id\":\"https:\/\/saxbystone.com\/et\/#website\"},\"primaryImageOfPage\":{\"@id\":\"https:\/\/saxbystone.com\/et\/toode\/livonia\/#primaryimage\"},\"image\":{\"@id\":\"https:\/\/saxbystone.com\/et\/toode\/livonia\/#primaryimage\"},\"thumbnailUrl\":\"https:\/\/saxbystone.com\/wp-content\/uploads\/2024\/10\/Livonia-limestone-min-scaled.jpg\",\"datePublished\":\"2024-10-25T07:41:15+00:00\",\"dateModified\":\"2026-04-08T07:58:20+00:00\",\"breadcrumb\":{\"@id\":\"https:\/\/saxbystone.com\/et\/toode\/livonia\/#breadcrumb\"},\"inLanguage\":\"et\",\"potentialAction\":[{\"@type\":\"ReadAction\",\"target\":[\"https:\/\/saxbystone.com\/et\/toode\/livonia\/\"]}]},{\"@type\":\"ImageObject\",\"inLanguage\":\"et\",\"@id\":\"https:\/\/saxbystone.com\/et\/toode\/livonia\/#primaryimage\",\"url\":\"https:\/\/saxbystone.com\/wp-content\/uploads\/2024\/10\/Livonia-limestone-min-scaled.jpg\",\"contentUrl\":\"https:\/\/saxbystone.com\/wp-content\/uploads\/2024\/10\/Livonia-limestone-min-scaled.jpg\",\"width\":2560,\"height\":2348},{\"@type\":\"BreadcrumbList\",\"@id\":\"https:\/\/saxbystone.com\/et\/toode\/livonia\/#breadcrumb\",\"itemListElement\":[{\"@type\":\"ListItem\",\"position\":1,\"name\":\"Home\",\"item\":\"https:\/\/saxbystone.com\/et\/\"},{\"@type\":\"ListItem\",\"position\":2,\"name\":\"Meie tooted\",\"item\":\"https:\/\/saxbystone.com\/et\/meie-tooted\/\"},{\"@type\":\"ListItem\",\"position\":3,\"name\":\"Livonia paekivi\"}]},{\"@type\":\"WebSite\",\"@id\":\"https:\/\/saxbystone.com\/et\/#website\",\"url\":\"https:\/\/saxbystone.com\/et\/\",\"name\":\"Saxby Stone\",\"description\":\"Natural stone tiles\",\"publisher\":{\"@id\":\"https:\/\/saxbystone.com\/et\/#organization\"},\"potentialAction\":[{\"@type\":\"SearchAction\",\"target\":{\"@type\":\"EntryPoint\",\"urlTemplate\":\"https:\/\/saxbystone.com\/et\/?s={search_term_string}\"},\"query-input\":{\"@type\":\"PropertyValueSpecification\",\"valueRequired\":true,\"valueName\":\"search_term_string\"}}],\"inLanguage\":\"et\"},{\"@type\":\"Organization\",\"@id\":\"https:\/\/saxbystone.com\/et\/#organization\",\"name\":\"Saxby Stone\",\"url\":\"https:\/\/saxbystone.com\/et\/\",\"logo\":{\"@type\":\"ImageObject\",\"inLanguage\":\"et\",\"@id\":\"https:\/\/saxbystone.com\/et\/#\/schema\/logo\/image\/\",\"url\":\"https:\/\/saxbystone.com\/wp-content\/uploads\/2024\/09\/cropped-Saxby-Stone-logo-official-1st.png\",\"contentUrl\":\"https:\/\/saxbystone.com\/wp-content\/uploads\/2024\/09\/cropped-Saxby-Stone-logo-official-1st.png\",\"width\":512,\"height\":512,\"caption\":\"Saxby Stone\"},\"image\":{\"@id\":\"https:\/\/saxbystone.com\/et\/#\/schema\/logo\/image\/\"},\"sameAs\":[\"https:\/\/www.instagram.com\/saxbystone\/\"]}]}<\/script>\n<!-- \/ Yoast SEO plugin. -->","yoast_head_json":{"title":"Livonia paekivi - Saxby Stone","robots":{"index":"index","follow":"follow","max-snippet":"max-snippet:-1","max-image-preview":"max-image-preview:large","max-video-preview":"max-video-preview:-1"},"canonical":"https:\/\/saxbystone.com\/et\/toode\/livonia\/","og_locale":"et_EE","og_type":"article","og_title":"Livonia paekivi - Saxby Stone","og_description":"Neutraalset halli-rohelist tooni Livonia paekivi on tuntud nii oma rohke fossiilisisalduse kui ka erakordse k\u00f5vaduse poolest. See kivi oma k\u00f5rge vastupidavusega sobib ideaalselt igasse kodu ruumi, sealhulgas vannitubadesse ja sauna. Sobib ka k\u00f6\u00f6ki t\u00f6\u00f6tasapindadeks.  Hiljuti kasutasid Saksamaa ja Itaalia arhitektid Livonia paekivi M\u00fcnchenis suure kontorihoone v\u00e4lisfassaadi paneelidena ning saavutasid silmapaistva tulemuse.  Huvitav fakt: Livonia paekivi kaevandatakse s\u00fcgavatest maa-alustest kambritest, mis on keskkonnas\u00f5bralik kaevandamistehnika.  Saadaval lihvitud ja harjatud pinnaviimistlusega.  Et n\u00e4ha hinda, valige palun plaadi m\u00f5\u00f5tmed.\u00a0Tasuta transport tellimustele \u00fcle 25 m2.","og_url":"https:\/\/saxbystone.com\/et\/toode\/livonia\/","og_site_name":"Saxby Stone","article_modified_time":"2026-04-08T07:58:20+00:00","og_image":[{"width":2560,"height":2348,"url":"https:\/\/saxbystone.com\/wp-content\/uploads\/2024\/10\/Livonia-limestone-min-scaled.jpg","type":"image\/jpeg"}],"twitter_card":"summary_large_image","twitter_misc":{"Est. reading time":"1 minut"},"schema":{"@context":"https:\/\/schema.org","@graph":[{"@type":"WebPage","@id":"https:\/\/saxbystone.com\/et\/toode\/livonia\/","url":"https:\/\/saxbystone.com\/et\/toode\/livonia\/","name":"Livonia paekivi - Saxby Stone","isPartOf":{"@id":"https:\/\/saxbystone.com\/et\/#website"},"primaryImageOfPage":{"@id":"https:\/\/saxbystone.com\/et\/toode\/livonia\/#primaryimage"},"image":{"@id":"https:\/\/saxbystone.com\/et\/toode\/livonia\/#primaryimage"},"thumbnailUrl":"https:\/\/saxbystone.com\/wp-content\/uploads\/2024\/10\/Livonia-limestone-min-scaled.jpg","datePublished":"2024-10-25T07:41:15+00:00","dateModified":"2026-04-08T07:58:20+00:00","breadcrumb":{"@id":"https:\/\/saxbystone.com\/et\/toode\/livonia\/#breadcrumb"},"inLanguage":"et","potentialAction":[{"@type":"ReadAction","target":["https:\/\/saxbystone.com\/et\/toode\/livonia\/"]}]},{"@type":"ImageObject","inLanguage":"et","@id":"https:\/\/saxbystone.com\/et\/toode\/livonia\/#primaryimage","url":"https:\/\/saxbystone.com\/wp-content\/uploads\/2024\/10\/Livonia-limestone-min-scaled.jpg","contentUrl":"https:\/\/saxbystone.com\/wp-content\/uploads\/2024\/10\/Livonia-limestone-min-scaled.jpg","width":2560,"height":2348},{"@type":"BreadcrumbList","@id":"https:\/\/saxbystone.com\/et\/toode\/livonia\/#breadcrumb","itemListElement":[{"@type":"ListItem","position":1,"name":"Home","item":"https:\/\/saxbystone.com\/et\/"},{"@type":"ListItem","position":2,"name":"Meie tooted","item":"https:\/\/saxbystone.com\/et\/meie-tooted\/"},{"@type":"ListItem","position":3,"name":"Livonia paekivi"}]},{"@type":"WebSite","@id":"https:\/\/saxbystone.com\/et\/#website","url":"https:\/\/saxbystone.com\/et\/","name":"Saxby Stone","description":"Natural stone tiles","publisher":{"@id":"https:\/\/saxbystone.com\/et\/#organization"},"potentialAction":[{"@type":"SearchAction","target":{"@type":"EntryPoint","urlTemplate":"https:\/\/saxbystone.com\/et\/?s={search_term_string}"},"query-input":{"@type":"PropertyValueSpecification","valueRequired":true,"valueName":"search_term_string"}}],"inLanguage":"et"},{"@type":"Organization","@id":"https:\/\/saxbystone.com\/et\/#organization","name":"Saxby Stone","url":"https:\/\/saxbystone.com\/et\/","logo":{"@type":"ImageObject","inLanguage":"et","@id":"https:\/\/saxbystone.com\/et\/#\/schema\/logo\/image\/","url":"https:\/\/saxbystone.com\/wp-content\/uploads\/2024\/09\/cropped-Saxby-Stone-logo-official-1st.png","contentUrl":"https:\/\/saxbystone.com\/wp-content\/uploads\/2024\/09\/cropped-Saxby-Stone-logo-official-1st.png","width":512,"height":512,"caption":"Saxby Stone"},"image":{"@id":"https:\/\/saxbystone.com\/et\/#\/schema\/logo\/image\/"},"sameAs":["https:\/\/www.instagram.com\/saxbystone\/"]}]}},"_links":{"self":[{"href":"https:\/\/saxbystone.com\/et\/wp-json\/wp\/v2\/product\/4300","targetHints":{"allow":["GET"]}}],"collection":[{"href":"https:\/\/saxbystone.com\/et\/wp-json\/wp\/v2\/product"}],"about":[{"href":"https:\/\/saxbystone.com\/et\/wp-json\/wp\/v2\/types\/product"}],"wp:featuredmedia":[{"embeddable":true,"href":"https:\/\/saxbystone.com\/et\/wp-json\/wp\/v2\/media\/7674"}],"wp:attachment":[{"href":"https:\/\/saxbystone.com\/et\/wp-json\/wp\/v2\/media?parent=4300"}],"wp:term":[{"taxonomy":"product_brand","embeddable":true,"href":"https:\/\/saxbystone.com\/et\/wp-json\/wp\/v2\/product_brand?post=4300"},{"taxonomy":"product_cat","embeddable":true,"href":"https:\/\/saxbystone.com\/et\/wp-json\/wp\/v2\/product_cat?post=4300"},{"taxonomy":"product_tag","embeddable":true,"href":"https:\/\/saxbystone.com\/et\/wp-json\/wp\/v2\/product_tag?post=4300"}],"curies":[{"name":"wp","href":"https:\/\/api.w.org\/{rel}","templated":true}]}}