{"id":4288,"date":"2024-09-11T16:32:25","date_gmt":"2024-09-11T13:32:25","guid":{"rendered":"https:\/\/saxbystone.com\/product\/baltic-green-paekivi\/"},"modified":"2025-12-09T08:35:24","modified_gmt":"2025-12-09T06:35:24","slug":"baltic-green","status":"publish","type":"product","link":"https:\/\/saxbystone.com\/et\/toode\/baltic-green\/","title":{"rendered":"Baltic Green paekivi"},"content":{"rendered":"","protected":false},"excerpt":{"rendered":"<p>Baltic Green paekivi, mis on p\u00e4rit L\u00e4\u00e4nemere rannikult, sarnaneb oma omadustelt Arensburg paekiviga. See \u00e4\u00e4rmiselt k\u00f5va ja vastupidav kivi sobib tiheda kasutusega aladele, nagu kontorihooned, kaubanduskeskused ja restoranid.<\/p>\n<p>Baltic Green paekivi on populaarne P\u00f5hjamaade arhitektide seas, kes kasutavad sageli seda kivi oma klientide v\u00e4libasseinide jaoks. Selle kivi rohelised toonid sulanduvad harmooniliselt siinse kohaliku p\u00f5hjamaise loodusega. Pakume harjatud v\u00f5i liivapritsiga t\u00f6\u00f6deldud pinnaviimistlust aladele, kus on vaja t\u00e4iendavat haarduvust, n\u00e4iteks basseini astmetele.<\/p>\n<p>Saadaval lihvitud, harjatud ja liivapritsiga t\u00f6\u00f6deldud pinnaviimistlusega.<\/p>\n<p><em>Et n\u00e4ha hinda, valige palun plaadi m\u00f5\u00f5tmed. Tasuta transport tellimustele \u00fcle 25 m<sup>2<\/sup>.\u00a0<\/em><\/p>\n","protected":false},"featured_media":8206,"template":"","meta":{"_acf_changed":false},"product_brand":[],"product_cat":[232,231,247,233],"product_tag":[],"class_list":{"0":"post-4288","1":"product","2":"type-product","3":"status-publish","4":"has-post-thumbnail","6":"product_cat-koik-tooted","7":"product_cat-poranda-ja-seinaplaadid","8":"product_cat-sillutiskivi","9":"product_cat-aripinnad","11":"first","12":"instock","13":"shipping-taxable","14":"purchasable","15":"product-type-variable","16":"add-to-wishlist-after_add_to_cart"},"acf":[],"yoast_head":"<!-- This site is optimized with the Yoast SEO plugin v26.4 - https:\/\/yoast.com\/wordpress\/plugins\/seo\/ -->\n<title>Baltic Green paekivi - Saxby Stone<\/title>\n<meta name=\"description\" content=\"The tiles are extremely hard, durable and are suitable for areas of high foot traffic such as office buildings, shopping centers and restaurants.\" \/>\n<meta name=\"robots\" content=\"index, follow, max-snippet:-1, max-image-preview:large, max-video-preview:-1\" \/>\n<link rel=\"canonical\" href=\"https:\/\/saxbystone.com\/et\/toode\/baltic-green\/\" \/>\n<meta property=\"og:locale\" content=\"et_EE\" \/>\n<meta property=\"og:type\" content=\"article\" \/>\n<meta property=\"og:title\" content=\"Baltic Green paekivi - Saxby Stone\" \/>\n<meta property=\"og:description\" content=\"The tiles are extremely hard, durable and are suitable for areas of high foot traffic such as office buildings, shopping centers and restaurants.\" \/>\n<meta property=\"og:url\" content=\"https:\/\/saxbystone.com\/et\/toode\/baltic-green\/\" \/>\n<meta property=\"og:site_name\" content=\"Saxby Stone\" \/>\n<meta property=\"article:modified_time\" content=\"2025-12-09T06:35:24+00:00\" \/>\n<meta property=\"og:image\" content=\"https:\/\/saxbystone.com\/wp-content\/uploads\/2024\/09\/Baltic-Green-Limestone-Tiles-Honed.jpg\" \/>\n\t<meta property=\"og:image:width\" content=\"1600\" \/>\n\t<meta property=\"og:image:height\" content=\"1071\" \/>\n\t<meta property=\"og:image:type\" content=\"image\/jpeg\" \/>\n<meta name=\"twitter:card\" content=\"summary_large_image\" \/>\n<meta name=\"twitter:label1\" content=\"Est. reading time\" \/>\n\t<meta name=\"twitter:data1\" content=\"1 minut\" \/>\n<script type=\"application\/ld+json\" class=\"yoast-schema-graph\">{\"@context\":\"https:\/\/schema.org\",\"@graph\":[{\"@type\":\"WebPage\",\"@id\":\"https:\/\/saxbystone.com\/et\/toode\/baltic-green\/\",\"url\":\"https:\/\/saxbystone.com\/et\/toode\/baltic-green\/\",\"name\":\"Baltic Green paekivi - Saxby Stone\",\"isPartOf\":{\"@id\":\"https:\/\/saxbystone.com\/et\/#website\"},\"primaryImageOfPage\":{\"@id\":\"https:\/\/saxbystone.com\/et\/toode\/baltic-green\/#primaryimage\"},\"image\":{\"@id\":\"https:\/\/saxbystone.com\/et\/toode\/baltic-green\/#primaryimage\"},\"thumbnailUrl\":\"https:\/\/saxbystone.com\/wp-content\/uploads\/2024\/09\/Baltic-Green-limestone-1.jpg\",\"datePublished\":\"2024-09-11T13:32:25+00:00\",\"dateModified\":\"2025-12-09T06:35:24+00:00\",\"description\":\"The tiles are extremely hard, durable and are suitable for areas of high foot traffic such as office buildings, shopping centers and restaurants.\",\"breadcrumb\":{\"@id\":\"https:\/\/saxbystone.com\/et\/toode\/baltic-green\/#breadcrumb\"},\"inLanguage\":\"et\",\"potentialAction\":[{\"@type\":\"ReadAction\",\"target\":[\"https:\/\/saxbystone.com\/et\/toode\/baltic-green\/\"]}]},{\"@type\":\"ImageObject\",\"inLanguage\":\"et\",\"@id\":\"https:\/\/saxbystone.com\/et\/toode\/baltic-green\/#primaryimage\",\"url\":\"https:\/\/saxbystone.com\/wp-content\/uploads\/2024\/09\/Baltic-Green-limestone-1.jpg\",\"contentUrl\":\"https:\/\/saxbystone.com\/wp-content\/uploads\/2024\/09\/Baltic-Green-limestone-1.jpg\",\"width\":879,\"height\":750},{\"@type\":\"BreadcrumbList\",\"@id\":\"https:\/\/saxbystone.com\/et\/toode\/baltic-green\/#breadcrumb\",\"itemListElement\":[{\"@type\":\"ListItem\",\"position\":1,\"name\":\"Home\",\"item\":\"https:\/\/saxbystone.com\/et\/\"},{\"@type\":\"ListItem\",\"position\":2,\"name\":\"Meie tooted\",\"item\":\"https:\/\/saxbystone.com\/et\/meie-tooted\/\"},{\"@type\":\"ListItem\",\"position\":3,\"name\":\"Baltic Green paekivi\"}]},{\"@type\":\"WebSite\",\"@id\":\"https:\/\/saxbystone.com\/et\/#website\",\"url\":\"https:\/\/saxbystone.com\/et\/\",\"name\":\"Saxby Stone\",\"description\":\"Natural stone tiles\",\"publisher\":{\"@id\":\"https:\/\/saxbystone.com\/et\/#organization\"},\"potentialAction\":[{\"@type\":\"SearchAction\",\"target\":{\"@type\":\"EntryPoint\",\"urlTemplate\":\"https:\/\/saxbystone.com\/et\/?s={search_term_string}\"},\"query-input\":{\"@type\":\"PropertyValueSpecification\",\"valueRequired\":true,\"valueName\":\"search_term_string\"}}],\"inLanguage\":\"et\"},{\"@type\":\"Organization\",\"@id\":\"https:\/\/saxbystone.com\/et\/#organization\",\"name\":\"Saxby Stone\",\"url\":\"https:\/\/saxbystone.com\/et\/\",\"logo\":{\"@type\":\"ImageObject\",\"inLanguage\":\"et\",\"@id\":\"https:\/\/saxbystone.com\/et\/#\/schema\/logo\/image\/\",\"url\":\"https:\/\/saxbystone.com\/wp-content\/uploads\/2024\/09\/cropped-Saxby-Stone-logo-official-1st.png\",\"contentUrl\":\"https:\/\/saxbystone.com\/wp-content\/uploads\/2024\/09\/cropped-Saxby-Stone-logo-official-1st.png\",\"width\":512,\"height\":512,\"caption\":\"Saxby Stone\"},\"image\":{\"@id\":\"https:\/\/saxbystone.com\/et\/#\/schema\/logo\/image\/\"},\"sameAs\":[\"https:\/\/www.instagram.com\/saxbystone\/\"]}]}<\/script>\n<!-- \/ Yoast SEO plugin. -->","yoast_head_json":{"title":"Baltic Green paekivi - Saxby Stone","description":"The tiles are extremely hard, durable and are suitable for areas of high foot traffic such as office buildings, shopping centers and restaurants.","robots":{"index":"index","follow":"follow","max-snippet":"max-snippet:-1","max-image-preview":"max-image-preview:large","max-video-preview":"max-video-preview:-1"},"canonical":"https:\/\/saxbystone.com\/et\/toode\/baltic-green\/","og_locale":"et_EE","og_type":"article","og_title":"Baltic Green paekivi - Saxby Stone","og_description":"The tiles are extremely hard, durable and are suitable for areas of high foot traffic such as office buildings, shopping centers and restaurants.","og_url":"https:\/\/saxbystone.com\/et\/toode\/baltic-green\/","og_site_name":"Saxby Stone","article_modified_time":"2025-12-09T06:35:24+00:00","og_image":[{"width":1600,"height":1071,"url":"https:\/\/saxbystone.com\/wp-content\/uploads\/2024\/09\/Baltic-Green-Limestone-Tiles-Honed.jpg","type":"image\/jpeg"}],"twitter_card":"summary_large_image","twitter_misc":{"Est. reading time":"1 minut"},"schema":{"@context":"https:\/\/schema.org","@graph":[{"@type":"WebPage","@id":"https:\/\/saxbystone.com\/et\/toode\/baltic-green\/","url":"https:\/\/saxbystone.com\/et\/toode\/baltic-green\/","name":"Baltic Green paekivi - Saxby Stone","isPartOf":{"@id":"https:\/\/saxbystone.com\/et\/#website"},"primaryImageOfPage":{"@id":"https:\/\/saxbystone.com\/et\/toode\/baltic-green\/#primaryimage"},"image":{"@id":"https:\/\/saxbystone.com\/et\/toode\/baltic-green\/#primaryimage"},"thumbnailUrl":"https:\/\/saxbystone.com\/wp-content\/uploads\/2024\/09\/Baltic-Green-limestone-1.jpg","datePublished":"2024-09-11T13:32:25+00:00","dateModified":"2025-12-09T06:35:24+00:00","description":"The tiles are extremely hard, durable and are suitable for areas of high foot traffic such as office buildings, shopping centers and restaurants.","breadcrumb":{"@id":"https:\/\/saxbystone.com\/et\/toode\/baltic-green\/#breadcrumb"},"inLanguage":"et","potentialAction":[{"@type":"ReadAction","target":["https:\/\/saxbystone.com\/et\/toode\/baltic-green\/"]}]},{"@type":"ImageObject","inLanguage":"et","@id":"https:\/\/saxbystone.com\/et\/toode\/baltic-green\/#primaryimage","url":"https:\/\/saxbystone.com\/wp-content\/uploads\/2024\/09\/Baltic-Green-limestone-1.jpg","contentUrl":"https:\/\/saxbystone.com\/wp-content\/uploads\/2024\/09\/Baltic-Green-limestone-1.jpg","width":879,"height":750},{"@type":"BreadcrumbList","@id":"https:\/\/saxbystone.com\/et\/toode\/baltic-green\/#breadcrumb","itemListElement":[{"@type":"ListItem","position":1,"name":"Home","item":"https:\/\/saxbystone.com\/et\/"},{"@type":"ListItem","position":2,"name":"Meie tooted","item":"https:\/\/saxbystone.com\/et\/meie-tooted\/"},{"@type":"ListItem","position":3,"name":"Baltic Green paekivi"}]},{"@type":"WebSite","@id":"https:\/\/saxbystone.com\/et\/#website","url":"https:\/\/saxbystone.com\/et\/","name":"Saxby Stone","description":"Natural stone tiles","publisher":{"@id":"https:\/\/saxbystone.com\/et\/#organization"},"potentialAction":[{"@type":"SearchAction","target":{"@type":"EntryPoint","urlTemplate":"https:\/\/saxbystone.com\/et\/?s={search_term_string}"},"query-input":{"@type":"PropertyValueSpecification","valueRequired":true,"valueName":"search_term_string"}}],"inLanguage":"et"},{"@type":"Organization","@id":"https:\/\/saxbystone.com\/et\/#organization","name":"Saxby Stone","url":"https:\/\/saxbystone.com\/et\/","logo":{"@type":"ImageObject","inLanguage":"et","@id":"https:\/\/saxbystone.com\/et\/#\/schema\/logo\/image\/","url":"https:\/\/saxbystone.com\/wp-content\/uploads\/2024\/09\/cropped-Saxby-Stone-logo-official-1st.png","contentUrl":"https:\/\/saxbystone.com\/wp-content\/uploads\/2024\/09\/cropped-Saxby-Stone-logo-official-1st.png","width":512,"height":512,"caption":"Saxby Stone"},"image":{"@id":"https:\/\/saxbystone.com\/et\/#\/schema\/logo\/image\/"},"sameAs":["https:\/\/www.instagram.com\/saxbystone\/"]}]}},"_links":{"self":[{"href":"https:\/\/saxbystone.com\/et\/wp-json\/wp\/v2\/product\/4288","targetHints":{"allow":["GET"]}}],"collection":[{"href":"https:\/\/saxbystone.com\/et\/wp-json\/wp\/v2\/product"}],"about":[{"href":"https:\/\/saxbystone.com\/et\/wp-json\/wp\/v2\/types\/product"}],"wp:featuredmedia":[{"embeddable":true,"href":"https:\/\/saxbystone.com\/et\/wp-json\/wp\/v2\/media\/8206"}],"wp:attachment":[{"href":"https:\/\/saxbystone.com\/et\/wp-json\/wp\/v2\/media?parent=4288"}],"wp:term":[{"taxonomy":"product_brand","embeddable":true,"href":"https:\/\/saxbystone.com\/et\/wp-json\/wp\/v2\/product_brand?post=4288"},{"taxonomy":"product_cat","embeddable":true,"href":"https:\/\/saxbystone.com\/et\/wp-json\/wp\/v2\/product_cat?post=4288"},{"taxonomy":"product_tag","embeddable":true,"href":"https:\/\/saxbystone.com\/et\/wp-json\/wp\/v2\/product_tag?post=4288"}],"curies":[{"name":"wp","href":"https:\/\/api.w.org\/{rel}","templated":true}]}}