{"id":4279,"date":"2024-10-25T10:31:12","date_gmt":"2024-10-25T07:31:12","guid":{"rendered":"https:\/\/saxbystone.com\/product\/arensburg-paekivi-saetud\/"},"modified":"2025-11-26T11:57:34","modified_gmt":"2025-11-26T09:57:34","slug":"arensburg-saetud","status":"publish","type":"product","link":"https:\/\/saxbystone.com\/et\/toode\/arensburg-saetud\/","title":{"rendered":"Arensburg paekivi, saetud"},"content":{"rendered":"","protected":false},"excerpt":{"rendered":"<p><span style=\"font-weight: 400;\">Saetud pinnaviimistlusega Arensburg paekivi meenutab v\u00e4lisfassaadidel kasutatuna <\/span><span style=\"font-weight: 400;\">helehalle\u00a0 <\/span><span style=\"font-weight: 400;\">telliseid. \u00dcks Arensburg paekivi suurep\u00e4raseid omadusi on<\/span><span style=\"font-weight: 400;\"> kivi<\/span><span style=\"font-weight: 400;\"> vastupidavus korduvatele k\u00fclmumis- ja sulamists\u00fcklitele, mist\u00f5ttu on see \u00fcks v\u00e4heseid paekive, mida saab kasutada P\u00f5hjamaade <\/span><span style=\"font-weight: 400;\">karmis<\/span><span style=\"font-weight: 400;\"> kliimas v\u00e4litingimustes. L\u00e4\u00e4nemere rannikult kaevandatud Arensburg paekivi on Rootsi<\/span><span style=\"font-weight: 400;\"> ja Baltimaade<\/span><span style=\"font-weight: 400;\"> klientide seas v\u00e4ga populaarne.<\/span><\/p>\n<p><em>Et n\u00e4ha hinda, valige palun plaadi m\u00f5\u00f5tmed. Tasuta transport tellimustele \u00fcle 25 m<sup>2<\/sup>. Allahindlus tellimustele \u00fcle 100 m<sup>2<\/sup>.<\/em><\/p>\n","protected":false},"featured_media":7331,"template":"","meta":{"_acf_changed":false},"product_brand":[],"product_cat":[232,230],"product_tag":[],"class_list":{"0":"post-4279","1":"product","2":"type-product","3":"status-publish","4":"has-post-thumbnail","6":"product_cat-koik-tooted","7":"product_cat-fassaadikivi","9":"first","10":"instock","11":"shipping-taxable","12":"purchasable","13":"product-type-variable","14":"add-to-wishlist-after_add_to_cart"},"acf":[],"yoast_head":"<!-- This site is optimized with the Yoast SEO plugin v26.4 - https:\/\/yoast.com\/wordpress\/plugins\/seo\/ -->\n<title>Arensburg paekivi, saetud - Saxby Stone<\/title>\n<meta name=\"robots\" content=\"index, follow, max-snippet:-1, max-image-preview:large, max-video-preview:-1\" \/>\n<link rel=\"canonical\" href=\"https:\/\/saxbystone.com\/et\/toode\/arensburg-saetud\/\" \/>\n<meta property=\"og:locale\" content=\"et_EE\" \/>\n<meta property=\"og:type\" content=\"article\" \/>\n<meta property=\"og:title\" content=\"Arensburg paekivi, saetud - Saxby Stone\" \/>\n<meta property=\"og:description\" content=\"Saetud pinnaviimistlusega Arensburg paekivi meenutab v\u00e4lisfassaadidel kasutatuna helehalle\u00a0 telliseid. \u00dcks Arensburg paekivi suurep\u00e4raseid omadusi on kivi vastupidavus korduvatele k\u00fclmumis- ja sulamists\u00fcklitele, mist\u00f5ttu on see \u00fcks v\u00e4heseid paekive, mida saab kasutada P\u00f5hjamaade karmis kliimas v\u00e4litingimustes. L\u00e4\u00e4nemere rannikult kaevandatud Arensburg paekivi on Rootsi ja Baltimaade klientide seas v\u00e4ga populaarne.  Et n\u00e4ha hinda, valige palun plaadi m\u00f5\u00f5tmed. Tasuta transport tellimustele \u00fcle 25 m2. Allahindlus tellimustele \u00fcle 100 m2.\" \/>\n<meta property=\"og:url\" content=\"https:\/\/saxbystone.com\/et\/toode\/arensburg-saetud\/\" \/>\n<meta property=\"og:site_name\" content=\"Saxby Stone\" \/>\n<meta property=\"article:modified_time\" content=\"2025-11-26T09:57:34+00:00\" \/>\n<meta property=\"og:image\" content=\"https:\/\/saxbystone.com\/wp-content\/uploads\/2024\/10\/Arensburg-Sawn-Noblessner.jpg\" \/>\n\t<meta property=\"og:image:width\" content=\"1030\" \/>\n\t<meta property=\"og:image:height\" content=\"687\" \/>\n\t<meta property=\"og:image:type\" content=\"image\/jpeg\" \/>\n<meta name=\"twitter:card\" content=\"summary_large_image\" \/>\n<meta name=\"twitter:label1\" content=\"Est. reading time\" \/>\n\t<meta name=\"twitter:data1\" content=\"1 minut\" \/>\n<script type=\"application\/ld+json\" class=\"yoast-schema-graph\">{\"@context\":\"https:\/\/schema.org\",\"@graph\":[{\"@type\":\"WebPage\",\"@id\":\"https:\/\/saxbystone.com\/et\/toode\/arensburg-saetud\/\",\"url\":\"https:\/\/saxbystone.com\/et\/toode\/arensburg-saetud\/\",\"name\":\"Arensburg paekivi, saetud - Saxby Stone\",\"isPartOf\":{\"@id\":\"https:\/\/saxbystone.com\/et\/#website\"},\"primaryImageOfPage\":{\"@id\":\"https:\/\/saxbystone.com\/et\/toode\/arensburg-saetud\/#primaryimage\"},\"image\":{\"@id\":\"https:\/\/saxbystone.com\/et\/toode\/arensburg-saetud\/#primaryimage\"},\"thumbnailUrl\":\"https:\/\/saxbystone.com\/wp-content\/uploads\/2024\/10\/Arensburg-Sawn-Noblessner.jpg\",\"datePublished\":\"2024-10-25T07:31:12+00:00\",\"dateModified\":\"2025-11-26T09:57:34+00:00\",\"breadcrumb\":{\"@id\":\"https:\/\/saxbystone.com\/et\/toode\/arensburg-saetud\/#breadcrumb\"},\"inLanguage\":\"et\",\"potentialAction\":[{\"@type\":\"ReadAction\",\"target\":[\"https:\/\/saxbystone.com\/et\/toode\/arensburg-saetud\/\"]}]},{\"@type\":\"ImageObject\",\"inLanguage\":\"et\",\"@id\":\"https:\/\/saxbystone.com\/et\/toode\/arensburg-saetud\/#primaryimage\",\"url\":\"https:\/\/saxbystone.com\/wp-content\/uploads\/2024\/10\/Arensburg-Sawn-Noblessner.jpg\",\"contentUrl\":\"https:\/\/saxbystone.com\/wp-content\/uploads\/2024\/10\/Arensburg-Sawn-Noblessner.jpg\",\"width\":1030,\"height\":687},{\"@type\":\"BreadcrumbList\",\"@id\":\"https:\/\/saxbystone.com\/et\/toode\/arensburg-saetud\/#breadcrumb\",\"itemListElement\":[{\"@type\":\"ListItem\",\"position\":1,\"name\":\"Home\",\"item\":\"https:\/\/saxbystone.com\/et\/\"},{\"@type\":\"ListItem\",\"position\":2,\"name\":\"Meie tooted\",\"item\":\"https:\/\/saxbystone.com\/et\/meie-tooted\/\"},{\"@type\":\"ListItem\",\"position\":3,\"name\":\"Arensburg paekivi, saetud\"}]},{\"@type\":\"WebSite\",\"@id\":\"https:\/\/saxbystone.com\/et\/#website\",\"url\":\"https:\/\/saxbystone.com\/et\/\",\"name\":\"Saxby Stone\",\"description\":\"Natural stone tiles\",\"publisher\":{\"@id\":\"https:\/\/saxbystone.com\/et\/#organization\"},\"potentialAction\":[{\"@type\":\"SearchAction\",\"target\":{\"@type\":\"EntryPoint\",\"urlTemplate\":\"https:\/\/saxbystone.com\/et\/?s={search_term_string}\"},\"query-input\":{\"@type\":\"PropertyValueSpecification\",\"valueRequired\":true,\"valueName\":\"search_term_string\"}}],\"inLanguage\":\"et\"},{\"@type\":\"Organization\",\"@id\":\"https:\/\/saxbystone.com\/et\/#organization\",\"name\":\"Saxby Stone\",\"url\":\"https:\/\/saxbystone.com\/et\/\",\"logo\":{\"@type\":\"ImageObject\",\"inLanguage\":\"et\",\"@id\":\"https:\/\/saxbystone.com\/et\/#\/schema\/logo\/image\/\",\"url\":\"https:\/\/saxbystone.com\/wp-content\/uploads\/2024\/09\/cropped-Saxby-Stone-logo-official-1st.png\",\"contentUrl\":\"https:\/\/saxbystone.com\/wp-content\/uploads\/2024\/09\/cropped-Saxby-Stone-logo-official-1st.png\",\"width\":512,\"height\":512,\"caption\":\"Saxby Stone\"},\"image\":{\"@id\":\"https:\/\/saxbystone.com\/et\/#\/schema\/logo\/image\/\"},\"sameAs\":[\"https:\/\/www.instagram.com\/saxbystone\/\"]}]}<\/script>\n<!-- \/ Yoast SEO plugin. -->","yoast_head_json":{"title":"Arensburg paekivi, saetud - Saxby Stone","robots":{"index":"index","follow":"follow","max-snippet":"max-snippet:-1","max-image-preview":"max-image-preview:large","max-video-preview":"max-video-preview:-1"},"canonical":"https:\/\/saxbystone.com\/et\/toode\/arensburg-saetud\/","og_locale":"et_EE","og_type":"article","og_title":"Arensburg paekivi, saetud - Saxby Stone","og_description":"Saetud pinnaviimistlusega Arensburg paekivi meenutab v\u00e4lisfassaadidel kasutatuna helehalle\u00a0 telliseid. \u00dcks Arensburg paekivi suurep\u00e4raseid omadusi on kivi vastupidavus korduvatele k\u00fclmumis- ja sulamists\u00fcklitele, mist\u00f5ttu on see \u00fcks v\u00e4heseid paekive, mida saab kasutada P\u00f5hjamaade karmis kliimas v\u00e4litingimustes. L\u00e4\u00e4nemere rannikult kaevandatud Arensburg paekivi on Rootsi ja Baltimaade klientide seas v\u00e4ga populaarne.  Et n\u00e4ha hinda, valige palun plaadi m\u00f5\u00f5tmed. Tasuta transport tellimustele \u00fcle 25 m2. Allahindlus tellimustele \u00fcle 100 m2.","og_url":"https:\/\/saxbystone.com\/et\/toode\/arensburg-saetud\/","og_site_name":"Saxby Stone","article_modified_time":"2025-11-26T09:57:34+00:00","og_image":[{"width":1030,"height":687,"url":"https:\/\/saxbystone.com\/wp-content\/uploads\/2024\/10\/Arensburg-Sawn-Noblessner.jpg","type":"image\/jpeg"}],"twitter_card":"summary_large_image","twitter_misc":{"Est. reading time":"1 minut"},"schema":{"@context":"https:\/\/schema.org","@graph":[{"@type":"WebPage","@id":"https:\/\/saxbystone.com\/et\/toode\/arensburg-saetud\/","url":"https:\/\/saxbystone.com\/et\/toode\/arensburg-saetud\/","name":"Arensburg paekivi, saetud - Saxby Stone","isPartOf":{"@id":"https:\/\/saxbystone.com\/et\/#website"},"primaryImageOfPage":{"@id":"https:\/\/saxbystone.com\/et\/toode\/arensburg-saetud\/#primaryimage"},"image":{"@id":"https:\/\/saxbystone.com\/et\/toode\/arensburg-saetud\/#primaryimage"},"thumbnailUrl":"https:\/\/saxbystone.com\/wp-content\/uploads\/2024\/10\/Arensburg-Sawn-Noblessner.jpg","datePublished":"2024-10-25T07:31:12+00:00","dateModified":"2025-11-26T09:57:34+00:00","breadcrumb":{"@id":"https:\/\/saxbystone.com\/et\/toode\/arensburg-saetud\/#breadcrumb"},"inLanguage":"et","potentialAction":[{"@type":"ReadAction","target":["https:\/\/saxbystone.com\/et\/toode\/arensburg-saetud\/"]}]},{"@type":"ImageObject","inLanguage":"et","@id":"https:\/\/saxbystone.com\/et\/toode\/arensburg-saetud\/#primaryimage","url":"https:\/\/saxbystone.com\/wp-content\/uploads\/2024\/10\/Arensburg-Sawn-Noblessner.jpg","contentUrl":"https:\/\/saxbystone.com\/wp-content\/uploads\/2024\/10\/Arensburg-Sawn-Noblessner.jpg","width":1030,"height":687},{"@type":"BreadcrumbList","@id":"https:\/\/saxbystone.com\/et\/toode\/arensburg-saetud\/#breadcrumb","itemListElement":[{"@type":"ListItem","position":1,"name":"Home","item":"https:\/\/saxbystone.com\/et\/"},{"@type":"ListItem","position":2,"name":"Meie tooted","item":"https:\/\/saxbystone.com\/et\/meie-tooted\/"},{"@type":"ListItem","position":3,"name":"Arensburg paekivi, saetud"}]},{"@type":"WebSite","@id":"https:\/\/saxbystone.com\/et\/#website","url":"https:\/\/saxbystone.com\/et\/","name":"Saxby Stone","description":"Natural stone tiles","publisher":{"@id":"https:\/\/saxbystone.com\/et\/#organization"},"potentialAction":[{"@type":"SearchAction","target":{"@type":"EntryPoint","urlTemplate":"https:\/\/saxbystone.com\/et\/?s={search_term_string}"},"query-input":{"@type":"PropertyValueSpecification","valueRequired":true,"valueName":"search_term_string"}}],"inLanguage":"et"},{"@type":"Organization","@id":"https:\/\/saxbystone.com\/et\/#organization","name":"Saxby Stone","url":"https:\/\/saxbystone.com\/et\/","logo":{"@type":"ImageObject","inLanguage":"et","@id":"https:\/\/saxbystone.com\/et\/#\/schema\/logo\/image\/","url":"https:\/\/saxbystone.com\/wp-content\/uploads\/2024\/09\/cropped-Saxby-Stone-logo-official-1st.png","contentUrl":"https:\/\/saxbystone.com\/wp-content\/uploads\/2024\/09\/cropped-Saxby-Stone-logo-official-1st.png","width":512,"height":512,"caption":"Saxby Stone"},"image":{"@id":"https:\/\/saxbystone.com\/et\/#\/schema\/logo\/image\/"},"sameAs":["https:\/\/www.instagram.com\/saxbystone\/"]}]}},"_links":{"self":[{"href":"https:\/\/saxbystone.com\/et\/wp-json\/wp\/v2\/product\/4279","targetHints":{"allow":["GET"]}}],"collection":[{"href":"https:\/\/saxbystone.com\/et\/wp-json\/wp\/v2\/product"}],"about":[{"href":"https:\/\/saxbystone.com\/et\/wp-json\/wp\/v2\/types\/product"}],"wp:featuredmedia":[{"embeddable":true,"href":"https:\/\/saxbystone.com\/et\/wp-json\/wp\/v2\/media\/7331"}],"wp:attachment":[{"href":"https:\/\/saxbystone.com\/et\/wp-json\/wp\/v2\/media?parent=4279"}],"wp:term":[{"taxonomy":"product_brand","embeddable":true,"href":"https:\/\/saxbystone.com\/et\/wp-json\/wp\/v2\/product_brand?post=4279"},{"taxonomy":"product_cat","embeddable":true,"href":"https:\/\/saxbystone.com\/et\/wp-json\/wp\/v2\/product_cat?post=4279"},{"taxonomy":"product_tag","embeddable":true,"href":"https:\/\/saxbystone.com\/et\/wp-json\/wp\/v2\/product_tag?post=4279"}],"curies":[{"name":"wp","href":"https:\/\/api.w.org\/{rel}","templated":true}]}}