{"id":4266,"date":"2024-10-25T10:08:28","date_gmt":"2024-10-25T07:08:28","guid":{"rendered":"https:\/\/saxbystone.com\/product\/arensburg-paekivi-harjatud\/"},"modified":"2025-11-26T12:00:17","modified_gmt":"2025-11-26T10:00:17","slug":"arensburg-harjatud","status":"publish","type":"product","link":"https:\/\/saxbystone.com\/et\/toode\/arensburg-harjatud\/","title":{"rendered":"Arensburg paekivi, harjatud"},"content":{"rendered":"","protected":false},"excerpt":{"rendered":"<p><span style=\"font-weight: 400;\">Harjatud pinnaga Arensburg paekivi kasutatakse sagedamini ajaloolis<\/span><span style=\"font-weight: 400;\">te<\/span><span style=\"font-weight: 400;\"> hoone<\/span><span style=\"font-weight: 400;\">te<\/span><span style=\"font-weight: 400;\">, n\u00e4iteks m\u00f5isa<\/span><span style=\"font-weight: 400;\">te<\/span><span style=\"font-weight: 400;\"> v\u00f5i kiriku<\/span><span style=\"font-weight: 400;\">te<\/span><span style=\"font-weight: 400;\"> renoveerimisel v\u00f5i siis, kui niisketes ruumides on p\u00f5randal vaja paremat haarduvust.<\/span><\/p>\n<p><span style=\"font-weight: 400;\">Rohke loomuliku v<\/span><span style=\"font-weight: 400;\">alguse k\u00e4es on harjatud pinnaga Arensburg paekivi v\u00e4rvus <\/span><span style=\"font-weight: 400;\">heledam <\/span><span style=\"font-weight: 400;\">sinakashall ning kunstliku valguse k\u00e4es muutub v\u00e4rvus <\/span><span style=\"font-weight: 400;\">tumehalliks<\/span><span style=\"font-weight: 400;\">, nagu on n\u00e4ha fotodel. Selle paekivi <\/span><span style=\"font-weight: 400;\">v\u00e4rvus<\/span><span style=\"font-weight: 400;\"> peegeldab L\u00e4\u00e4nemere meeleolu muutlikkust.<\/span><\/p>\n<p><span style=\"font-weight: 400;\">Harjatud pinnaga Arensburg kiviplaadid n\u00e4evad eriti muljetavaldavad v\u00e4lja suurtes formaatides nagu 900 x 600 mm v\u00f5i 600 x <\/span><span style=\"font-weight: 400;\">vaba pikkus.<\/span><\/p>\n<p><em>Et n\u00e4ha hinda, valige palun plaadi m\u00f5\u00f5tmed. Tasuta transport tellimustele \u00fcle 25 m<sup>2<\/sup>. Allahindlus tellimustele \u00fcle 100 m<sup>2<\/sup>.<\/em><\/p>\n","protected":false},"featured_media":7289,"template":"","meta":{"_acf_changed":false},"product_brand":[],"product_cat":[232,231],"product_tag":[],"class_list":{"0":"post-4266","1":"product","2":"type-product","3":"status-publish","4":"has-post-thumbnail","6":"product_cat-koik-tooted","7":"product_cat-poranda-ja-seinaplaadid","9":"first","10":"instock","11":"shipping-taxable","12":"purchasable","13":"product-type-variable","14":"add-to-wishlist-after_add_to_cart"},"acf":[],"yoast_head":"<!-- This site is optimized with the Yoast SEO plugin v26.4 - https:\/\/yoast.com\/wordpress\/plugins\/seo\/ -->\n<title>Arensburg paekivi, harjatud - Saxby Stone<\/title>\n<meta name=\"robots\" content=\"index, follow, max-snippet:-1, max-image-preview:large, max-video-preview:-1\" \/>\n<link rel=\"canonical\" href=\"https:\/\/saxbystone.com\/et\/toode\/arensburg-harjatud\/\" \/>\n<meta property=\"og:locale\" content=\"et_EE\" \/>\n<meta property=\"og:type\" content=\"article\" \/>\n<meta property=\"og:title\" content=\"Arensburg paekivi, harjatud - Saxby Stone\" \/>\n<meta property=\"og:description\" content=\"Harjatud pinnaga Arensburg paekivi kasutatakse sagedamini ajalooliste hoonete, n\u00e4iteks m\u00f5isate v\u00f5i kirikute renoveerimisel v\u00f5i siis, kui niisketes ruumides on p\u00f5randal vaja paremat haarduvust.  Rohke loomuliku valguse k\u00e4es on harjatud pinnaga Arensburg paekivi v\u00e4rvus heledam sinakashall ning kunstliku valguse k\u00e4es muutub v\u00e4rvus tumehalliks, nagu on n\u00e4ha fotodel. Selle paekivi v\u00e4rvus peegeldab L\u00e4\u00e4nemere meeleolu muutlikkust.  Harjatud pinnaga Arensburg kiviplaadid n\u00e4evad eriti muljetavaldavad v\u00e4lja suurtes formaatides nagu 900 x 600 mm v\u00f5i 600 x vaba pikkus.  Et n\u00e4ha hinda, valige palun plaadi m\u00f5\u00f5tmed. Tasuta transport tellimustele \u00fcle 25 m2. Allahindlus tellimustele \u00fcle 100 m2.\" \/>\n<meta property=\"og:url\" content=\"https:\/\/saxbystone.com\/et\/toode\/arensburg-harjatud\/\" \/>\n<meta property=\"og:site_name\" content=\"Saxby Stone\" \/>\n<meta property=\"article:modified_time\" content=\"2025-11-26T10:00:17+00:00\" \/>\n<meta property=\"og:image\" content=\"https:\/\/saxbystone.com\/wp-content\/uploads\/2024\/10\/Arensburg-Limestone-Brushed-1.jpg\" \/>\n\t<meta property=\"og:image:width\" content=\"715\" \/>\n\t<meta property=\"og:image:height\" content=\"500\" \/>\n\t<meta property=\"og:image:type\" content=\"image\/jpeg\" \/>\n<meta name=\"twitter:card\" content=\"summary_large_image\" \/>\n<meta name=\"twitter:label1\" content=\"Est. reading time\" \/>\n\t<meta name=\"twitter:data1\" content=\"1 minut\" \/>\n<script type=\"application\/ld+json\" class=\"yoast-schema-graph\">{\"@context\":\"https:\/\/schema.org\",\"@graph\":[{\"@type\":\"WebPage\",\"@id\":\"https:\/\/saxbystone.com\/et\/toode\/arensburg-harjatud\/\",\"url\":\"https:\/\/saxbystone.com\/et\/toode\/arensburg-harjatud\/\",\"name\":\"Arensburg paekivi, harjatud - Saxby Stone\",\"isPartOf\":{\"@id\":\"https:\/\/saxbystone.com\/et\/#website\"},\"primaryImageOfPage\":{\"@id\":\"https:\/\/saxbystone.com\/et\/toode\/arensburg-harjatud\/#primaryimage\"},\"image\":{\"@id\":\"https:\/\/saxbystone.com\/et\/toode\/arensburg-harjatud\/#primaryimage\"},\"thumbnailUrl\":\"https:\/\/saxbystone.com\/wp-content\/uploads\/2024\/10\/Arensburg-Limestone-Brushed-1.jpg\",\"datePublished\":\"2024-10-25T07:08:28+00:00\",\"dateModified\":\"2025-11-26T10:00:17+00:00\",\"breadcrumb\":{\"@id\":\"https:\/\/saxbystone.com\/et\/toode\/arensburg-harjatud\/#breadcrumb\"},\"inLanguage\":\"et\",\"potentialAction\":[{\"@type\":\"ReadAction\",\"target\":[\"https:\/\/saxbystone.com\/et\/toode\/arensburg-harjatud\/\"]}]},{\"@type\":\"ImageObject\",\"inLanguage\":\"et\",\"@id\":\"https:\/\/saxbystone.com\/et\/toode\/arensburg-harjatud\/#primaryimage\",\"url\":\"https:\/\/saxbystone.com\/wp-content\/uploads\/2024\/10\/Arensburg-Limestone-Brushed-1.jpg\",\"contentUrl\":\"https:\/\/saxbystone.com\/wp-content\/uploads\/2024\/10\/Arensburg-Limestone-Brushed-1.jpg\",\"width\":715,\"height\":500},{\"@type\":\"BreadcrumbList\",\"@id\":\"https:\/\/saxbystone.com\/et\/toode\/arensburg-harjatud\/#breadcrumb\",\"itemListElement\":[{\"@type\":\"ListItem\",\"position\":1,\"name\":\"Home\",\"item\":\"https:\/\/saxbystone.com\/et\/\"},{\"@type\":\"ListItem\",\"position\":2,\"name\":\"Meie tooted\",\"item\":\"https:\/\/saxbystone.com\/et\/meie-tooted\/\"},{\"@type\":\"ListItem\",\"position\":3,\"name\":\"Arensburg paekivi, harjatud\"}]},{\"@type\":\"WebSite\",\"@id\":\"https:\/\/saxbystone.com\/et\/#website\",\"url\":\"https:\/\/saxbystone.com\/et\/\",\"name\":\"Saxby Stone\",\"description\":\"Natural stone tiles\",\"publisher\":{\"@id\":\"https:\/\/saxbystone.com\/et\/#organization\"},\"potentialAction\":[{\"@type\":\"SearchAction\",\"target\":{\"@type\":\"EntryPoint\",\"urlTemplate\":\"https:\/\/saxbystone.com\/et\/?s={search_term_string}\"},\"query-input\":{\"@type\":\"PropertyValueSpecification\",\"valueRequired\":true,\"valueName\":\"search_term_string\"}}],\"inLanguage\":\"et\"},{\"@type\":\"Organization\",\"@id\":\"https:\/\/saxbystone.com\/et\/#organization\",\"name\":\"Saxby Stone\",\"url\":\"https:\/\/saxbystone.com\/et\/\",\"logo\":{\"@type\":\"ImageObject\",\"inLanguage\":\"et\",\"@id\":\"https:\/\/saxbystone.com\/et\/#\/schema\/logo\/image\/\",\"url\":\"https:\/\/saxbystone.com\/wp-content\/uploads\/2024\/09\/cropped-Saxby-Stone-logo-official-1st.png\",\"contentUrl\":\"https:\/\/saxbystone.com\/wp-content\/uploads\/2024\/09\/cropped-Saxby-Stone-logo-official-1st.png\",\"width\":512,\"height\":512,\"caption\":\"Saxby Stone\"},\"image\":{\"@id\":\"https:\/\/saxbystone.com\/et\/#\/schema\/logo\/image\/\"},\"sameAs\":[\"https:\/\/www.instagram.com\/saxbystone\/\"]}]}<\/script>\n<!-- \/ Yoast SEO plugin. -->","yoast_head_json":{"title":"Arensburg paekivi, harjatud - Saxby Stone","robots":{"index":"index","follow":"follow","max-snippet":"max-snippet:-1","max-image-preview":"max-image-preview:large","max-video-preview":"max-video-preview:-1"},"canonical":"https:\/\/saxbystone.com\/et\/toode\/arensburg-harjatud\/","og_locale":"et_EE","og_type":"article","og_title":"Arensburg paekivi, harjatud - Saxby Stone","og_description":"Harjatud pinnaga Arensburg paekivi kasutatakse sagedamini ajalooliste hoonete, n\u00e4iteks m\u00f5isate v\u00f5i kirikute renoveerimisel v\u00f5i siis, kui niisketes ruumides on p\u00f5randal vaja paremat haarduvust.  Rohke loomuliku valguse k\u00e4es on harjatud pinnaga Arensburg paekivi v\u00e4rvus heledam sinakashall ning kunstliku valguse k\u00e4es muutub v\u00e4rvus tumehalliks, nagu on n\u00e4ha fotodel. Selle paekivi v\u00e4rvus peegeldab L\u00e4\u00e4nemere meeleolu muutlikkust.  Harjatud pinnaga Arensburg kiviplaadid n\u00e4evad eriti muljetavaldavad v\u00e4lja suurtes formaatides nagu 900 x 600 mm v\u00f5i 600 x vaba pikkus.  Et n\u00e4ha hinda, valige palun plaadi m\u00f5\u00f5tmed. Tasuta transport tellimustele \u00fcle 25 m2. Allahindlus tellimustele \u00fcle 100 m2.","og_url":"https:\/\/saxbystone.com\/et\/toode\/arensburg-harjatud\/","og_site_name":"Saxby Stone","article_modified_time":"2025-11-26T10:00:17+00:00","og_image":[{"width":715,"height":500,"url":"https:\/\/saxbystone.com\/wp-content\/uploads\/2024\/10\/Arensburg-Limestone-Brushed-1.jpg","type":"image\/jpeg"}],"twitter_card":"summary_large_image","twitter_misc":{"Est. reading time":"1 minut"},"schema":{"@context":"https:\/\/schema.org","@graph":[{"@type":"WebPage","@id":"https:\/\/saxbystone.com\/et\/toode\/arensburg-harjatud\/","url":"https:\/\/saxbystone.com\/et\/toode\/arensburg-harjatud\/","name":"Arensburg paekivi, harjatud - Saxby Stone","isPartOf":{"@id":"https:\/\/saxbystone.com\/et\/#website"},"primaryImageOfPage":{"@id":"https:\/\/saxbystone.com\/et\/toode\/arensburg-harjatud\/#primaryimage"},"image":{"@id":"https:\/\/saxbystone.com\/et\/toode\/arensburg-harjatud\/#primaryimage"},"thumbnailUrl":"https:\/\/saxbystone.com\/wp-content\/uploads\/2024\/10\/Arensburg-Limestone-Brushed-1.jpg","datePublished":"2024-10-25T07:08:28+00:00","dateModified":"2025-11-26T10:00:17+00:00","breadcrumb":{"@id":"https:\/\/saxbystone.com\/et\/toode\/arensburg-harjatud\/#breadcrumb"},"inLanguage":"et","potentialAction":[{"@type":"ReadAction","target":["https:\/\/saxbystone.com\/et\/toode\/arensburg-harjatud\/"]}]},{"@type":"ImageObject","inLanguage":"et","@id":"https:\/\/saxbystone.com\/et\/toode\/arensburg-harjatud\/#primaryimage","url":"https:\/\/saxbystone.com\/wp-content\/uploads\/2024\/10\/Arensburg-Limestone-Brushed-1.jpg","contentUrl":"https:\/\/saxbystone.com\/wp-content\/uploads\/2024\/10\/Arensburg-Limestone-Brushed-1.jpg","width":715,"height":500},{"@type":"BreadcrumbList","@id":"https:\/\/saxbystone.com\/et\/toode\/arensburg-harjatud\/#breadcrumb","itemListElement":[{"@type":"ListItem","position":1,"name":"Home","item":"https:\/\/saxbystone.com\/et\/"},{"@type":"ListItem","position":2,"name":"Meie tooted","item":"https:\/\/saxbystone.com\/et\/meie-tooted\/"},{"@type":"ListItem","position":3,"name":"Arensburg paekivi, harjatud"}]},{"@type":"WebSite","@id":"https:\/\/saxbystone.com\/et\/#website","url":"https:\/\/saxbystone.com\/et\/","name":"Saxby Stone","description":"Natural stone tiles","publisher":{"@id":"https:\/\/saxbystone.com\/et\/#organization"},"potentialAction":[{"@type":"SearchAction","target":{"@type":"EntryPoint","urlTemplate":"https:\/\/saxbystone.com\/et\/?s={search_term_string}"},"query-input":{"@type":"PropertyValueSpecification","valueRequired":true,"valueName":"search_term_string"}}],"inLanguage":"et"},{"@type":"Organization","@id":"https:\/\/saxbystone.com\/et\/#organization","name":"Saxby Stone","url":"https:\/\/saxbystone.com\/et\/","logo":{"@type":"ImageObject","inLanguage":"et","@id":"https:\/\/saxbystone.com\/et\/#\/schema\/logo\/image\/","url":"https:\/\/saxbystone.com\/wp-content\/uploads\/2024\/09\/cropped-Saxby-Stone-logo-official-1st.png","contentUrl":"https:\/\/saxbystone.com\/wp-content\/uploads\/2024\/09\/cropped-Saxby-Stone-logo-official-1st.png","width":512,"height":512,"caption":"Saxby Stone"},"image":{"@id":"https:\/\/saxbystone.com\/et\/#\/schema\/logo\/image\/"},"sameAs":["https:\/\/www.instagram.com\/saxbystone\/"]}]}},"_links":{"self":[{"href":"https:\/\/saxbystone.com\/et\/wp-json\/wp\/v2\/product\/4266","targetHints":{"allow":["GET"]}}],"collection":[{"href":"https:\/\/saxbystone.com\/et\/wp-json\/wp\/v2\/product"}],"about":[{"href":"https:\/\/saxbystone.com\/et\/wp-json\/wp\/v2\/types\/product"}],"wp:featuredmedia":[{"embeddable":true,"href":"https:\/\/saxbystone.com\/et\/wp-json\/wp\/v2\/media\/7289"}],"wp:attachment":[{"href":"https:\/\/saxbystone.com\/et\/wp-json\/wp\/v2\/media?parent=4266"}],"wp:term":[{"taxonomy":"product_brand","embeddable":true,"href":"https:\/\/saxbystone.com\/et\/wp-json\/wp\/v2\/product_brand?post=4266"},{"taxonomy":"product_cat","embeddable":true,"href":"https:\/\/saxbystone.com\/et\/wp-json\/wp\/v2\/product_cat?post=4266"},{"taxonomy":"product_tag","embeddable":true,"href":"https:\/\/saxbystone.com\/et\/wp-json\/wp\/v2\/product_tag?post=4266"}],"curies":[{"name":"wp","href":"https:\/\/api.w.org\/{rel}","templated":true}]}}