{"id":4252,"date":"2024-10-24T10:31:34","date_gmt":"2024-10-24T07:31:34","guid":{"rendered":"https:\/\/saxbystone.com\/product\/arensburg-paekivi-lihvitud\/"},"modified":"2025-11-26T12:01:42","modified_gmt":"2025-11-26T10:01:42","slug":"arensburg-lihvitud","status":"publish","type":"product","link":"https:\/\/saxbystone.com\/et\/toode\/arensburg-lihvitud\/","title":{"rendered":"Arensburg paekivi, lihvitud"},"content":{"rendered":"","protected":false},"excerpt":{"rendered":"<p><span style=\"font-weight: 400;\">Arensburg paekivi on \u00e4\u00e4rmiselt k\u00f5va, fossiilirikas paekivi, mida kaevandatakse kivimikihist,<\/span><span style=\"font-weight: 400;\"> mis ulatub Rootsi \u00d6landi saarelt kuni Peterburini Venemaal<\/span><span style=\"font-weight: 400;\">. Aastate jooksul on <\/span><span style=\"font-weight: 400;\">Arensburg <\/span><span style=\"font-weight: 400;\">paekivi muutunud Skandinaavia ja<\/span><span style=\"font-weight: 400;\"> P\u00f5hjamaade<\/span><span style=\"font-weight: 400;\"> arhitektide ja sisekujundajate lemmikuks, kes kasutavad seda materjali p\u00f5randaplaatide, k\u00f6\u00f6gi t\u00f6\u00f6tasapindade, treppide, aknalaudade ja <\/span><span style=\"font-weight: 400;\">p\u00f5randaliistude <\/span><span style=\"font-weight: 400;\">valmistamiseks<\/span><span style=\"font-weight: 400;\">. Arensburg paekivil on palju sarnasusi Rootsis <\/span><span style=\"font-weight: 400;\">leiduva \u00d6land Grey paekiviga.<\/span><\/p>\n<p><span style=\"font-weight: 400;\">Pakume sellest <\/span><span style=\"font-weight: 400;\">kivimist valmistatud<\/span> <span style=\"font-weight: 400;\">p\u00f5randa- ja seina<\/span><span style=\"font-weight: 400;\">plaate, k\u00f6\u00f6gi t\u00f6\u00f6tasapindu, aknalaudu, treppe ja <\/span><span style=\"font-weight: 400;\">p\u00f5randaliiste<\/span><span style=\"font-weight: 400;\">.<\/span><\/p>\n<p><em>Et n\u00e4ha hinda, valige palun plaadi m\u00f5\u00f5tmed. Tasuta transport tellimustele \u00fcle 25 m<sup>2<\/sup>. Allahindlus tellimustele \u00fcle 100 m<sup>2<\/sup>.<\/em><\/p>\n","protected":false},"featured_media":7241,"template":"","meta":{"_acf_changed":false},"product_brand":[],"product_cat":[232,231,229,230],"product_tag":[],"class_list":{"0":"post-4252","1":"product","2":"type-product","3":"status-publish","4":"has-post-thumbnail","6":"product_cat-koik-tooted","7":"product_cat-poranda-ja-seinaplaadid","8":"product_cat-toopinnad-aknalauad","9":"product_cat-fassaadikivi","11":"first","12":"instock","13":"shipping-taxable","14":"purchasable","15":"product-type-variable","16":"add-to-wishlist-after_add_to_cart"},"acf":[],"yoast_head":"<!-- This site is optimized with the Yoast SEO plugin v26.4 - https:\/\/yoast.com\/wordpress\/plugins\/seo\/ -->\n<title>Arensburg paekivi, lihvitud - Saxby Stone<\/title>\n<meta name=\"robots\" content=\"index, follow, max-snippet:-1, max-image-preview:large, max-video-preview:-1\" \/>\n<link rel=\"canonical\" href=\"https:\/\/saxbystone.com\/et\/toode\/arensburg-lihvitud\/\" \/>\n<meta property=\"og:locale\" content=\"et_EE\" \/>\n<meta property=\"og:type\" content=\"article\" \/>\n<meta property=\"og:title\" content=\"Arensburg paekivi, lihvitud - Saxby Stone\" \/>\n<meta property=\"og:description\" content=\"Arensburg paekivi on \u00e4\u00e4rmiselt k\u00f5va, fossiilirikas paekivi, mida kaevandatakse kivimikihist, mis ulatub Rootsi \u00d6landi saarelt kuni Peterburini Venemaal. Aastate jooksul on Arensburg paekivi muutunud Skandinaavia ja P\u00f5hjamaade arhitektide ja sisekujundajate lemmikuks, kes kasutavad seda materjali p\u00f5randaplaatide, k\u00f6\u00f6gi t\u00f6\u00f6tasapindade, treppide, aknalaudade ja p\u00f5randaliistude valmistamiseks. Arensburg paekivil on palju sarnasusi Rootsis leiduva \u00d6land Grey paekiviga.  Pakume sellest kivimist valmistatud p\u00f5randa- ja seinaplaate, k\u00f6\u00f6gi t\u00f6\u00f6tasapindu, aknalaudu, treppe ja p\u00f5randaliiste.  Et n\u00e4ha hinda, valige palun plaadi m\u00f5\u00f5tmed. Tasuta transport tellimustele \u00fcle 25 m2. Allahindlus tellimustele \u00fcle 100 m2.\" \/>\n<meta property=\"og:url\" content=\"https:\/\/saxbystone.com\/et\/toode\/arensburg-lihvitud\/\" \/>\n<meta property=\"og:site_name\" content=\"Saxby Stone\" \/>\n<meta property=\"article:modified_time\" content=\"2025-11-26T10:01:42+00:00\" \/>\n<meta property=\"og:image\" content=\"https:\/\/saxbystone.com\/wp-content\/uploads\/2024\/10\/Arensburg-Limestone-Honed-Bathroom.jpg\" \/>\n\t<meta property=\"og:image:width\" content=\"920\" \/>\n\t<meta property=\"og:image:height\" content=\"578\" \/>\n\t<meta property=\"og:image:type\" content=\"image\/jpeg\" \/>\n<meta name=\"twitter:card\" content=\"summary_large_image\" \/>\n<meta name=\"twitter:label1\" content=\"Est. reading time\" \/>\n\t<meta name=\"twitter:data1\" content=\"1 minut\" \/>\n<script type=\"application\/ld+json\" class=\"yoast-schema-graph\">{\"@context\":\"https:\/\/schema.org\",\"@graph\":[{\"@type\":\"WebPage\",\"@id\":\"https:\/\/saxbystone.com\/et\/toode\/arensburg-lihvitud\/\",\"url\":\"https:\/\/saxbystone.com\/et\/toode\/arensburg-lihvitud\/\",\"name\":\"Arensburg paekivi, lihvitud - Saxby Stone\",\"isPartOf\":{\"@id\":\"https:\/\/saxbystone.com\/et\/#website\"},\"primaryImageOfPage\":{\"@id\":\"https:\/\/saxbystone.com\/et\/toode\/arensburg-lihvitud\/#primaryimage\"},\"image\":{\"@id\":\"https:\/\/saxbystone.com\/et\/toode\/arensburg-lihvitud\/#primaryimage\"},\"thumbnailUrl\":\"https:\/\/saxbystone.com\/wp-content\/uploads\/2024\/10\/Arensburg-Limestone-Honed-Bathroom.jpg\",\"datePublished\":\"2024-10-24T07:31:34+00:00\",\"dateModified\":\"2025-11-26T10:01:42+00:00\",\"breadcrumb\":{\"@id\":\"https:\/\/saxbystone.com\/et\/toode\/arensburg-lihvitud\/#breadcrumb\"},\"inLanguage\":\"et\",\"potentialAction\":[{\"@type\":\"ReadAction\",\"target\":[\"https:\/\/saxbystone.com\/et\/toode\/arensburg-lihvitud\/\"]}]},{\"@type\":\"ImageObject\",\"inLanguage\":\"et\",\"@id\":\"https:\/\/saxbystone.com\/et\/toode\/arensburg-lihvitud\/#primaryimage\",\"url\":\"https:\/\/saxbystone.com\/wp-content\/uploads\/2024\/10\/Arensburg-Limestone-Honed-Bathroom.jpg\",\"contentUrl\":\"https:\/\/saxbystone.com\/wp-content\/uploads\/2024\/10\/Arensburg-Limestone-Honed-Bathroom.jpg\",\"width\":920,\"height\":578},{\"@type\":\"BreadcrumbList\",\"@id\":\"https:\/\/saxbystone.com\/et\/toode\/arensburg-lihvitud\/#breadcrumb\",\"itemListElement\":[{\"@type\":\"ListItem\",\"position\":1,\"name\":\"Home\",\"item\":\"https:\/\/saxbystone.com\/et\/\"},{\"@type\":\"ListItem\",\"position\":2,\"name\":\"Meie tooted\",\"item\":\"https:\/\/saxbystone.com\/et\/meie-tooted\/\"},{\"@type\":\"ListItem\",\"position\":3,\"name\":\"Arensburg paekivi, lihvitud\"}]},{\"@type\":\"WebSite\",\"@id\":\"https:\/\/saxbystone.com\/et\/#website\",\"url\":\"https:\/\/saxbystone.com\/et\/\",\"name\":\"Saxby Stone\",\"description\":\"Natural stone tiles\",\"publisher\":{\"@id\":\"https:\/\/saxbystone.com\/et\/#organization\"},\"potentialAction\":[{\"@type\":\"SearchAction\",\"target\":{\"@type\":\"EntryPoint\",\"urlTemplate\":\"https:\/\/saxbystone.com\/et\/?s={search_term_string}\"},\"query-input\":{\"@type\":\"PropertyValueSpecification\",\"valueRequired\":true,\"valueName\":\"search_term_string\"}}],\"inLanguage\":\"et\"},{\"@type\":\"Organization\",\"@id\":\"https:\/\/saxbystone.com\/et\/#organization\",\"name\":\"Saxby Stone\",\"url\":\"https:\/\/saxbystone.com\/et\/\",\"logo\":{\"@type\":\"ImageObject\",\"inLanguage\":\"et\",\"@id\":\"https:\/\/saxbystone.com\/et\/#\/schema\/logo\/image\/\",\"url\":\"https:\/\/saxbystone.com\/wp-content\/uploads\/2024\/09\/cropped-Saxby-Stone-logo-official-1st.png\",\"contentUrl\":\"https:\/\/saxbystone.com\/wp-content\/uploads\/2024\/09\/cropped-Saxby-Stone-logo-official-1st.png\",\"width\":512,\"height\":512,\"caption\":\"Saxby Stone\"},\"image\":{\"@id\":\"https:\/\/saxbystone.com\/et\/#\/schema\/logo\/image\/\"},\"sameAs\":[\"https:\/\/www.instagram.com\/saxbystone\/\"]}]}<\/script>\n<!-- \/ Yoast SEO plugin. -->","yoast_head_json":{"title":"Arensburg paekivi, lihvitud - Saxby Stone","robots":{"index":"index","follow":"follow","max-snippet":"max-snippet:-1","max-image-preview":"max-image-preview:large","max-video-preview":"max-video-preview:-1"},"canonical":"https:\/\/saxbystone.com\/et\/toode\/arensburg-lihvitud\/","og_locale":"et_EE","og_type":"article","og_title":"Arensburg paekivi, lihvitud - Saxby Stone","og_description":"Arensburg paekivi on \u00e4\u00e4rmiselt k\u00f5va, fossiilirikas paekivi, mida kaevandatakse kivimikihist, mis ulatub Rootsi \u00d6landi saarelt kuni Peterburini Venemaal. Aastate jooksul on Arensburg paekivi muutunud Skandinaavia ja P\u00f5hjamaade arhitektide ja sisekujundajate lemmikuks, kes kasutavad seda materjali p\u00f5randaplaatide, k\u00f6\u00f6gi t\u00f6\u00f6tasapindade, treppide, aknalaudade ja p\u00f5randaliistude valmistamiseks. Arensburg paekivil on palju sarnasusi Rootsis leiduva \u00d6land Grey paekiviga.  Pakume sellest kivimist valmistatud p\u00f5randa- ja seinaplaate, k\u00f6\u00f6gi t\u00f6\u00f6tasapindu, aknalaudu, treppe ja p\u00f5randaliiste.  Et n\u00e4ha hinda, valige palun plaadi m\u00f5\u00f5tmed. Tasuta transport tellimustele \u00fcle 25 m2. Allahindlus tellimustele \u00fcle 100 m2.","og_url":"https:\/\/saxbystone.com\/et\/toode\/arensburg-lihvitud\/","og_site_name":"Saxby Stone","article_modified_time":"2025-11-26T10:01:42+00:00","og_image":[{"width":920,"height":578,"url":"https:\/\/saxbystone.com\/wp-content\/uploads\/2024\/10\/Arensburg-Limestone-Honed-Bathroom.jpg","type":"image\/jpeg"}],"twitter_card":"summary_large_image","twitter_misc":{"Est. reading time":"1 minut"},"schema":{"@context":"https:\/\/schema.org","@graph":[{"@type":"WebPage","@id":"https:\/\/saxbystone.com\/et\/toode\/arensburg-lihvitud\/","url":"https:\/\/saxbystone.com\/et\/toode\/arensburg-lihvitud\/","name":"Arensburg paekivi, lihvitud - Saxby Stone","isPartOf":{"@id":"https:\/\/saxbystone.com\/et\/#website"},"primaryImageOfPage":{"@id":"https:\/\/saxbystone.com\/et\/toode\/arensburg-lihvitud\/#primaryimage"},"image":{"@id":"https:\/\/saxbystone.com\/et\/toode\/arensburg-lihvitud\/#primaryimage"},"thumbnailUrl":"https:\/\/saxbystone.com\/wp-content\/uploads\/2024\/10\/Arensburg-Limestone-Honed-Bathroom.jpg","datePublished":"2024-10-24T07:31:34+00:00","dateModified":"2025-11-26T10:01:42+00:00","breadcrumb":{"@id":"https:\/\/saxbystone.com\/et\/toode\/arensburg-lihvitud\/#breadcrumb"},"inLanguage":"et","potentialAction":[{"@type":"ReadAction","target":["https:\/\/saxbystone.com\/et\/toode\/arensburg-lihvitud\/"]}]},{"@type":"ImageObject","inLanguage":"et","@id":"https:\/\/saxbystone.com\/et\/toode\/arensburg-lihvitud\/#primaryimage","url":"https:\/\/saxbystone.com\/wp-content\/uploads\/2024\/10\/Arensburg-Limestone-Honed-Bathroom.jpg","contentUrl":"https:\/\/saxbystone.com\/wp-content\/uploads\/2024\/10\/Arensburg-Limestone-Honed-Bathroom.jpg","width":920,"height":578},{"@type":"BreadcrumbList","@id":"https:\/\/saxbystone.com\/et\/toode\/arensburg-lihvitud\/#breadcrumb","itemListElement":[{"@type":"ListItem","position":1,"name":"Home","item":"https:\/\/saxbystone.com\/et\/"},{"@type":"ListItem","position":2,"name":"Meie tooted","item":"https:\/\/saxbystone.com\/et\/meie-tooted\/"},{"@type":"ListItem","position":3,"name":"Arensburg paekivi, lihvitud"}]},{"@type":"WebSite","@id":"https:\/\/saxbystone.com\/et\/#website","url":"https:\/\/saxbystone.com\/et\/","name":"Saxby Stone","description":"Natural stone tiles","publisher":{"@id":"https:\/\/saxbystone.com\/et\/#organization"},"potentialAction":[{"@type":"SearchAction","target":{"@type":"EntryPoint","urlTemplate":"https:\/\/saxbystone.com\/et\/?s={search_term_string}"},"query-input":{"@type":"PropertyValueSpecification","valueRequired":true,"valueName":"search_term_string"}}],"inLanguage":"et"},{"@type":"Organization","@id":"https:\/\/saxbystone.com\/et\/#organization","name":"Saxby Stone","url":"https:\/\/saxbystone.com\/et\/","logo":{"@type":"ImageObject","inLanguage":"et","@id":"https:\/\/saxbystone.com\/et\/#\/schema\/logo\/image\/","url":"https:\/\/saxbystone.com\/wp-content\/uploads\/2024\/09\/cropped-Saxby-Stone-logo-official-1st.png","contentUrl":"https:\/\/saxbystone.com\/wp-content\/uploads\/2024\/09\/cropped-Saxby-Stone-logo-official-1st.png","width":512,"height":512,"caption":"Saxby Stone"},"image":{"@id":"https:\/\/saxbystone.com\/et\/#\/schema\/logo\/image\/"},"sameAs":["https:\/\/www.instagram.com\/saxbystone\/"]}]}},"_links":{"self":[{"href":"https:\/\/saxbystone.com\/et\/wp-json\/wp\/v2\/product\/4252","targetHints":{"allow":["GET"]}}],"collection":[{"href":"https:\/\/saxbystone.com\/et\/wp-json\/wp\/v2\/product"}],"about":[{"href":"https:\/\/saxbystone.com\/et\/wp-json\/wp\/v2\/types\/product"}],"wp:featuredmedia":[{"embeddable":true,"href":"https:\/\/saxbystone.com\/et\/wp-json\/wp\/v2\/media\/7241"}],"wp:attachment":[{"href":"https:\/\/saxbystone.com\/et\/wp-json\/wp\/v2\/media?parent=4252"}],"wp:term":[{"taxonomy":"product_brand","embeddable":true,"href":"https:\/\/saxbystone.com\/et\/wp-json\/wp\/v2\/product_brand?post=4252"},{"taxonomy":"product_cat","embeddable":true,"href":"https:\/\/saxbystone.com\/et\/wp-json\/wp\/v2\/product_cat?post=4252"},{"taxonomy":"product_tag","embeddable":true,"href":"https:\/\/saxbystone.com\/et\/wp-json\/wp\/v2\/product_tag?post=4252"}],"curies":[{"name":"wp","href":"https:\/\/api.w.org\/{rel}","templated":true}]}}